{"id":18489,"date":"2022-03-31T17:09:29","date_gmt":"2022-03-31T15:09:29","guid":{"rendered":"https:\/\/oxceed.com\/?page_id=18489"},"modified":"2025-06-16T14:51:23","modified_gmt":"2025-06-16T12:51:23","slug":"5-steg-for-effektivare-koncernrapportering","status":"publish","type":"page","link":"https:\/\/oxceed.com\/fi\/guider\/5-steg-for-effektivare-koncernrapportering\/","title":{"rendered":"5 steg f\u00f6r effektivare koncernrapportering"},"content":{"rendered":"\t\t<div data-elementor-type=\"wp-page\" data-elementor-id=\"18489\" class=\"elementor elementor-18489\" data-elementor-post-type=\"page\">\n\t\t\t\t\t\t<section class=\"elementor-section elementor-top-section elementor-element elementor-element-8b2643c elementor-section-full_width elementor-section-stretched elementor-section-height-default elementor-section-height-default\" data-id=\"8b2643c\" data-element_type=\"section\" data-e-type=\"section\" data-settings=\"{&quot;stretch_section&quot;:&quot;section-stretched&quot;,&quot;jet_parallax_layout_list&quot;:[{&quot;jet_parallax_layout_image&quot;:{&quot;url&quot;:&quot;&quot;,&quot;id&quot;:&quot;&quot;,&quot;size&quot;:&quot;&quot;},&quot;_id&quot;:&quot;5baf2ad&quot;,&quot;jet_parallax_layout_image_tablet&quot;:{&quot;url&quot;:&quot;&quot;,&quot;id&quot;:&quot;&quot;,&quot;size&quot;:&quot;&quot;},&quot;jet_parallax_layout_image_mobile&quot;:{&quot;url&quot;:&quot;&quot;,&quot;id&quot;:&quot;&quot;,&quot;size&quot;:&quot;&quot;},&quot;jet_parallax_layout_speed&quot;:{&quot;unit&quot;:&quot;%&quot;,&quot;size&quot;:50,&quot;sizes&quot;:[]},&quot;jet_parallax_layout_type&quot;:&quot;scroll&quot;,&quot;jet_parallax_layout_direction&quot;:&quot;1&quot;,&quot;jet_parallax_layout_fx_direction&quot;:null,&quot;jet_parallax_layout_z_index&quot;:&quot;&quot;,&quot;jet_parallax_layout_bg_x&quot;:50,&quot;jet_parallax_layout_bg_x_tablet&quot;:&quot;&quot;,&quot;jet_parallax_layout_bg_x_mobile&quot;:&quot;&quot;,&quot;jet_parallax_layout_bg_y&quot;:50,&quot;jet_parallax_layout_bg_y_tablet&quot;:&quot;&quot;,&quot;jet_parallax_layout_bg_y_mobile&quot;:&quot;&quot;,&quot;jet_parallax_layout_bg_size&quot;:&quot;auto&quot;,&quot;jet_parallax_layout_bg_size_tablet&quot;:&quot;&quot;,&quot;jet_parallax_layout_bg_size_mobile&quot;:&quot;&quot;,&quot;jet_parallax_layout_animation_prop&quot;:&quot;transform&quot;,&quot;jet_parallax_layout_on&quot;:[&quot;desktop&quot;,&quot;tablet&quot;]}],&quot;background_background&quot;:&quot;classic&quot;}\">\n\t\t\t\t\t\t<div class=\"elementor-container elementor-column-gap-default\">\n\t\t\t\t\t<div class=\"elementor-column elementor-col-100 elementor-top-column elementor-element elementor-element-3bf714f\" data-id=\"3bf714f\" data-element_type=\"column\" data-e-type=\"column\">\n\t\t\t<div class=\"elementor-widget-wrap elementor-element-populated\">\n\t\t\t\t\t\t<div class=\"elementor-element elementor-element-8626b66 elementor-widget elementor-widget-spacer\" data-id=\"8626b66\" data-element_type=\"widget\" data-e-type=\"widget\" data-widget_type=\"spacer.default\">\n\t\t\t\t\t\t\t<div class=\"elementor-spacer\">\n\t\t\t<div class=\"elementor-spacer-inner\"><\/div>\n\t\t<\/div>\n\t\t\t\t\t\t<\/div>\n\t\t\t\t\t<\/div>\n\t\t<\/div>\n\t\t\t\t\t<\/div>\n\t\t<\/section>\n\t\t\t\t<section class=\"elementor-section elementor-top-section elementor-element elementor-element-9e1aa50 elementor-section-content-middle elementor-section-boxed elementor-section-height-default elementor-section-height-default elementor-invisible\" data-id=\"9e1aa50\" data-element_type=\"section\" data-e-type=\"section\" data-settings=\"{&quot;jet_parallax_layout_list&quot;:[{&quot;jet_parallax_layout_image&quot;:{&quot;url&quot;:&quot;&quot;,&quot;id&quot;:&quot;&quot;,&quot;size&quot;:&quot;&quot;},&quot;_id&quot;:&quot;b6f69a7&quot;,&quot;jet_parallax_layout_image_tablet&quot;:{&quot;url&quot;:&quot;&quot;,&quot;id&quot;:&quot;&quot;,&quot;size&quot;:&quot;&quot;},&quot;jet_parallax_layout_image_mobile&quot;:{&quot;url&quot;:&quot;&quot;,&quot;id&quot;:&quot;&quot;,&quot;size&quot;:&quot;&quot;},&quot;jet_parallax_layout_speed&quot;:{&quot;unit&quot;:&quot;%&quot;,&quot;size&quot;:50,&quot;sizes&quot;:[]},&quot;jet_parallax_layout_type&quot;:&quot;scroll&quot;,&quot;jet_parallax_layout_direction&quot;:&quot;1&quot;,&quot;jet_parallax_layout_fx_direction&quot;:null,&quot;jet_parallax_layout_z_index&quot;:&quot;&quot;,&quot;jet_parallax_layout_bg_x&quot;:50,&quot;jet_parallax_layout_bg_x_tablet&quot;:&quot;&quot;,&quot;jet_parallax_layout_bg_x_mobile&quot;:&quot;&quot;,&quot;jet_parallax_layout_bg_y&quot;:50,&quot;jet_parallax_layout_bg_y_tablet&quot;:&quot;&quot;,&quot;jet_parallax_layout_bg_y_mobile&quot;:&quot;&quot;,&quot;jet_parallax_layout_bg_size&quot;:&quot;auto&quot;,&quot;jet_parallax_layout_bg_size_tablet&quot;:&quot;&quot;,&quot;jet_parallax_layout_bg_size_mobile&quot;:&quot;&quot;,&quot;jet_parallax_layout_animation_prop&quot;:&quot;transform&quot;,&quot;jet_parallax_layout_on&quot;:[&quot;desktop&quot;,&quot;tablet&quot;]}],&quot;animation&quot;:&quot;fadeIn&quot;}\">\n\t\t\t\t\t\t<div class=\"elementor-container elementor-column-gap-no\">\n\t\t\t\t\t<div class=\"elementor-column elementor-col-33 elementor-top-column elementor-element elementor-element-2fedc45\" data-id=\"2fedc45\" data-element_type=\"column\" data-e-type=\"column\">\n\t\t\t<div class=\"elementor-widget-wrap elementor-element-populated\">\n\t\t\t\t\t\t<div class=\"elementor-element elementor-element-4df857f elementor-widget elementor-widget-heading\" data-id=\"4df857f\" data-element_type=\"widget\" data-e-type=\"widget\" data-widget_type=\"heading.default\">\n\t\t\t\t\t<h1 class=\"elementor-heading-title elementor-size-default\"><span class=\"color-teal\">Guide:<\/br><\/span>5 steg f\u00f6r effektivare koncernrapportering<\/h1>\t\t\t\t<\/div>\n\t\t\t\t<div class=\"elementor-element elementor-element-3bd602b elementor-widget elementor-widget-text-editor\" data-id=\"3bd602b\" data-element_type=\"widget\" data-e-type=\"widget\" data-widget_type=\"text-editor.default\">\n\t\t\t\t\t\t\t\t\t<p>R\u00e4tt genomf\u00f6rd blir den finansiella rapporteringen i en koncern ett v\u00e4rdefullt styrningsverktyg. Men en koncernstruktur inneb\u00e4r ocks\u00e5 utmaningar.\u00a0<\/p><p>I den h\u00e4r guiden har vi sammanst\u00e4llt 5 steg som g\u00f6r rapporteringen effektivare i er koncern.<\/p><p>Fyll i dina uppgifter i formul\u00e4ret s\u00e5 skickar vi guiden till din email.\u00a0Trevlig l\u00e4sning!\u00a0<\/p>\t\t\t\t\t\t\t\t<\/div>\n\t\t\t\t\t<\/div>\n\t\t<\/div>\n\t\t\t\t<div class=\"elementor-column elementor-col-33 elementor-top-column elementor-element elementor-element-146034c\" data-id=\"146034c\" data-element_type=\"column\" data-e-type=\"column\">\n\t\t\t<div class=\"elementor-widget-wrap elementor-element-populated\">\n\t\t\t\t\t\t<div class=\"elementor-element elementor-element-d8baf7e elementor-widget elementor-widget-html\" data-id=\"d8baf7e\" data-element_type=\"widget\" data-e-type=\"widget\" data-widget_type=\"html.default\">\n\t\t\t\t\t<iframe src=\"https:\/\/pages.upsales.com\/12029ua2e0e5991b5648e3a5c74e1d683d7a98-frame\" \t\twidth=\"360\" \t\theight=\"600\" \t\tstyle=\"border:0\"><\/iframe>\t\t\t\t<\/div>\n\t\t\t\t\t<\/div>\n\t\t<\/div>\n\t\t\t\t<div class=\"elementor-column elementor-col-33 elementor-top-column elementor-element elementor-element-5d02ab2\" data-id=\"5d02ab2\" data-element_type=\"column\" data-e-type=\"column\">\n\t\t\t<div class=\"elementor-widget-wrap\">\n\t\t\t\t\t\t\t<\/div>\n\t\t<\/div>\n\t\t\t\t\t<\/div>\n\t\t<\/section>\n\t\t\t\t<\/div>\n\t\t","protected":false},"excerpt":{"rendered":"<p>Guide:5 steg f\u00f6r effektivare koncernrapportering R\u00e4tt genomf\u00f6rd blir den finansiella rapporteringen i en koncern ett v\u00e4rdefullt styrningsverktyg. Men en koncernstruktur inneb\u00e4r ocks\u00e5 utmaningar.\u00a0 I den h\u00e4r guiden har vi sammanst\u00e4llt 5 steg som g\u00f6r rapporteringen effektivare i er koncern. Fyll i dina uppgifter i formul\u00e4ret s\u00e5 skickar vi guiden till din email.\u00a0Trevlig l\u00e4sning!\u00a0<\/p>\n","protected":false},"author":2,"featured_media":31083,"parent":16004,"menu_order":0,"comment_status":"closed","ping_status":"closed","template":"","meta":{"_acf_changed":false,"_trash_the_other_posts":false,"editor_notices":[],"footnotes":""},"class_list":["post-18489","page","type-page","status-publish","has-post-thumbnail","hentry"],"acf":[],"yoast_head":"<!-- This site is optimized with the Yoast SEO Premium plugin v26.5 (Yoast SEO v27.4) - https:\/\/yoast.com\/product\/yoast-seo-premium-wordpress\/ -->\n<title>5 steg f\u00f6r effektivare koncernrapportering - Oxceed Finland<\/title>\n<meta name=\"robots\" content=\"noindex, follow\" \/>\n<meta property=\"og:locale\" content=\"en_GB\" \/>\n<meta property=\"og:type\" content=\"article\" \/>\n<meta property=\"og:title\" content=\"5 steg f\u00f6r effektivare koncernrapportering\" \/>\n<meta property=\"og:description\" content=\"Guide:5 steg f\u00f6r effektivare koncernrapportering R\u00e4tt genomf\u00f6rd blir den finansiella rapporteringen i en koncern ett v\u00e4rdefullt styrningsverktyg. Men en koncernstruktur inneb\u00e4r ocks\u00e5 utmaningar.\u00a0 I den h\u00e4r guiden har vi sammanst\u00e4llt 5 steg som g\u00f6r rapporteringen effektivare i er koncern. Fyll i dina uppgifter i formul\u00e4ret s\u00e5 skickar vi guiden till din email.\u00a0Trevlig l\u00e4sning!\u00a0\" \/>\n<meta property=\"og:url\" content=\"https:\/\/oxceed.com\/fi\/guider\/5-steg-for-effektivare-koncernrapportering\/\" \/>\n<meta property=\"og:site_name\" content=\"Oxceed Finland\" \/>\n<meta property=\"article:modified_time\" content=\"2025-06-16T12:51:23+00:00\" \/>\n<meta property=\"og:image\" content=\"https:\/\/oxceed.com\/fi\/wp-content\/uploads\/sites\/24\/2024\/10\/oxceed-5-steg-for-effektivare-koncernrapportering-scaled.jpg\" \/>\n\t<meta property=\"og:image:width\" content=\"2560\" \/>\n\t<meta property=\"og:image:height\" content=\"1430\" \/>\n\t<meta property=\"og:image:type\" content=\"image\/jpeg\" \/>\n<meta name=\"twitter:card\" content=\"summary_large_image\" \/>\n<meta name=\"twitter:label1\" content=\"Estimated reading time\" \/>\n\t<meta name=\"twitter:data1\" content=\"1 minute\" \/>\n<script type=\"application\/ld+json\" class=\"yoast-schema-graph\">{\"@context\":\"https:\\\/\\\/schema.org\",\"@graph\":[{\"@type\":\"WebPage\",\"@id\":\"https:\\\/\\\/oxceed.com\\\/fi\\\/guider\\\/5-steg-for-effektivare-koncernrapportering\\\/\",\"url\":\"https:\\\/\\\/oxceed.com\\\/fi\\\/guider\\\/5-steg-for-effektivare-koncernrapportering\\\/\",\"name\":\"5 steg f\u00f6r effektivare koncernrapportering - Oxceed Finland\",\"isPartOf\":{\"@id\":\"https:\\\/\\\/oxceed.com\\\/fi\\\/#website\"},\"primaryImageOfPage\":{\"@id\":\"https:\\\/\\\/oxceed.com\\\/fi\\\/guider\\\/5-steg-for-effektivare-koncernrapportering\\\/#primaryimage\"},\"image\":{\"@id\":\"https:\\\/\\\/oxceed.com\\\/fi\\\/guider\\\/5-steg-for-effektivare-koncernrapportering\\\/#primaryimage\"},\"thumbnailUrl\":\"https:\\\/\\\/oxceed.com\\\/fi\\\/wp-content\\\/uploads\\\/sites\\\/24\\\/2024\\\/10\\\/oxceed-5-steg-for-effektivare-koncernrapportering-scaled.jpg\",\"datePublished\":\"2022-03-31T15:09:29+00:00\",\"dateModified\":\"2025-06-16T12:51:23+00:00\",\"breadcrumb\":{\"@id\":\"https:\\\/\\\/oxceed.com\\\/fi\\\/guider\\\/5-steg-for-effektivare-koncernrapportering\\\/#breadcrumb\"},\"inLanguage\":\"en-GB\",\"potentialAction\":[{\"@type\":\"ReadAction\",\"target\":[\"https:\\\/\\\/oxceed.com\\\/fi\\\/guider\\\/5-steg-for-effektivare-koncernrapportering\\\/\"]}]},{\"@type\":\"ImageObject\",\"inLanguage\":\"en-GB\",\"@id\":\"https:\\\/\\\/oxceed.com\\\/fi\\\/guider\\\/5-steg-for-effektivare-koncernrapportering\\\/#primaryimage\",\"url\":\"https:\\\/\\\/oxceed.com\\\/fi\\\/wp-content\\\/uploads\\\/sites\\\/24\\\/2024\\\/10\\\/oxceed-5-steg-for-effektivare-koncernrapportering-scaled.jpg\",\"contentUrl\":\"https:\\\/\\\/oxceed.com\\\/fi\\\/wp-content\\\/uploads\\\/sites\\\/24\\\/2024\\\/10\\\/oxceed-5-steg-for-effektivare-koncernrapportering-scaled.jpg\",\"width\":2560,\"height\":1430,\"caption\":\"Screenshot\"},{\"@type\":\"BreadcrumbList\",\"@id\":\"https:\\\/\\\/oxceed.com\\\/fi\\\/guider\\\/5-steg-for-effektivare-koncernrapportering\\\/#breadcrumb\",\"itemListElement\":[{\"@type\":\"ListItem\",\"position\":1,\"name\":\"Home\",\"item\":\"https:\\\/\\\/oxceed.com\\\/fi\\\/\"},{\"@type\":\"ListItem\",\"position\":2,\"name\":\"Guider\",\"item\":\"https:\\\/\\\/oxceed.com\\\/fi\\\/guider\\\/\"},{\"@type\":\"ListItem\",\"position\":3,\"name\":\"5 steg f\u00f6r effektivare koncernrapportering\"}]},{\"@type\":\"WebSite\",\"@id\":\"https:\\\/\\\/oxceed.com\\\/fi\\\/#website\",\"url\":\"https:\\\/\\\/oxceed.com\\\/fi\\\/\",\"name\":\"Oxceed Finland\",\"description\":\"Fatta b\u00e4ttre beslut med Oxceed\",\"potentialAction\":[{\"@type\":\"SearchAction\",\"target\":{\"@type\":\"EntryPoint\",\"urlTemplate\":\"https:\\\/\\\/oxceed.com\\\/fi\\\/?s={search_term_string}\"},\"query-input\":{\"@type\":\"PropertyValueSpecification\",\"valueRequired\":true,\"valueName\":\"search_term_string\"}}],\"inLanguage\":\"en-GB\"}]}<\/script>\n<!-- \/ Yoast SEO Premium plugin. -->","yoast_head_json":{"title":"5 steg f\u00f6r effektivare koncernrapportering - Oxceed Finland","robots":{"index":"noindex","follow":"follow"},"og_locale":"en_GB","og_type":"article","og_title":"5 steg f\u00f6r effektivare koncernrapportering","og_description":"Guide:5 steg f\u00f6r effektivare koncernrapportering R\u00e4tt genomf\u00f6rd blir den finansiella rapporteringen i en koncern ett v\u00e4rdefullt styrningsverktyg. Men en koncernstruktur inneb\u00e4r ocks\u00e5 utmaningar.\u00a0 I den h\u00e4r guiden har vi sammanst\u00e4llt 5 steg som g\u00f6r rapporteringen effektivare i er koncern. Fyll i dina uppgifter i formul\u00e4ret s\u00e5 skickar vi guiden till din email.\u00a0Trevlig l\u00e4sning!\u00a0","og_url":"https:\/\/oxceed.com\/fi\/guider\/5-steg-for-effektivare-koncernrapportering\/","og_site_name":"Oxceed Finland","article_modified_time":"2025-06-16T12:51:23+00:00","og_image":[{"width":2560,"height":1430,"url":"https:\/\/oxceed.com\/fi\/wp-content\/uploads\/sites\/24\/2024\/10\/oxceed-5-steg-for-effektivare-koncernrapportering-scaled.jpg","type":"image\/jpeg"}],"twitter_card":"summary_large_image","twitter_misc":{"Estimated reading time":"1 minute"},"schema":{"@context":"https:\/\/schema.org","@graph":[{"@type":"WebPage","@id":"https:\/\/oxceed.com\/fi\/guider\/5-steg-for-effektivare-koncernrapportering\/","url":"https:\/\/oxceed.com\/fi\/guider\/5-steg-for-effektivare-koncernrapportering\/","name":"5 steg f\u00f6r effektivare koncernrapportering - Oxceed Finland","isPartOf":{"@id":"https:\/\/oxceed.com\/fi\/#website"},"primaryImageOfPage":{"@id":"https:\/\/oxceed.com\/fi\/guider\/5-steg-for-effektivare-koncernrapportering\/#primaryimage"},"image":{"@id":"https:\/\/oxceed.com\/fi\/guider\/5-steg-for-effektivare-koncernrapportering\/#primaryimage"},"thumbnailUrl":"https:\/\/oxceed.com\/fi\/wp-content\/uploads\/sites\/24\/2024\/10\/oxceed-5-steg-for-effektivare-koncernrapportering-scaled.jpg","datePublished":"2022-03-31T15:09:29+00:00","dateModified":"2025-06-16T12:51:23+00:00","breadcrumb":{"@id":"https:\/\/oxceed.com\/fi\/guider\/5-steg-for-effektivare-koncernrapportering\/#breadcrumb"},"inLanguage":"en-GB","potentialAction":[{"@type":"ReadAction","target":["https:\/\/oxceed.com\/fi\/guider\/5-steg-for-effektivare-koncernrapportering\/"]}]},{"@type":"ImageObject","inLanguage":"en-GB","@id":"https:\/\/oxceed.com\/fi\/guider\/5-steg-for-effektivare-koncernrapportering\/#primaryimage","url":"https:\/\/oxceed.com\/fi\/wp-content\/uploads\/sites\/24\/2024\/10\/oxceed-5-steg-for-effektivare-koncernrapportering-scaled.jpg","contentUrl":"https:\/\/oxceed.com\/fi\/wp-content\/uploads\/sites\/24\/2024\/10\/oxceed-5-steg-for-effektivare-koncernrapportering-scaled.jpg","width":2560,"height":1430,"caption":"Screenshot"},{"@type":"BreadcrumbList","@id":"https:\/\/oxceed.com\/fi\/guider\/5-steg-for-effektivare-koncernrapportering\/#breadcrumb","itemListElement":[{"@type":"ListItem","position":1,"name":"Home","item":"https:\/\/oxceed.com\/fi\/"},{"@type":"ListItem","position":2,"name":"Guider","item":"https:\/\/oxceed.com\/fi\/guider\/"},{"@type":"ListItem","position":3,"name":"5 steg f\u00f6r effektivare koncernrapportering"}]},{"@type":"WebSite","@id":"https:\/\/oxceed.com\/fi\/#website","url":"https:\/\/oxceed.com\/fi\/","name":"Oxceed Finland","description":"Fatta b\u00e4ttre beslut med Oxceed","potentialAction":[{"@type":"SearchAction","target":{"@type":"EntryPoint","urlTemplate":"https:\/\/oxceed.com\/fi\/?s={search_term_string}"},"query-input":{"@type":"PropertyValueSpecification","valueRequired":true,"valueName":"search_term_string"}}],"inLanguage":"en-GB"}]}},"_links":{"self":[{"href":"https:\/\/oxceed.com\/fi\/wp-json\/wp\/v2\/pages\/18489","targetHints":{"allow":["GET"]}}],"collection":[{"href":"https:\/\/oxceed.com\/fi\/wp-json\/wp\/v2\/pages"}],"about":[{"href":"https:\/\/oxceed.com\/fi\/wp-json\/wp\/v2\/types\/page"}],"author":[{"embeddable":true,"href":"https:\/\/oxceed.com\/fi\/wp-json\/wp\/v2\/users\/2"}],"replies":[{"embeddable":true,"href":"https:\/\/oxceed.com\/fi\/wp-json\/wp\/v2\/comments?post=18489"}],"version-history":[{"count":37,"href":"https:\/\/oxceed.com\/fi\/wp-json\/wp\/v2\/pages\/18489\/revisions"}],"predecessor-version":[{"id":31087,"href":"https:\/\/oxceed.com\/fi\/wp-json\/wp\/v2\/pages\/18489\/revisions\/31087"}],"up":[{"embeddable":true,"href":"https:\/\/oxceed.com\/fi\/wp-json\/wp\/v2\/pages\/16004"}],"wp:featuredmedia":[{"embeddable":true,"href":"https:\/\/oxceed.com\/fi\/wp-json\/wp\/v2\/media\/31083"}],"wp:attachment":[{"href":"https:\/\/oxceed.com\/fi\/wp-json\/wp\/v2\/media?parent=18489"}],"curies":[{"name":"wp","href":"https:\/\/api.w.org\/{rel}","templated":true}]}}