{"id":18639,"date":"2022-04-06T16:58:22","date_gmt":"2022-04-06T14:58:22","guid":{"rendered":"https:\/\/oxceed.com\/?page_id=18639"},"modified":"2025-06-16T14:50:25","modified_gmt":"2025-06-16T12:50:25","slug":"10-nyckeltal-for-saas-foretag","status":"publish","type":"page","link":"https:\/\/oxceed.com\/fi\/guider\/10-nyckeltal-for-saas-foretag\/","title":{"rendered":"10 nyckeltal f\u00f6r SaaS-f\u00f6retag"},"content":{"rendered":"\t\t<div data-elementor-type=\"wp-page\" data-elementor-id=\"18639\" class=\"elementor elementor-18639\" data-elementor-post-type=\"page\">\n\t\t\t\t\t\t<section class=\"elementor-section elementor-top-section elementor-element elementor-element-9917b20 elementor-section-full_width elementor-section-stretched elementor-section-height-default elementor-section-height-default\" data-id=\"9917b20\" data-element_type=\"section\" data-e-type=\"section\" data-settings=\"{&quot;stretch_section&quot;:&quot;section-stretched&quot;,&quot;jet_parallax_layout_list&quot;:[{&quot;jet_parallax_layout_image&quot;:{&quot;url&quot;:&quot;&quot;,&quot;id&quot;:&quot;&quot;,&quot;size&quot;:&quot;&quot;},&quot;_id&quot;:&quot;5baf2ad&quot;,&quot;jet_parallax_layout_image_tablet&quot;:{&quot;url&quot;:&quot;&quot;,&quot;id&quot;:&quot;&quot;,&quot;size&quot;:&quot;&quot;},&quot;jet_parallax_layout_image_mobile&quot;:{&quot;url&quot;:&quot;&quot;,&quot;id&quot;:&quot;&quot;,&quot;size&quot;:&quot;&quot;},&quot;jet_parallax_layout_speed&quot;:{&quot;unit&quot;:&quot;%&quot;,&quot;size&quot;:50,&quot;sizes&quot;:[]},&quot;jet_parallax_layout_type&quot;:&quot;scroll&quot;,&quot;jet_parallax_layout_direction&quot;:&quot;1&quot;,&quot;jet_parallax_layout_fx_direction&quot;:null,&quot;jet_parallax_layout_z_index&quot;:&quot;&quot;,&quot;jet_parallax_layout_bg_x&quot;:50,&quot;jet_parallax_layout_bg_x_tablet&quot;:&quot;&quot;,&quot;jet_parallax_layout_bg_x_mobile&quot;:&quot;&quot;,&quot;jet_parallax_layout_bg_y&quot;:50,&quot;jet_parallax_layout_bg_y_tablet&quot;:&quot;&quot;,&quot;jet_parallax_layout_bg_y_mobile&quot;:&quot;&quot;,&quot;jet_parallax_layout_bg_size&quot;:&quot;auto&quot;,&quot;jet_parallax_layout_bg_size_tablet&quot;:&quot;&quot;,&quot;jet_parallax_layout_bg_size_mobile&quot;:&quot;&quot;,&quot;jet_parallax_layout_animation_prop&quot;:&quot;transform&quot;,&quot;jet_parallax_layout_on&quot;:[&quot;desktop&quot;,&quot;tablet&quot;]}],&quot;background_background&quot;:&quot;classic&quot;}\">\n\t\t\t\t\t\t<div class=\"elementor-container elementor-column-gap-default\">\n\t\t\t\t\t<div class=\"elementor-column elementor-col-100 elementor-top-column elementor-element elementor-element-d683879\" data-id=\"d683879\" data-element_type=\"column\" data-e-type=\"column\">\n\t\t\t<div class=\"elementor-widget-wrap elementor-element-populated\">\n\t\t\t\t\t\t<div class=\"elementor-element elementor-element-cdcb410 elementor-widget elementor-widget-spacer\" data-id=\"cdcb410\" data-element_type=\"widget\" data-e-type=\"widget\" data-widget_type=\"spacer.default\">\n\t\t\t\t\t\t\t<div class=\"elementor-spacer\">\n\t\t\t<div class=\"elementor-spacer-inner\"><\/div>\n\t\t<\/div>\n\t\t\t\t\t\t<\/div>\n\t\t\t\t\t<\/div>\n\t\t<\/div>\n\t\t\t\t\t<\/div>\n\t\t<\/section>\n\t\t\t\t<section class=\"elementor-section elementor-top-section elementor-element elementor-element-2f2d843 elementor-section-content-middle elementor-section-boxed elementor-section-height-default elementor-section-height-default elementor-invisible\" data-id=\"2f2d843\" data-element_type=\"section\" data-e-type=\"section\" data-settings=\"{&quot;jet_parallax_layout_list&quot;:[{&quot;jet_parallax_layout_image&quot;:{&quot;url&quot;:&quot;&quot;,&quot;id&quot;:&quot;&quot;,&quot;size&quot;:&quot;&quot;},&quot;_id&quot;:&quot;b6f69a7&quot;,&quot;jet_parallax_layout_image_tablet&quot;:{&quot;url&quot;:&quot;&quot;,&quot;id&quot;:&quot;&quot;,&quot;size&quot;:&quot;&quot;},&quot;jet_parallax_layout_image_mobile&quot;:{&quot;url&quot;:&quot;&quot;,&quot;id&quot;:&quot;&quot;,&quot;size&quot;:&quot;&quot;},&quot;jet_parallax_layout_speed&quot;:{&quot;unit&quot;:&quot;%&quot;,&quot;size&quot;:50,&quot;sizes&quot;:[]},&quot;jet_parallax_layout_type&quot;:&quot;scroll&quot;,&quot;jet_parallax_layout_direction&quot;:&quot;1&quot;,&quot;jet_parallax_layout_fx_direction&quot;:null,&quot;jet_parallax_layout_z_index&quot;:&quot;&quot;,&quot;jet_parallax_layout_bg_x&quot;:50,&quot;jet_parallax_layout_bg_x_tablet&quot;:&quot;&quot;,&quot;jet_parallax_layout_bg_x_mobile&quot;:&quot;&quot;,&quot;jet_parallax_layout_bg_y&quot;:50,&quot;jet_parallax_layout_bg_y_tablet&quot;:&quot;&quot;,&quot;jet_parallax_layout_bg_y_mobile&quot;:&quot;&quot;,&quot;jet_parallax_layout_bg_size&quot;:&quot;auto&quot;,&quot;jet_parallax_layout_bg_size_tablet&quot;:&quot;&quot;,&quot;jet_parallax_layout_bg_size_mobile&quot;:&quot;&quot;,&quot;jet_parallax_layout_animation_prop&quot;:&quot;transform&quot;,&quot;jet_parallax_layout_on&quot;:[&quot;desktop&quot;,&quot;tablet&quot;]}],&quot;animation&quot;:&quot;fadeIn&quot;}\">\n\t\t\t\t\t\t<div class=\"elementor-container elementor-column-gap-no\">\n\t\t\t\t\t<div class=\"elementor-column elementor-col-33 elementor-top-column elementor-element elementor-element-ba02d94\" data-id=\"ba02d94\" data-element_type=\"column\" data-e-type=\"column\">\n\t\t\t<div class=\"elementor-widget-wrap elementor-element-populated\">\n\t\t\t\t\t\t<div class=\"elementor-element elementor-element-d955bc3 elementor-widget elementor-widget-heading\" data-id=\"d955bc3\" data-element_type=\"widget\" data-e-type=\"widget\" data-widget_type=\"heading.default\">\n\t\t\t\t\t<h1 class=\"elementor-heading-title elementor-size-default\"><span class=\"color-teal\">Guide:<\/br><\/span>10 nyckeltal f\u00f6r SaaS<\/h1>\t\t\t\t<\/div>\n\t\t\t\t<div class=\"elementor-element elementor-element-fbb651d elementor-widget elementor-widget-text-editor\" data-id=\"fbb651d\" data-element_type=\"widget\" data-e-type=\"widget\" data-widget_type=\"text-editor.default\">\n\t\t\t\t\t\t\t\t\t<p>SaaS-bolag kan vara en framg\u00e5ngssaga eller ett kostsamt maskineri \u2013 allt beror p\u00e5 hur bra koll ledning och styrelse har p\u00e5 dess finansiella situation och utveckling.<\/p><p>Det g\u00f6rs med nyckeltal som vanligtvis inte f\u00f6rekommer hos bolag i andra branscher.<\/p><p>I den h\u00e4r guiden presenterar vi de 10 nyckeltal som vi tycker \u00e4r viktigast att m\u00e4ta i ett SaaS-bolag.<\/p><p>Fyll i dina uppgifter i formul\u00e4ret s\u00e5 skickar vi guiden till din email.<\/p><p>Trevlig l\u00e4sning!<\/p>\t\t\t\t\t\t\t\t<\/div>\n\t\t\t\t\t<\/div>\n\t\t<\/div>\n\t\t\t\t<div class=\"elementor-column elementor-col-33 elementor-top-column elementor-element elementor-element-c206995\" data-id=\"c206995\" data-element_type=\"column\" data-e-type=\"column\">\n\t\t\t<div class=\"elementor-widget-wrap elementor-element-populated\">\n\t\t\t\t\t\t<div class=\"elementor-element elementor-element-8129048 elementor-widget elementor-widget-html\" data-id=\"8129048\" data-element_type=\"widget\" data-e-type=\"widget\" data-widget_type=\"html.default\">\n\t\t\t\t\t<iframe src=\"https:\/\/pages.upsales.com\/12029u54d1b3826b17493b86ba2c0e11dc67af-frame\" \t\twidth=\"360\" \t\theight=\"600\" \t\tstyle=\"border:0\"><\/iframe>\t\t\t\t<\/div>\n\t\t\t\t\t<\/div>\n\t\t<\/div>\n\t\t\t\t<div class=\"elementor-column elementor-col-33 elementor-top-column elementor-element elementor-element-a1acd3c\" data-id=\"a1acd3c\" data-element_type=\"column\" data-e-type=\"column\">\n\t\t\t<div class=\"elementor-widget-wrap\">\n\t\t\t\t\t\t\t<\/div>\n\t\t<\/div>\n\t\t\t\t\t<\/div>\n\t\t<\/section>\n\t\t\t\t<\/div>\n\t\t","protected":false},"excerpt":{"rendered":"<p>Guide:10 nyckeltal f\u00f6r SaaS SaaS-bolag kan vara en framg\u00e5ngssaga eller ett kostsamt maskineri \u2013 allt beror p\u00e5 hur bra koll ledning och styrelse har p\u00e5 dess finansiella situation och utveckling. Det g\u00f6rs med nyckeltal som vanligtvis inte f\u00f6rekommer hos bolag i andra branscher. I den h\u00e4r guiden presenterar vi de 10 nyckeltal som vi tycker [&hellip;]<\/p>\n","protected":false},"author":2,"featured_media":16005,"parent":16004,"menu_order":0,"comment_status":"closed","ping_status":"closed","template":"","meta":{"_acf_changed":false,"_trash_the_other_posts":false,"editor_notices":[],"footnotes":""},"class_list":["post-18639","page","type-page","status-publish","has-post-thumbnail","hentry"],"acf":[],"yoast_head":"<!-- This site is optimized with the Yoast SEO Premium plugin v26.5 (Yoast SEO v27.4) - https:\/\/yoast.com\/product\/yoast-seo-premium-wordpress\/ -->\n<title>10 nyckeltal f\u00f6r SaaS-f\u00f6retag - Oxceed Finland<\/title>\n<meta name=\"robots\" content=\"noindex, follow\" \/>\n<meta property=\"og:locale\" content=\"en_GB\" \/>\n<meta property=\"og:type\" content=\"article\" \/>\n<meta property=\"og:title\" content=\"10 nyckeltal f\u00f6r SaaS-f\u00f6retag\" \/>\n<meta property=\"og:description\" content=\"Guide:10 nyckeltal f\u00f6r SaaS SaaS-bolag kan vara en framg\u00e5ngssaga eller ett kostsamt maskineri \u2013 allt beror p\u00e5 hur bra koll ledning och styrelse har p\u00e5 dess finansiella situation och utveckling. Det g\u00f6rs med nyckeltal som vanligtvis inte f\u00f6rekommer hos bolag i andra branscher. I den h\u00e4r guiden presenterar vi de 10 nyckeltal som vi tycker [&hellip;]\" \/>\n<meta property=\"og:url\" content=\"https:\/\/oxceed.com\/fi\/guider\/10-nyckeltal-for-saas-foretag\/\" \/>\n<meta property=\"og:site_name\" content=\"Oxceed Finland\" \/>\n<meta property=\"article:modified_time\" content=\"2025-06-16T12:50:25+00:00\" \/>\n<meta property=\"og:image\" content=\"https:\/\/oxceed.com\/fi\/wp-content\/uploads\/sites\/24\/2021\/10\/nyckeltal-saas-oxceed.jpg\" \/>\n\t<meta property=\"og:image:width\" content=\"1200\" \/>\n\t<meta property=\"og:image:height\" content=\"800\" \/>\n\t<meta property=\"og:image:type\" content=\"image\/jpeg\" \/>\n<meta name=\"twitter:card\" content=\"summary_large_image\" \/>\n<meta name=\"twitter:label1\" content=\"Estimated reading time\" \/>\n\t<meta name=\"twitter:data1\" content=\"1 minute\" \/>\n<script type=\"application\/ld+json\" class=\"yoast-schema-graph\">{\"@context\":\"https:\\\/\\\/schema.org\",\"@graph\":[{\"@type\":\"WebPage\",\"@id\":\"https:\\\/\\\/oxceed.com\\\/fi\\\/guider\\\/10-nyckeltal-for-saas-foretag\\\/\",\"url\":\"https:\\\/\\\/oxceed.com\\\/fi\\\/guider\\\/10-nyckeltal-for-saas-foretag\\\/\",\"name\":\"10 nyckeltal f\u00f6r SaaS-f\u00f6retag - Oxceed Finland\",\"isPartOf\":{\"@id\":\"https:\\\/\\\/oxceed.com\\\/fi\\\/#website\"},\"primaryImageOfPage\":{\"@id\":\"https:\\\/\\\/oxceed.com\\\/fi\\\/guider\\\/10-nyckeltal-for-saas-foretag\\\/#primaryimage\"},\"image\":{\"@id\":\"https:\\\/\\\/oxceed.com\\\/fi\\\/guider\\\/10-nyckeltal-for-saas-foretag\\\/#primaryimage\"},\"thumbnailUrl\":\"https:\\\/\\\/oxceed.com\\\/fi\\\/wp-content\\\/uploads\\\/sites\\\/24\\\/2021\\\/10\\\/nyckeltal-saas-oxceed.jpg\",\"datePublished\":\"2022-04-06T14:58:22+00:00\",\"dateModified\":\"2025-06-16T12:50:25+00:00\",\"breadcrumb\":{\"@id\":\"https:\\\/\\\/oxceed.com\\\/fi\\\/guider\\\/10-nyckeltal-for-saas-foretag\\\/#breadcrumb\"},\"inLanguage\":\"en-GB\",\"potentialAction\":[{\"@type\":\"ReadAction\",\"target\":[\"https:\\\/\\\/oxceed.com\\\/fi\\\/guider\\\/10-nyckeltal-for-saas-foretag\\\/\"]}]},{\"@type\":\"ImageObject\",\"inLanguage\":\"en-GB\",\"@id\":\"https:\\\/\\\/oxceed.com\\\/fi\\\/guider\\\/10-nyckeltal-for-saas-foretag\\\/#primaryimage\",\"url\":\"https:\\\/\\\/oxceed.com\\\/fi\\\/wp-content\\\/uploads\\\/sites\\\/24\\\/2021\\\/10\\\/nyckeltal-saas-oxceed.jpg\",\"contentUrl\":\"https:\\\/\\\/oxceed.com\\\/fi\\\/wp-content\\\/uploads\\\/sites\\\/24\\\/2021\\\/10\\\/nyckeltal-saas-oxceed.jpg\",\"width\":1200,\"height\":800,\"caption\":\"10 nyckeltal f\u00f6r SaaS-f\u00f6retag - Oxceed\"},{\"@type\":\"BreadcrumbList\",\"@id\":\"https:\\\/\\\/oxceed.com\\\/fi\\\/guider\\\/10-nyckeltal-for-saas-foretag\\\/#breadcrumb\",\"itemListElement\":[{\"@type\":\"ListItem\",\"position\":1,\"name\":\"Home\",\"item\":\"https:\\\/\\\/oxceed.com\\\/fi\\\/\"},{\"@type\":\"ListItem\",\"position\":2,\"name\":\"Guider\",\"item\":\"https:\\\/\\\/oxceed.com\\\/fi\\\/guider\\\/\"},{\"@type\":\"ListItem\",\"position\":3,\"name\":\"10 nyckeltal f\u00f6r SaaS-f\u00f6retag\"}]},{\"@type\":\"WebSite\",\"@id\":\"https:\\\/\\\/oxceed.com\\\/fi\\\/#website\",\"url\":\"https:\\\/\\\/oxceed.com\\\/fi\\\/\",\"name\":\"Oxceed Finland\",\"description\":\"Fatta b\u00e4ttre beslut med Oxceed\",\"potentialAction\":[{\"@type\":\"SearchAction\",\"target\":{\"@type\":\"EntryPoint\",\"urlTemplate\":\"https:\\\/\\\/oxceed.com\\\/fi\\\/?s={search_term_string}\"},\"query-input\":{\"@type\":\"PropertyValueSpecification\",\"valueRequired\":true,\"valueName\":\"search_term_string\"}}],\"inLanguage\":\"en-GB\"}]}<\/script>\n<!-- \/ Yoast SEO Premium plugin. -->","yoast_head_json":{"title":"10 nyckeltal f\u00f6r SaaS-f\u00f6retag - Oxceed Finland","robots":{"index":"noindex","follow":"follow"},"og_locale":"en_GB","og_type":"article","og_title":"10 nyckeltal f\u00f6r SaaS-f\u00f6retag","og_description":"Guide:10 nyckeltal f\u00f6r SaaS SaaS-bolag kan vara en framg\u00e5ngssaga eller ett kostsamt maskineri \u2013 allt beror p\u00e5 hur bra koll ledning och styrelse har p\u00e5 dess finansiella situation och utveckling. Det g\u00f6rs med nyckeltal som vanligtvis inte f\u00f6rekommer hos bolag i andra branscher. I den h\u00e4r guiden presenterar vi de 10 nyckeltal som vi tycker [&hellip;]","og_url":"https:\/\/oxceed.com\/fi\/guider\/10-nyckeltal-for-saas-foretag\/","og_site_name":"Oxceed Finland","article_modified_time":"2025-06-16T12:50:25+00:00","og_image":[{"width":1200,"height":800,"url":"https:\/\/oxceed.com\/fi\/wp-content\/uploads\/sites\/24\/2021\/10\/nyckeltal-saas-oxceed.jpg","type":"image\/jpeg"}],"twitter_card":"summary_large_image","twitter_misc":{"Estimated reading time":"1 minute"},"schema":{"@context":"https:\/\/schema.org","@graph":[{"@type":"WebPage","@id":"https:\/\/oxceed.com\/fi\/guider\/10-nyckeltal-for-saas-foretag\/","url":"https:\/\/oxceed.com\/fi\/guider\/10-nyckeltal-for-saas-foretag\/","name":"10 nyckeltal f\u00f6r SaaS-f\u00f6retag - Oxceed Finland","isPartOf":{"@id":"https:\/\/oxceed.com\/fi\/#website"},"primaryImageOfPage":{"@id":"https:\/\/oxceed.com\/fi\/guider\/10-nyckeltal-for-saas-foretag\/#primaryimage"},"image":{"@id":"https:\/\/oxceed.com\/fi\/guider\/10-nyckeltal-for-saas-foretag\/#primaryimage"},"thumbnailUrl":"https:\/\/oxceed.com\/fi\/wp-content\/uploads\/sites\/24\/2021\/10\/nyckeltal-saas-oxceed.jpg","datePublished":"2022-04-06T14:58:22+00:00","dateModified":"2025-06-16T12:50:25+00:00","breadcrumb":{"@id":"https:\/\/oxceed.com\/fi\/guider\/10-nyckeltal-for-saas-foretag\/#breadcrumb"},"inLanguage":"en-GB","potentialAction":[{"@type":"ReadAction","target":["https:\/\/oxceed.com\/fi\/guider\/10-nyckeltal-for-saas-foretag\/"]}]},{"@type":"ImageObject","inLanguage":"en-GB","@id":"https:\/\/oxceed.com\/fi\/guider\/10-nyckeltal-for-saas-foretag\/#primaryimage","url":"https:\/\/oxceed.com\/fi\/wp-content\/uploads\/sites\/24\/2021\/10\/nyckeltal-saas-oxceed.jpg","contentUrl":"https:\/\/oxceed.com\/fi\/wp-content\/uploads\/sites\/24\/2021\/10\/nyckeltal-saas-oxceed.jpg","width":1200,"height":800,"caption":"10 nyckeltal f\u00f6r SaaS-f\u00f6retag - Oxceed"},{"@type":"BreadcrumbList","@id":"https:\/\/oxceed.com\/fi\/guider\/10-nyckeltal-for-saas-foretag\/#breadcrumb","itemListElement":[{"@type":"ListItem","position":1,"name":"Home","item":"https:\/\/oxceed.com\/fi\/"},{"@type":"ListItem","position":2,"name":"Guider","item":"https:\/\/oxceed.com\/fi\/guider\/"},{"@type":"ListItem","position":3,"name":"10 nyckeltal f\u00f6r SaaS-f\u00f6retag"}]},{"@type":"WebSite","@id":"https:\/\/oxceed.com\/fi\/#website","url":"https:\/\/oxceed.com\/fi\/","name":"Oxceed Finland","description":"Fatta b\u00e4ttre beslut med Oxceed","potentialAction":[{"@type":"SearchAction","target":{"@type":"EntryPoint","urlTemplate":"https:\/\/oxceed.com\/fi\/?s={search_term_string}"},"query-input":{"@type":"PropertyValueSpecification","valueRequired":true,"valueName":"search_term_string"}}],"inLanguage":"en-GB"}]}},"_links":{"self":[{"href":"https:\/\/oxceed.com\/fi\/wp-json\/wp\/v2\/pages\/18639","targetHints":{"allow":["GET"]}}],"collection":[{"href":"https:\/\/oxceed.com\/fi\/wp-json\/wp\/v2\/pages"}],"about":[{"href":"https:\/\/oxceed.com\/fi\/wp-json\/wp\/v2\/types\/page"}],"author":[{"embeddable":true,"href":"https:\/\/oxceed.com\/fi\/wp-json\/wp\/v2\/users\/2"}],"replies":[{"embeddable":true,"href":"https:\/\/oxceed.com\/fi\/wp-json\/wp\/v2\/comments?post=18639"}],"version-history":[{"count":28,"href":"https:\/\/oxceed.com\/fi\/wp-json\/wp\/v2\/pages\/18639\/revisions"}],"predecessor-version":[{"id":29147,"href":"https:\/\/oxceed.com\/fi\/wp-json\/wp\/v2\/pages\/18639\/revisions\/29147"}],"up":[{"embeddable":true,"href":"https:\/\/oxceed.com\/fi\/wp-json\/wp\/v2\/pages\/16004"}],"wp:featuredmedia":[{"embeddable":true,"href":"https:\/\/oxceed.com\/fi\/wp-json\/wp\/v2\/media\/16005"}],"wp:attachment":[{"href":"https:\/\/oxceed.com\/fi\/wp-json\/wp\/v2\/media?parent=18639"}],"curies":[{"name":"wp","href":"https:\/\/api.w.org\/{rel}","templated":true}]}}