{"id":18654,"date":"2022-04-07T10:59:08","date_gmt":"2022-04-07T08:59:08","guid":{"rendered":"https:\/\/oxceed.com\/?page_id=18654"},"modified":"2025-06-16T14:52:20","modified_gmt":"2025-06-16T12:52:20","slug":"8-nyckeltal-du-bor-ha-koll-pa","status":"publish","type":"page","link":"https:\/\/oxceed.com\/fi\/guider\/8-nyckeltal-du-bor-ha-koll-pa\/","title":{"rendered":"8 nyckeltal du b\u00f6r ha koll p\u00e5"},"content":{"rendered":"\t\t<div data-elementor-type=\"wp-page\" data-elementor-id=\"18654\" class=\"elementor elementor-18654\" data-elementor-post-type=\"page\">\n\t\t\t\t\t\t<section class=\"elementor-section elementor-top-section elementor-element elementor-element-7e3f997 elementor-section-full_width elementor-section-stretched elementor-section-height-default elementor-section-height-default\" data-id=\"7e3f997\" data-element_type=\"section\" data-e-type=\"section\" data-settings=\"{&quot;stretch_section&quot;:&quot;section-stretched&quot;,&quot;jet_parallax_layout_list&quot;:[{&quot;jet_parallax_layout_image&quot;:{&quot;url&quot;:&quot;&quot;,&quot;id&quot;:&quot;&quot;,&quot;size&quot;:&quot;&quot;},&quot;_id&quot;:&quot;5baf2ad&quot;,&quot;jet_parallax_layout_image_tablet&quot;:{&quot;url&quot;:&quot;&quot;,&quot;id&quot;:&quot;&quot;,&quot;size&quot;:&quot;&quot;},&quot;jet_parallax_layout_image_mobile&quot;:{&quot;url&quot;:&quot;&quot;,&quot;id&quot;:&quot;&quot;,&quot;size&quot;:&quot;&quot;},&quot;jet_parallax_layout_speed&quot;:{&quot;unit&quot;:&quot;%&quot;,&quot;size&quot;:50,&quot;sizes&quot;:[]},&quot;jet_parallax_layout_type&quot;:&quot;scroll&quot;,&quot;jet_parallax_layout_direction&quot;:&quot;1&quot;,&quot;jet_parallax_layout_fx_direction&quot;:null,&quot;jet_parallax_layout_z_index&quot;:&quot;&quot;,&quot;jet_parallax_layout_bg_x&quot;:50,&quot;jet_parallax_layout_bg_x_tablet&quot;:&quot;&quot;,&quot;jet_parallax_layout_bg_x_mobile&quot;:&quot;&quot;,&quot;jet_parallax_layout_bg_y&quot;:50,&quot;jet_parallax_layout_bg_y_tablet&quot;:&quot;&quot;,&quot;jet_parallax_layout_bg_y_mobile&quot;:&quot;&quot;,&quot;jet_parallax_layout_bg_size&quot;:&quot;auto&quot;,&quot;jet_parallax_layout_bg_size_tablet&quot;:&quot;&quot;,&quot;jet_parallax_layout_bg_size_mobile&quot;:&quot;&quot;,&quot;jet_parallax_layout_animation_prop&quot;:&quot;transform&quot;,&quot;jet_parallax_layout_on&quot;:[&quot;desktop&quot;,&quot;tablet&quot;]}],&quot;background_background&quot;:&quot;classic&quot;}\">\n\t\t\t\t\t\t<div class=\"elementor-container elementor-column-gap-default\">\n\t\t\t\t\t<div class=\"elementor-column elementor-col-100 elementor-top-column elementor-element elementor-element-0cb213f\" data-id=\"0cb213f\" data-element_type=\"column\" data-e-type=\"column\">\n\t\t\t<div class=\"elementor-widget-wrap elementor-element-populated\">\n\t\t\t\t\t\t<div class=\"elementor-element elementor-element-384c0a9 elementor-widget elementor-widget-spacer\" data-id=\"384c0a9\" data-element_type=\"widget\" data-e-type=\"widget\" data-widget_type=\"spacer.default\">\n\t\t\t\t\t\t\t<div class=\"elementor-spacer\">\n\t\t\t<div class=\"elementor-spacer-inner\"><\/div>\n\t\t<\/div>\n\t\t\t\t\t\t<\/div>\n\t\t\t\t\t<\/div>\n\t\t<\/div>\n\t\t\t\t\t<\/div>\n\t\t<\/section>\n\t\t\t\t<section class=\"elementor-section elementor-top-section elementor-element elementor-element-48bf477 elementor-section-content-middle elementor-section-boxed elementor-section-height-default elementor-section-height-default elementor-invisible\" data-id=\"48bf477\" data-element_type=\"section\" data-e-type=\"section\" data-settings=\"{&quot;jet_parallax_layout_list&quot;:[{&quot;jet_parallax_layout_image&quot;:{&quot;url&quot;:&quot;&quot;,&quot;id&quot;:&quot;&quot;,&quot;size&quot;:&quot;&quot;},&quot;_id&quot;:&quot;b6f69a7&quot;,&quot;jet_parallax_layout_image_tablet&quot;:{&quot;url&quot;:&quot;&quot;,&quot;id&quot;:&quot;&quot;,&quot;size&quot;:&quot;&quot;},&quot;jet_parallax_layout_image_mobile&quot;:{&quot;url&quot;:&quot;&quot;,&quot;id&quot;:&quot;&quot;,&quot;size&quot;:&quot;&quot;},&quot;jet_parallax_layout_speed&quot;:{&quot;unit&quot;:&quot;%&quot;,&quot;size&quot;:50,&quot;sizes&quot;:[]},&quot;jet_parallax_layout_type&quot;:&quot;scroll&quot;,&quot;jet_parallax_layout_direction&quot;:&quot;1&quot;,&quot;jet_parallax_layout_fx_direction&quot;:null,&quot;jet_parallax_layout_z_index&quot;:&quot;&quot;,&quot;jet_parallax_layout_bg_x&quot;:50,&quot;jet_parallax_layout_bg_x_tablet&quot;:&quot;&quot;,&quot;jet_parallax_layout_bg_x_mobile&quot;:&quot;&quot;,&quot;jet_parallax_layout_bg_y&quot;:50,&quot;jet_parallax_layout_bg_y_tablet&quot;:&quot;&quot;,&quot;jet_parallax_layout_bg_y_mobile&quot;:&quot;&quot;,&quot;jet_parallax_layout_bg_size&quot;:&quot;auto&quot;,&quot;jet_parallax_layout_bg_size_tablet&quot;:&quot;&quot;,&quot;jet_parallax_layout_bg_size_mobile&quot;:&quot;&quot;,&quot;jet_parallax_layout_animation_prop&quot;:&quot;transform&quot;,&quot;jet_parallax_layout_on&quot;:[&quot;desktop&quot;,&quot;tablet&quot;]}],&quot;animation&quot;:&quot;fadeIn&quot;}\">\n\t\t\t\t\t\t<div class=\"elementor-container elementor-column-gap-no\">\n\t\t\t\t\t<div class=\"elementor-column elementor-col-33 elementor-top-column elementor-element elementor-element-a308024\" data-id=\"a308024\" data-element_type=\"column\" data-e-type=\"column\">\n\t\t\t<div class=\"elementor-widget-wrap elementor-element-populated\">\n\t\t\t\t\t\t<div class=\"elementor-element elementor-element-550bf17 elementor-widget elementor-widget-heading\" data-id=\"550bf17\" data-element_type=\"widget\" data-e-type=\"widget\" data-widget_type=\"heading.default\">\n\t\t\t\t\t<h1 class=\"elementor-heading-title elementor-size-default\"><span class=\"color-teal\">Guide:<\/br><\/span>8 nyckeltal du b\u00f6r ha koll p\u00e5<\/h1>\t\t\t\t<\/div>\n\t\t\t\t<div class=\"elementor-element elementor-element-b989e89 elementor-widget elementor-widget-text-editor\" data-id=\"b989e89\" data-element_type=\"widget\" data-e-type=\"widget\" data-widget_type=\"text-editor.default\">\n\t\t\t\t\t\t\t\t\t<p>Beroende p\u00e5 om du driver ett konsultf\u00f6retag, ett fastighetsbolag eller en restaurang kommer vissa nyckeltal att spela extra stor roll.<\/p><p>Det finns dock nyckeltal som du m\u00e5ste koll p\u00e5, oavsett typ av verksamhet, storlek p\u00e5 f\u00f6retaget eller bransch.<\/p><p>I den h\u00e4r guiden har vi sammanst\u00e4llt 8 nyckeltal som vi tycker att du b\u00f6r ha koll p\u00e5. Du f\u00e5r ocks\u00e5 tips p\u00e5 hur du enkelt kan bevaka dessa nyckeltal och ett hundratal andra i Oxceed.<\/p><p>Fyll i dina uppgifter i formul\u00e4ret s\u00e5 skickar vi guiden till din email.<\/p><p>Trevlig l\u00e4sning!<\/p>\t\t\t\t\t\t\t\t<\/div>\n\t\t\t\t\t<\/div>\n\t\t<\/div>\n\t\t\t\t<div class=\"elementor-column elementor-col-33 elementor-top-column elementor-element elementor-element-87b8d0d\" data-id=\"87b8d0d\" data-element_type=\"column\" data-e-type=\"column\">\n\t\t\t<div class=\"elementor-widget-wrap elementor-element-populated\">\n\t\t\t\t\t\t<div class=\"elementor-element elementor-element-7a657e8 elementor-widget elementor-widget-html\" data-id=\"7a657e8\" data-element_type=\"widget\" data-e-type=\"widget\" data-widget_type=\"html.default\">\n\t\t\t\t\t<iframe src=\"https:\/\/pages.upsales.com\/12029u17598e31dbf34037a374b4661d677d27-frame\" \t\twidth=\"360\" \t\theight=\"600\" \t\tstyle=\"border:0\"><\/iframe>\t\t\t\t<\/div>\n\t\t\t\t\t<\/div>\n\t\t<\/div>\n\t\t\t\t<div class=\"elementor-column elementor-col-33 elementor-top-column elementor-element elementor-element-c665327\" data-id=\"c665327\" data-element_type=\"column\" data-e-type=\"column\">\n\t\t\t<div class=\"elementor-widget-wrap\">\n\t\t\t\t\t\t\t<\/div>\n\t\t<\/div>\n\t\t\t\t\t<\/div>\n\t\t<\/section>\n\t\t\t\t<\/div>\n\t\t","protected":false},"excerpt":{"rendered":"<p>Guide:8 nyckeltal du b\u00f6r ha koll p\u00e5 Beroende p\u00e5 om du driver ett konsultf\u00f6retag, ett fastighetsbolag eller en restaurang kommer vissa nyckeltal att spela extra stor roll. Det finns dock nyckeltal som du m\u00e5ste koll p\u00e5, oavsett typ av verksamhet, storlek p\u00e5 f\u00f6retaget eller bransch. I den h\u00e4r guiden har vi sammanst\u00e4llt 8 nyckeltal som [&hellip;]<\/p>\n","protected":false},"author":2,"featured_media":32419,"parent":16004,"menu_order":0,"comment_status":"closed","ping_status":"closed","template":"","meta":{"_acf_changed":false,"_trash_the_other_posts":false,"editor_notices":[],"footnotes":""},"class_list":["post-18654","page","type-page","status-publish","has-post-thumbnail","hentry"],"acf":[],"yoast_head":"<!-- This site is optimized with the Yoast SEO Premium plugin v26.5 (Yoast SEO v27.4) - https:\/\/yoast.com\/product\/yoast-seo-premium-wordpress\/ -->\n<title>8 nyckeltal du b\u00f6r ha koll p\u00e5 - Oxceed Finland<\/title>\n<meta name=\"robots\" content=\"noindex, follow\" \/>\n<meta property=\"og:locale\" content=\"en_GB\" \/>\n<meta property=\"og:type\" content=\"article\" \/>\n<meta property=\"og:title\" content=\"8 nyckeltal du b\u00f6r ha koll p\u00e5\" \/>\n<meta property=\"og:description\" content=\"Guide:8 nyckeltal du b\u00f6r ha koll p\u00e5 Beroende p\u00e5 om du driver ett konsultf\u00f6retag, ett fastighetsbolag eller en restaurang kommer vissa nyckeltal att spela extra stor roll. Det finns dock nyckeltal som du m\u00e5ste koll p\u00e5, oavsett typ av verksamhet, storlek p\u00e5 f\u00f6retaget eller bransch. I den h\u00e4r guiden har vi sammanst\u00e4llt 8 nyckeltal som [&hellip;]\" \/>\n<meta property=\"og:url\" content=\"https:\/\/oxceed.com\/fi\/guider\/8-nyckeltal-du-bor-ha-koll-pa\/\" \/>\n<meta property=\"og:site_name\" content=\"Oxceed Finland\" \/>\n<meta property=\"article:modified_time\" content=\"2025-06-16T12:52:20+00:00\" \/>\n<meta property=\"og:image\" content=\"https:\/\/oxceed.com\/fi\/wp-content\/uploads\/sites\/24\/2025\/03\/guide-atta-nyckeltal-du-bor-ha-koll-pa.jpg\" \/>\n\t<meta property=\"og:image:width\" content=\"1344\" \/>\n\t<meta property=\"og:image:height\" content=\"768\" \/>\n\t<meta property=\"og:image:type\" content=\"image\/jpeg\" \/>\n<meta name=\"twitter:card\" content=\"summary_large_image\" \/>\n<meta name=\"twitter:label1\" content=\"Estimated reading time\" \/>\n\t<meta name=\"twitter:data1\" content=\"1 minute\" \/>\n<script type=\"application\/ld+json\" class=\"yoast-schema-graph\">{\"@context\":\"https:\\\/\\\/schema.org\",\"@graph\":[{\"@type\":\"WebPage\",\"@id\":\"https:\\\/\\\/oxceed.com\\\/fi\\\/guider\\\/8-nyckeltal-du-bor-ha-koll-pa\\\/\",\"url\":\"https:\\\/\\\/oxceed.com\\\/fi\\\/guider\\\/8-nyckeltal-du-bor-ha-koll-pa\\\/\",\"name\":\"8 nyckeltal du b\u00f6r ha koll p\u00e5 - Oxceed Finland\",\"isPartOf\":{\"@id\":\"https:\\\/\\\/oxceed.com\\\/fi\\\/#website\"},\"primaryImageOfPage\":{\"@id\":\"https:\\\/\\\/oxceed.com\\\/fi\\\/guider\\\/8-nyckeltal-du-bor-ha-koll-pa\\\/#primaryimage\"},\"image\":{\"@id\":\"https:\\\/\\\/oxceed.com\\\/fi\\\/guider\\\/8-nyckeltal-du-bor-ha-koll-pa\\\/#primaryimage\"},\"thumbnailUrl\":\"https:\\\/\\\/oxceed.com\\\/fi\\\/wp-content\\\/uploads\\\/sites\\\/24\\\/2025\\\/03\\\/guide-atta-nyckeltal-du-bor-ha-koll-pa.jpg\",\"datePublished\":\"2022-04-07T08:59:08+00:00\",\"dateModified\":\"2025-06-16T12:52:20+00:00\",\"breadcrumb\":{\"@id\":\"https:\\\/\\\/oxceed.com\\\/fi\\\/guider\\\/8-nyckeltal-du-bor-ha-koll-pa\\\/#breadcrumb\"},\"inLanguage\":\"en-GB\",\"potentialAction\":[{\"@type\":\"ReadAction\",\"target\":[\"https:\\\/\\\/oxceed.com\\\/fi\\\/guider\\\/8-nyckeltal-du-bor-ha-koll-pa\\\/\"]}]},{\"@type\":\"ImageObject\",\"inLanguage\":\"en-GB\",\"@id\":\"https:\\\/\\\/oxceed.com\\\/fi\\\/guider\\\/8-nyckeltal-du-bor-ha-koll-pa\\\/#primaryimage\",\"url\":\"https:\\\/\\\/oxceed.com\\\/fi\\\/wp-content\\\/uploads\\\/sites\\\/24\\\/2025\\\/03\\\/guide-atta-nyckeltal-du-bor-ha-koll-pa.jpg\",\"contentUrl\":\"https:\\\/\\\/oxceed.com\\\/fi\\\/wp-content\\\/uploads\\\/sites\\\/24\\\/2025\\\/03\\\/guide-atta-nyckeltal-du-bor-ha-koll-pa.jpg\",\"width\":1344,\"height\":768},{\"@type\":\"BreadcrumbList\",\"@id\":\"https:\\\/\\\/oxceed.com\\\/fi\\\/guider\\\/8-nyckeltal-du-bor-ha-koll-pa\\\/#breadcrumb\",\"itemListElement\":[{\"@type\":\"ListItem\",\"position\":1,\"name\":\"Home\",\"item\":\"https:\\\/\\\/oxceed.com\\\/fi\\\/\"},{\"@type\":\"ListItem\",\"position\":2,\"name\":\"Guider\",\"item\":\"https:\\\/\\\/oxceed.com\\\/fi\\\/guider\\\/\"},{\"@type\":\"ListItem\",\"position\":3,\"name\":\"8 nyckeltal du b\u00f6r ha koll p\u00e5\"}]},{\"@type\":\"WebSite\",\"@id\":\"https:\\\/\\\/oxceed.com\\\/fi\\\/#website\",\"url\":\"https:\\\/\\\/oxceed.com\\\/fi\\\/\",\"name\":\"Oxceed Finland\",\"description\":\"Fatta b\u00e4ttre beslut med Oxceed\",\"potentialAction\":[{\"@type\":\"SearchAction\",\"target\":{\"@type\":\"EntryPoint\",\"urlTemplate\":\"https:\\\/\\\/oxceed.com\\\/fi\\\/?s={search_term_string}\"},\"query-input\":{\"@type\":\"PropertyValueSpecification\",\"valueRequired\":true,\"valueName\":\"search_term_string\"}}],\"inLanguage\":\"en-GB\"}]}<\/script>\n<!-- \/ Yoast SEO Premium plugin. -->","yoast_head_json":{"title":"8 nyckeltal du b\u00f6r ha koll p\u00e5 - Oxceed Finland","robots":{"index":"noindex","follow":"follow"},"og_locale":"en_GB","og_type":"article","og_title":"8 nyckeltal du b\u00f6r ha koll p\u00e5","og_description":"Guide:8 nyckeltal du b\u00f6r ha koll p\u00e5 Beroende p\u00e5 om du driver ett konsultf\u00f6retag, ett fastighetsbolag eller en restaurang kommer vissa nyckeltal att spela extra stor roll. Det finns dock nyckeltal som du m\u00e5ste koll p\u00e5, oavsett typ av verksamhet, storlek p\u00e5 f\u00f6retaget eller bransch. I den h\u00e4r guiden har vi sammanst\u00e4llt 8 nyckeltal som [&hellip;]","og_url":"https:\/\/oxceed.com\/fi\/guider\/8-nyckeltal-du-bor-ha-koll-pa\/","og_site_name":"Oxceed Finland","article_modified_time":"2025-06-16T12:52:20+00:00","og_image":[{"width":1344,"height":768,"url":"https:\/\/oxceed.com\/fi\/wp-content\/uploads\/sites\/24\/2025\/03\/guide-atta-nyckeltal-du-bor-ha-koll-pa.jpg","type":"image\/jpeg"}],"twitter_card":"summary_large_image","twitter_misc":{"Estimated reading time":"1 minute"},"schema":{"@context":"https:\/\/schema.org","@graph":[{"@type":"WebPage","@id":"https:\/\/oxceed.com\/fi\/guider\/8-nyckeltal-du-bor-ha-koll-pa\/","url":"https:\/\/oxceed.com\/fi\/guider\/8-nyckeltal-du-bor-ha-koll-pa\/","name":"8 nyckeltal du b\u00f6r ha koll p\u00e5 - Oxceed Finland","isPartOf":{"@id":"https:\/\/oxceed.com\/fi\/#website"},"primaryImageOfPage":{"@id":"https:\/\/oxceed.com\/fi\/guider\/8-nyckeltal-du-bor-ha-koll-pa\/#primaryimage"},"image":{"@id":"https:\/\/oxceed.com\/fi\/guider\/8-nyckeltal-du-bor-ha-koll-pa\/#primaryimage"},"thumbnailUrl":"https:\/\/oxceed.com\/fi\/wp-content\/uploads\/sites\/24\/2025\/03\/guide-atta-nyckeltal-du-bor-ha-koll-pa.jpg","datePublished":"2022-04-07T08:59:08+00:00","dateModified":"2025-06-16T12:52:20+00:00","breadcrumb":{"@id":"https:\/\/oxceed.com\/fi\/guider\/8-nyckeltal-du-bor-ha-koll-pa\/#breadcrumb"},"inLanguage":"en-GB","potentialAction":[{"@type":"ReadAction","target":["https:\/\/oxceed.com\/fi\/guider\/8-nyckeltal-du-bor-ha-koll-pa\/"]}]},{"@type":"ImageObject","inLanguage":"en-GB","@id":"https:\/\/oxceed.com\/fi\/guider\/8-nyckeltal-du-bor-ha-koll-pa\/#primaryimage","url":"https:\/\/oxceed.com\/fi\/wp-content\/uploads\/sites\/24\/2025\/03\/guide-atta-nyckeltal-du-bor-ha-koll-pa.jpg","contentUrl":"https:\/\/oxceed.com\/fi\/wp-content\/uploads\/sites\/24\/2025\/03\/guide-atta-nyckeltal-du-bor-ha-koll-pa.jpg","width":1344,"height":768},{"@type":"BreadcrumbList","@id":"https:\/\/oxceed.com\/fi\/guider\/8-nyckeltal-du-bor-ha-koll-pa\/#breadcrumb","itemListElement":[{"@type":"ListItem","position":1,"name":"Home","item":"https:\/\/oxceed.com\/fi\/"},{"@type":"ListItem","position":2,"name":"Guider","item":"https:\/\/oxceed.com\/fi\/guider\/"},{"@type":"ListItem","position":3,"name":"8 nyckeltal du b\u00f6r ha koll p\u00e5"}]},{"@type":"WebSite","@id":"https:\/\/oxceed.com\/fi\/#website","url":"https:\/\/oxceed.com\/fi\/","name":"Oxceed Finland","description":"Fatta b\u00e4ttre beslut med Oxceed","potentialAction":[{"@type":"SearchAction","target":{"@type":"EntryPoint","urlTemplate":"https:\/\/oxceed.com\/fi\/?s={search_term_string}"},"query-input":{"@type":"PropertyValueSpecification","valueRequired":true,"valueName":"search_term_string"}}],"inLanguage":"en-GB"}]}},"_links":{"self":[{"href":"https:\/\/oxceed.com\/fi\/wp-json\/wp\/v2\/pages\/18654","targetHints":{"allow":["GET"]}}],"collection":[{"href":"https:\/\/oxceed.com\/fi\/wp-json\/wp\/v2\/pages"}],"about":[{"href":"https:\/\/oxceed.com\/fi\/wp-json\/wp\/v2\/types\/page"}],"author":[{"embeddable":true,"href":"https:\/\/oxceed.com\/fi\/wp-json\/wp\/v2\/users\/2"}],"replies":[{"embeddable":true,"href":"https:\/\/oxceed.com\/fi\/wp-json\/wp\/v2\/comments?post=18654"}],"version-history":[{"count":46,"href":"https:\/\/oxceed.com\/fi\/wp-json\/wp\/v2\/pages\/18654\/revisions"}],"predecessor-version":[{"id":32428,"href":"https:\/\/oxceed.com\/fi\/wp-json\/wp\/v2\/pages\/18654\/revisions\/32428"}],"up":[{"embeddable":true,"href":"https:\/\/oxceed.com\/fi\/wp-json\/wp\/v2\/pages\/16004"}],"wp:featuredmedia":[{"embeddable":true,"href":"https:\/\/oxceed.com\/fi\/wp-json\/wp\/v2\/media\/32419"}],"wp:attachment":[{"href":"https:\/\/oxceed.com\/fi\/wp-json\/wp\/v2\/media?parent=18654"}],"curies":[{"name":"wp","href":"https:\/\/api.w.org\/{rel}","templated":true}]}}