{"id":25229,"date":"2024-03-21T08:58:24","date_gmt":"2024-03-21T07:58:24","guid":{"rendered":"https:\/\/oxceed.com\/?page_id=25229"},"modified":"2025-06-16T14:52:35","modified_gmt":"2025-06-16T12:52:35","slug":"benchmarkingrapport-redovisningsbyraer-2023","status":"publish","type":"page","link":"https:\/\/oxceed.com\/fi\/guider\/benchmarkingrapport-redovisningsbyraer-2023\/","title":{"rendered":"Benchmarkingrapport Redovisningsbyr\u00e5er 2023"},"content":{"rendered":"\t\t<div data-elementor-type=\"wp-page\" data-elementor-id=\"25229\" class=\"elementor elementor-25229\" data-elementor-post-type=\"page\">\n\t\t\t\t\t\t<section class=\"elementor-section elementor-top-section elementor-element elementor-element-040730f elementor-section-full_width elementor-section-stretched elementor-section-height-default elementor-section-height-default\" data-id=\"040730f\" data-element_type=\"section\" data-e-type=\"section\" data-settings=\"{&quot;stretch_section&quot;:&quot;section-stretched&quot;,&quot;jet_parallax_layout_list&quot;:[{&quot;jet_parallax_layout_image&quot;:{&quot;url&quot;:&quot;&quot;,&quot;id&quot;:&quot;&quot;,&quot;size&quot;:&quot;&quot;},&quot;_id&quot;:&quot;5baf2ad&quot;,&quot;jet_parallax_layout_image_tablet&quot;:{&quot;url&quot;:&quot;&quot;,&quot;id&quot;:&quot;&quot;,&quot;size&quot;:&quot;&quot;},&quot;jet_parallax_layout_image_mobile&quot;:{&quot;url&quot;:&quot;&quot;,&quot;id&quot;:&quot;&quot;,&quot;size&quot;:&quot;&quot;},&quot;jet_parallax_layout_speed&quot;:{&quot;unit&quot;:&quot;%&quot;,&quot;size&quot;:50,&quot;sizes&quot;:[]},&quot;jet_parallax_layout_type&quot;:&quot;scroll&quot;,&quot;jet_parallax_layout_direction&quot;:&quot;1&quot;,&quot;jet_parallax_layout_fx_direction&quot;:null,&quot;jet_parallax_layout_z_index&quot;:&quot;&quot;,&quot;jet_parallax_layout_bg_x&quot;:50,&quot;jet_parallax_layout_bg_x_tablet&quot;:&quot;&quot;,&quot;jet_parallax_layout_bg_x_mobile&quot;:&quot;&quot;,&quot;jet_parallax_layout_bg_y&quot;:50,&quot;jet_parallax_layout_bg_y_tablet&quot;:&quot;&quot;,&quot;jet_parallax_layout_bg_y_mobile&quot;:&quot;&quot;,&quot;jet_parallax_layout_bg_size&quot;:&quot;auto&quot;,&quot;jet_parallax_layout_bg_size_tablet&quot;:&quot;&quot;,&quot;jet_parallax_layout_bg_size_mobile&quot;:&quot;&quot;,&quot;jet_parallax_layout_animation_prop&quot;:&quot;transform&quot;,&quot;jet_parallax_layout_on&quot;:[&quot;desktop&quot;,&quot;tablet&quot;]}],&quot;background_background&quot;:&quot;classic&quot;}\">\n\t\t\t\t\t\t<div class=\"elementor-container elementor-column-gap-default\">\n\t\t\t\t\t<div class=\"elementor-column elementor-col-100 elementor-top-column elementor-element elementor-element-04a01ee\" data-id=\"04a01ee\" data-element_type=\"column\" data-e-type=\"column\">\n\t\t\t<div class=\"elementor-widget-wrap elementor-element-populated\">\n\t\t\t\t\t\t<div class=\"elementor-element elementor-element-79302a8 elementor-widget elementor-widget-spacer\" data-id=\"79302a8\" data-element_type=\"widget\" data-e-type=\"widget\" data-widget_type=\"spacer.default\">\n\t\t\t\t\t\t\t<div class=\"elementor-spacer\">\n\t\t\t<div class=\"elementor-spacer-inner\"><\/div>\n\t\t<\/div>\n\t\t\t\t\t\t<\/div>\n\t\t\t\t\t<\/div>\n\t\t<\/div>\n\t\t\t\t\t<\/div>\n\t\t<\/section>\n\t\t\t\t<section class=\"elementor-section elementor-top-section elementor-element elementor-element-da5899a elementor-section-content-middle elementor-section-boxed elementor-section-height-default elementor-section-height-default elementor-invisible\" data-id=\"da5899a\" data-element_type=\"section\" data-e-type=\"section\" data-settings=\"{&quot;jet_parallax_layout_list&quot;:[{&quot;jet_parallax_layout_image&quot;:{&quot;url&quot;:&quot;&quot;,&quot;id&quot;:&quot;&quot;,&quot;size&quot;:&quot;&quot;},&quot;_id&quot;:&quot;b6f69a7&quot;,&quot;jet_parallax_layout_image_tablet&quot;:{&quot;url&quot;:&quot;&quot;,&quot;id&quot;:&quot;&quot;,&quot;size&quot;:&quot;&quot;},&quot;jet_parallax_layout_image_mobile&quot;:{&quot;url&quot;:&quot;&quot;,&quot;id&quot;:&quot;&quot;,&quot;size&quot;:&quot;&quot;},&quot;jet_parallax_layout_speed&quot;:{&quot;unit&quot;:&quot;%&quot;,&quot;size&quot;:50,&quot;sizes&quot;:[]},&quot;jet_parallax_layout_type&quot;:&quot;scroll&quot;,&quot;jet_parallax_layout_direction&quot;:&quot;1&quot;,&quot;jet_parallax_layout_fx_direction&quot;:null,&quot;jet_parallax_layout_z_index&quot;:&quot;&quot;,&quot;jet_parallax_layout_bg_x&quot;:50,&quot;jet_parallax_layout_bg_x_tablet&quot;:&quot;&quot;,&quot;jet_parallax_layout_bg_x_mobile&quot;:&quot;&quot;,&quot;jet_parallax_layout_bg_y&quot;:50,&quot;jet_parallax_layout_bg_y_tablet&quot;:&quot;&quot;,&quot;jet_parallax_layout_bg_y_mobile&quot;:&quot;&quot;,&quot;jet_parallax_layout_bg_size&quot;:&quot;auto&quot;,&quot;jet_parallax_layout_bg_size_tablet&quot;:&quot;&quot;,&quot;jet_parallax_layout_bg_size_mobile&quot;:&quot;&quot;,&quot;jet_parallax_layout_animation_prop&quot;:&quot;transform&quot;,&quot;jet_parallax_layout_on&quot;:[&quot;desktop&quot;,&quot;tablet&quot;]}],&quot;animation&quot;:&quot;fadeIn&quot;}\">\n\t\t\t\t\t\t<div class=\"elementor-container elementor-column-gap-no\">\n\t\t\t\t\t<div class=\"elementor-column elementor-col-33 elementor-top-column elementor-element elementor-element-c1c6d25\" data-id=\"c1c6d25\" data-element_type=\"column\" data-e-type=\"column\">\n\t\t\t<div class=\"elementor-widget-wrap elementor-element-populated\">\n\t\t\t\t\t\t<div class=\"elementor-element elementor-element-963096e elementor-widget elementor-widget-heading\" data-id=\"963096e\" data-element_type=\"widget\" data-e-type=\"widget\" data-widget_type=\"heading.default\">\n\t\t\t\t\t<h1 class=\"elementor-heading-title elementor-size-default\"><span class=\"color-teal\">Branschrapport:<br><\/span>Redovisningsbyr\u00e5er 2023<\/h1>\t\t\t\t<\/div>\n\t\t\t\t<div class=\"elementor-element elementor-element-83aff79 elementor-widget elementor-widget-text-editor\" data-id=\"83aff79\" data-element_type=\"widget\" data-e-type=\"widget\" data-widget_type=\"text-editor.default\">\n\t\t\t\t\t\t\t\t\t<div>Hur presterade redovisningsbranschen 2023 i j\u00e4mf\u00f6relse med 2022? &nbsp;<\/div>\n<div>&nbsp;<\/div>\n<div><span style=\"color: var( --e-global-color-text ); font-family: var( --e-global-typography-text-font-family ), Sans-serif; font-size: var( --e-global-typography-text-font-size ); font-weight: var( --e-global-typography-text-font-weight );\">Rapporten sammanfattar bokf\u00f6ringsdata fr\u00e5n \u00f6ver 120 redovisningsbyr\u00e5er i oms\u00e4ttnings- och kostnadsanalyser.&nbsp;<\/span><\/div>\n<div>&nbsp;<\/div>\n<p><strong>Vi ser bland annat<\/strong><\/p>\n<ul>\n<li>En stark oms\u00e4ttningsutveckling<\/li>\n<li>En minskad EBITDA&nbsp;<\/li>\n<li>Att fler byr\u00e5er g\u00f6r ett negativt r\u00f6relseresultat&nbsp;<\/li>\n<\/ul>\n<p><span style=\"font-family: var( --e-global-typography-text-font-family ), Sans-serif; font-size: var( --e-global-typography-text-font-size );\">Ta reda p\u00e5<\/span><span style=\"font-family: var( --e-global-typography-text-font-family ), Sans-serif; font-size: var( --e-global-typography-text-font-size );\">&nbsp;p\u00e5 hur din byr\u00e5 st\u00e5r sig mot branschkollegorna.&nbsp;<\/span><\/p>\n<p>Fyll i dina uppgifter i formul\u00e4ret s\u00e5 skickar vi rapporten till din e-mail.&nbsp;<\/p>\n<p>Trevlig l\u00e4sning!<\/p>\t\t\t\t\t\t\t\t<\/div>\n\t\t\t\t\t<\/div>\n\t\t<\/div>\n\t\t\t\t<div class=\"elementor-column elementor-col-33 elementor-top-column elementor-element elementor-element-ad9c3bf\" data-id=\"ad9c3bf\" data-element_type=\"column\" data-e-type=\"column\">\n\t\t\t<div class=\"elementor-widget-wrap elementor-element-populated\">\n\t\t\t\t\t\t<div class=\"elementor-element elementor-element-b8f973c elementor-widget elementor-widget-html\" data-id=\"b8f973c\" data-element_type=\"widget\" data-e-type=\"widget\" data-widget_type=\"html.default\">\n\t\t\t\t\t<iframe src=\"https:\/\/pages.upsales.com\/12029u0de79b39f1614f99be17dfd327d458d1-frame\" \t\twidth=\"360\" \t\theight=\"600\" \t\tstyle=\"border:0\"><\/iframe>\t\t\t\t<\/div>\n\t\t\t\t\t<\/div>\n\t\t<\/div>\n\t\t\t\t<div class=\"elementor-column elementor-col-33 elementor-top-column elementor-element elementor-element-2430434\" data-id=\"2430434\" data-element_type=\"column\" data-e-type=\"column\">\n\t\t\t<div class=\"elementor-widget-wrap\">\n\t\t\t\t\t\t\t<\/div>\n\t\t<\/div>\n\t\t\t\t\t<\/div>\n\t\t<\/section>\n\t\t\t\t<\/div>\n\t\t","protected":false},"excerpt":{"rendered":"<p>Branschrapport:Redovisningsbyr\u00e5er 2023 Hur presterade redovisningsbranschen 2023 i j\u00e4mf\u00f6relse med 2022? &nbsp; &nbsp; Rapporten sammanfattar bokf\u00f6ringsdata fr\u00e5n \u00f6ver 120 redovisningsbyr\u00e5er i oms\u00e4ttnings- och kostnadsanalyser.&nbsp; &nbsp; Vi ser bland annat En stark oms\u00e4ttningsutveckling En minskad EBITDA&nbsp; Att fler byr\u00e5er g\u00f6r ett negativt r\u00f6relseresultat&nbsp; Ta reda p\u00e5&nbsp;p\u00e5 hur din byr\u00e5 st\u00e5r sig mot branschkollegorna.&nbsp; Fyll i dina uppgifter [&hellip;]<\/p>\n","protected":false},"author":7,"featured_media":25232,"parent":16004,"menu_order":0,"comment_status":"closed","ping_status":"closed","template":"","meta":{"_acf_changed":false,"_trash_the_other_posts":false,"editor_notices":[],"footnotes":""},"class_list":["post-25229","page","type-page","status-publish","has-post-thumbnail","hentry"],"acf":[],"yoast_head":"<!-- This site is optimized with the Yoast SEO Premium plugin v26.5 (Yoast SEO v27.4) - https:\/\/yoast.com\/product\/yoast-seo-premium-wordpress\/ -->\n<title>Benchmarkingrapport Redovisningsbyr\u00e5er 2023 - Oxceed Finland<\/title>\n<meta name=\"robots\" content=\"noindex, follow\" \/>\n<meta property=\"og:locale\" content=\"en_GB\" \/>\n<meta property=\"og:type\" content=\"article\" \/>\n<meta property=\"og:title\" content=\"Benchmarkingrapport Redovisningsbyr\u00e5er 2023\" \/>\n<meta property=\"og:description\" content=\"Branschrapport:Redovisningsbyr\u00e5er 2023 Hur presterade redovisningsbranschen 2023 i j\u00e4mf\u00f6relse med 2022? &nbsp; &nbsp; Rapporten sammanfattar bokf\u00f6ringsdata fr\u00e5n \u00f6ver 120 redovisningsbyr\u00e5er i oms\u00e4ttnings- och kostnadsanalyser.&nbsp; &nbsp; Vi ser bland annat En stark oms\u00e4ttningsutveckling En minskad EBITDA&nbsp; Att fler byr\u00e5er g\u00f6r ett negativt r\u00f6relseresultat&nbsp; Ta reda p\u00e5&nbsp;p\u00e5 hur din byr\u00e5 st\u00e5r sig mot branschkollegorna.&nbsp; Fyll i dina uppgifter [&hellip;]\" \/>\n<meta property=\"og:url\" content=\"https:\/\/oxceed.com\/fi\/guider\/benchmarkingrapport-redovisningsbyraer-2023\/\" \/>\n<meta property=\"og:site_name\" content=\"Oxceed Finland\" \/>\n<meta property=\"article:modified_time\" content=\"2025-06-16T12:52:35+00:00\" \/>\n<meta property=\"og:image\" content=\"https:\/\/oxceed.com\/fi\/wp-content\/uploads\/sites\/24\/2024\/03\/mockup-of-a-man-s-hands-holding-an-ipad-mini-2108-el1.jpg\" \/>\n\t<meta property=\"og:image:width\" content=\"1920\" \/>\n\t<meta property=\"og:image:height\" content=\"1280\" \/>\n\t<meta property=\"og:image:type\" content=\"image\/jpeg\" \/>\n<meta name=\"twitter:card\" content=\"summary_large_image\" \/>\n<meta name=\"twitter:label1\" content=\"Estimated reading time\" \/>\n\t<meta name=\"twitter:data1\" content=\"1 minute\" \/>\n<script type=\"application\/ld+json\" class=\"yoast-schema-graph\">{\"@context\":\"https:\\\/\\\/schema.org\",\"@graph\":[{\"@type\":\"WebPage\",\"@id\":\"https:\\\/\\\/oxceed.com\\\/fi\\\/guider\\\/benchmarkingrapport-redovisningsbyraer-2023\\\/\",\"url\":\"https:\\\/\\\/oxceed.com\\\/fi\\\/guider\\\/benchmarkingrapport-redovisningsbyraer-2023\\\/\",\"name\":\"Benchmarkingrapport Redovisningsbyr\u00e5er 2023 - Oxceed Finland\",\"isPartOf\":{\"@id\":\"https:\\\/\\\/oxceed.com\\\/fi\\\/#website\"},\"primaryImageOfPage\":{\"@id\":\"https:\\\/\\\/oxceed.com\\\/fi\\\/guider\\\/benchmarkingrapport-redovisningsbyraer-2023\\\/#primaryimage\"},\"image\":{\"@id\":\"https:\\\/\\\/oxceed.com\\\/fi\\\/guider\\\/benchmarkingrapport-redovisningsbyraer-2023\\\/#primaryimage\"},\"thumbnailUrl\":\"https:\\\/\\\/oxceed.com\\\/fi\\\/wp-content\\\/uploads\\\/sites\\\/24\\\/2024\\\/03\\\/mockup-of-a-man-s-hands-holding-an-ipad-mini-2108-el1.jpg\",\"datePublished\":\"2024-03-21T07:58:24+00:00\",\"dateModified\":\"2025-06-16T12:52:35+00:00\",\"breadcrumb\":{\"@id\":\"https:\\\/\\\/oxceed.com\\\/fi\\\/guider\\\/benchmarkingrapport-redovisningsbyraer-2023\\\/#breadcrumb\"},\"inLanguage\":\"en-GB\",\"potentialAction\":[{\"@type\":\"ReadAction\",\"target\":[\"https:\\\/\\\/oxceed.com\\\/fi\\\/guider\\\/benchmarkingrapport-redovisningsbyraer-2023\\\/\"]}]},{\"@type\":\"ImageObject\",\"inLanguage\":\"en-GB\",\"@id\":\"https:\\\/\\\/oxceed.com\\\/fi\\\/guider\\\/benchmarkingrapport-redovisningsbyraer-2023\\\/#primaryimage\",\"url\":\"https:\\\/\\\/oxceed.com\\\/fi\\\/wp-content\\\/uploads\\\/sites\\\/24\\\/2024\\\/03\\\/mockup-of-a-man-s-hands-holding-an-ipad-mini-2108-el1.jpg\",\"contentUrl\":\"https:\\\/\\\/oxceed.com\\\/fi\\\/wp-content\\\/uploads\\\/sites\\\/24\\\/2024\\\/03\\\/mockup-of-a-man-s-hands-holding-an-ipad-mini-2108-el1.jpg\",\"width\":1920,\"height\":1280},{\"@type\":\"BreadcrumbList\",\"@id\":\"https:\\\/\\\/oxceed.com\\\/fi\\\/guider\\\/benchmarkingrapport-redovisningsbyraer-2023\\\/#breadcrumb\",\"itemListElement\":[{\"@type\":\"ListItem\",\"position\":1,\"name\":\"Home\",\"item\":\"https:\\\/\\\/oxceed.com\\\/fi\\\/\"},{\"@type\":\"ListItem\",\"position\":2,\"name\":\"Guider\",\"item\":\"https:\\\/\\\/oxceed.com\\\/fi\\\/guider\\\/\"},{\"@type\":\"ListItem\",\"position\":3,\"name\":\"Benchmarkingrapport Redovisningsbyr\u00e5er 2023\"}]},{\"@type\":\"WebSite\",\"@id\":\"https:\\\/\\\/oxceed.com\\\/fi\\\/#website\",\"url\":\"https:\\\/\\\/oxceed.com\\\/fi\\\/\",\"name\":\"Oxceed Finland\",\"description\":\"Fatta b\u00e4ttre beslut med Oxceed\",\"potentialAction\":[{\"@type\":\"SearchAction\",\"target\":{\"@type\":\"EntryPoint\",\"urlTemplate\":\"https:\\\/\\\/oxceed.com\\\/fi\\\/?s={search_term_string}\"},\"query-input\":{\"@type\":\"PropertyValueSpecification\",\"valueRequired\":true,\"valueName\":\"search_term_string\"}}],\"inLanguage\":\"en-GB\"}]}<\/script>\n<!-- \/ Yoast SEO Premium plugin. -->","yoast_head_json":{"title":"Benchmarkingrapport Redovisningsbyr\u00e5er 2023 - Oxceed Finland","robots":{"index":"noindex","follow":"follow"},"og_locale":"en_GB","og_type":"article","og_title":"Benchmarkingrapport Redovisningsbyr\u00e5er 2023","og_description":"Branschrapport:Redovisningsbyr\u00e5er 2023 Hur presterade redovisningsbranschen 2023 i j\u00e4mf\u00f6relse med 2022? &nbsp; &nbsp; Rapporten sammanfattar bokf\u00f6ringsdata fr\u00e5n \u00f6ver 120 redovisningsbyr\u00e5er i oms\u00e4ttnings- och kostnadsanalyser.&nbsp; &nbsp; Vi ser bland annat En stark oms\u00e4ttningsutveckling En minskad EBITDA&nbsp; Att fler byr\u00e5er g\u00f6r ett negativt r\u00f6relseresultat&nbsp; Ta reda p\u00e5&nbsp;p\u00e5 hur din byr\u00e5 st\u00e5r sig mot branschkollegorna.&nbsp; Fyll i dina uppgifter [&hellip;]","og_url":"https:\/\/oxceed.com\/fi\/guider\/benchmarkingrapport-redovisningsbyraer-2023\/","og_site_name":"Oxceed Finland","article_modified_time":"2025-06-16T12:52:35+00:00","og_image":[{"width":1920,"height":1280,"url":"https:\/\/oxceed.com\/fi\/wp-content\/uploads\/sites\/24\/2024\/03\/mockup-of-a-man-s-hands-holding-an-ipad-mini-2108-el1.jpg","type":"image\/jpeg"}],"twitter_card":"summary_large_image","twitter_misc":{"Estimated reading time":"1 minute"},"schema":{"@context":"https:\/\/schema.org","@graph":[{"@type":"WebPage","@id":"https:\/\/oxceed.com\/fi\/guider\/benchmarkingrapport-redovisningsbyraer-2023\/","url":"https:\/\/oxceed.com\/fi\/guider\/benchmarkingrapport-redovisningsbyraer-2023\/","name":"Benchmarkingrapport Redovisningsbyr\u00e5er 2023 - Oxceed Finland","isPartOf":{"@id":"https:\/\/oxceed.com\/fi\/#website"},"primaryImageOfPage":{"@id":"https:\/\/oxceed.com\/fi\/guider\/benchmarkingrapport-redovisningsbyraer-2023\/#primaryimage"},"image":{"@id":"https:\/\/oxceed.com\/fi\/guider\/benchmarkingrapport-redovisningsbyraer-2023\/#primaryimage"},"thumbnailUrl":"https:\/\/oxceed.com\/fi\/wp-content\/uploads\/sites\/24\/2024\/03\/mockup-of-a-man-s-hands-holding-an-ipad-mini-2108-el1.jpg","datePublished":"2024-03-21T07:58:24+00:00","dateModified":"2025-06-16T12:52:35+00:00","breadcrumb":{"@id":"https:\/\/oxceed.com\/fi\/guider\/benchmarkingrapport-redovisningsbyraer-2023\/#breadcrumb"},"inLanguage":"en-GB","potentialAction":[{"@type":"ReadAction","target":["https:\/\/oxceed.com\/fi\/guider\/benchmarkingrapport-redovisningsbyraer-2023\/"]}]},{"@type":"ImageObject","inLanguage":"en-GB","@id":"https:\/\/oxceed.com\/fi\/guider\/benchmarkingrapport-redovisningsbyraer-2023\/#primaryimage","url":"https:\/\/oxceed.com\/fi\/wp-content\/uploads\/sites\/24\/2024\/03\/mockup-of-a-man-s-hands-holding-an-ipad-mini-2108-el1.jpg","contentUrl":"https:\/\/oxceed.com\/fi\/wp-content\/uploads\/sites\/24\/2024\/03\/mockup-of-a-man-s-hands-holding-an-ipad-mini-2108-el1.jpg","width":1920,"height":1280},{"@type":"BreadcrumbList","@id":"https:\/\/oxceed.com\/fi\/guider\/benchmarkingrapport-redovisningsbyraer-2023\/#breadcrumb","itemListElement":[{"@type":"ListItem","position":1,"name":"Home","item":"https:\/\/oxceed.com\/fi\/"},{"@type":"ListItem","position":2,"name":"Guider","item":"https:\/\/oxceed.com\/fi\/guider\/"},{"@type":"ListItem","position":3,"name":"Benchmarkingrapport Redovisningsbyr\u00e5er 2023"}]},{"@type":"WebSite","@id":"https:\/\/oxceed.com\/fi\/#website","url":"https:\/\/oxceed.com\/fi\/","name":"Oxceed Finland","description":"Fatta b\u00e4ttre beslut med Oxceed","potentialAction":[{"@type":"SearchAction","target":{"@type":"EntryPoint","urlTemplate":"https:\/\/oxceed.com\/fi\/?s={search_term_string}"},"query-input":{"@type":"PropertyValueSpecification","valueRequired":true,"valueName":"search_term_string"}}],"inLanguage":"en-GB"}]}},"_links":{"self":[{"href":"https:\/\/oxceed.com\/fi\/wp-json\/wp\/v2\/pages\/25229","targetHints":{"allow":["GET"]}}],"collection":[{"href":"https:\/\/oxceed.com\/fi\/wp-json\/wp\/v2\/pages"}],"about":[{"href":"https:\/\/oxceed.com\/fi\/wp-json\/wp\/v2\/types\/page"}],"author":[{"embeddable":true,"href":"https:\/\/oxceed.com\/fi\/wp-json\/wp\/v2\/users\/7"}],"replies":[{"embeddable":true,"href":"https:\/\/oxceed.com\/fi\/wp-json\/wp\/v2\/comments?post=25229"}],"version-history":[{"count":41,"href":"https:\/\/oxceed.com\/fi\/wp-json\/wp\/v2\/pages\/25229\/revisions"}],"predecessor-version":[{"id":27594,"href":"https:\/\/oxceed.com\/fi\/wp-json\/wp\/v2\/pages\/25229\/revisions\/27594"}],"up":[{"embeddable":true,"href":"https:\/\/oxceed.com\/fi\/wp-json\/wp\/v2\/pages\/16004"}],"wp:featuredmedia":[{"embeddable":true,"href":"https:\/\/oxceed.com\/fi\/wp-json\/wp\/v2\/media\/25232"}],"wp:attachment":[{"href":"https:\/\/oxceed.com\/fi\/wp-json\/wp\/v2\/media?parent=25229"}],"curies":[{"name":"wp","href":"https:\/\/api.w.org\/{rel}","templated":true}]}}