{"id":26465,"date":"2024-04-23T10:14:22","date_gmt":"2024-04-23T08:14:22","guid":{"rendered":"https:\/\/oxceed.com\/?page_id=26465"},"modified":"2024-09-09T14:57:40","modified_gmt":"2024-09-09T12:57:40","slug":"demo-utokad-hallbarhetsanalys","status":"publish","type":"page","link":"https:\/\/oxceed.com\/fi\/demo-utokad-hallbarhetsanalys\/","title":{"rendered":"Demo &#8211; Ut\u00f6kad H\u00e5llbarhetsanalys"},"content":{"rendered":"\t\t<div data-elementor-type=\"wp-page\" data-elementor-id=\"26465\" class=\"elementor elementor-26465\" data-elementor-post-type=\"page\">\n\t\t\t\t\t\t<section class=\"elementor-section elementor-top-section elementor-element elementor-element-0861dfe elementor-section-full_width elementor-section-stretched elementor-section-height-default elementor-section-height-default\" data-id=\"0861dfe\" data-element_type=\"section\" data-e-type=\"section\" data-settings=\"{&quot;stretch_section&quot;:&quot;section-stretched&quot;,&quot;jet_parallax_layout_list&quot;:[{&quot;jet_parallax_layout_image&quot;:{&quot;url&quot;:&quot;&quot;,&quot;id&quot;:&quot;&quot;,&quot;size&quot;:&quot;&quot;},&quot;_id&quot;:&quot;5baf2ad&quot;,&quot;jet_parallax_layout_image_tablet&quot;:{&quot;url&quot;:&quot;&quot;,&quot;id&quot;:&quot;&quot;,&quot;size&quot;:&quot;&quot;},&quot;jet_parallax_layout_image_mobile&quot;:{&quot;url&quot;:&quot;&quot;,&quot;id&quot;:&quot;&quot;,&quot;size&quot;:&quot;&quot;},&quot;jet_parallax_layout_speed&quot;:{&quot;unit&quot;:&quot;%&quot;,&quot;size&quot;:50,&quot;sizes&quot;:[]},&quot;jet_parallax_layout_type&quot;:&quot;scroll&quot;,&quot;jet_parallax_layout_direction&quot;:&quot;1&quot;,&quot;jet_parallax_layout_fx_direction&quot;:null,&quot;jet_parallax_layout_z_index&quot;:&quot;&quot;,&quot;jet_parallax_layout_bg_x&quot;:50,&quot;jet_parallax_layout_bg_x_tablet&quot;:&quot;&quot;,&quot;jet_parallax_layout_bg_x_mobile&quot;:&quot;&quot;,&quot;jet_parallax_layout_bg_y&quot;:50,&quot;jet_parallax_layout_bg_y_tablet&quot;:&quot;&quot;,&quot;jet_parallax_layout_bg_y_mobile&quot;:&quot;&quot;,&quot;jet_parallax_layout_bg_size&quot;:&quot;auto&quot;,&quot;jet_parallax_layout_bg_size_tablet&quot;:&quot;&quot;,&quot;jet_parallax_layout_bg_size_mobile&quot;:&quot;&quot;,&quot;jet_parallax_layout_animation_prop&quot;:&quot;transform&quot;,&quot;jet_parallax_layout_on&quot;:[&quot;desktop&quot;,&quot;tablet&quot;]}],&quot;background_background&quot;:&quot;classic&quot;}\">\n\t\t\t\t\t\t<div class=\"elementor-container elementor-column-gap-default\">\n\t\t\t\t\t<div class=\"elementor-column elementor-col-100 elementor-top-column elementor-element elementor-element-f9725d6\" data-id=\"f9725d6\" data-element_type=\"column\" data-e-type=\"column\">\n\t\t\t<div class=\"elementor-widget-wrap elementor-element-populated\">\n\t\t\t\t\t\t<div class=\"elementor-element elementor-element-e93eb9c elementor-widget elementor-widget-spacer\" data-id=\"e93eb9c\" data-element_type=\"widget\" data-e-type=\"widget\" data-widget_type=\"spacer.default\">\n\t\t\t\t\t\t\t<div class=\"elementor-spacer\">\n\t\t\t<div class=\"elementor-spacer-inner\"><\/div>\n\t\t<\/div>\n\t\t\t\t\t\t<\/div>\n\t\t\t\t\t<\/div>\n\t\t<\/div>\n\t\t\t\t\t<\/div>\n\t\t<\/section>\n\t\t\t\t<section class=\"elementor-section elementor-top-section elementor-element elementor-element-f0b130d elementor-section-content-middle elementor-section-boxed elementor-section-height-default elementor-section-height-default elementor-invisible\" data-id=\"f0b130d\" data-element_type=\"section\" data-e-type=\"section\" data-settings=\"{&quot;jet_parallax_layout_list&quot;:[{&quot;jet_parallax_layout_image&quot;:{&quot;url&quot;:&quot;&quot;,&quot;id&quot;:&quot;&quot;,&quot;size&quot;:&quot;&quot;},&quot;_id&quot;:&quot;b6f69a7&quot;,&quot;jet_parallax_layout_image_tablet&quot;:{&quot;url&quot;:&quot;&quot;,&quot;id&quot;:&quot;&quot;,&quot;size&quot;:&quot;&quot;},&quot;jet_parallax_layout_image_mobile&quot;:{&quot;url&quot;:&quot;&quot;,&quot;id&quot;:&quot;&quot;,&quot;size&quot;:&quot;&quot;},&quot;jet_parallax_layout_speed&quot;:{&quot;unit&quot;:&quot;%&quot;,&quot;size&quot;:50,&quot;sizes&quot;:[]},&quot;jet_parallax_layout_type&quot;:&quot;scroll&quot;,&quot;jet_parallax_layout_direction&quot;:&quot;1&quot;,&quot;jet_parallax_layout_fx_direction&quot;:null,&quot;jet_parallax_layout_z_index&quot;:&quot;&quot;,&quot;jet_parallax_layout_bg_x&quot;:50,&quot;jet_parallax_layout_bg_x_tablet&quot;:&quot;&quot;,&quot;jet_parallax_layout_bg_x_mobile&quot;:&quot;&quot;,&quot;jet_parallax_layout_bg_y&quot;:50,&quot;jet_parallax_layout_bg_y_tablet&quot;:&quot;&quot;,&quot;jet_parallax_layout_bg_y_mobile&quot;:&quot;&quot;,&quot;jet_parallax_layout_bg_size&quot;:&quot;auto&quot;,&quot;jet_parallax_layout_bg_size_tablet&quot;:&quot;&quot;,&quot;jet_parallax_layout_bg_size_mobile&quot;:&quot;&quot;,&quot;jet_parallax_layout_animation_prop&quot;:&quot;transform&quot;,&quot;jet_parallax_layout_on&quot;:[&quot;desktop&quot;,&quot;tablet&quot;]}],&quot;animation&quot;:&quot;fadeIn&quot;}\">\n\t\t\t\t\t\t<div class=\"elementor-container elementor-column-gap-no\">\n\t\t\t\t\t<div class=\"elementor-column elementor-col-33 elementor-top-column elementor-element elementor-element-6ed6bd6\" data-id=\"6ed6bd6\" data-element_type=\"column\" data-e-type=\"column\">\n\t\t\t<div class=\"elementor-widget-wrap elementor-element-populated\">\n\t\t\t\t\t\t<div class=\"elementor-element elementor-element-e539f9c elementor-widget elementor-widget-heading\" data-id=\"e539f9c\" data-element_type=\"widget\" data-e-type=\"widget\" data-widget_type=\"heading.default\">\n\t\t\t\t\t<h1 class=\"elementor-heading-title elementor-size-default\"><span class=\"color-teal\">Demo:<br><\/span>Ut\u00f6kad H\u00e5llbarhetsanalys i Oxceed  <\/h1>\t\t\t\t<\/div>\n\t\t\t\t<div class=\"elementor-element elementor-element-536bb68 elementor-widget__width-initial elementor-widget elementor-widget-text-editor\" data-id=\"536bb68\" data-element_type=\"widget\" data-e-type=\"widget\" data-widget_type=\"text-editor.default\">\n\t\t\t\t\t\t\t\t\t<div><p>G\u00f6r en djupdykning i f\u00f6retagets klimatp\u00e5verkan f\u00f6r att f\u00f6rst\u00e5 och vidta mer specifika \u00e5tg\u00e4rder i arbetet med att minska bolagets koldioxidutsl\u00e4pp.\u00a0<\/p><p>Under demonstrationen visar Oxceeds CPO Carl Frostg\u00e5rd bland annat:<\/p><p data-pm-slice=\"1 1 []\">\ud83c\udf33 Skillnaden mellan Enkel och Ut\u00f6kad version av Oxceeds H\u00e5llbarhetsanalys.\u00a0<\/p><p data-pm-slice=\"1 1 []\">\ud83c\udf33 Hur du kan f\u00e5 insikt i upp till 80 olika utsl\u00e4ppskategorier, information som g\u00f6r det m\u00f6jligt att prioritera i \u00e5tg\u00e4rdslistan.\u00a0<\/p><p data-pm-slice=\"1 1 []\">\ud83c\udf33 Hur du med hj\u00e4lp av leverant\u00f6rsanalysen \u00a0kan identifiera samtliga leverant\u00f6rers m\u00e5natliga CO2-utsl\u00e4pp. \u00a0<\/p><\/div><div><p><span class=\"ui-provider a b c d e f g h i j k l m n o p q r s t u v w x y z ab ac ae af ag ah ai aj ak\" dir=\"ltr\">Fyll i formul\u00e4ret f\u00f6r att f\u00e5 ett email med en l\u00e4nk till inspelningen som du kan se n\u00e4r det passar dig.\u00a0<\/span><\/p><\/div>\t\t\t\t\t\t\t\t<\/div>\n\t\t\t\t<section class=\"elementor-section elementor-inner-section elementor-element elementor-element-91b5783 elementor-section-boxed elementor-section-height-default elementor-section-height-default\" data-id=\"91b5783\" data-element_type=\"section\" data-e-type=\"section\" data-settings=\"{&quot;jet_parallax_layout_list&quot;:[{&quot;jet_parallax_layout_image&quot;:{&quot;url&quot;:&quot;&quot;,&quot;id&quot;:&quot;&quot;,&quot;size&quot;:&quot;&quot;},&quot;_id&quot;:&quot;8bc1bd6&quot;,&quot;jet_parallax_layout_image_tablet&quot;:{&quot;url&quot;:&quot;&quot;,&quot;id&quot;:&quot;&quot;,&quot;size&quot;:&quot;&quot;},&quot;jet_parallax_layout_image_mobile&quot;:{&quot;url&quot;:&quot;&quot;,&quot;id&quot;:&quot;&quot;,&quot;size&quot;:&quot;&quot;},&quot;jet_parallax_layout_speed&quot;:{&quot;unit&quot;:&quot;%&quot;,&quot;size&quot;:50,&quot;sizes&quot;:[]},&quot;jet_parallax_layout_type&quot;:&quot;scroll&quot;,&quot;jet_parallax_layout_direction&quot;:&quot;1&quot;,&quot;jet_parallax_layout_fx_direction&quot;:null,&quot;jet_parallax_layout_z_index&quot;:&quot;&quot;,&quot;jet_parallax_layout_bg_x&quot;:50,&quot;jet_parallax_layout_bg_x_tablet&quot;:&quot;&quot;,&quot;jet_parallax_layout_bg_x_mobile&quot;:&quot;&quot;,&quot;jet_parallax_layout_bg_y&quot;:50,&quot;jet_parallax_layout_bg_y_tablet&quot;:&quot;&quot;,&quot;jet_parallax_layout_bg_y_mobile&quot;:&quot;&quot;,&quot;jet_parallax_layout_bg_size&quot;:&quot;auto&quot;,&quot;jet_parallax_layout_bg_size_tablet&quot;:&quot;&quot;,&quot;jet_parallax_layout_bg_size_mobile&quot;:&quot;&quot;,&quot;jet_parallax_layout_animation_prop&quot;:&quot;transform&quot;,&quot;jet_parallax_layout_on&quot;:[&quot;desktop&quot;,&quot;tablet&quot;]}]}\">\n\t\t\t\t\t\t<div class=\"elementor-container elementor-column-gap-default\">\n\t\t\t\t\t<div class=\"elementor-column elementor-col-50 elementor-inner-column elementor-element elementor-element-74480dd\" data-id=\"74480dd\" data-element_type=\"column\" data-e-type=\"column\">\n\t\t\t<div class=\"elementor-widget-wrap elementor-element-populated\">\n\t\t\t\t\t\t<div class=\"elementor-element elementor-element-ca69150 elementor-widget elementor-widget-image\" data-id=\"ca69150\" data-element_type=\"widget\" data-e-type=\"widget\" data-widget_type=\"image.default\">\n\t\t\t\t\t\t\t\t\t\t\t\t\t\t\t<img loading=\"lazy\" decoding=\"async\" width=\"150\" height=\"150\" src=\"https:\/\/oxceed.com\/fi\/wp-content\/uploads\/sites\/24\/2022\/04\/carl-frostgard-avatar-150x150.jpg\" class=\"attachment-thumbnail size-thumbnail wp-image-18598\" alt=\"\" srcset=\"https:\/\/oxceed.com\/fi\/wp-content\/uploads\/sites\/24\/2022\/04\/carl-frostgard-avatar-150x150.jpg 150w, https:\/\/oxceed.com\/fi\/wp-content\/uploads\/sites\/24\/2022\/04\/carl-frostgard-avatar-300x300.jpg 300w, https:\/\/oxceed.com\/fi\/wp-content\/uploads\/sites\/24\/2022\/04\/carl-frostgard-avatar.jpg 500w\" sizes=\"auto, (max-width: 150px) 100vw, 150px\" \/>\t\t\t\t\t\t\t\t\t\t\t\t\t\t\t<\/div>\n\t\t\t\t\t<\/div>\n\t\t<\/div>\n\t\t\t\t<div class=\"elementor-column elementor-col-50 elementor-inner-column elementor-element elementor-element-67ad90d\" data-id=\"67ad90d\" data-element_type=\"column\" data-e-type=\"column\">\n\t\t\t<div class=\"elementor-widget-wrap elementor-element-populated\">\n\t\t\t\t\t\t<div class=\"elementor-element elementor-element-8fd9f8e elementor-widget elementor-widget-heading\" data-id=\"8fd9f8e\" data-element_type=\"widget\" data-e-type=\"widget\" data-widget_type=\"heading.default\">\n\t\t\t\t\t<h4 class=\"elementor-heading-title elementor-size-default\">Carl Frostg\u00e5rd<\/h4>\t\t\t\t<\/div>\n\t\t\t\t<div class=\"elementor-element elementor-element-be552b0 elementor-widget elementor-widget-text-editor\" data-id=\"be552b0\" data-element_type=\"widget\" data-e-type=\"widget\" data-widget_type=\"text-editor.default\">\n\t\t\t\t\t\t\t\t\t<p>Product Owner , Oxceed<\/p>\t\t\t\t\t\t\t\t<\/div>\n\t\t\t\t\t<\/div>\n\t\t<\/div>\n\t\t\t\t\t<\/div>\n\t\t<\/section>\n\t\t\t\t\t<\/div>\n\t\t<\/div>\n\t\t\t\t<div class=\"elementor-column elementor-col-33 elementor-top-column elementor-element elementor-element-a9c04e1\" data-id=\"a9c04e1\" data-element_type=\"column\" data-e-type=\"column\">\n\t\t\t<div class=\"elementor-widget-wrap elementor-element-populated\">\n\t\t\t\t\t\t<div class=\"elementor-element elementor-element-b8ca34f elementor-widget elementor-widget-html\" data-id=\"b8ca34f\" data-element_type=\"widget\" data-e-type=\"widget\" data-widget_type=\"html.default\">\n\t\t\t\t\t<iframe src=\"https:\/\/pages.upsales.com\/12029uf8f12587fde24968ad923678472a19e2-frame\" \t\twidth=\"360\" \t\theight=\"600\" \t\tstyle=\"border:0\"><\/iframe> \t\t\t\t<\/div>\n\t\t\t\t\t<\/div>\n\t\t<\/div>\n\t\t\t\t<div class=\"elementor-column elementor-col-33 elementor-top-column elementor-element elementor-element-b2cdf8c\" data-id=\"b2cdf8c\" data-element_type=\"column\" data-e-type=\"column\">\n\t\t\t<div class=\"elementor-widget-wrap\">\n\t\t\t\t\t\t\t<\/div>\n\t\t<\/div>\n\t\t\t\t\t<\/div>\n\t\t<\/section>\n\t\t\t\t<\/div>\n\t\t","protected":false},"excerpt":{"rendered":"<p>Demo:Ut\u00f6kad H\u00e5llbarhetsanalys i Oxceed G\u00f6r en djupdykning i f\u00f6retagets klimatp\u00e5verkan f\u00f6r att f\u00f6rst\u00e5 och vidta mer specifika \u00e5tg\u00e4rder i arbetet med att minska bolagets koldioxidutsl\u00e4pp.\u00a0 Under demonstrationen visar Oxceeds CPO Carl Frostg\u00e5rd bland annat: ? Skillnaden mellan Enkel och Ut\u00f6kad version av Oxceeds H\u00e5llbarhetsanalys.\u00a0 ? Hur du kan f\u00e5 insikt i upp till 80 olika [&hellip;]<\/p>\n","protected":false},"author":7,"featured_media":0,"parent":0,"menu_order":0,"comment_status":"closed","ping_status":"closed","template":"","meta":{"_acf_changed":false,"_trash_the_other_posts":false,"editor_notices":[],"footnotes":""},"class_list":["post-26465","page","type-page","status-publish","hentry"],"acf":[],"yoast_head":"<!-- This site is optimized with the Yoast SEO Premium plugin v26.5 (Yoast SEO v27.4) - https:\/\/yoast.com\/product\/yoast-seo-premium-wordpress\/ -->\n<title>Demo - Ut\u00f6kad H\u00e5llbarhetsanalys - Oxceed Finland<\/title>\n<meta name=\"robots\" content=\"noindex, follow\" \/>\n<meta property=\"og:locale\" content=\"en_GB\" \/>\n<meta property=\"og:type\" content=\"article\" \/>\n<meta property=\"og:title\" content=\"Demo - Ut\u00f6kad H\u00e5llbarhetsanalys\" \/>\n<meta property=\"og:description\" content=\"Demo:Ut\u00f6kad H\u00e5llbarhetsanalys i Oxceed G\u00f6r en djupdykning i f\u00f6retagets klimatp\u00e5verkan f\u00f6r att f\u00f6rst\u00e5 och vidta mer specifika \u00e5tg\u00e4rder i arbetet med att minska bolagets koldioxidutsl\u00e4pp.\u00a0 Under demonstrationen visar Oxceeds CPO Carl Frostg\u00e5rd bland annat: ? Skillnaden mellan Enkel och Ut\u00f6kad version av Oxceeds H\u00e5llbarhetsanalys.\u00a0 ? Hur du kan f\u00e5 insikt i upp till 80 olika [&hellip;]\" \/>\n<meta property=\"og:url\" content=\"https:\/\/oxceed.com\/fi\/demo-utokad-hallbarhetsanalys\/\" \/>\n<meta property=\"og:site_name\" content=\"Oxceed Finland\" \/>\n<meta property=\"article:modified_time\" content=\"2024-09-09T12:57:40+00:00\" \/>\n<meta property=\"og:image\" content=\"https:\/\/oxceed.com\/wp-content\/uploads\/sites\/24\/2022\/04\/carl-frostgard-avatar-150x150.jpg\" \/>\n<meta name=\"twitter:card\" content=\"summary_large_image\" \/>\n<meta name=\"twitter:label1\" content=\"Estimated reading time\" \/>\n\t<meta name=\"twitter:data1\" content=\"1 minute\" \/>\n<script type=\"application\/ld+json\" class=\"yoast-schema-graph\">{\"@context\":\"https:\\\/\\\/schema.org\",\"@graph\":[{\"@type\":\"WebPage\",\"@id\":\"https:\\\/\\\/oxceed.com\\\/fi\\\/demo-utokad-hallbarhetsanalys\\\/\",\"url\":\"https:\\\/\\\/oxceed.com\\\/fi\\\/demo-utokad-hallbarhetsanalys\\\/\",\"name\":\"Demo - Ut\u00f6kad H\u00e5llbarhetsanalys - Oxceed Finland\",\"isPartOf\":{\"@id\":\"https:\\\/\\\/oxceed.com\\\/fi\\\/#website\"},\"primaryImageOfPage\":{\"@id\":\"https:\\\/\\\/oxceed.com\\\/fi\\\/demo-utokad-hallbarhetsanalys\\\/#primaryimage\"},\"image\":{\"@id\":\"https:\\\/\\\/oxceed.com\\\/fi\\\/demo-utokad-hallbarhetsanalys\\\/#primaryimage\"},\"thumbnailUrl\":\"https:\\\/\\\/oxceed.com\\\/wp-content\\\/uploads\\\/sites\\\/24\\\/2022\\\/04\\\/carl-frostgard-avatar-150x150.jpg\",\"datePublished\":\"2024-04-23T08:14:22+00:00\",\"dateModified\":\"2024-09-09T12:57:40+00:00\",\"breadcrumb\":{\"@id\":\"https:\\\/\\\/oxceed.com\\\/fi\\\/demo-utokad-hallbarhetsanalys\\\/#breadcrumb\"},\"inLanguage\":\"en-GB\",\"potentialAction\":[{\"@type\":\"ReadAction\",\"target\":[\"https:\\\/\\\/oxceed.com\\\/fi\\\/demo-utokad-hallbarhetsanalys\\\/\"]}]},{\"@type\":\"ImageObject\",\"inLanguage\":\"en-GB\",\"@id\":\"https:\\\/\\\/oxceed.com\\\/fi\\\/demo-utokad-hallbarhetsanalys\\\/#primaryimage\",\"url\":\"https:\\\/\\\/oxceed.com\\\/wp-content\\\/uploads\\\/sites\\\/24\\\/2022\\\/04\\\/carl-frostgard-avatar-150x150.jpg\",\"contentUrl\":\"https:\\\/\\\/oxceed.com\\\/wp-content\\\/uploads\\\/sites\\\/24\\\/2022\\\/04\\\/carl-frostgard-avatar-150x150.jpg\"},{\"@type\":\"BreadcrumbList\",\"@id\":\"https:\\\/\\\/oxceed.com\\\/fi\\\/demo-utokad-hallbarhetsanalys\\\/#breadcrumb\",\"itemListElement\":[{\"@type\":\"ListItem\",\"position\":1,\"name\":\"Home\",\"item\":\"https:\\\/\\\/oxceed.com\\\/fi\\\/\"},{\"@type\":\"ListItem\",\"position\":2,\"name\":\"Demo &#8211; Ut\u00f6kad H\u00e5llbarhetsanalys\"}]},{\"@type\":\"WebSite\",\"@id\":\"https:\\\/\\\/oxceed.com\\\/fi\\\/#website\",\"url\":\"https:\\\/\\\/oxceed.com\\\/fi\\\/\",\"name\":\"Oxceed Finland\",\"description\":\"Fatta b\u00e4ttre beslut med Oxceed\",\"potentialAction\":[{\"@type\":\"SearchAction\",\"target\":{\"@type\":\"EntryPoint\",\"urlTemplate\":\"https:\\\/\\\/oxceed.com\\\/fi\\\/?s={search_term_string}\"},\"query-input\":{\"@type\":\"PropertyValueSpecification\",\"valueRequired\":true,\"valueName\":\"search_term_string\"}}],\"inLanguage\":\"en-GB\"}]}<\/script>\n<!-- \/ Yoast SEO Premium plugin. -->","yoast_head_json":{"title":"Demo - Ut\u00f6kad H\u00e5llbarhetsanalys - Oxceed Finland","robots":{"index":"noindex","follow":"follow"},"og_locale":"en_GB","og_type":"article","og_title":"Demo - Ut\u00f6kad H\u00e5llbarhetsanalys","og_description":"Demo:Ut\u00f6kad H\u00e5llbarhetsanalys i Oxceed G\u00f6r en djupdykning i f\u00f6retagets klimatp\u00e5verkan f\u00f6r att f\u00f6rst\u00e5 och vidta mer specifika \u00e5tg\u00e4rder i arbetet med att minska bolagets koldioxidutsl\u00e4pp.\u00a0 Under demonstrationen visar Oxceeds CPO Carl Frostg\u00e5rd bland annat: ? Skillnaden mellan Enkel och Ut\u00f6kad version av Oxceeds H\u00e5llbarhetsanalys.\u00a0 ? Hur du kan f\u00e5 insikt i upp till 80 olika [&hellip;]","og_url":"https:\/\/oxceed.com\/fi\/demo-utokad-hallbarhetsanalys\/","og_site_name":"Oxceed Finland","article_modified_time":"2024-09-09T12:57:40+00:00","og_image":[{"url":"https:\/\/oxceed.com\/wp-content\/uploads\/sites\/24\/2022\/04\/carl-frostgard-avatar-150x150.jpg","type":"","width":"","height":""}],"twitter_card":"summary_large_image","twitter_misc":{"Estimated reading time":"1 minute"},"schema":{"@context":"https:\/\/schema.org","@graph":[{"@type":"WebPage","@id":"https:\/\/oxceed.com\/fi\/demo-utokad-hallbarhetsanalys\/","url":"https:\/\/oxceed.com\/fi\/demo-utokad-hallbarhetsanalys\/","name":"Demo - Ut\u00f6kad H\u00e5llbarhetsanalys - Oxceed Finland","isPartOf":{"@id":"https:\/\/oxceed.com\/fi\/#website"},"primaryImageOfPage":{"@id":"https:\/\/oxceed.com\/fi\/demo-utokad-hallbarhetsanalys\/#primaryimage"},"image":{"@id":"https:\/\/oxceed.com\/fi\/demo-utokad-hallbarhetsanalys\/#primaryimage"},"thumbnailUrl":"https:\/\/oxceed.com\/wp-content\/uploads\/sites\/24\/2022\/04\/carl-frostgard-avatar-150x150.jpg","datePublished":"2024-04-23T08:14:22+00:00","dateModified":"2024-09-09T12:57:40+00:00","breadcrumb":{"@id":"https:\/\/oxceed.com\/fi\/demo-utokad-hallbarhetsanalys\/#breadcrumb"},"inLanguage":"en-GB","potentialAction":[{"@type":"ReadAction","target":["https:\/\/oxceed.com\/fi\/demo-utokad-hallbarhetsanalys\/"]}]},{"@type":"ImageObject","inLanguage":"en-GB","@id":"https:\/\/oxceed.com\/fi\/demo-utokad-hallbarhetsanalys\/#primaryimage","url":"https:\/\/oxceed.com\/wp-content\/uploads\/sites\/24\/2022\/04\/carl-frostgard-avatar-150x150.jpg","contentUrl":"https:\/\/oxceed.com\/wp-content\/uploads\/sites\/24\/2022\/04\/carl-frostgard-avatar-150x150.jpg"},{"@type":"BreadcrumbList","@id":"https:\/\/oxceed.com\/fi\/demo-utokad-hallbarhetsanalys\/#breadcrumb","itemListElement":[{"@type":"ListItem","position":1,"name":"Home","item":"https:\/\/oxceed.com\/fi\/"},{"@type":"ListItem","position":2,"name":"Demo &#8211; Ut\u00f6kad H\u00e5llbarhetsanalys"}]},{"@type":"WebSite","@id":"https:\/\/oxceed.com\/fi\/#website","url":"https:\/\/oxceed.com\/fi\/","name":"Oxceed Finland","description":"Fatta b\u00e4ttre beslut med Oxceed","potentialAction":[{"@type":"SearchAction","target":{"@type":"EntryPoint","urlTemplate":"https:\/\/oxceed.com\/fi\/?s={search_term_string}"},"query-input":{"@type":"PropertyValueSpecification","valueRequired":true,"valueName":"search_term_string"}}],"inLanguage":"en-GB"}]}},"_links":{"self":[{"href":"https:\/\/oxceed.com\/fi\/wp-json\/wp\/v2\/pages\/26465","targetHints":{"allow":["GET"]}}],"collection":[{"href":"https:\/\/oxceed.com\/fi\/wp-json\/wp\/v2\/pages"}],"about":[{"href":"https:\/\/oxceed.com\/fi\/wp-json\/wp\/v2\/types\/page"}],"author":[{"embeddable":true,"href":"https:\/\/oxceed.com\/fi\/wp-json\/wp\/v2\/users\/7"}],"replies":[{"embeddable":true,"href":"https:\/\/oxceed.com\/fi\/wp-json\/wp\/v2\/comments?post=26465"}],"version-history":[{"count":56,"href":"https:\/\/oxceed.com\/fi\/wp-json\/wp\/v2\/pages\/26465\/revisions"}],"predecessor-version":[{"id":29961,"href":"https:\/\/oxceed.com\/fi\/wp-json\/wp\/v2\/pages\/26465\/revisions\/29961"}],"wp:attachment":[{"href":"https:\/\/oxceed.com\/fi\/wp-json\/wp\/v2\/media?parent=26465"}],"curies":[{"name":"wp","href":"https:\/\/api.w.org\/{rel}","templated":true}]}}