{"id":29719,"date":"2024-08-22T14:52:06","date_gmt":"2024-08-22T12:52:06","guid":{"rendered":"https:\/\/oxceed.com\/?page_id=29719"},"modified":"2024-09-09T14:57:01","modified_gmt":"2024-09-09T12:57:01","slug":"demo-interaktiv-redigering-i-realtid","status":"publish","type":"page","link":"https:\/\/oxceed.com\/fi\/demo-interaktiv-redigering-i-realtid\/","title":{"rendered":"Demo: Skr\u00e4ddarsy din finansiella \u00f6versikt i realtid"},"content":{"rendered":"\t\t<div data-elementor-type=\"wp-page\" data-elementor-id=\"29719\" class=\"elementor elementor-29719\" data-elementor-post-type=\"page\">\n\t\t\t\t\t\t<section class=\"elementor-section elementor-top-section elementor-element elementor-element-04ae5d7 elementor-section-full_width elementor-section-stretched elementor-section-height-default elementor-section-height-default\" data-id=\"04ae5d7\" data-element_type=\"section\" data-e-type=\"section\" data-settings=\"{&quot;stretch_section&quot;:&quot;section-stretched&quot;,&quot;jet_parallax_layout_list&quot;:[{&quot;jet_parallax_layout_image&quot;:{&quot;url&quot;:&quot;&quot;,&quot;id&quot;:&quot;&quot;,&quot;size&quot;:&quot;&quot;},&quot;_id&quot;:&quot;5baf2ad&quot;,&quot;jet_parallax_layout_image_tablet&quot;:{&quot;url&quot;:&quot;&quot;,&quot;id&quot;:&quot;&quot;,&quot;size&quot;:&quot;&quot;},&quot;jet_parallax_layout_image_mobile&quot;:{&quot;url&quot;:&quot;&quot;,&quot;id&quot;:&quot;&quot;,&quot;size&quot;:&quot;&quot;},&quot;jet_parallax_layout_speed&quot;:{&quot;unit&quot;:&quot;%&quot;,&quot;size&quot;:50,&quot;sizes&quot;:[]},&quot;jet_parallax_layout_type&quot;:&quot;scroll&quot;,&quot;jet_parallax_layout_direction&quot;:&quot;1&quot;,&quot;jet_parallax_layout_fx_direction&quot;:null,&quot;jet_parallax_layout_z_index&quot;:&quot;&quot;,&quot;jet_parallax_layout_bg_x&quot;:50,&quot;jet_parallax_layout_bg_x_tablet&quot;:&quot;&quot;,&quot;jet_parallax_layout_bg_x_mobile&quot;:&quot;&quot;,&quot;jet_parallax_layout_bg_y&quot;:50,&quot;jet_parallax_layout_bg_y_tablet&quot;:&quot;&quot;,&quot;jet_parallax_layout_bg_y_mobile&quot;:&quot;&quot;,&quot;jet_parallax_layout_bg_size&quot;:&quot;auto&quot;,&quot;jet_parallax_layout_bg_size_tablet&quot;:&quot;&quot;,&quot;jet_parallax_layout_bg_size_mobile&quot;:&quot;&quot;,&quot;jet_parallax_layout_animation_prop&quot;:&quot;transform&quot;,&quot;jet_parallax_layout_on&quot;:[&quot;desktop&quot;,&quot;tablet&quot;]}],&quot;background_background&quot;:&quot;classic&quot;}\">\n\t\t\t\t\t\t<div class=\"elementor-container elementor-column-gap-default\">\n\t\t\t\t\t<div class=\"elementor-column elementor-col-100 elementor-top-column elementor-element elementor-element-794d72e\" data-id=\"794d72e\" data-element_type=\"column\" data-e-type=\"column\">\n\t\t\t<div class=\"elementor-widget-wrap elementor-element-populated\">\n\t\t\t\t\t\t<div class=\"elementor-element elementor-element-4007837 elementor-widget elementor-widget-spacer\" data-id=\"4007837\" data-element_type=\"widget\" data-e-type=\"widget\" data-widget_type=\"spacer.default\">\n\t\t\t\t\t\t\t<div class=\"elementor-spacer\">\n\t\t\t<div class=\"elementor-spacer-inner\"><\/div>\n\t\t<\/div>\n\t\t\t\t\t\t<\/div>\n\t\t\t\t\t<\/div>\n\t\t<\/div>\n\t\t\t\t\t<\/div>\n\t\t<\/section>\n\t\t\t\t<section class=\"elementor-section elementor-top-section elementor-element elementor-element-8511765 elementor-section-content-middle elementor-section-boxed elementor-section-height-default elementor-section-height-default elementor-invisible\" data-id=\"8511765\" data-element_type=\"section\" data-e-type=\"section\" data-settings=\"{&quot;jet_parallax_layout_list&quot;:[{&quot;jet_parallax_layout_image&quot;:{&quot;url&quot;:&quot;&quot;,&quot;id&quot;:&quot;&quot;,&quot;size&quot;:&quot;&quot;},&quot;_id&quot;:&quot;b6f69a7&quot;,&quot;jet_parallax_layout_image_tablet&quot;:{&quot;url&quot;:&quot;&quot;,&quot;id&quot;:&quot;&quot;,&quot;size&quot;:&quot;&quot;},&quot;jet_parallax_layout_image_mobile&quot;:{&quot;url&quot;:&quot;&quot;,&quot;id&quot;:&quot;&quot;,&quot;size&quot;:&quot;&quot;},&quot;jet_parallax_layout_speed&quot;:{&quot;unit&quot;:&quot;%&quot;,&quot;size&quot;:50,&quot;sizes&quot;:[]},&quot;jet_parallax_layout_type&quot;:&quot;scroll&quot;,&quot;jet_parallax_layout_direction&quot;:&quot;1&quot;,&quot;jet_parallax_layout_fx_direction&quot;:null,&quot;jet_parallax_layout_z_index&quot;:&quot;&quot;,&quot;jet_parallax_layout_bg_x&quot;:50,&quot;jet_parallax_layout_bg_x_tablet&quot;:&quot;&quot;,&quot;jet_parallax_layout_bg_x_mobile&quot;:&quot;&quot;,&quot;jet_parallax_layout_bg_y&quot;:50,&quot;jet_parallax_layout_bg_y_tablet&quot;:&quot;&quot;,&quot;jet_parallax_layout_bg_y_mobile&quot;:&quot;&quot;,&quot;jet_parallax_layout_bg_size&quot;:&quot;auto&quot;,&quot;jet_parallax_layout_bg_size_tablet&quot;:&quot;&quot;,&quot;jet_parallax_layout_bg_size_mobile&quot;:&quot;&quot;,&quot;jet_parallax_layout_animation_prop&quot;:&quot;transform&quot;,&quot;jet_parallax_layout_on&quot;:[&quot;desktop&quot;,&quot;tablet&quot;]}],&quot;animation&quot;:&quot;fadeIn&quot;}\">\n\t\t\t\t\t\t<div class=\"elementor-container elementor-column-gap-no\">\n\t\t\t\t\t<div class=\"elementor-column elementor-col-33 elementor-top-column elementor-element elementor-element-80f585c\" data-id=\"80f585c\" data-element_type=\"column\" data-e-type=\"column\">\n\t\t\t<div class=\"elementor-widget-wrap elementor-element-populated\">\n\t\t\t\t\t\t<div class=\"elementor-element elementor-element-ceb36d0 elementor-widget elementor-widget-heading\" data-id=\"ceb36d0\" data-element_type=\"widget\" data-e-type=\"widget\" data-widget_type=\"heading.default\">\n\t\t\t\t\t<h1 class=\"elementor-heading-title elementor-size-default\"><span class=\"color-teal\">Demo:<br><\/span>Skr\u00e4ddarsy din finansiella \u00f6versikt i realtid<\/h1>\t\t\t\t<\/div>\n\t\t\t\t<div class=\"elementor-element elementor-element-4ac69c4 elementor-widget__width-initial elementor-widget elementor-widget-text-editor\" data-id=\"4ac69c4\" data-element_type=\"widget\" data-e-type=\"widget\" data-widget_type=\"text-editor.default\">\n\t\t\t\t\t\t\t\t\t<p>Den nya generationen av visualisering i Oxceed \u00e4r h\u00e4r. Nu kan du redigera, uppdatera och flytta runt varje graf p\u00e5 \u00f6versiktssidan i realtid. Flexibiliteten finns ocks\u00e5 i v\u00e5ra Smarta rapporter.<\/p><p>Genom att lyfta fram relevant information p\u00e5 ett mer skr\u00e4ddarsytt s\u00e4tt kan du nu visualisera och kommunicera f\u00f6retagets finansiella data \u00e4nnu b\u00e4ttre.<\/p><p>Under demonstrationen visar Oxceeds CPO Carl Frostg\u00e5rd bland annat:<\/p><p>\ud83d\udfe3 Hur du skr\u00e4ddarsyr b\u00e5de utseende och komponenter p\u00e5 din \u00f6versiktssida<\/p><p>\ud83d\udfe3 Hur du skapar olika \u00f6versiktssidor f\u00f6r olika mottagare och verksamhetsomr\u00e5den<\/p><p>\ud83d\udfe3 Hur du med ett klick skapar en Smart rapport utifr\u00e5n den nya \u00f6versiktssidan<\/p><p>Fyll i formul\u00e4ret f\u00f6r att f\u00e5 ett email med en l\u00e4nk till inspelningen som du kan se n\u00e4r det passar dig.\u00a0<\/p>\t\t\t\t\t\t\t\t<\/div>\n\t\t\t\t<section class=\"elementor-section elementor-inner-section elementor-element elementor-element-fab68af elementor-section-boxed elementor-section-height-default elementor-section-height-default\" data-id=\"fab68af\" data-element_type=\"section\" data-e-type=\"section\" data-settings=\"{&quot;jet_parallax_layout_list&quot;:[{&quot;jet_parallax_layout_image&quot;:{&quot;url&quot;:&quot;&quot;,&quot;id&quot;:&quot;&quot;,&quot;size&quot;:&quot;&quot;},&quot;_id&quot;:&quot;8bc1bd6&quot;,&quot;jet_parallax_layout_image_tablet&quot;:{&quot;url&quot;:&quot;&quot;,&quot;id&quot;:&quot;&quot;,&quot;size&quot;:&quot;&quot;},&quot;jet_parallax_layout_image_mobile&quot;:{&quot;url&quot;:&quot;&quot;,&quot;id&quot;:&quot;&quot;,&quot;size&quot;:&quot;&quot;},&quot;jet_parallax_layout_speed&quot;:{&quot;unit&quot;:&quot;%&quot;,&quot;size&quot;:50,&quot;sizes&quot;:[]},&quot;jet_parallax_layout_type&quot;:&quot;scroll&quot;,&quot;jet_parallax_layout_direction&quot;:&quot;1&quot;,&quot;jet_parallax_layout_fx_direction&quot;:null,&quot;jet_parallax_layout_z_index&quot;:&quot;&quot;,&quot;jet_parallax_layout_bg_x&quot;:50,&quot;jet_parallax_layout_bg_x_tablet&quot;:&quot;&quot;,&quot;jet_parallax_layout_bg_x_mobile&quot;:&quot;&quot;,&quot;jet_parallax_layout_bg_y&quot;:50,&quot;jet_parallax_layout_bg_y_tablet&quot;:&quot;&quot;,&quot;jet_parallax_layout_bg_y_mobile&quot;:&quot;&quot;,&quot;jet_parallax_layout_bg_size&quot;:&quot;auto&quot;,&quot;jet_parallax_layout_bg_size_tablet&quot;:&quot;&quot;,&quot;jet_parallax_layout_bg_size_mobile&quot;:&quot;&quot;,&quot;jet_parallax_layout_animation_prop&quot;:&quot;transform&quot;,&quot;jet_parallax_layout_on&quot;:[&quot;desktop&quot;,&quot;tablet&quot;]}]}\">\n\t\t\t\t\t\t<div class=\"elementor-container elementor-column-gap-default\">\n\t\t\t\t\t<div class=\"elementor-column elementor-col-50 elementor-inner-column elementor-element elementor-element-07fbe0e\" data-id=\"07fbe0e\" data-element_type=\"column\" data-e-type=\"column\">\n\t\t\t<div class=\"elementor-widget-wrap elementor-element-populated\">\n\t\t\t\t\t\t<div class=\"elementor-element elementor-element-98030e2 elementor-widget elementor-widget-image\" data-id=\"98030e2\" data-element_type=\"widget\" data-e-type=\"widget\" data-widget_type=\"image.default\">\n\t\t\t\t\t\t\t\t\t\t\t\t\t\t\t<img loading=\"lazy\" decoding=\"async\" width=\"150\" height=\"150\" src=\"https:\/\/oxceed.com\/fi\/wp-content\/uploads\/sites\/24\/2022\/04\/carl-frostgard-avatar-150x150.jpg\" class=\"attachment-thumbnail size-thumbnail wp-image-18598\" alt=\"\" srcset=\"https:\/\/oxceed.com\/fi\/wp-content\/uploads\/sites\/24\/2022\/04\/carl-frostgard-avatar-150x150.jpg 150w, https:\/\/oxceed.com\/fi\/wp-content\/uploads\/sites\/24\/2022\/04\/carl-frostgard-avatar-300x300.jpg 300w, https:\/\/oxceed.com\/fi\/wp-content\/uploads\/sites\/24\/2022\/04\/carl-frostgard-avatar.jpg 500w\" sizes=\"auto, (max-width: 150px) 100vw, 150px\" \/>\t\t\t\t\t\t\t\t\t\t\t\t\t\t\t<\/div>\n\t\t\t\t\t<\/div>\n\t\t<\/div>\n\t\t\t\t<div class=\"elementor-column elementor-col-50 elementor-inner-column elementor-element elementor-element-e2856c2\" data-id=\"e2856c2\" data-element_type=\"column\" data-e-type=\"column\">\n\t\t\t<div class=\"elementor-widget-wrap elementor-element-populated\">\n\t\t\t\t\t\t<div class=\"elementor-element elementor-element-b21ba54 elementor-widget elementor-widget-heading\" data-id=\"b21ba54\" data-element_type=\"widget\" data-e-type=\"widget\" data-widget_type=\"heading.default\">\n\t\t\t\t\t<h4 class=\"elementor-heading-title elementor-size-default\">Carl Frostg\u00e5rd<\/h4>\t\t\t\t<\/div>\n\t\t\t\t<div class=\"elementor-element elementor-element-dd37d11 elementor-widget elementor-widget-text-editor\" data-id=\"dd37d11\" data-element_type=\"widget\" data-e-type=\"widget\" data-widget_type=\"text-editor.default\">\n\t\t\t\t\t\t\t\t\t<p>Product Owner , Oxceed<\/p>\t\t\t\t\t\t\t\t<\/div>\n\t\t\t\t\t<\/div>\n\t\t<\/div>\n\t\t\t\t\t<\/div>\n\t\t<\/section>\n\t\t\t\t\t<\/div>\n\t\t<\/div>\n\t\t\t\t<div class=\"elementor-column elementor-col-33 elementor-top-column elementor-element elementor-element-96fce6f\" data-id=\"96fce6f\" data-element_type=\"column\" data-e-type=\"column\">\n\t\t\t<div class=\"elementor-widget-wrap elementor-element-populated\">\n\t\t\t\t\t\t<div class=\"elementor-element elementor-element-8fcb429 elementor-widget elementor-widget-html\" data-id=\"8fcb429\" data-element_type=\"widget\" data-e-type=\"widget\" data-widget_type=\"html.default\">\n\t\t\t\t\t<iframe src=\"https:\/\/pages.upsales.com\/12029u850ad92c19ca4cbba29e6b395d662355-frame\" \n\t\t \t\twidth=\"360\" \t\theight=\"600\" \t\tstyle=\"border:0\"><\/iframe> \t\t\t\t<\/div>\n\t\t\t\t\t<\/div>\n\t\t<\/div>\n\t\t\t\t<div class=\"elementor-column elementor-col-33 elementor-top-column elementor-element elementor-element-e3b2d61\" data-id=\"e3b2d61\" data-element_type=\"column\" data-e-type=\"column\">\n\t\t\t<div class=\"elementor-widget-wrap\">\n\t\t\t\t\t\t\t<\/div>\n\t\t<\/div>\n\t\t\t\t\t<\/div>\n\t\t<\/section>\n\t\t\t\t<\/div>\n\t\t","protected":false},"excerpt":{"rendered":"<p>Demo:Skr\u00e4ddarsy din finansiella \u00f6versikt i realtid Den nya generationen av visualisering i Oxceed \u00e4r h\u00e4r. Nu kan du redigera, uppdatera och flytta runt varje graf p\u00e5 \u00f6versiktssidan i realtid. Flexibiliteten finns ocks\u00e5 i v\u00e5ra Smarta rapporter. Genom att lyfta fram relevant information p\u00e5 ett mer skr\u00e4ddarsytt s\u00e4tt kan du nu visualisera och kommunicera f\u00f6retagets finansiella [&hellip;]<\/p>\n","protected":false},"author":7,"featured_media":29740,"parent":0,"menu_order":0,"comment_status":"closed","ping_status":"closed","template":"","meta":{"_acf_changed":false,"_trash_the_other_posts":false,"editor_notices":[],"footnotes":""},"class_list":["post-29719","page","type-page","status-publish","has-post-thumbnail","hentry"],"acf":[],"yoast_head":"<!-- This site is optimized with the Yoast SEO Premium plugin v26.5 (Yoast SEO v27.4) - https:\/\/yoast.com\/product\/yoast-seo-premium-wordpress\/ -->\n<title>Demo: Skr\u00e4ddarsy din finansiella \u00f6versikt i realtid - Oxceed Finland<\/title>\n<meta name=\"robots\" content=\"noindex, follow\" \/>\n<meta property=\"og:locale\" content=\"en_GB\" \/>\n<meta property=\"og:type\" content=\"article\" \/>\n<meta property=\"og:title\" content=\"Demo: Skr\u00e4ddarsy din finansiella \u00f6versikt i realtid\" \/>\n<meta property=\"og:description\" content=\"Demo:Skr\u00e4ddarsy din finansiella \u00f6versikt i realtid Den nya generationen av visualisering i Oxceed \u00e4r h\u00e4r. Nu kan du redigera, uppdatera och flytta runt varje graf p\u00e5 \u00f6versiktssidan i realtid. Flexibiliteten finns ocks\u00e5 i v\u00e5ra Smarta rapporter. Genom att lyfta fram relevant information p\u00e5 ett mer skr\u00e4ddarsytt s\u00e4tt kan du nu visualisera och kommunicera f\u00f6retagets finansiella [&hellip;]\" \/>\n<meta property=\"og:url\" content=\"https:\/\/oxceed.com\/fi\/demo-interaktiv-redigering-i-realtid\/\" \/>\n<meta property=\"og:site_name\" content=\"Oxceed Finland\" \/>\n<meta property=\"article:modified_time\" content=\"2024-09-09T12:57:01+00:00\" \/>\n<meta property=\"og:image\" content=\"https:\/\/oxceed.com\/fi\/wp-content\/uploads\/sites\/24\/2024\/08\/mockup-of-a-macbook-placed-on-a-coffee-table-2313-el1-2.jpg\" \/>\n\t<meta property=\"og:image:width\" content=\"1920\" \/>\n\t<meta property=\"og:image:height\" content=\"1280\" \/>\n\t<meta property=\"og:image:type\" content=\"image\/jpeg\" \/>\n<meta name=\"twitter:card\" content=\"summary_large_image\" \/>\n<meta name=\"twitter:label1\" content=\"Estimated reading time\" \/>\n\t<meta name=\"twitter:data1\" content=\"1 minute\" \/>\n<script type=\"application\/ld+json\" class=\"yoast-schema-graph\">{\"@context\":\"https:\\\/\\\/schema.org\",\"@graph\":[{\"@type\":\"WebPage\",\"@id\":\"https:\\\/\\\/oxceed.com\\\/fi\\\/demo-interaktiv-redigering-i-realtid\\\/\",\"url\":\"https:\\\/\\\/oxceed.com\\\/fi\\\/demo-interaktiv-redigering-i-realtid\\\/\",\"name\":\"Demo: Skr\u00e4ddarsy din finansiella \u00f6versikt i realtid - Oxceed Finland\",\"isPartOf\":{\"@id\":\"https:\\\/\\\/oxceed.com\\\/fi\\\/#website\"},\"primaryImageOfPage\":{\"@id\":\"https:\\\/\\\/oxceed.com\\\/fi\\\/demo-interaktiv-redigering-i-realtid\\\/#primaryimage\"},\"image\":{\"@id\":\"https:\\\/\\\/oxceed.com\\\/fi\\\/demo-interaktiv-redigering-i-realtid\\\/#primaryimage\"},\"thumbnailUrl\":\"https:\\\/\\\/oxceed.com\\\/fi\\\/wp-content\\\/uploads\\\/sites\\\/24\\\/2024\\\/08\\\/mockup-of-a-macbook-placed-on-a-coffee-table-2313-el1-2.jpg\",\"datePublished\":\"2024-08-22T12:52:06+00:00\",\"dateModified\":\"2024-09-09T12:57:01+00:00\",\"breadcrumb\":{\"@id\":\"https:\\\/\\\/oxceed.com\\\/fi\\\/demo-interaktiv-redigering-i-realtid\\\/#breadcrumb\"},\"inLanguage\":\"en-GB\",\"potentialAction\":[{\"@type\":\"ReadAction\",\"target\":[\"https:\\\/\\\/oxceed.com\\\/fi\\\/demo-interaktiv-redigering-i-realtid\\\/\"]}]},{\"@type\":\"ImageObject\",\"inLanguage\":\"en-GB\",\"@id\":\"https:\\\/\\\/oxceed.com\\\/fi\\\/demo-interaktiv-redigering-i-realtid\\\/#primaryimage\",\"url\":\"https:\\\/\\\/oxceed.com\\\/fi\\\/wp-content\\\/uploads\\\/sites\\\/24\\\/2024\\\/08\\\/mockup-of-a-macbook-placed-on-a-coffee-table-2313-el1-2.jpg\",\"contentUrl\":\"https:\\\/\\\/oxceed.com\\\/fi\\\/wp-content\\\/uploads\\\/sites\\\/24\\\/2024\\\/08\\\/mockup-of-a-macbook-placed-on-a-coffee-table-2313-el1-2.jpg\",\"width\":1920,\"height\":1280},{\"@type\":\"BreadcrumbList\",\"@id\":\"https:\\\/\\\/oxceed.com\\\/fi\\\/demo-interaktiv-redigering-i-realtid\\\/#breadcrumb\",\"itemListElement\":[{\"@type\":\"ListItem\",\"position\":1,\"name\":\"Home\",\"item\":\"https:\\\/\\\/oxceed.com\\\/fi\\\/\"},{\"@type\":\"ListItem\",\"position\":2,\"name\":\"Demo: Skr\u00e4ddarsy din finansiella \u00f6versikt i realtid\"}]},{\"@type\":\"WebSite\",\"@id\":\"https:\\\/\\\/oxceed.com\\\/fi\\\/#website\",\"url\":\"https:\\\/\\\/oxceed.com\\\/fi\\\/\",\"name\":\"Oxceed Finland\",\"description\":\"Fatta b\u00e4ttre beslut med Oxceed\",\"potentialAction\":[{\"@type\":\"SearchAction\",\"target\":{\"@type\":\"EntryPoint\",\"urlTemplate\":\"https:\\\/\\\/oxceed.com\\\/fi\\\/?s={search_term_string}\"},\"query-input\":{\"@type\":\"PropertyValueSpecification\",\"valueRequired\":true,\"valueName\":\"search_term_string\"}}],\"inLanguage\":\"en-GB\"}]}<\/script>\n<!-- \/ Yoast SEO Premium plugin. -->","yoast_head_json":{"title":"Demo: Skr\u00e4ddarsy din finansiella \u00f6versikt i realtid - Oxceed Finland","robots":{"index":"noindex","follow":"follow"},"og_locale":"en_GB","og_type":"article","og_title":"Demo: Skr\u00e4ddarsy din finansiella \u00f6versikt i realtid","og_description":"Demo:Skr\u00e4ddarsy din finansiella \u00f6versikt i realtid Den nya generationen av visualisering i Oxceed \u00e4r h\u00e4r. Nu kan du redigera, uppdatera och flytta runt varje graf p\u00e5 \u00f6versiktssidan i realtid. Flexibiliteten finns ocks\u00e5 i v\u00e5ra Smarta rapporter. Genom att lyfta fram relevant information p\u00e5 ett mer skr\u00e4ddarsytt s\u00e4tt kan du nu visualisera och kommunicera f\u00f6retagets finansiella [&hellip;]","og_url":"https:\/\/oxceed.com\/fi\/demo-interaktiv-redigering-i-realtid\/","og_site_name":"Oxceed Finland","article_modified_time":"2024-09-09T12:57:01+00:00","og_image":[{"width":1920,"height":1280,"url":"https:\/\/oxceed.com\/fi\/wp-content\/uploads\/sites\/24\/2024\/08\/mockup-of-a-macbook-placed-on-a-coffee-table-2313-el1-2.jpg","type":"image\/jpeg"}],"twitter_card":"summary_large_image","twitter_misc":{"Estimated reading time":"1 minute"},"schema":{"@context":"https:\/\/schema.org","@graph":[{"@type":"WebPage","@id":"https:\/\/oxceed.com\/fi\/demo-interaktiv-redigering-i-realtid\/","url":"https:\/\/oxceed.com\/fi\/demo-interaktiv-redigering-i-realtid\/","name":"Demo: Skr\u00e4ddarsy din finansiella \u00f6versikt i realtid - Oxceed Finland","isPartOf":{"@id":"https:\/\/oxceed.com\/fi\/#website"},"primaryImageOfPage":{"@id":"https:\/\/oxceed.com\/fi\/demo-interaktiv-redigering-i-realtid\/#primaryimage"},"image":{"@id":"https:\/\/oxceed.com\/fi\/demo-interaktiv-redigering-i-realtid\/#primaryimage"},"thumbnailUrl":"https:\/\/oxceed.com\/fi\/wp-content\/uploads\/sites\/24\/2024\/08\/mockup-of-a-macbook-placed-on-a-coffee-table-2313-el1-2.jpg","datePublished":"2024-08-22T12:52:06+00:00","dateModified":"2024-09-09T12:57:01+00:00","breadcrumb":{"@id":"https:\/\/oxceed.com\/fi\/demo-interaktiv-redigering-i-realtid\/#breadcrumb"},"inLanguage":"en-GB","potentialAction":[{"@type":"ReadAction","target":["https:\/\/oxceed.com\/fi\/demo-interaktiv-redigering-i-realtid\/"]}]},{"@type":"ImageObject","inLanguage":"en-GB","@id":"https:\/\/oxceed.com\/fi\/demo-interaktiv-redigering-i-realtid\/#primaryimage","url":"https:\/\/oxceed.com\/fi\/wp-content\/uploads\/sites\/24\/2024\/08\/mockup-of-a-macbook-placed-on-a-coffee-table-2313-el1-2.jpg","contentUrl":"https:\/\/oxceed.com\/fi\/wp-content\/uploads\/sites\/24\/2024\/08\/mockup-of-a-macbook-placed-on-a-coffee-table-2313-el1-2.jpg","width":1920,"height":1280},{"@type":"BreadcrumbList","@id":"https:\/\/oxceed.com\/fi\/demo-interaktiv-redigering-i-realtid\/#breadcrumb","itemListElement":[{"@type":"ListItem","position":1,"name":"Home","item":"https:\/\/oxceed.com\/fi\/"},{"@type":"ListItem","position":2,"name":"Demo: Skr\u00e4ddarsy din finansiella \u00f6versikt i realtid"}]},{"@type":"WebSite","@id":"https:\/\/oxceed.com\/fi\/#website","url":"https:\/\/oxceed.com\/fi\/","name":"Oxceed Finland","description":"Fatta b\u00e4ttre beslut med Oxceed","potentialAction":[{"@type":"SearchAction","target":{"@type":"EntryPoint","urlTemplate":"https:\/\/oxceed.com\/fi\/?s={search_term_string}"},"query-input":{"@type":"PropertyValueSpecification","valueRequired":true,"valueName":"search_term_string"}}],"inLanguage":"en-GB"}]}},"_links":{"self":[{"href":"https:\/\/oxceed.com\/fi\/wp-json\/wp\/v2\/pages\/29719","targetHints":{"allow":["GET"]}}],"collection":[{"href":"https:\/\/oxceed.com\/fi\/wp-json\/wp\/v2\/pages"}],"about":[{"href":"https:\/\/oxceed.com\/fi\/wp-json\/wp\/v2\/types\/page"}],"author":[{"embeddable":true,"href":"https:\/\/oxceed.com\/fi\/wp-json\/wp\/v2\/users\/7"}],"replies":[{"embeddable":true,"href":"https:\/\/oxceed.com\/fi\/wp-json\/wp\/v2\/comments?post=29719"}],"version-history":[{"count":69,"href":"https:\/\/oxceed.com\/fi\/wp-json\/wp\/v2\/pages\/29719\/revisions"}],"predecessor-version":[{"id":29958,"href":"https:\/\/oxceed.com\/fi\/wp-json\/wp\/v2\/pages\/29719\/revisions\/29958"}],"wp:featuredmedia":[{"embeddable":true,"href":"https:\/\/oxceed.com\/fi\/wp-json\/wp\/v2\/media\/29740"}],"wp:attachment":[{"href":"https:\/\/oxceed.com\/fi\/wp-json\/wp\/v2\/media?parent=29719"}],"curies":[{"name":"wp","href":"https:\/\/api.w.org\/{rel}","templated":true}]}}