{"id":29896,"date":"2024-09-20T10:32:13","date_gmt":"2024-09-20T08:32:13","guid":{"rendered":"https:\/\/oxceed.com\/?page_id=29896"},"modified":"2025-06-16T14:53:43","modified_gmt":"2025-06-16T12:53:43","slug":"branschrapport-redovisningsbyraer-q1-q2-2024","status":"publish","type":"page","link":"https:\/\/oxceed.com\/fi\/guider\/branschrapport-redovisningsbyraer-q1-q2-2024\/","title":{"rendered":"Branschrapport redovisningsbyr\u00e5er Q1-Q2 2024"},"content":{"rendered":"\t\t<div data-elementor-type=\"wp-page\" data-elementor-id=\"29896\" class=\"elementor elementor-29896\" data-elementor-post-type=\"page\">\n\t\t\t\t\t\t<section class=\"elementor-section elementor-top-section elementor-element elementor-element-ef47fce elementor-section-full_width elementor-section-stretched elementor-section-height-default elementor-section-height-default\" data-id=\"ef47fce\" data-element_type=\"section\" data-e-type=\"section\" data-settings=\"{&quot;stretch_section&quot;:&quot;section-stretched&quot;,&quot;jet_parallax_layout_list&quot;:[{&quot;jet_parallax_layout_image&quot;:{&quot;url&quot;:&quot;&quot;,&quot;id&quot;:&quot;&quot;,&quot;size&quot;:&quot;&quot;},&quot;_id&quot;:&quot;5baf2ad&quot;,&quot;jet_parallax_layout_image_tablet&quot;:{&quot;url&quot;:&quot;&quot;,&quot;id&quot;:&quot;&quot;,&quot;size&quot;:&quot;&quot;},&quot;jet_parallax_layout_image_mobile&quot;:{&quot;url&quot;:&quot;&quot;,&quot;id&quot;:&quot;&quot;,&quot;size&quot;:&quot;&quot;},&quot;jet_parallax_layout_speed&quot;:{&quot;unit&quot;:&quot;%&quot;,&quot;size&quot;:50,&quot;sizes&quot;:[]},&quot;jet_parallax_layout_type&quot;:&quot;scroll&quot;,&quot;jet_parallax_layout_direction&quot;:&quot;1&quot;,&quot;jet_parallax_layout_fx_direction&quot;:null,&quot;jet_parallax_layout_z_index&quot;:&quot;&quot;,&quot;jet_parallax_layout_bg_x&quot;:50,&quot;jet_parallax_layout_bg_x_tablet&quot;:&quot;&quot;,&quot;jet_parallax_layout_bg_x_mobile&quot;:&quot;&quot;,&quot;jet_parallax_layout_bg_y&quot;:50,&quot;jet_parallax_layout_bg_y_tablet&quot;:&quot;&quot;,&quot;jet_parallax_layout_bg_y_mobile&quot;:&quot;&quot;,&quot;jet_parallax_layout_bg_size&quot;:&quot;auto&quot;,&quot;jet_parallax_layout_bg_size_tablet&quot;:&quot;&quot;,&quot;jet_parallax_layout_bg_size_mobile&quot;:&quot;&quot;,&quot;jet_parallax_layout_animation_prop&quot;:&quot;transform&quot;,&quot;jet_parallax_layout_on&quot;:[&quot;desktop&quot;,&quot;tablet&quot;]}],&quot;background_background&quot;:&quot;classic&quot;}\">\n\t\t\t\t\t\t<div class=\"elementor-container elementor-column-gap-default\">\n\t\t\t\t\t<div class=\"elementor-column elementor-col-100 elementor-top-column elementor-element elementor-element-c8d156d\" data-id=\"c8d156d\" data-element_type=\"column\" data-e-type=\"column\">\n\t\t\t<div class=\"elementor-widget-wrap elementor-element-populated\">\n\t\t\t\t\t\t<div class=\"elementor-element elementor-element-4917bc5 elementor-widget elementor-widget-spacer\" data-id=\"4917bc5\" data-element_type=\"widget\" data-e-type=\"widget\" data-widget_type=\"spacer.default\">\n\t\t\t\t\t\t\t<div class=\"elementor-spacer\">\n\t\t\t<div class=\"elementor-spacer-inner\"><\/div>\n\t\t<\/div>\n\t\t\t\t\t\t<\/div>\n\t\t\t\t\t<\/div>\n\t\t<\/div>\n\t\t\t\t\t<\/div>\n\t\t<\/section>\n\t\t\t\t<section class=\"elementor-section elementor-top-section elementor-element elementor-element-1623756 elementor-section-content-middle elementor-section-boxed elementor-section-height-default elementor-section-height-default elementor-invisible\" data-id=\"1623756\" data-element_type=\"section\" data-e-type=\"section\" data-settings=\"{&quot;jet_parallax_layout_list&quot;:[{&quot;jet_parallax_layout_image&quot;:{&quot;url&quot;:&quot;&quot;,&quot;id&quot;:&quot;&quot;,&quot;size&quot;:&quot;&quot;},&quot;_id&quot;:&quot;b6f69a7&quot;,&quot;jet_parallax_layout_image_tablet&quot;:{&quot;url&quot;:&quot;&quot;,&quot;id&quot;:&quot;&quot;,&quot;size&quot;:&quot;&quot;},&quot;jet_parallax_layout_image_mobile&quot;:{&quot;url&quot;:&quot;&quot;,&quot;id&quot;:&quot;&quot;,&quot;size&quot;:&quot;&quot;},&quot;jet_parallax_layout_speed&quot;:{&quot;unit&quot;:&quot;%&quot;,&quot;size&quot;:50,&quot;sizes&quot;:[]},&quot;jet_parallax_layout_type&quot;:&quot;scroll&quot;,&quot;jet_parallax_layout_direction&quot;:&quot;1&quot;,&quot;jet_parallax_layout_fx_direction&quot;:null,&quot;jet_parallax_layout_z_index&quot;:&quot;&quot;,&quot;jet_parallax_layout_bg_x&quot;:50,&quot;jet_parallax_layout_bg_x_tablet&quot;:&quot;&quot;,&quot;jet_parallax_layout_bg_x_mobile&quot;:&quot;&quot;,&quot;jet_parallax_layout_bg_y&quot;:50,&quot;jet_parallax_layout_bg_y_tablet&quot;:&quot;&quot;,&quot;jet_parallax_layout_bg_y_mobile&quot;:&quot;&quot;,&quot;jet_parallax_layout_bg_size&quot;:&quot;auto&quot;,&quot;jet_parallax_layout_bg_size_tablet&quot;:&quot;&quot;,&quot;jet_parallax_layout_bg_size_mobile&quot;:&quot;&quot;,&quot;jet_parallax_layout_animation_prop&quot;:&quot;transform&quot;,&quot;jet_parallax_layout_on&quot;:[&quot;desktop&quot;,&quot;tablet&quot;]}],&quot;animation&quot;:&quot;fadeIn&quot;}\">\n\t\t\t\t\t\t<div class=\"elementor-container elementor-column-gap-no\">\n\t\t\t\t\t<div class=\"elementor-column elementor-col-33 elementor-top-column elementor-element elementor-element-3454fdf\" data-id=\"3454fdf\" data-element_type=\"column\" data-e-type=\"column\">\n\t\t\t<div class=\"elementor-widget-wrap elementor-element-populated\">\n\t\t\t\t\t\t<div class=\"elementor-element elementor-element-78dc9d4 elementor-widget elementor-widget-heading\" data-id=\"78dc9d4\" data-element_type=\"widget\" data-e-type=\"widget\" data-widget_type=\"heading.default\">\n\t\t\t\t\t<h1 class=\"elementor-heading-title elementor-size-default\"><span class=\"color-teal\">Branschrapport:<br><\/span>Redovisningsbyr\u00e5er Q1-Q2 2024<\/h1>\t\t\t\t<\/div>\n\t\t\t\t<div class=\"elementor-element elementor-element-45010e5 elementor-widget elementor-widget-text-editor\" data-id=\"45010e5\" data-element_type=\"widget\" data-e-type=\"widget\" data-widget_type=\"text-editor.default\">\n\t\t\t\t\t\t\t\t\t<div><div class=\"page\" title=\"Page 2\"><div class=\"layoutArea\"><div class=\"column\"><p>Hur har redovisningsbranschen presterat Q1-Q2 2024 i ja\u0308mfo\u0308relse med samma period 2023, och hur ga\u030ar det fo\u0308r er byra\u030a i fo\u0308rha\u030allande till branschen?<\/p><\/div><\/div><\/div><\/div><div><span style=\"color: var( --e-global-color-text ); font-family: var( --e-global-typography-text-font-family ), Sans-serif; font-size: var( --e-global-typography-text-font-size ); font-weight: var( --e-global-typography-text-font-weight );\">Rapporten sammanfattar bokf\u00f6ringsdata fr\u00e5n 125 redovisningsbyr\u00e5er i oms\u00e4ttnings- och kostnadsanalyser.\u00a0<\/span><\/div><div>\u00a0<\/div><p><strong>Vi ser bland annat<\/strong><\/p><ul><li>En minskad oms\u00e4ttningsutveckling<\/li><li>En \u00f6kad l\u00f6nsamhet\u00a0<\/li><li><div class=\"page\" title=\"Page 2\"><div class=\"layoutArea\"><div class=\"column\"><p>En generell fo\u0308rflyttning mot en ho\u0308gre EBIT<\/p><\/div><\/div><\/div><\/li><\/ul><p><span style=\"font-family: var( --e-global-typography-text-font-family ), Sans-serif; font-size: var( --e-global-typography-text-font-size );\">Ta reda p\u00e5<\/span><span style=\"font-family: var( --e-global-typography-text-font-family ), Sans-serif; font-size: var( --e-global-typography-text-font-size );\">\u00a0p\u00e5 hur din byr\u00e5 st\u00e5r sig mot branschkollegorna.\u00a0<\/span><\/p><p>Fyll i dina uppgifter i formul\u00e4ret s\u00e5 skickar vi rapporten till din e-mail.\u00a0<\/p><p>Trevlig l\u00e4sning!<\/p>\t\t\t\t\t\t\t\t<\/div>\n\t\t\t\t\t<\/div>\n\t\t<\/div>\n\t\t\t\t<div class=\"elementor-column elementor-col-33 elementor-top-column elementor-element elementor-element-8147225\" data-id=\"8147225\" data-element_type=\"column\" data-e-type=\"column\">\n\t\t\t<div class=\"elementor-widget-wrap elementor-element-populated\">\n\t\t\t\t\t\t<div class=\"elementor-element elementor-element-0ae1ab1 elementor-widget elementor-widget-html\" data-id=\"0ae1ab1\" data-element_type=\"widget\" data-e-type=\"widget\" data-widget_type=\"html.default\">\n\t\t\t\t\t<iframe src=\"https:\/\/pages.upsales.com\/12029udcdc50f6374043c6be4dfb8cc43b5929-frame\" \t\twidth=\"360\" \t\theight=\"515\" \t\tstyle=\"border:0\"><\/iframe>\t\t\t\t<\/div>\n\t\t\t\t\t<\/div>\n\t\t<\/div>\n\t\t\t\t<div class=\"elementor-column elementor-col-33 elementor-top-column elementor-element elementor-element-b668678\" data-id=\"b668678\" data-element_type=\"column\" data-e-type=\"column\">\n\t\t\t<div class=\"elementor-widget-wrap\">\n\t\t\t\t\t\t\t<\/div>\n\t\t<\/div>\n\t\t\t\t\t<\/div>\n\t\t<\/section>\n\t\t\t\t<\/div>\n\t\t","protected":false},"excerpt":{"rendered":"<p>Branschrapport:Redovisningsbyr\u00e5er Q1-Q2 2024 Hur har redovisningsbranschen presterat Q1-Q2 2024 i ja?mfo?relse med samma period 2023, och hur ga?r det fo?r er byra? i fo?rha?llande till branschen? Rapporten sammanfattar bokf\u00f6ringsdata fr\u00e5n 125 redovisningsbyr\u00e5er i oms\u00e4ttnings- och kostnadsanalyser.\u00a0\u00a0 Vi ser bland annat En minskad oms\u00e4ttningsutveckling En \u00f6kad l\u00f6nsamhet\u00a0 En generell fo?rflyttning mot en ho?gre EBIT Ta reda [&hellip;]<\/p>\n","protected":false},"author":7,"featured_media":0,"parent":16004,"menu_order":0,"comment_status":"closed","ping_status":"closed","template":"","meta":{"_acf_changed":false,"_trash_the_other_posts":false,"editor_notices":[],"footnotes":""},"class_list":["post-29896","page","type-page","status-publish","hentry"],"acf":[],"yoast_head":"<!-- This site is optimized with the Yoast SEO Premium plugin v26.5 (Yoast SEO v27.4) - https:\/\/yoast.com\/product\/yoast-seo-premium-wordpress\/ -->\n<title>Branschrapport redovisningsbyr\u00e5er Q1-Q2 2024 - Oxceed Finland<\/title>\n<meta name=\"robots\" content=\"noindex, follow\" \/>\n<meta property=\"og:locale\" content=\"en_GB\" \/>\n<meta property=\"og:type\" content=\"article\" \/>\n<meta property=\"og:title\" content=\"Branschrapport redovisningsbyr\u00e5er Q1-Q2 2024\" \/>\n<meta property=\"og:description\" content=\"Branschrapport:Redovisningsbyr\u00e5er Q1-Q2 2024 Hur har redovisningsbranschen presterat Q1-Q2 2024 i ja?mfo?relse med samma period 2023, och hur ga?r det fo?r er byra? i fo?rha?llande till branschen? Rapporten sammanfattar bokf\u00f6ringsdata fr\u00e5n 125 redovisningsbyr\u00e5er i oms\u00e4ttnings- och kostnadsanalyser.\u00a0\u00a0 Vi ser bland annat En minskad oms\u00e4ttningsutveckling En \u00f6kad l\u00f6nsamhet\u00a0 En generell fo?rflyttning mot en ho?gre EBIT Ta reda [&hellip;]\" \/>\n<meta property=\"og:url\" content=\"https:\/\/oxceed.com\/fi\/guider\/branschrapport-redovisningsbyraer-q1-q2-2024\/\" \/>\n<meta property=\"og:site_name\" content=\"Oxceed Finland\" \/>\n<meta property=\"article:modified_time\" content=\"2025-06-16T12:53:43+00:00\" \/>\n<meta name=\"twitter:card\" content=\"summary_large_image\" \/>\n<meta name=\"twitter:label1\" content=\"Estimated reading time\" \/>\n\t<meta name=\"twitter:data1\" content=\"1 minute\" \/>\n<script type=\"application\/ld+json\" class=\"yoast-schema-graph\">{\"@context\":\"https:\\\/\\\/schema.org\",\"@graph\":[{\"@type\":\"WebPage\",\"@id\":\"https:\\\/\\\/oxceed.com\\\/fi\\\/guider\\\/branschrapport-redovisningsbyraer-q1-q2-2024\\\/\",\"url\":\"https:\\\/\\\/oxceed.com\\\/fi\\\/guider\\\/branschrapport-redovisningsbyraer-q1-q2-2024\\\/\",\"name\":\"Branschrapport redovisningsbyr\u00e5er Q1-Q2 2024 - Oxceed Finland\",\"isPartOf\":{\"@id\":\"https:\\\/\\\/oxceed.com\\\/fi\\\/#website\"},\"datePublished\":\"2024-09-20T08:32:13+00:00\",\"dateModified\":\"2025-06-16T12:53:43+00:00\",\"breadcrumb\":{\"@id\":\"https:\\\/\\\/oxceed.com\\\/fi\\\/guider\\\/branschrapport-redovisningsbyraer-q1-q2-2024\\\/#breadcrumb\"},\"inLanguage\":\"en-GB\",\"potentialAction\":[{\"@type\":\"ReadAction\",\"target\":[\"https:\\\/\\\/oxceed.com\\\/fi\\\/guider\\\/branschrapport-redovisningsbyraer-q1-q2-2024\\\/\"]}]},{\"@type\":\"BreadcrumbList\",\"@id\":\"https:\\\/\\\/oxceed.com\\\/fi\\\/guider\\\/branschrapport-redovisningsbyraer-q1-q2-2024\\\/#breadcrumb\",\"itemListElement\":[{\"@type\":\"ListItem\",\"position\":1,\"name\":\"Home\",\"item\":\"https:\\\/\\\/oxceed.com\\\/fi\\\/\"},{\"@type\":\"ListItem\",\"position\":2,\"name\":\"Guider\",\"item\":\"https:\\\/\\\/oxceed.com\\\/fi\\\/guider\\\/\"},{\"@type\":\"ListItem\",\"position\":3,\"name\":\"Branschrapport redovisningsbyr\u00e5er Q1-Q2 2024\"}]},{\"@type\":\"WebSite\",\"@id\":\"https:\\\/\\\/oxceed.com\\\/fi\\\/#website\",\"url\":\"https:\\\/\\\/oxceed.com\\\/fi\\\/\",\"name\":\"Oxceed Finland\",\"description\":\"Fatta b\u00e4ttre beslut med Oxceed\",\"potentialAction\":[{\"@type\":\"SearchAction\",\"target\":{\"@type\":\"EntryPoint\",\"urlTemplate\":\"https:\\\/\\\/oxceed.com\\\/fi\\\/?s={search_term_string}\"},\"query-input\":{\"@type\":\"PropertyValueSpecification\",\"valueRequired\":true,\"valueName\":\"search_term_string\"}}],\"inLanguage\":\"en-GB\"}]}<\/script>\n<!-- \/ Yoast SEO Premium plugin. -->","yoast_head_json":{"title":"Branschrapport redovisningsbyr\u00e5er Q1-Q2 2024 - Oxceed Finland","robots":{"index":"noindex","follow":"follow"},"og_locale":"en_GB","og_type":"article","og_title":"Branschrapport redovisningsbyr\u00e5er Q1-Q2 2024","og_description":"Branschrapport:Redovisningsbyr\u00e5er Q1-Q2 2024 Hur har redovisningsbranschen presterat Q1-Q2 2024 i ja?mfo?relse med samma period 2023, och hur ga?r det fo?r er byra? i fo?rha?llande till branschen? Rapporten sammanfattar bokf\u00f6ringsdata fr\u00e5n 125 redovisningsbyr\u00e5er i oms\u00e4ttnings- och kostnadsanalyser.\u00a0\u00a0 Vi ser bland annat En minskad oms\u00e4ttningsutveckling En \u00f6kad l\u00f6nsamhet\u00a0 En generell fo?rflyttning mot en ho?gre EBIT Ta reda [&hellip;]","og_url":"https:\/\/oxceed.com\/fi\/guider\/branschrapport-redovisningsbyraer-q1-q2-2024\/","og_site_name":"Oxceed Finland","article_modified_time":"2025-06-16T12:53:43+00:00","twitter_card":"summary_large_image","twitter_misc":{"Estimated reading time":"1 minute"},"schema":{"@context":"https:\/\/schema.org","@graph":[{"@type":"WebPage","@id":"https:\/\/oxceed.com\/fi\/guider\/branschrapport-redovisningsbyraer-q1-q2-2024\/","url":"https:\/\/oxceed.com\/fi\/guider\/branschrapport-redovisningsbyraer-q1-q2-2024\/","name":"Branschrapport redovisningsbyr\u00e5er Q1-Q2 2024 - Oxceed Finland","isPartOf":{"@id":"https:\/\/oxceed.com\/fi\/#website"},"datePublished":"2024-09-20T08:32:13+00:00","dateModified":"2025-06-16T12:53:43+00:00","breadcrumb":{"@id":"https:\/\/oxceed.com\/fi\/guider\/branschrapport-redovisningsbyraer-q1-q2-2024\/#breadcrumb"},"inLanguage":"en-GB","potentialAction":[{"@type":"ReadAction","target":["https:\/\/oxceed.com\/fi\/guider\/branschrapport-redovisningsbyraer-q1-q2-2024\/"]}]},{"@type":"BreadcrumbList","@id":"https:\/\/oxceed.com\/fi\/guider\/branschrapport-redovisningsbyraer-q1-q2-2024\/#breadcrumb","itemListElement":[{"@type":"ListItem","position":1,"name":"Home","item":"https:\/\/oxceed.com\/fi\/"},{"@type":"ListItem","position":2,"name":"Guider","item":"https:\/\/oxceed.com\/fi\/guider\/"},{"@type":"ListItem","position":3,"name":"Branschrapport redovisningsbyr\u00e5er Q1-Q2 2024"}]},{"@type":"WebSite","@id":"https:\/\/oxceed.com\/fi\/#website","url":"https:\/\/oxceed.com\/fi\/","name":"Oxceed Finland","description":"Fatta b\u00e4ttre beslut med Oxceed","potentialAction":[{"@type":"SearchAction","target":{"@type":"EntryPoint","urlTemplate":"https:\/\/oxceed.com\/fi\/?s={search_term_string}"},"query-input":{"@type":"PropertyValueSpecification","valueRequired":true,"valueName":"search_term_string"}}],"inLanguage":"en-GB"}]}},"_links":{"self":[{"href":"https:\/\/oxceed.com\/fi\/wp-json\/wp\/v2\/pages\/29896","targetHints":{"allow":["GET"]}}],"collection":[{"href":"https:\/\/oxceed.com\/fi\/wp-json\/wp\/v2\/pages"}],"about":[{"href":"https:\/\/oxceed.com\/fi\/wp-json\/wp\/v2\/types\/page"}],"author":[{"embeddable":true,"href":"https:\/\/oxceed.com\/fi\/wp-json\/wp\/v2\/users\/7"}],"replies":[{"embeddable":true,"href":"https:\/\/oxceed.com\/fi\/wp-json\/wp\/v2\/comments?post=29896"}],"version-history":[{"count":22,"href":"https:\/\/oxceed.com\/fi\/wp-json\/wp\/v2\/pages\/29896\/revisions"}],"predecessor-version":[{"id":32153,"href":"https:\/\/oxceed.com\/fi\/wp-json\/wp\/v2\/pages\/29896\/revisions\/32153"}],"up":[{"embeddable":true,"href":"https:\/\/oxceed.com\/fi\/wp-json\/wp\/v2\/pages\/16004"}],"wp:attachment":[{"href":"https:\/\/oxceed.com\/fi\/wp-json\/wp\/v2\/media?parent=29896"}],"curies":[{"name":"wp","href":"https:\/\/api.w.org\/{rel}","templated":true}]}}