{"id":31684,"date":"2024-12-06T14:04:51","date_gmt":"2024-12-06T13:04:51","guid":{"rendered":"https:\/\/oxceed.com\/?page_id=31684"},"modified":"2025-06-16T14:50:50","modified_gmt":"2025-06-16T12:50:50","slug":"5-nyckeltal-for-att-borja-mata-hallbarhet","status":"publish","type":"page","link":"https:\/\/oxceed.com\/fi\/guider\/5-nyckeltal-for-att-borja-mata-hallbarhet\/","title":{"rendered":"5 nyckeltal f\u00f6r att b\u00f6rja m\u00e4ta h\u00e5llbarhet"},"content":{"rendered":"\t\t<div data-elementor-type=\"wp-page\" data-elementor-id=\"31684\" class=\"elementor elementor-31684\" data-elementor-post-type=\"page\">\n\t\t\t\t\t\t<section class=\"elementor-section elementor-top-section elementor-element elementor-element-28f074e elementor-section-full_width elementor-section-stretched elementor-section-height-default elementor-section-height-default\" data-id=\"28f074e\" data-element_type=\"section\" data-e-type=\"section\" data-settings=\"{&quot;stretch_section&quot;:&quot;section-stretched&quot;,&quot;jet_parallax_layout_list&quot;:[{&quot;jet_parallax_layout_image&quot;:{&quot;url&quot;:&quot;&quot;,&quot;id&quot;:&quot;&quot;,&quot;size&quot;:&quot;&quot;},&quot;_id&quot;:&quot;5baf2ad&quot;,&quot;jet_parallax_layout_image_tablet&quot;:{&quot;url&quot;:&quot;&quot;,&quot;id&quot;:&quot;&quot;,&quot;size&quot;:&quot;&quot;},&quot;jet_parallax_layout_image_mobile&quot;:{&quot;url&quot;:&quot;&quot;,&quot;id&quot;:&quot;&quot;,&quot;size&quot;:&quot;&quot;},&quot;jet_parallax_layout_speed&quot;:{&quot;unit&quot;:&quot;%&quot;,&quot;size&quot;:50,&quot;sizes&quot;:[]},&quot;jet_parallax_layout_type&quot;:&quot;scroll&quot;,&quot;jet_parallax_layout_direction&quot;:&quot;1&quot;,&quot;jet_parallax_layout_fx_direction&quot;:null,&quot;jet_parallax_layout_z_index&quot;:&quot;&quot;,&quot;jet_parallax_layout_bg_x&quot;:50,&quot;jet_parallax_layout_bg_x_tablet&quot;:&quot;&quot;,&quot;jet_parallax_layout_bg_x_mobile&quot;:&quot;&quot;,&quot;jet_parallax_layout_bg_y&quot;:50,&quot;jet_parallax_layout_bg_y_tablet&quot;:&quot;&quot;,&quot;jet_parallax_layout_bg_y_mobile&quot;:&quot;&quot;,&quot;jet_parallax_layout_bg_size&quot;:&quot;auto&quot;,&quot;jet_parallax_layout_bg_size_tablet&quot;:&quot;&quot;,&quot;jet_parallax_layout_bg_size_mobile&quot;:&quot;&quot;,&quot;jet_parallax_layout_animation_prop&quot;:&quot;transform&quot;,&quot;jet_parallax_layout_on&quot;:[&quot;desktop&quot;,&quot;tablet&quot;]}],&quot;background_background&quot;:&quot;classic&quot;}\">\n\t\t\t\t\t\t<div class=\"elementor-container elementor-column-gap-default\">\n\t\t\t\t\t<div class=\"elementor-column elementor-col-100 elementor-top-column elementor-element elementor-element-1655028\" data-id=\"1655028\" data-element_type=\"column\" data-e-type=\"column\">\n\t\t\t<div class=\"elementor-widget-wrap elementor-element-populated\">\n\t\t\t\t\t\t<div class=\"elementor-element elementor-element-fa832ad elementor-widget elementor-widget-spacer\" data-id=\"fa832ad\" data-element_type=\"widget\" data-e-type=\"widget\" data-widget_type=\"spacer.default\">\n\t\t\t\t\t\t\t<div class=\"elementor-spacer\">\n\t\t\t<div class=\"elementor-spacer-inner\"><\/div>\n\t\t<\/div>\n\t\t\t\t\t\t<\/div>\n\t\t\t\t\t<\/div>\n\t\t<\/div>\n\t\t\t\t\t<\/div>\n\t\t<\/section>\n\t\t\t\t<section class=\"elementor-section elementor-top-section elementor-element elementor-element-bdf043d elementor-section-content-middle elementor-section-boxed elementor-section-height-default elementor-section-height-default elementor-invisible\" data-id=\"bdf043d\" data-element_type=\"section\" data-e-type=\"section\" data-settings=\"{&quot;jet_parallax_layout_list&quot;:[{&quot;jet_parallax_layout_image&quot;:{&quot;url&quot;:&quot;&quot;,&quot;id&quot;:&quot;&quot;,&quot;size&quot;:&quot;&quot;},&quot;_id&quot;:&quot;b6f69a7&quot;,&quot;jet_parallax_layout_image_tablet&quot;:{&quot;url&quot;:&quot;&quot;,&quot;id&quot;:&quot;&quot;,&quot;size&quot;:&quot;&quot;},&quot;jet_parallax_layout_image_mobile&quot;:{&quot;url&quot;:&quot;&quot;,&quot;id&quot;:&quot;&quot;,&quot;size&quot;:&quot;&quot;},&quot;jet_parallax_layout_speed&quot;:{&quot;unit&quot;:&quot;%&quot;,&quot;size&quot;:50,&quot;sizes&quot;:[]},&quot;jet_parallax_layout_type&quot;:&quot;scroll&quot;,&quot;jet_parallax_layout_direction&quot;:&quot;1&quot;,&quot;jet_parallax_layout_fx_direction&quot;:null,&quot;jet_parallax_layout_z_index&quot;:&quot;&quot;,&quot;jet_parallax_layout_bg_x&quot;:50,&quot;jet_parallax_layout_bg_x_tablet&quot;:&quot;&quot;,&quot;jet_parallax_layout_bg_x_mobile&quot;:&quot;&quot;,&quot;jet_parallax_layout_bg_y&quot;:50,&quot;jet_parallax_layout_bg_y_tablet&quot;:&quot;&quot;,&quot;jet_parallax_layout_bg_y_mobile&quot;:&quot;&quot;,&quot;jet_parallax_layout_bg_size&quot;:&quot;auto&quot;,&quot;jet_parallax_layout_bg_size_tablet&quot;:&quot;&quot;,&quot;jet_parallax_layout_bg_size_mobile&quot;:&quot;&quot;,&quot;jet_parallax_layout_animation_prop&quot;:&quot;transform&quot;,&quot;jet_parallax_layout_on&quot;:[&quot;desktop&quot;,&quot;tablet&quot;]}],&quot;animation&quot;:&quot;fadeIn&quot;}\">\n\t\t\t\t\t\t<div class=\"elementor-container elementor-column-gap-no\">\n\t\t\t\t\t<div class=\"elementor-column elementor-col-33 elementor-top-column elementor-element elementor-element-c797d58\" data-id=\"c797d58\" data-element_type=\"column\" data-e-type=\"column\">\n\t\t\t<div class=\"elementor-widget-wrap elementor-element-populated\">\n\t\t\t\t\t\t<div class=\"elementor-element elementor-element-d65768b elementor-widget__width-initial elementor-widget elementor-widget-heading\" data-id=\"d65768b\" data-element_type=\"widget\" data-e-type=\"widget\" data-widget_type=\"heading.default\">\n\t\t\t\t\t<h1 class=\"elementor-heading-title elementor-size-default\"><span class=\"color-teal\">Guide:<\/br><\/span>5 nyckeltal f\u00f6r att b\u00f6rja m\u00e4ta h\u00e5llbarhet<\/h1>\t\t\t\t<\/div>\n\t\t\t\t<div class=\"elementor-element elementor-element-47d496c elementor-widget elementor-widget-text-editor\" data-id=\"47d496c\" data-element_type=\"widget\" data-e-type=\"widget\" data-widget_type=\"text-editor.default\">\n\t\t\t\t\t\t\t\t\t<div class=\"page\" title=\"Page 2\"><div class=\"layoutArea\"><div class=\"column\"><p>Att bo\u0308rja ma\u0308ta och fo\u0308lja upp ditt fo\u0308retags klimatpa\u030averkan a\u0308r va\u0308rdefullt av flera anledningar, a\u0308ven om ni a\u0308nnu inte omfattas av lagkrav kring ha\u030allbarhetsrapportering.<\/p><\/div><\/div><\/div><div class=\"page\" title=\"Page 2\"><div class=\"layoutArea\"><div class=\"column\"><p>Genom att fokusera pa\u030a na\u030agra centrala ha\u030allbarhetsnyckeltal kan ditt fo\u0308retag snabbt fa\u030a en tydlig bild av nula\u0308get och identifiera omra\u030aden fo\u0308r fo\u0308rba\u0308ttring.<\/p><\/div><\/div><\/div><p>I den h\u00e4r guiden presenterar vi fem nyckeltal att bo\u0308rja ma\u0308ta och fo\u0308lja upp.<\/p><p>Trevlig l\u00e4sning!<\/p>\t\t\t\t\t\t\t\t<\/div>\n\t\t\t\t\t<\/div>\n\t\t<\/div>\n\t\t\t\t<div class=\"elementor-column elementor-col-33 elementor-top-column elementor-element elementor-element-5178812\" data-id=\"5178812\" data-element_type=\"column\" data-e-type=\"column\">\n\t\t\t<div class=\"elementor-widget-wrap elementor-element-populated\">\n\t\t\t\t\t\t<div class=\"elementor-element elementor-element-abf32c2 elementor-widget elementor-widget-text-editor\" data-id=\"abf32c2\" data-element_type=\"widget\" data-e-type=\"widget\" data-widget_type=\"text-editor.default\">\n\t\t\t\t\t\t\t\t\t<p>Fyll i dina uppgifter i formul\u00e4ret s\u00e5 skickar vi guiden till din email.\u00a0<\/p>\t\t\t\t\t\t\t\t<\/div>\n\t\t\t\t<div class=\"elementor-element elementor-element-c76107d elementor-widget elementor-widget-html\" data-id=\"c76107d\" data-element_type=\"widget\" data-e-type=\"widget\" data-widget_type=\"html.default\">\n\t\t\t\t\t<iframe src=\"https:\/\/pages.upsales.com\/12029u2ad0919b5624494ea5579b38aa934c68-frame\" \t\twidth=\"360\" \t\theight=\"515\" \t\tstyle=\"border:0\"><\/iframe>\t\t\t\t<\/div>\n\t\t\t\t\t<\/div>\n\t\t<\/div>\n\t\t\t\t<div class=\"elementor-column elementor-col-33 elementor-top-column elementor-element elementor-element-f69b77a\" data-id=\"f69b77a\" data-element_type=\"column\" data-e-type=\"column\">\n\t\t\t<div class=\"elementor-widget-wrap\">\n\t\t\t\t\t\t\t<\/div>\n\t\t<\/div>\n\t\t\t\t\t<\/div>\n\t\t<\/section>\n\t\t\t\t<\/div>\n\t\t","protected":false},"excerpt":{"rendered":"<p>Guide:5 nyckeltal f\u00f6r att b\u00f6rja m\u00e4ta h\u00e5llbarhet Att bo?rja ma?ta och fo?lja upp ditt fo?retags klimatpa?verkan a?r va?rdefullt av flera anledningar, a?ven om ni a?nnu inte omfattas av lagkrav kring ha?llbarhetsrapportering. Genom att fokusera pa? na?gra centrala ha?llbarhetsnyckeltal kan ditt fo?retag snabbt fa? en tydlig bild av nula?get och identifiera omra?den fo?r fo?rba?ttring. I den [&hellip;]<\/p>\n","protected":false},"author":7,"featured_media":31691,"parent":16004,"menu_order":0,"comment_status":"closed","ping_status":"closed","template":"","meta":{"_acf_changed":false,"_trash_the_other_posts":false,"editor_notices":[],"footnotes":""},"class_list":["post-31684","page","type-page","status-publish","has-post-thumbnail","hentry"],"acf":[],"yoast_head":"<!-- This site is optimized with the Yoast SEO Premium plugin v26.5 (Yoast SEO v27.4) - https:\/\/yoast.com\/product\/yoast-seo-premium-wordpress\/ -->\n<title>5 nyckeltal f\u00f6r att b\u00f6rja m\u00e4ta h\u00e5llbarhet - Oxceed Finland<\/title>\n<meta name=\"robots\" content=\"noindex, follow\" \/>\n<meta property=\"og:locale\" content=\"en_GB\" \/>\n<meta property=\"og:type\" content=\"article\" \/>\n<meta property=\"og:title\" content=\"5 nyckeltal f\u00f6r att b\u00f6rja m\u00e4ta h\u00e5llbarhet\" \/>\n<meta property=\"og:description\" content=\"Guide:5 nyckeltal f\u00f6r att b\u00f6rja m\u00e4ta h\u00e5llbarhet Att bo?rja ma?ta och fo?lja upp ditt fo?retags klimatpa?verkan a?r va?rdefullt av flera anledningar, a?ven om ni a?nnu inte omfattas av lagkrav kring ha?llbarhetsrapportering. Genom att fokusera pa? na?gra centrala ha?llbarhetsnyckeltal kan ditt fo?retag snabbt fa? en tydlig bild av nula?get och identifiera omra?den fo?r fo?rba?ttring. I den [&hellip;]\" \/>\n<meta property=\"og:url\" content=\"https:\/\/oxceed.com\/fi\/guider\/5-nyckeltal-for-att-borja-mata-hallbarhet\/\" \/>\n<meta property=\"og:site_name\" content=\"Oxceed Finland\" \/>\n<meta property=\"article:modified_time\" content=\"2025-06-16T12:50:50+00:00\" \/>\n<meta property=\"og:image\" content=\"https:\/\/oxceed.com\/fi\/wp-content\/uploads\/sites\/24\/2024\/12\/Fem-nyckeltal-for-att-borja-mata-hallbarhet.jpg\" \/>\n\t<meta property=\"og:image:width\" content=\"1344\" \/>\n\t<meta property=\"og:image:height\" content=\"768\" \/>\n\t<meta property=\"og:image:type\" content=\"image\/jpeg\" \/>\n<meta name=\"twitter:card\" content=\"summary_large_image\" \/>\n<meta name=\"twitter:label1\" content=\"Estimated reading time\" \/>\n\t<meta name=\"twitter:data1\" content=\"1 minute\" \/>\n<script type=\"application\/ld+json\" class=\"yoast-schema-graph\">{\"@context\":\"https:\\\/\\\/schema.org\",\"@graph\":[{\"@type\":\"WebPage\",\"@id\":\"https:\\\/\\\/oxceed.com\\\/fi\\\/guider\\\/5-nyckeltal-for-att-borja-mata-hallbarhet\\\/\",\"url\":\"https:\\\/\\\/oxceed.com\\\/fi\\\/guider\\\/5-nyckeltal-for-att-borja-mata-hallbarhet\\\/\",\"name\":\"5 nyckeltal f\u00f6r att b\u00f6rja m\u00e4ta h\u00e5llbarhet - Oxceed Finland\",\"isPartOf\":{\"@id\":\"https:\\\/\\\/oxceed.com\\\/fi\\\/#website\"},\"primaryImageOfPage\":{\"@id\":\"https:\\\/\\\/oxceed.com\\\/fi\\\/guider\\\/5-nyckeltal-for-att-borja-mata-hallbarhet\\\/#primaryimage\"},\"image\":{\"@id\":\"https:\\\/\\\/oxceed.com\\\/fi\\\/guider\\\/5-nyckeltal-for-att-borja-mata-hallbarhet\\\/#primaryimage\"},\"thumbnailUrl\":\"https:\\\/\\\/oxceed.com\\\/fi\\\/wp-content\\\/uploads\\\/sites\\\/24\\\/2024\\\/12\\\/Fem-nyckeltal-for-att-borja-mata-hallbarhet.jpg\",\"datePublished\":\"2024-12-06T13:04:51+00:00\",\"dateModified\":\"2025-06-16T12:50:50+00:00\",\"breadcrumb\":{\"@id\":\"https:\\\/\\\/oxceed.com\\\/fi\\\/guider\\\/5-nyckeltal-for-att-borja-mata-hallbarhet\\\/#breadcrumb\"},\"inLanguage\":\"en-GB\",\"potentialAction\":[{\"@type\":\"ReadAction\",\"target\":[\"https:\\\/\\\/oxceed.com\\\/fi\\\/guider\\\/5-nyckeltal-for-att-borja-mata-hallbarhet\\\/\"]}]},{\"@type\":\"ImageObject\",\"inLanguage\":\"en-GB\",\"@id\":\"https:\\\/\\\/oxceed.com\\\/fi\\\/guider\\\/5-nyckeltal-for-att-borja-mata-hallbarhet\\\/#primaryimage\",\"url\":\"https:\\\/\\\/oxceed.com\\\/fi\\\/wp-content\\\/uploads\\\/sites\\\/24\\\/2024\\\/12\\\/Fem-nyckeltal-for-att-borja-mata-hallbarhet.jpg\",\"contentUrl\":\"https:\\\/\\\/oxceed.com\\\/fi\\\/wp-content\\\/uploads\\\/sites\\\/24\\\/2024\\\/12\\\/Fem-nyckeltal-for-att-borja-mata-hallbarhet.jpg\",\"width\":1344,\"height\":768},{\"@type\":\"BreadcrumbList\",\"@id\":\"https:\\\/\\\/oxceed.com\\\/fi\\\/guider\\\/5-nyckeltal-for-att-borja-mata-hallbarhet\\\/#breadcrumb\",\"itemListElement\":[{\"@type\":\"ListItem\",\"position\":1,\"name\":\"Home\",\"item\":\"https:\\\/\\\/oxceed.com\\\/fi\\\/\"},{\"@type\":\"ListItem\",\"position\":2,\"name\":\"Guider\",\"item\":\"https:\\\/\\\/oxceed.com\\\/fi\\\/guider\\\/\"},{\"@type\":\"ListItem\",\"position\":3,\"name\":\"5 nyckeltal f\u00f6r att b\u00f6rja m\u00e4ta h\u00e5llbarhet\"}]},{\"@type\":\"WebSite\",\"@id\":\"https:\\\/\\\/oxceed.com\\\/fi\\\/#website\",\"url\":\"https:\\\/\\\/oxceed.com\\\/fi\\\/\",\"name\":\"Oxceed Finland\",\"description\":\"Fatta b\u00e4ttre beslut med Oxceed\",\"potentialAction\":[{\"@type\":\"SearchAction\",\"target\":{\"@type\":\"EntryPoint\",\"urlTemplate\":\"https:\\\/\\\/oxceed.com\\\/fi\\\/?s={search_term_string}\"},\"query-input\":{\"@type\":\"PropertyValueSpecification\",\"valueRequired\":true,\"valueName\":\"search_term_string\"}}],\"inLanguage\":\"en-GB\"}]}<\/script>\n<!-- \/ Yoast SEO Premium plugin. -->","yoast_head_json":{"title":"5 nyckeltal f\u00f6r att b\u00f6rja m\u00e4ta h\u00e5llbarhet - Oxceed Finland","robots":{"index":"noindex","follow":"follow"},"og_locale":"en_GB","og_type":"article","og_title":"5 nyckeltal f\u00f6r att b\u00f6rja m\u00e4ta h\u00e5llbarhet","og_description":"Guide:5 nyckeltal f\u00f6r att b\u00f6rja m\u00e4ta h\u00e5llbarhet Att bo?rja ma?ta och fo?lja upp ditt fo?retags klimatpa?verkan a?r va?rdefullt av flera anledningar, a?ven om ni a?nnu inte omfattas av lagkrav kring ha?llbarhetsrapportering. Genom att fokusera pa? na?gra centrala ha?llbarhetsnyckeltal kan ditt fo?retag snabbt fa? en tydlig bild av nula?get och identifiera omra?den fo?r fo?rba?ttring. I den [&hellip;]","og_url":"https:\/\/oxceed.com\/fi\/guider\/5-nyckeltal-for-att-borja-mata-hallbarhet\/","og_site_name":"Oxceed Finland","article_modified_time":"2025-06-16T12:50:50+00:00","og_image":[{"width":1344,"height":768,"url":"https:\/\/oxceed.com\/fi\/wp-content\/uploads\/sites\/24\/2024\/12\/Fem-nyckeltal-for-att-borja-mata-hallbarhet.jpg","type":"image\/jpeg"}],"twitter_card":"summary_large_image","twitter_misc":{"Estimated reading time":"1 minute"},"schema":{"@context":"https:\/\/schema.org","@graph":[{"@type":"WebPage","@id":"https:\/\/oxceed.com\/fi\/guider\/5-nyckeltal-for-att-borja-mata-hallbarhet\/","url":"https:\/\/oxceed.com\/fi\/guider\/5-nyckeltal-for-att-borja-mata-hallbarhet\/","name":"5 nyckeltal f\u00f6r att b\u00f6rja m\u00e4ta h\u00e5llbarhet - Oxceed Finland","isPartOf":{"@id":"https:\/\/oxceed.com\/fi\/#website"},"primaryImageOfPage":{"@id":"https:\/\/oxceed.com\/fi\/guider\/5-nyckeltal-for-att-borja-mata-hallbarhet\/#primaryimage"},"image":{"@id":"https:\/\/oxceed.com\/fi\/guider\/5-nyckeltal-for-att-borja-mata-hallbarhet\/#primaryimage"},"thumbnailUrl":"https:\/\/oxceed.com\/fi\/wp-content\/uploads\/sites\/24\/2024\/12\/Fem-nyckeltal-for-att-borja-mata-hallbarhet.jpg","datePublished":"2024-12-06T13:04:51+00:00","dateModified":"2025-06-16T12:50:50+00:00","breadcrumb":{"@id":"https:\/\/oxceed.com\/fi\/guider\/5-nyckeltal-for-att-borja-mata-hallbarhet\/#breadcrumb"},"inLanguage":"en-GB","potentialAction":[{"@type":"ReadAction","target":["https:\/\/oxceed.com\/fi\/guider\/5-nyckeltal-for-att-borja-mata-hallbarhet\/"]}]},{"@type":"ImageObject","inLanguage":"en-GB","@id":"https:\/\/oxceed.com\/fi\/guider\/5-nyckeltal-for-att-borja-mata-hallbarhet\/#primaryimage","url":"https:\/\/oxceed.com\/fi\/wp-content\/uploads\/sites\/24\/2024\/12\/Fem-nyckeltal-for-att-borja-mata-hallbarhet.jpg","contentUrl":"https:\/\/oxceed.com\/fi\/wp-content\/uploads\/sites\/24\/2024\/12\/Fem-nyckeltal-for-att-borja-mata-hallbarhet.jpg","width":1344,"height":768},{"@type":"BreadcrumbList","@id":"https:\/\/oxceed.com\/fi\/guider\/5-nyckeltal-for-att-borja-mata-hallbarhet\/#breadcrumb","itemListElement":[{"@type":"ListItem","position":1,"name":"Home","item":"https:\/\/oxceed.com\/fi\/"},{"@type":"ListItem","position":2,"name":"Guider","item":"https:\/\/oxceed.com\/fi\/guider\/"},{"@type":"ListItem","position":3,"name":"5 nyckeltal f\u00f6r att b\u00f6rja m\u00e4ta h\u00e5llbarhet"}]},{"@type":"WebSite","@id":"https:\/\/oxceed.com\/fi\/#website","url":"https:\/\/oxceed.com\/fi\/","name":"Oxceed Finland","description":"Fatta b\u00e4ttre beslut med Oxceed","potentialAction":[{"@type":"SearchAction","target":{"@type":"EntryPoint","urlTemplate":"https:\/\/oxceed.com\/fi\/?s={search_term_string}"},"query-input":{"@type":"PropertyValueSpecification","valueRequired":true,"valueName":"search_term_string"}}],"inLanguage":"en-GB"}]}},"_links":{"self":[{"href":"https:\/\/oxceed.com\/fi\/wp-json\/wp\/v2\/pages\/31684","targetHints":{"allow":["GET"]}}],"collection":[{"href":"https:\/\/oxceed.com\/fi\/wp-json\/wp\/v2\/pages"}],"about":[{"href":"https:\/\/oxceed.com\/fi\/wp-json\/wp\/v2\/types\/page"}],"author":[{"embeddable":true,"href":"https:\/\/oxceed.com\/fi\/wp-json\/wp\/v2\/users\/7"}],"replies":[{"embeddable":true,"href":"https:\/\/oxceed.com\/fi\/wp-json\/wp\/v2\/comments?post=31684"}],"version-history":[{"count":19,"href":"https:\/\/oxceed.com\/fi\/wp-json\/wp\/v2\/pages\/31684\/revisions"}],"predecessor-version":[{"id":32415,"href":"https:\/\/oxceed.com\/fi\/wp-json\/wp\/v2\/pages\/31684\/revisions\/32415"}],"up":[{"embeddable":true,"href":"https:\/\/oxceed.com\/fi\/wp-json\/wp\/v2\/pages\/16004"}],"wp:featuredmedia":[{"embeddable":true,"href":"https:\/\/oxceed.com\/fi\/wp-json\/wp\/v2\/media\/31691"}],"wp:attachment":[{"href":"https:\/\/oxceed.com\/fi\/wp-json\/wp\/v2\/media?parent=31684"}],"curies":[{"name":"wp","href":"https:\/\/api.w.org\/{rel}","templated":true}]}}