{"id":33348,"date":"2025-04-29T19:07:13","date_gmt":"2025-04-29T17:07:13","guid":{"rendered":"https:\/\/oxceed.com\/?page_id=33348"},"modified":"2025-06-16T15:02:13","modified_gmt":"2025-06-16T13:02:13","slug":"bygg-och-anpassa-rapporter-i-oxceed","status":"publish","type":"page","link":"https:\/\/oxceed.com\/fi\/webinar\/bygg-och-anpassa-rapporter-i-oxceed\/","title":{"rendered":"Webinar: Bygg och anpassa rapporter i Oxceed"},"content":{"rendered":"\t\t<div data-elementor-type=\"wp-page\" data-elementor-id=\"33348\" class=\"elementor elementor-33348\" data-elementor-post-type=\"page\">\n\t\t\t\t\t\t<section class=\"elementor-section elementor-top-section elementor-element elementor-element-d97d5c5 elementor-section-full_width elementor-section-stretched elementor-section-height-default elementor-section-height-default\" data-id=\"d97d5c5\" data-element_type=\"section\" data-e-type=\"section\" data-settings=\"{&quot;stretch_section&quot;:&quot;section-stretched&quot;,&quot;jet_parallax_layout_list&quot;:[{&quot;jet_parallax_layout_image&quot;:{&quot;url&quot;:&quot;&quot;,&quot;id&quot;:&quot;&quot;,&quot;size&quot;:&quot;&quot;},&quot;_id&quot;:&quot;5baf2ad&quot;,&quot;jet_parallax_layout_image_tablet&quot;:{&quot;url&quot;:&quot;&quot;,&quot;id&quot;:&quot;&quot;,&quot;size&quot;:&quot;&quot;},&quot;jet_parallax_layout_image_mobile&quot;:{&quot;url&quot;:&quot;&quot;,&quot;id&quot;:&quot;&quot;,&quot;size&quot;:&quot;&quot;},&quot;jet_parallax_layout_speed&quot;:{&quot;unit&quot;:&quot;%&quot;,&quot;size&quot;:50,&quot;sizes&quot;:[]},&quot;jet_parallax_layout_type&quot;:&quot;scroll&quot;,&quot;jet_parallax_layout_direction&quot;:&quot;1&quot;,&quot;jet_parallax_layout_fx_direction&quot;:null,&quot;jet_parallax_layout_z_index&quot;:&quot;&quot;,&quot;jet_parallax_layout_bg_x&quot;:50,&quot;jet_parallax_layout_bg_x_tablet&quot;:&quot;&quot;,&quot;jet_parallax_layout_bg_x_mobile&quot;:&quot;&quot;,&quot;jet_parallax_layout_bg_y&quot;:50,&quot;jet_parallax_layout_bg_y_tablet&quot;:&quot;&quot;,&quot;jet_parallax_layout_bg_y_mobile&quot;:&quot;&quot;,&quot;jet_parallax_layout_bg_size&quot;:&quot;auto&quot;,&quot;jet_parallax_layout_bg_size_tablet&quot;:&quot;&quot;,&quot;jet_parallax_layout_bg_size_mobile&quot;:&quot;&quot;,&quot;jet_parallax_layout_animation_prop&quot;:&quot;transform&quot;,&quot;jet_parallax_layout_on&quot;:[&quot;desktop&quot;,&quot;tablet&quot;]}],&quot;background_background&quot;:&quot;classic&quot;}\">\n\t\t\t\t\t\t<div class=\"elementor-container elementor-column-gap-default\">\n\t\t\t\t\t<div class=\"elementor-column elementor-col-100 elementor-top-column elementor-element elementor-element-1fcd05a\" data-id=\"1fcd05a\" data-element_type=\"column\" data-e-type=\"column\">\n\t\t\t<div class=\"elementor-widget-wrap elementor-element-populated\">\n\t\t\t\t\t\t<div class=\"elementor-element elementor-element-977f4e2 elementor-widget elementor-widget-spacer\" data-id=\"977f4e2\" data-element_type=\"widget\" data-e-type=\"widget\" data-widget_type=\"spacer.default\">\n\t\t\t\t\t\t\t<div class=\"elementor-spacer\">\n\t\t\t<div class=\"elementor-spacer-inner\"><\/div>\n\t\t<\/div>\n\t\t\t\t\t\t<\/div>\n\t\t\t\t\t<\/div>\n\t\t<\/div>\n\t\t\t\t\t<\/div>\n\t\t<\/section>\n\t\t\t\t<section class=\"elementor-section elementor-top-section elementor-element elementor-element-e8014f6 elementor-section-content-middle elementor-section-boxed elementor-section-height-default elementor-section-height-default elementor-invisible\" data-id=\"e8014f6\" data-element_type=\"section\" data-e-type=\"section\" data-settings=\"{&quot;jet_parallax_layout_list&quot;:[{&quot;jet_parallax_layout_image&quot;:{&quot;url&quot;:&quot;&quot;,&quot;id&quot;:&quot;&quot;,&quot;size&quot;:&quot;&quot;},&quot;_id&quot;:&quot;b6f69a7&quot;,&quot;jet_parallax_layout_image_tablet&quot;:{&quot;url&quot;:&quot;&quot;,&quot;id&quot;:&quot;&quot;,&quot;size&quot;:&quot;&quot;},&quot;jet_parallax_layout_image_mobile&quot;:{&quot;url&quot;:&quot;&quot;,&quot;id&quot;:&quot;&quot;,&quot;size&quot;:&quot;&quot;},&quot;jet_parallax_layout_speed&quot;:{&quot;unit&quot;:&quot;%&quot;,&quot;size&quot;:50,&quot;sizes&quot;:[]},&quot;jet_parallax_layout_type&quot;:&quot;scroll&quot;,&quot;jet_parallax_layout_direction&quot;:&quot;1&quot;,&quot;jet_parallax_layout_fx_direction&quot;:null,&quot;jet_parallax_layout_z_index&quot;:&quot;&quot;,&quot;jet_parallax_layout_bg_x&quot;:50,&quot;jet_parallax_layout_bg_x_tablet&quot;:&quot;&quot;,&quot;jet_parallax_layout_bg_x_mobile&quot;:&quot;&quot;,&quot;jet_parallax_layout_bg_y&quot;:50,&quot;jet_parallax_layout_bg_y_tablet&quot;:&quot;&quot;,&quot;jet_parallax_layout_bg_y_mobile&quot;:&quot;&quot;,&quot;jet_parallax_layout_bg_size&quot;:&quot;auto&quot;,&quot;jet_parallax_layout_bg_size_tablet&quot;:&quot;&quot;,&quot;jet_parallax_layout_bg_size_mobile&quot;:&quot;&quot;,&quot;jet_parallax_layout_animation_prop&quot;:&quot;transform&quot;,&quot;jet_parallax_layout_on&quot;:[&quot;desktop&quot;,&quot;tablet&quot;]}],&quot;animation&quot;:&quot;fadeIn&quot;}\">\n\t\t\t\t\t\t<div class=\"elementor-container elementor-column-gap-no\">\n\t\t\t\t\t<div class=\"elementor-column elementor-col-33 elementor-top-column elementor-element elementor-element-f543726\" data-id=\"f543726\" data-element_type=\"column\" data-e-type=\"column\">\n\t\t\t<div class=\"elementor-widget-wrap elementor-element-populated\">\n\t\t\t\t\t\t<div class=\"elementor-element elementor-element-d33e76e elementor-widget elementor-widget-heading\" data-id=\"d33e76e\" data-element_type=\"widget\" data-e-type=\"widget\" data-widget_type=\"heading.default\">\n\t\t\t\t\t<h1 class=\"elementor-heading-title elementor-size-default\"><span class=\"color-teal\">9 maj:<br><\/span>Bygg och anpassa rapporter i Oxceed <\/h1>\t\t\t\t<\/div>\n\t\t\t\t<div class=\"elementor-element elementor-element-248cc1d elementor-widget__width-initial elementor-widget elementor-widget-text-editor\" data-id=\"248cc1d\" data-element_type=\"widget\" data-e-type=\"widget\" data-widget_type=\"text-editor.default\">\n\t\t\t\t\t\t\t\t\t<div class=\"draggable no-draggable-children sticky top-0 p-3 mb-1.5 flex items-center justify-between z-10 h-header-height font-semibold bg-token-main-surface-primary max-md:hidden\"><div class=\"flex items-center gap-0 overflow-hidden\"><div class=\"text-token-text-secondary\"><p>Vill du skapa b\u00e4ttre rapporter f\u00f6r dina kunder och dessutom effektivisera ditt arbete som redovisningskonsult?<\/p><p>I det h\u00e4r webinaret visar vi hur du enkelt kan bygga och anpassa verksamhetsrelevanta resultat- och balansrapporter i Oxceed.<\/p><p>Med en anpassad resultat- eller balansrapport kan du ge kunden b\u00e4ttre beslutsunderlag och v\u00e4rdefulla insikter om verksamheten.\u00a0<\/p><p>Fokus under s\u00e4ndningen ligger p\u00e5:\u00a0<\/p><ul><li>Bygg rapporter fr\u00e5n grunden eller utg\u00e5 fr\u00e5n Oxceeds mallar<\/li><li>Anpassa, gruppera och arrangera kolumner<\/li><li>Dela upp rapporten i grupper och undergrupper baserat p\u00e5 konto<\/li><\/ul><p>Ta ditt rapportbyggande i Oxceed till n\u00e4sta niv\u00e5!<\/p><p>Webinaret p\u00e5g\u00e5r i ca 45 minuter och avslutas med en fr\u00e5gestund.<\/p><p>\ud83d\udcc5 9 maj<\/p><p>\u23f0 Kl 10.30-11.15<\/p><\/div><\/div><\/div>\t\t\t\t\t\t\t\t<\/div>\n\t\t\t\t<section class=\"elementor-section elementor-inner-section elementor-element elementor-element-0b0315c elementor-section-boxed elementor-section-height-default elementor-section-height-default\" data-id=\"0b0315c\" data-element_type=\"section\" data-e-type=\"section\" data-settings=\"{&quot;jet_parallax_layout_list&quot;:[{&quot;jet_parallax_layout_image&quot;:{&quot;url&quot;:&quot;&quot;,&quot;id&quot;:&quot;&quot;,&quot;size&quot;:&quot;&quot;},&quot;_id&quot;:&quot;8bc1bd6&quot;,&quot;jet_parallax_layout_image_tablet&quot;:{&quot;url&quot;:&quot;&quot;,&quot;id&quot;:&quot;&quot;,&quot;size&quot;:&quot;&quot;},&quot;jet_parallax_layout_image_mobile&quot;:{&quot;url&quot;:&quot;&quot;,&quot;id&quot;:&quot;&quot;,&quot;size&quot;:&quot;&quot;},&quot;jet_parallax_layout_speed&quot;:{&quot;unit&quot;:&quot;%&quot;,&quot;size&quot;:50,&quot;sizes&quot;:[]},&quot;jet_parallax_layout_type&quot;:&quot;scroll&quot;,&quot;jet_parallax_layout_direction&quot;:&quot;1&quot;,&quot;jet_parallax_layout_fx_direction&quot;:null,&quot;jet_parallax_layout_z_index&quot;:&quot;&quot;,&quot;jet_parallax_layout_bg_x&quot;:50,&quot;jet_parallax_layout_bg_x_tablet&quot;:&quot;&quot;,&quot;jet_parallax_layout_bg_x_mobile&quot;:&quot;&quot;,&quot;jet_parallax_layout_bg_y&quot;:50,&quot;jet_parallax_layout_bg_y_tablet&quot;:&quot;&quot;,&quot;jet_parallax_layout_bg_y_mobile&quot;:&quot;&quot;,&quot;jet_parallax_layout_bg_size&quot;:&quot;auto&quot;,&quot;jet_parallax_layout_bg_size_tablet&quot;:&quot;&quot;,&quot;jet_parallax_layout_bg_size_mobile&quot;:&quot;&quot;,&quot;jet_parallax_layout_animation_prop&quot;:&quot;transform&quot;,&quot;jet_parallax_layout_on&quot;:[&quot;desktop&quot;,&quot;tablet&quot;]}]}\">\n\t\t\t\t\t\t<div class=\"elementor-container elementor-column-gap-default\">\n\t\t\t\t\t<div class=\"elementor-column elementor-col-50 elementor-inner-column elementor-element elementor-element-dad486b\" data-id=\"dad486b\" data-element_type=\"column\" data-e-type=\"column\">\n\t\t\t<div class=\"elementor-widget-wrap elementor-element-populated\">\n\t\t\t\t\t\t<div class=\"elementor-element elementor-element-a03d285 elementor-widget elementor-widget-image\" data-id=\"a03d285\" data-element_type=\"widget\" data-e-type=\"widget\" data-widget_type=\"image.default\">\n\t\t\t\t\t\t\t\t\t\t\t\t\t\t\t<img loading=\"lazy\" decoding=\"async\" width=\"150\" height=\"150\" src=\"https:\/\/oxceed.com\/fi\/wp-content\/uploads\/sites\/24\/2025\/02\/Skarmavbild-2025-02-20-kl.-13.53.51-150x150.png\" class=\"attachment-thumbnail size-thumbnail wp-image-32243\" alt=\"\" \/>\t\t\t\t\t\t\t\t\t\t\t\t\t\t\t<\/div>\n\t\t\t\t\t<\/div>\n\t\t<\/div>\n\t\t\t\t<div class=\"elementor-column elementor-col-50 elementor-inner-column elementor-element elementor-element-9b187f4\" data-id=\"9b187f4\" data-element_type=\"column\" data-e-type=\"column\">\n\t\t\t<div class=\"elementor-widget-wrap elementor-element-populated\">\n\t\t\t\t\t\t<div class=\"elementor-element elementor-element-a9cf21f elementor-widget elementor-widget-heading\" data-id=\"a9cf21f\" data-element_type=\"widget\" data-e-type=\"widget\" data-widget_type=\"heading.default\">\n\t\t\t\t\t<h4 class=\"elementor-heading-title elementor-size-default\">Viktor B\u00e4ckstr\u00f6m<\/h4>\t\t\t\t<\/div>\n\t\t\t\t<div class=\"elementor-element elementor-element-bbf4e5f elementor-widget elementor-widget-text-editor\" data-id=\"bbf4e5f\" data-element_type=\"widget\" data-e-type=\"widget\" data-widget_type=\"text-editor.default\">\n\t\t\t\t\t\t\t\t\t<p>Customer Success Manager, Oxceed<\/p>\t\t\t\t\t\t\t\t<\/div>\n\t\t\t\t\t<\/div>\n\t\t<\/div>\n\t\t\t\t\t<\/div>\n\t\t<\/section>\n\t\t\t\t<section class=\"elementor-section elementor-inner-section elementor-element elementor-element-018f403 elementor-section-boxed elementor-section-height-default elementor-section-height-default\" data-id=\"018f403\" data-element_type=\"section\" data-e-type=\"section\" data-settings=\"{&quot;jet_parallax_layout_list&quot;:[{&quot;jet_parallax_layout_image&quot;:{&quot;url&quot;:&quot;&quot;,&quot;id&quot;:&quot;&quot;,&quot;size&quot;:&quot;&quot;},&quot;_id&quot;:&quot;8bc1bd6&quot;,&quot;jet_parallax_layout_image_tablet&quot;:{&quot;url&quot;:&quot;&quot;,&quot;id&quot;:&quot;&quot;,&quot;size&quot;:&quot;&quot;},&quot;jet_parallax_layout_image_mobile&quot;:{&quot;url&quot;:&quot;&quot;,&quot;id&quot;:&quot;&quot;,&quot;size&quot;:&quot;&quot;},&quot;jet_parallax_layout_speed&quot;:{&quot;unit&quot;:&quot;%&quot;,&quot;size&quot;:50,&quot;sizes&quot;:[]},&quot;jet_parallax_layout_type&quot;:&quot;scroll&quot;,&quot;jet_parallax_layout_direction&quot;:&quot;1&quot;,&quot;jet_parallax_layout_fx_direction&quot;:null,&quot;jet_parallax_layout_z_index&quot;:&quot;&quot;,&quot;jet_parallax_layout_bg_x&quot;:50,&quot;jet_parallax_layout_bg_x_tablet&quot;:&quot;&quot;,&quot;jet_parallax_layout_bg_x_mobile&quot;:&quot;&quot;,&quot;jet_parallax_layout_bg_y&quot;:50,&quot;jet_parallax_layout_bg_y_tablet&quot;:&quot;&quot;,&quot;jet_parallax_layout_bg_y_mobile&quot;:&quot;&quot;,&quot;jet_parallax_layout_bg_size&quot;:&quot;auto&quot;,&quot;jet_parallax_layout_bg_size_tablet&quot;:&quot;&quot;,&quot;jet_parallax_layout_bg_size_mobile&quot;:&quot;&quot;,&quot;jet_parallax_layout_animation_prop&quot;:&quot;transform&quot;,&quot;jet_parallax_layout_on&quot;:[&quot;desktop&quot;,&quot;tablet&quot;]}]}\">\n\t\t\t\t\t\t<div class=\"elementor-container elementor-column-gap-default\">\n\t\t\t\t\t<div class=\"elementor-column elementor-col-50 elementor-inner-column elementor-element elementor-element-d0012f0\" data-id=\"d0012f0\" data-element_type=\"column\" data-e-type=\"column\">\n\t\t\t<div class=\"elementor-widget-wrap elementor-element-populated\">\n\t\t\t\t\t\t<div class=\"elementor-element elementor-element-81a0509 elementor-widget elementor-widget-image\" data-id=\"81a0509\" data-element_type=\"widget\" data-e-type=\"widget\" data-widget_type=\"image.default\">\n\t\t\t\t\t\t\t\t\t\t\t\t\t\t\t<img loading=\"lazy\" decoding=\"async\" width=\"150\" height=\"150\" src=\"https:\/\/oxceed.com\/fi\/wp-content\/uploads\/sites\/24\/2025\/02\/Skarmavbild-2025-02-21-kl.-19.11.29-150x150.png\" class=\"attachment-thumbnail size-thumbnail wp-image-32289\" alt=\"\" \/>\t\t\t\t\t\t\t\t\t\t\t\t\t\t\t<\/div>\n\t\t\t\t\t<\/div>\n\t\t<\/div>\n\t\t\t\t<div class=\"elementor-column elementor-col-50 elementor-inner-column elementor-element elementor-element-31ab1eb\" data-id=\"31ab1eb\" data-element_type=\"column\" data-e-type=\"column\">\n\t\t\t<div class=\"elementor-widget-wrap elementor-element-populated\">\n\t\t\t\t\t\t<div class=\"elementor-element elementor-element-c74a1f4 elementor-widget elementor-widget-heading\" data-id=\"c74a1f4\" data-element_type=\"widget\" data-e-type=\"widget\" data-widget_type=\"heading.default\">\n\t\t\t\t\t<h4 class=\"elementor-heading-title elementor-size-default\">Maria Barner<\/h4>\t\t\t\t<\/div>\n\t\t\t\t<div class=\"elementor-element elementor-element-31d3fb8 elementor-widget elementor-widget-text-editor\" data-id=\"31d3fb8\" data-element_type=\"widget\" data-e-type=\"widget\" data-widget_type=\"text-editor.default\">\n\t\t\t\t\t\t\t\t\t<p>Senior Partnership Manager, Oxceed<\/p>\t\t\t\t\t\t\t\t<\/div>\n\t\t\t\t\t<\/div>\n\t\t<\/div>\n\t\t\t\t\t<\/div>\n\t\t<\/section>\n\t\t\t\t\t<\/div>\n\t\t<\/div>\n\t\t\t\t<div class=\"elementor-column elementor-col-33 elementor-top-column elementor-element elementor-element-46cecda\" data-id=\"46cecda\" data-element_type=\"column\" data-e-type=\"column\">\n\t\t\t<div class=\"elementor-widget-wrap elementor-element-populated\">\n\t\t\t\t\t\t<div class=\"elementor-element elementor-element-9e5aab1 elementor-widget elementor-widget-html\" data-id=\"9e5aab1\" data-element_type=\"widget\" data-e-type=\"widget\" data-widget_type=\"html.default\">\n\t\t\t\t\t<iframe loading=\"lazy\" src=\"https:\/\/streamyard.com\/watch\/NHtiJub9PUPF?embed=true\" width=\"360\" height=\"800\" frameborder=\"0\" allow=\"autoplay; fullscreen\"><\/iframe>\t\t\t\t<\/div>\n\t\t\t\t\t<\/div>\n\t\t<\/div>\n\t\t\t\t<div class=\"elementor-column elementor-col-33 elementor-top-column elementor-element elementor-element-07faccc\" data-id=\"07faccc\" data-element_type=\"column\" data-e-type=\"column\">\n\t\t\t<div class=\"elementor-widget-wrap\">\n\t\t\t\t\t\t\t<\/div>\n\t\t<\/div>\n\t\t\t\t\t<\/div>\n\t\t<\/section>\n\t\t\t\t<\/div>\n\t\t","protected":false},"excerpt":{"rendered":"<p>9 maj:Bygg och anpassa rapporter i Oxceed Vill du skapa b\u00e4ttre rapporter f\u00f6r dina kunder och dessutom effektivisera ditt arbete som redovisningskonsult? I det h\u00e4r webinaret visar vi hur du enkelt kan bygga och anpassa verksamhetsrelevanta resultat- och balansrapporter i Oxceed. Med en anpassad resultat- eller balansrapport kan du ge kunden b\u00e4ttre beslutsunderlag och v\u00e4rdefulla [&hellip;]<\/p>\n","protected":false},"author":7,"featured_media":0,"parent":15745,"menu_order":0,"comment_status":"closed","ping_status":"closed","template":"","meta":{"_acf_changed":false,"_trash_the_other_posts":false,"editor_notices":[],"footnotes":""},"class_list":["post-33348","page","type-page","status-publish","hentry"],"acf":[],"yoast_head":"<!-- This site is optimized with the Yoast SEO Premium plugin v26.5 (Yoast SEO v27.5) - https:\/\/yoast.com\/product\/yoast-seo-premium-wordpress\/ -->\n<title>Webinar: Bygg och anpassa rapporter i Oxceed - Oxceed Finland<\/title>\n<meta name=\"robots\" content=\"noindex, follow\" \/>\n<meta property=\"og:locale\" content=\"en_GB\" \/>\n<meta property=\"og:type\" content=\"article\" \/>\n<meta property=\"og:title\" content=\"Webinar: Bygg och anpassa rapporter i Oxceed\" \/>\n<meta property=\"og:description\" content=\"9 maj:Bygg och anpassa rapporter i Oxceed Vill du skapa b\u00e4ttre rapporter f\u00f6r dina kunder och dessutom effektivisera ditt arbete som redovisningskonsult? I det h\u00e4r webinaret visar vi hur du enkelt kan bygga och anpassa verksamhetsrelevanta resultat- och balansrapporter i Oxceed. Med en anpassad resultat- eller balansrapport kan du ge kunden b\u00e4ttre beslutsunderlag och v\u00e4rdefulla [&hellip;]\" \/>\n<meta property=\"og:url\" content=\"https:\/\/oxceed.com\/fi\/webinar\/bygg-och-anpassa-rapporter-i-oxceed\/\" \/>\n<meta property=\"og:site_name\" content=\"Oxceed Finland\" \/>\n<meta property=\"article:modified_time\" content=\"2025-06-16T13:02:13+00:00\" \/>\n<meta property=\"og:image\" content=\"https:\/\/oxceed.com\/wp-content\/uploads\/sites\/24\/2025\/02\/Skarmavbild-2025-02-20-kl.-13.53.51-150x150.png\" \/>\n<meta name=\"twitter:card\" content=\"summary_large_image\" \/>\n<meta name=\"twitter:label1\" content=\"Estimated reading time\" \/>\n\t<meta name=\"twitter:data1\" content=\"2 minutes\" \/>\n<script type=\"application\/ld+json\" class=\"yoast-schema-graph\">{\"@context\":\"https:\\\/\\\/schema.org\",\"@graph\":[{\"@type\":\"WebPage\",\"@id\":\"https:\\\/\\\/oxceed.com\\\/fi\\\/webinar\\\/bygg-och-anpassa-rapporter-i-oxceed\\\/\",\"url\":\"https:\\\/\\\/oxceed.com\\\/fi\\\/webinar\\\/bygg-och-anpassa-rapporter-i-oxceed\\\/\",\"name\":\"Webinar: Bygg och anpassa rapporter i Oxceed - Oxceed Finland\",\"isPartOf\":{\"@id\":\"https:\\\/\\\/oxceed.com\\\/fi\\\/#website\"},\"primaryImageOfPage\":{\"@id\":\"https:\\\/\\\/oxceed.com\\\/fi\\\/webinar\\\/bygg-och-anpassa-rapporter-i-oxceed\\\/#primaryimage\"},\"image\":{\"@id\":\"https:\\\/\\\/oxceed.com\\\/fi\\\/webinar\\\/bygg-och-anpassa-rapporter-i-oxceed\\\/#primaryimage\"},\"thumbnailUrl\":\"https:\\\/\\\/oxceed.com\\\/wp-content\\\/uploads\\\/sites\\\/24\\\/2025\\\/02\\\/Skarmavbild-2025-02-20-kl.-13.53.51-150x150.png\",\"datePublished\":\"2025-04-29T17:07:13+00:00\",\"dateModified\":\"2025-06-16T13:02:13+00:00\",\"breadcrumb\":{\"@id\":\"https:\\\/\\\/oxceed.com\\\/fi\\\/webinar\\\/bygg-och-anpassa-rapporter-i-oxceed\\\/#breadcrumb\"},\"inLanguage\":\"en-GB\",\"potentialAction\":[{\"@type\":\"ReadAction\",\"target\":[\"https:\\\/\\\/oxceed.com\\\/fi\\\/webinar\\\/bygg-och-anpassa-rapporter-i-oxceed\\\/\"]}]},{\"@type\":\"ImageObject\",\"inLanguage\":\"en-GB\",\"@id\":\"https:\\\/\\\/oxceed.com\\\/fi\\\/webinar\\\/bygg-och-anpassa-rapporter-i-oxceed\\\/#primaryimage\",\"url\":\"https:\\\/\\\/oxceed.com\\\/wp-content\\\/uploads\\\/sites\\\/24\\\/2025\\\/02\\\/Skarmavbild-2025-02-20-kl.-13.53.51-150x150.png\",\"contentUrl\":\"https:\\\/\\\/oxceed.com\\\/wp-content\\\/uploads\\\/sites\\\/24\\\/2025\\\/02\\\/Skarmavbild-2025-02-20-kl.-13.53.51-150x150.png\"},{\"@type\":\"BreadcrumbList\",\"@id\":\"https:\\\/\\\/oxceed.com\\\/fi\\\/webinar\\\/bygg-och-anpassa-rapporter-i-oxceed\\\/#breadcrumb\",\"itemListElement\":[{\"@type\":\"ListItem\",\"position\":1,\"name\":\"Home\",\"item\":\"https:\\\/\\\/oxceed.com\\\/fi\\\/\"},{\"@type\":\"ListItem\",\"position\":2,\"name\":\"Webinar\",\"item\":\"https:\\\/\\\/oxceed.com\\\/fi\\\/webinar\\\/\"},{\"@type\":\"ListItem\",\"position\":3,\"name\":\"Webinar: Bygg och anpassa rapporter i Oxceed\"}]},{\"@type\":\"WebSite\",\"@id\":\"https:\\\/\\\/oxceed.com\\\/fi\\\/#website\",\"url\":\"https:\\\/\\\/oxceed.com\\\/fi\\\/\",\"name\":\"Oxceed Finland\",\"description\":\"Fatta b\u00e4ttre beslut med Oxceed\",\"potentialAction\":[{\"@type\":\"SearchAction\",\"target\":{\"@type\":\"EntryPoint\",\"urlTemplate\":\"https:\\\/\\\/oxceed.com\\\/fi\\\/?s={search_term_string}\"},\"query-input\":{\"@type\":\"PropertyValueSpecification\",\"valueRequired\":true,\"valueName\":\"search_term_string\"}}],\"inLanguage\":\"en-GB\"}]}<\/script>\n<!-- \/ Yoast SEO Premium plugin. -->","yoast_head_json":{"title":"Webinar: Bygg och anpassa rapporter i Oxceed - Oxceed Finland","robots":{"index":"noindex","follow":"follow"},"og_locale":"en_GB","og_type":"article","og_title":"Webinar: Bygg och anpassa rapporter i Oxceed","og_description":"9 maj:Bygg och anpassa rapporter i Oxceed Vill du skapa b\u00e4ttre rapporter f\u00f6r dina kunder och dessutom effektivisera ditt arbete som redovisningskonsult? I det h\u00e4r webinaret visar vi hur du enkelt kan bygga och anpassa verksamhetsrelevanta resultat- och balansrapporter i Oxceed. Med en anpassad resultat- eller balansrapport kan du ge kunden b\u00e4ttre beslutsunderlag och v\u00e4rdefulla [&hellip;]","og_url":"https:\/\/oxceed.com\/fi\/webinar\/bygg-och-anpassa-rapporter-i-oxceed\/","og_site_name":"Oxceed Finland","article_modified_time":"2025-06-16T13:02:13+00:00","og_image":[{"url":"https:\/\/oxceed.com\/wp-content\/uploads\/sites\/24\/2025\/02\/Skarmavbild-2025-02-20-kl.-13.53.51-150x150.png","type":"","width":"","height":""}],"twitter_card":"summary_large_image","twitter_misc":{"Estimated reading time":"2 minutes"},"schema":{"@context":"https:\/\/schema.org","@graph":[{"@type":"WebPage","@id":"https:\/\/oxceed.com\/fi\/webinar\/bygg-och-anpassa-rapporter-i-oxceed\/","url":"https:\/\/oxceed.com\/fi\/webinar\/bygg-och-anpassa-rapporter-i-oxceed\/","name":"Webinar: Bygg och anpassa rapporter i Oxceed - Oxceed Finland","isPartOf":{"@id":"https:\/\/oxceed.com\/fi\/#website"},"primaryImageOfPage":{"@id":"https:\/\/oxceed.com\/fi\/webinar\/bygg-och-anpassa-rapporter-i-oxceed\/#primaryimage"},"image":{"@id":"https:\/\/oxceed.com\/fi\/webinar\/bygg-och-anpassa-rapporter-i-oxceed\/#primaryimage"},"thumbnailUrl":"https:\/\/oxceed.com\/wp-content\/uploads\/sites\/24\/2025\/02\/Skarmavbild-2025-02-20-kl.-13.53.51-150x150.png","datePublished":"2025-04-29T17:07:13+00:00","dateModified":"2025-06-16T13:02:13+00:00","breadcrumb":{"@id":"https:\/\/oxceed.com\/fi\/webinar\/bygg-och-anpassa-rapporter-i-oxceed\/#breadcrumb"},"inLanguage":"en-GB","potentialAction":[{"@type":"ReadAction","target":["https:\/\/oxceed.com\/fi\/webinar\/bygg-och-anpassa-rapporter-i-oxceed\/"]}]},{"@type":"ImageObject","inLanguage":"en-GB","@id":"https:\/\/oxceed.com\/fi\/webinar\/bygg-och-anpassa-rapporter-i-oxceed\/#primaryimage","url":"https:\/\/oxceed.com\/wp-content\/uploads\/sites\/24\/2025\/02\/Skarmavbild-2025-02-20-kl.-13.53.51-150x150.png","contentUrl":"https:\/\/oxceed.com\/wp-content\/uploads\/sites\/24\/2025\/02\/Skarmavbild-2025-02-20-kl.-13.53.51-150x150.png"},{"@type":"BreadcrumbList","@id":"https:\/\/oxceed.com\/fi\/webinar\/bygg-och-anpassa-rapporter-i-oxceed\/#breadcrumb","itemListElement":[{"@type":"ListItem","position":1,"name":"Home","item":"https:\/\/oxceed.com\/fi\/"},{"@type":"ListItem","position":2,"name":"Webinar","item":"https:\/\/oxceed.com\/fi\/webinar\/"},{"@type":"ListItem","position":3,"name":"Webinar: Bygg och anpassa rapporter i Oxceed"}]},{"@type":"WebSite","@id":"https:\/\/oxceed.com\/fi\/#website","url":"https:\/\/oxceed.com\/fi\/","name":"Oxceed Finland","description":"Fatta b\u00e4ttre beslut med Oxceed","potentialAction":[{"@type":"SearchAction","target":{"@type":"EntryPoint","urlTemplate":"https:\/\/oxceed.com\/fi\/?s={search_term_string}"},"query-input":{"@type":"PropertyValueSpecification","valueRequired":true,"valueName":"search_term_string"}}],"inLanguage":"en-GB"}]}},"_links":{"self":[{"href":"https:\/\/oxceed.com\/fi\/wp-json\/wp\/v2\/pages\/33348","targetHints":{"allow":["GET"]}}],"collection":[{"href":"https:\/\/oxceed.com\/fi\/wp-json\/wp\/v2\/pages"}],"about":[{"href":"https:\/\/oxceed.com\/fi\/wp-json\/wp\/v2\/types\/page"}],"author":[{"embeddable":true,"href":"https:\/\/oxceed.com\/fi\/wp-json\/wp\/v2\/users\/7"}],"replies":[{"embeddable":true,"href":"https:\/\/oxceed.com\/fi\/wp-json\/wp\/v2\/comments?post=33348"}],"version-history":[{"count":11,"href":"https:\/\/oxceed.com\/fi\/wp-json\/wp\/v2\/pages\/33348\/revisions"}],"predecessor-version":[{"id":33362,"href":"https:\/\/oxceed.com\/fi\/wp-json\/wp\/v2\/pages\/33348\/revisions\/33362"}],"up":[{"embeddable":true,"href":"https:\/\/oxceed.com\/fi\/wp-json\/wp\/v2\/pages\/15745"}],"wp:attachment":[{"href":"https:\/\/oxceed.com\/fi\/wp-json\/wp\/v2\/media?parent=33348"}],"curies":[{"name":"wp","href":"https:\/\/api.w.org\/{rel}","templated":true}]}}