{"id":33885,"date":"2025-05-20T17:45:08","date_gmt":"2025-05-20T15:45:08","guid":{"rendered":"https:\/\/oxceed.com\/?page_id=33885"},"modified":"2025-06-04T12:42:28","modified_gmt":"2025-06-04T10:42:28","slug":"boka-demo-analys-tack","status":"publish","type":"page","link":"https:\/\/oxceed.com\/fi\/boka-demo-analys-tack\/","title":{"rendered":"Kampanj | Analys | Tack"},"content":{"rendered":"\t\t<div data-elementor-type=\"wp-page\" data-elementor-id=\"33885\" class=\"elementor elementor-33885\" data-elementor-post-type=\"page\">\n\t\t\t\t\t\t<section class=\"elementor-section elementor-top-section elementor-element elementor-element-5fad1a2 elementor-section-stretched elementor-section-boxed elementor-section-height-default elementor-section-height-default elementor-invisible\" data-id=\"5fad1a2\" data-element_type=\"section\" data-e-type=\"section\" data-settings=\"{&quot;jet_parallax_layout_list&quot;:[{&quot;jet_parallax_layout_image&quot;:{&quot;url&quot;:&quot;&quot;,&quot;id&quot;:&quot;&quot;,&quot;size&quot;:&quot;&quot;},&quot;_id&quot;:&quot;38dc778&quot;,&quot;jet_parallax_layout_image_tablet&quot;:{&quot;url&quot;:&quot;&quot;,&quot;id&quot;:&quot;&quot;,&quot;size&quot;:&quot;&quot;},&quot;jet_parallax_layout_image_mobile&quot;:{&quot;url&quot;:&quot;&quot;,&quot;id&quot;:&quot;&quot;,&quot;size&quot;:&quot;&quot;},&quot;jet_parallax_layout_speed&quot;:{&quot;unit&quot;:&quot;%&quot;,&quot;size&quot;:50,&quot;sizes&quot;:[]},&quot;jet_parallax_layout_type&quot;:&quot;scroll&quot;,&quot;jet_parallax_layout_direction&quot;:&quot;1&quot;,&quot;jet_parallax_layout_fx_direction&quot;:null,&quot;jet_parallax_layout_z_index&quot;:&quot;&quot;,&quot;jet_parallax_layout_bg_x&quot;:50,&quot;jet_parallax_layout_bg_x_tablet&quot;:&quot;&quot;,&quot;jet_parallax_layout_bg_x_mobile&quot;:&quot;&quot;,&quot;jet_parallax_layout_bg_y&quot;:50,&quot;jet_parallax_layout_bg_y_tablet&quot;:&quot;&quot;,&quot;jet_parallax_layout_bg_y_mobile&quot;:&quot;&quot;,&quot;jet_parallax_layout_bg_size&quot;:&quot;auto&quot;,&quot;jet_parallax_layout_bg_size_tablet&quot;:&quot;&quot;,&quot;jet_parallax_layout_bg_size_mobile&quot;:&quot;&quot;,&quot;jet_parallax_layout_animation_prop&quot;:&quot;transform&quot;,&quot;jet_parallax_layout_on&quot;:[&quot;desktop&quot;,&quot;tablet&quot;]}],&quot;animation&quot;:&quot;fadeIn&quot;,&quot;background_background&quot;:&quot;classic&quot;,&quot;stretch_section&quot;:&quot;section-stretched&quot;}\">\n\t\t\t\t\t\t<div class=\"elementor-container elementor-column-gap-no\">\n\t\t\t\t\t<div class=\"elementor-column elementor-col-100 elementor-top-column elementor-element elementor-element-2442b852\" data-id=\"2442b852\" data-element_type=\"column\" data-e-type=\"column\">\n\t\t\t<div class=\"elementor-widget-wrap elementor-element-populated\">\n\t\t\t\t\t\t<div class=\"elementor-element elementor-element-15622961 elementor-widget elementor-widget-heading\" data-id=\"15622961\" data-element_type=\"widget\" data-e-type=\"widget\" data-widget_type=\"heading.default\">\n\t\t\t\t\t<h2 class=\"elementor-heading-title elementor-size-default\"><span style=\"color: #003a5d\">Tack - vi h\u00f6r av oss med en tid f\u00f6r <\/span>\n<span style=\"color: #7e55d8\">demo <\/span><\/h2>\t\t\t\t<\/div>\n\t\t\t\t<div class=\"elementor-element elementor-element-2d807bcc elementor-widget elementor-widget-heading\" data-id=\"2d807bcc\" data-element_type=\"widget\" data-e-type=\"widget\" data-widget_type=\"heading.default\">\n\t\t\t\t\t<h2 class=\"elementor-heading-title elementor-size-default\">Medan du v\u00e4ntar p\u00e5 att h\u00f6ra fr\u00e5n oss vill vi tipsa om den h\u00e4r artikeln om hur kassafl\u00f6desanalysen \u00e4r nyckeln till b\u00e4ttre beslutsfattande<\/h2>\t\t\t\t<\/div>\n\t\t\t\t\t<\/div>\n\t\t<\/div>\n\t\t\t\t\t<\/div>\n\t\t<\/section>\n\t\t\t\t<section class=\"elementor-section elementor-top-section elementor-element elementor-element-62fcd840 elementor-reverse-mobile elementor-section-boxed elementor-section-height-default elementor-section-height-default elementor-invisible\" data-id=\"62fcd840\" data-element_type=\"section\" data-e-type=\"section\" data-settings=\"{&quot;jet_parallax_layout_list&quot;:[],&quot;background_background&quot;:&quot;classic&quot;,&quot;animation&quot;:&quot;fadeIn&quot;}\">\n\t\t\t\t\t\t<div class=\"elementor-container elementor-column-gap-no\">\n\t\t\t\t\t<div class=\"elementor-column elementor-col-50 elementor-top-column elementor-element elementor-element-5153973c\" data-id=\"5153973c\" data-element_type=\"column\" data-e-type=\"column\" data-settings=\"{&quot;background_background&quot;:&quot;classic&quot;}\">\n\t\t\t<div class=\"elementor-widget-wrap elementor-element-populated\">\n\t\t\t\t\t\t<div class=\"elementor-element elementor-element-29f2d89d elementor-widget elementor-widget-heading\" data-id=\"29f2d89d\" data-element_type=\"widget\" data-e-type=\"widget\" data-widget_type=\"heading.default\">\n\t\t\t\t\t<h2 class=\"elementor-heading-title elementor-size-default\">Kassafl\u00f6desanalys - Nyckeln till b\u00e4ttre beslutsfattande <\/h2>\t\t\t\t<\/div>\n\t\t\t\t<div class=\"elementor-element elementor-element-29ef501c elementor-widget elementor-widget-text-editor\" data-id=\"29ef501c\" data-element_type=\"widget\" data-e-type=\"widget\" data-widget_type=\"text-editor.default\">\n\t\t\t\t\t\t\t\t\t<p>Det r\u00e4cker inte att ett f\u00f6retag \u00e4r l\u00f6nsamt p\u00e5 pappret. F\u00f6r att verksamheten ska fungera i vardagen kr\u00e4vs n\u00e5got \u00e4nnu mer grundl\u00e4ggande: att det finns pengar n\u00e4r det beh\u00f6vs&#8230;<\/p>\t\t\t\t\t\t\t\t<\/div>\n\t\t\t\t<div class=\"elementor-element elementor-element-58ea2bfc elementor-widget__width-auto elementor-mobile-align-justify elementor-widget elementor-widget-button\" data-id=\"58ea2bfc\" data-element_type=\"widget\" data-e-type=\"widget\" data-widget_type=\"button.default\">\n\t\t\t\t\t\t\t\t\t\t<a class=\"elementor-button elementor-button-link elementor-size-lg\" href=\"https:\/\/oxceed.com\/kassaflodesanalys-en-nyckel-till-battre-beslutsfattande\/\">\n\t\t\t\t\t\t<span class=\"elementor-button-content-wrapper\">\n\t\t\t\t\t\t<span class=\"elementor-button-icon\">\n\t\t\t\t<svg aria-hidden=\"true\" class=\"e-font-icon-svg e-fas-arrow-right\" viewBox=\"0 0 448 512\" xmlns=\"http:\/\/www.w3.org\/2000\/svg\"><path d=\"M190.5 66.9l22.2-22.2c9.4-9.4 24.6-9.4 33.9 0L441 239c9.4 9.4 9.4 24.6 0 33.9L246.6 467.3c-9.4 9.4-24.6 9.4-33.9 0l-22.2-22.2c-9.5-9.5-9.3-25 .4-34.3L311.4 296H24c-13.3 0-24-10.7-24-24v-32c0-13.3 10.7-24 24-24h287.4L190.9 101.2c-9.8-9.3-10-24.8-.4-34.3z\"><\/path><\/svg>\t\t\t<\/span>\n\t\t\t\t\t\t\t\t\t<span class=\"elementor-button-text\">L\u00e4s artikel<\/span>\n\t\t\t\t\t<\/span>\n\t\t\t\t\t<\/a>\n\t\t\t\t\t\t\t\t<\/div>\n\t\t\t\t\t<\/div>\n\t\t<\/div>\n\t\t\t\t<div class=\"elementor-column elementor-col-50 elementor-top-column elementor-element elementor-element-840bff\" data-id=\"840bff\" data-element_type=\"column\" data-e-type=\"column\" data-settings=\"{&quot;background_background&quot;:&quot;classic&quot;}\">\n\t\t\t<div class=\"elementor-widget-wrap elementor-element-populated\">\n\t\t\t\t\t\t<div class=\"elementor-element elementor-element-7a2a85c0 elementor-widget-divider--view-line elementor-widget elementor-widget-divider\" data-id=\"7a2a85c0\" data-element_type=\"widget\" data-e-type=\"widget\" data-widget_type=\"divider.default\">\n\t\t\t\t\t\t\t<div class=\"elementor-divider\">\n\t\t\t<span class=\"elementor-divider-separator\">\n\t\t\t\t\t\t<\/span>\n\t\t<\/div>\n\t\t\t\t\t\t<\/div>\n\t\t\t\t\t<\/div>\n\t\t<\/div>\n\t\t\t\t\t<\/div>\n\t\t<\/section>\n\t\t\t\t<\/div>\n\t\t","protected":false},"excerpt":{"rendered":"<p>Tack &#8211; vi h\u00f6r av oss med en tid f\u00f6r demo Medan du v\u00e4ntar p\u00e5 att h\u00f6ra fr\u00e5n oss vill vi tipsa om den h\u00e4r artikeln om hur kassafl\u00f6desanalysen \u00e4r nyckeln till b\u00e4ttre beslutsfattande Kassafl\u00f6desanalys &#8211; Nyckeln till b\u00e4ttre beslutsfattande Det r\u00e4cker inte att ett f\u00f6retag \u00e4r l\u00f6nsamt p\u00e5 pappret. F\u00f6r att verksamheten ska fungera [&hellip;]<\/p>\n","protected":false},"author":8,"featured_media":0,"parent":0,"menu_order":0,"comment_status":"closed","ping_status":"closed","template":"elementor_header_footer","meta":{"_acf_changed":false,"_trash_the_other_posts":false,"editor_notices":[],"footnotes":""},"class_list":["post-33885","page","type-page","status-publish","hentry"],"acf":[],"yoast_head":"<!-- This site is optimized with the Yoast SEO Premium plugin v26.5 (Yoast SEO v27.5) - https:\/\/yoast.com\/product\/yoast-seo-premium-wordpress\/ -->\n<title>Kampanj | Analys | Tack - Oxceed Finland<\/title>\n<meta name=\"robots\" content=\"noindex, follow\" \/>\n<meta property=\"og:locale\" content=\"en_GB\" \/>\n<meta property=\"og:type\" content=\"article\" \/>\n<meta property=\"og:title\" content=\"Kampanj | Analys | Tack\" \/>\n<meta property=\"og:description\" content=\"Tack &#8211; vi h\u00f6r av oss med en tid f\u00f6r demo Medan du v\u00e4ntar p\u00e5 att h\u00f6ra fr\u00e5n oss vill vi tipsa om den h\u00e4r artikeln om hur kassafl\u00f6desanalysen \u00e4r nyckeln till b\u00e4ttre beslutsfattande Kassafl\u00f6desanalys &#8211; Nyckeln till b\u00e4ttre beslutsfattande Det r\u00e4cker inte att ett f\u00f6retag \u00e4r l\u00f6nsamt p\u00e5 pappret. F\u00f6r att verksamheten ska fungera [&hellip;]\" \/>\n<meta property=\"og:url\" content=\"https:\/\/oxceed.com\/fi\/boka-demo-analys-tack\/\" \/>\n<meta property=\"og:site_name\" content=\"Oxceed Finland\" \/>\n<meta property=\"article:modified_time\" content=\"2025-06-04T10:42:28+00:00\" \/>\n<meta name=\"twitter:card\" content=\"summary_large_image\" \/>\n<meta name=\"twitter:label1\" content=\"Estimated reading time\" \/>\n\t<meta name=\"twitter:data1\" content=\"1 minute\" \/>\n<script type=\"application\/ld+json\" class=\"yoast-schema-graph\">{\"@context\":\"https:\\\/\\\/schema.org\",\"@graph\":[{\"@type\":\"WebPage\",\"@id\":\"https:\\\/\\\/oxceed.com\\\/fi\\\/boka-demo-analys-tack\\\/\",\"url\":\"https:\\\/\\\/oxceed.com\\\/fi\\\/boka-demo-analys-tack\\\/\",\"name\":\"Kampanj | Analys | Tack - Oxceed Finland\",\"isPartOf\":{\"@id\":\"https:\\\/\\\/oxceed.com\\\/fi\\\/#website\"},\"datePublished\":\"2025-05-20T15:45:08+00:00\",\"dateModified\":\"2025-06-04T10:42:28+00:00\",\"breadcrumb\":{\"@id\":\"https:\\\/\\\/oxceed.com\\\/fi\\\/boka-demo-analys-tack\\\/#breadcrumb\"},\"inLanguage\":\"en-GB\",\"potentialAction\":[{\"@type\":\"ReadAction\",\"target\":[\"https:\\\/\\\/oxceed.com\\\/fi\\\/boka-demo-analys-tack\\\/\"]}]},{\"@type\":\"BreadcrumbList\",\"@id\":\"https:\\\/\\\/oxceed.com\\\/fi\\\/boka-demo-analys-tack\\\/#breadcrumb\",\"itemListElement\":[{\"@type\":\"ListItem\",\"position\":1,\"name\":\"Home\",\"item\":\"https:\\\/\\\/oxceed.com\\\/fi\\\/\"},{\"@type\":\"ListItem\",\"position\":2,\"name\":\"Kampanj | Analys | Tack\"}]},{\"@type\":\"WebSite\",\"@id\":\"https:\\\/\\\/oxceed.com\\\/fi\\\/#website\",\"url\":\"https:\\\/\\\/oxceed.com\\\/fi\\\/\",\"name\":\"Oxceed Finland\",\"description\":\"Fatta b\u00e4ttre beslut med Oxceed\",\"potentialAction\":[{\"@type\":\"SearchAction\",\"target\":{\"@type\":\"EntryPoint\",\"urlTemplate\":\"https:\\\/\\\/oxceed.com\\\/fi\\\/?s={search_term_string}\"},\"query-input\":{\"@type\":\"PropertyValueSpecification\",\"valueRequired\":true,\"valueName\":\"search_term_string\"}}],\"inLanguage\":\"en-GB\"}]}<\/script>\n<!-- \/ Yoast SEO Premium plugin. -->","yoast_head_json":{"title":"Kampanj | Analys | Tack - Oxceed Finland","robots":{"index":"noindex","follow":"follow"},"og_locale":"en_GB","og_type":"article","og_title":"Kampanj | Analys | Tack","og_description":"Tack &#8211; vi h\u00f6r av oss med en tid f\u00f6r demo Medan du v\u00e4ntar p\u00e5 att h\u00f6ra fr\u00e5n oss vill vi tipsa om den h\u00e4r artikeln om hur kassafl\u00f6desanalysen \u00e4r nyckeln till b\u00e4ttre beslutsfattande Kassafl\u00f6desanalys &#8211; Nyckeln till b\u00e4ttre beslutsfattande Det r\u00e4cker inte att ett f\u00f6retag \u00e4r l\u00f6nsamt p\u00e5 pappret. F\u00f6r att verksamheten ska fungera [&hellip;]","og_url":"https:\/\/oxceed.com\/fi\/boka-demo-analys-tack\/","og_site_name":"Oxceed Finland","article_modified_time":"2025-06-04T10:42:28+00:00","twitter_card":"summary_large_image","twitter_misc":{"Estimated reading time":"1 minute"},"schema":{"@context":"https:\/\/schema.org","@graph":[{"@type":"WebPage","@id":"https:\/\/oxceed.com\/fi\/boka-demo-analys-tack\/","url":"https:\/\/oxceed.com\/fi\/boka-demo-analys-tack\/","name":"Kampanj | Analys | Tack - Oxceed Finland","isPartOf":{"@id":"https:\/\/oxceed.com\/fi\/#website"},"datePublished":"2025-05-20T15:45:08+00:00","dateModified":"2025-06-04T10:42:28+00:00","breadcrumb":{"@id":"https:\/\/oxceed.com\/fi\/boka-demo-analys-tack\/#breadcrumb"},"inLanguage":"en-GB","potentialAction":[{"@type":"ReadAction","target":["https:\/\/oxceed.com\/fi\/boka-demo-analys-tack\/"]}]},{"@type":"BreadcrumbList","@id":"https:\/\/oxceed.com\/fi\/boka-demo-analys-tack\/#breadcrumb","itemListElement":[{"@type":"ListItem","position":1,"name":"Home","item":"https:\/\/oxceed.com\/fi\/"},{"@type":"ListItem","position":2,"name":"Kampanj | Analys | Tack"}]},{"@type":"WebSite","@id":"https:\/\/oxceed.com\/fi\/#website","url":"https:\/\/oxceed.com\/fi\/","name":"Oxceed Finland","description":"Fatta b\u00e4ttre beslut med Oxceed","potentialAction":[{"@type":"SearchAction","target":{"@type":"EntryPoint","urlTemplate":"https:\/\/oxceed.com\/fi\/?s={search_term_string}"},"query-input":{"@type":"PropertyValueSpecification","valueRequired":true,"valueName":"search_term_string"}}],"inLanguage":"en-GB"}]}},"_links":{"self":[{"href":"https:\/\/oxceed.com\/fi\/wp-json\/wp\/v2\/pages\/33885","targetHints":{"allow":["GET"]}}],"collection":[{"href":"https:\/\/oxceed.com\/fi\/wp-json\/wp\/v2\/pages"}],"about":[{"href":"https:\/\/oxceed.com\/fi\/wp-json\/wp\/v2\/types\/page"}],"author":[{"embeddable":true,"href":"https:\/\/oxceed.com\/fi\/wp-json\/wp\/v2\/users\/8"}],"replies":[{"embeddable":true,"href":"https:\/\/oxceed.com\/fi\/wp-json\/wp\/v2\/comments?post=33885"}],"version-history":[{"count":16,"href":"https:\/\/oxceed.com\/fi\/wp-json\/wp\/v2\/pages\/33885\/revisions"}],"predecessor-version":[{"id":34248,"href":"https:\/\/oxceed.com\/fi\/wp-json\/wp\/v2\/pages\/33885\/revisions\/34248"}],"wp:attachment":[{"href":"https:\/\/oxceed.com\/fi\/wp-json\/wp\/v2\/media?parent=33885"}],"curies":[{"name":"wp","href":"https:\/\/api.w.org\/{rel}","templated":true}]}}