{"id":16281,"date":"2021-11-22T16:57:15","date_gmt":"2021-11-22T15:57:15","guid":{"rendered":"https:\/\/oxceed.com\/?page_id=16281"},"modified":"2021-11-24T10:50:16","modified_gmt":"2021-11-24T09:50:16","slug":"produktnyheter-november-2021","status":"publish","type":"page","link":"https:\/\/oxceed.com\/no\/produktnyheter-november-2021\/","title":{"rendered":"Produktnyheter November 2021"},"content":{"rendered":"\t\t<div data-elementor-type=\"wp-page\" data-elementor-id=\"16281\" class=\"elementor elementor-16281\" data-elementor-post-type=\"page\">\n\t\t\t\t\t\t<section class=\"elementor-section elementor-top-section elementor-element elementor-element-7048d39 elementor-section-boxed elementor-section-height-default elementor-section-height-default\" data-id=\"7048d39\" data-element_type=\"section\" data-e-type=\"section\" data-settings=\"{&quot;jet_parallax_layout_list&quot;:[{&quot;jet_parallax_layout_image&quot;:{&quot;url&quot;:&quot;&quot;,&quot;id&quot;:&quot;&quot;,&quot;size&quot;:&quot;&quot;},&quot;_id&quot;:&quot;d08e567&quot;,&quot;jet_parallax_layout_image_tablet&quot;:{&quot;url&quot;:&quot;&quot;,&quot;id&quot;:&quot;&quot;,&quot;size&quot;:&quot;&quot;},&quot;jet_parallax_layout_image_mobile&quot;:{&quot;url&quot;:&quot;&quot;,&quot;id&quot;:&quot;&quot;,&quot;size&quot;:&quot;&quot;},&quot;jet_parallax_layout_speed&quot;:{&quot;unit&quot;:&quot;%&quot;,&quot;size&quot;:50,&quot;sizes&quot;:[]},&quot;jet_parallax_layout_type&quot;:&quot;scroll&quot;,&quot;jet_parallax_layout_direction&quot;:&quot;1&quot;,&quot;jet_parallax_layout_fx_direction&quot;:null,&quot;jet_parallax_layout_z_index&quot;:&quot;&quot;,&quot;jet_parallax_layout_bg_x&quot;:50,&quot;jet_parallax_layout_bg_x_tablet&quot;:&quot;&quot;,&quot;jet_parallax_layout_bg_x_mobile&quot;:&quot;&quot;,&quot;jet_parallax_layout_bg_y&quot;:50,&quot;jet_parallax_layout_bg_y_tablet&quot;:&quot;&quot;,&quot;jet_parallax_layout_bg_y_mobile&quot;:&quot;&quot;,&quot;jet_parallax_layout_bg_size&quot;:&quot;auto&quot;,&quot;jet_parallax_layout_bg_size_tablet&quot;:&quot;&quot;,&quot;jet_parallax_layout_bg_size_mobile&quot;:&quot;&quot;,&quot;jet_parallax_layout_animation_prop&quot;:&quot;transform&quot;,&quot;jet_parallax_layout_on&quot;:[&quot;desktop&quot;,&quot;tablet&quot;]}]}\">\n\t\t\t\t\t\t<div class=\"elementor-container elementor-column-gap-default\">\n\t\t\t\t\t<div class=\"elementor-column elementor-col-100 elementor-top-column elementor-element elementor-element-49f4f91\" data-id=\"49f4f91\" data-element_type=\"column\" data-e-type=\"column\">\n\t\t\t<div class=\"elementor-widget-wrap elementor-element-populated\">\n\t\t\t\t\t\t<div class=\"elementor-element elementor-element-8b09176 elementor-widget elementor-widget-heading\" data-id=\"8b09176\" data-element_type=\"widget\" data-e-type=\"widget\" data-widget_type=\"heading.default\">\n\t\t\t\t\t<h2 class=\"elementor-heading-title elementor-size-default\">Produktnyheter november 2021<\/h2>\t\t\t\t<\/div>\n\t\t\t\t<div class=\"elementor-element elementor-element-934a377 elementor-widget elementor-widget-text-editor\" data-id=\"934a377\" data-element_type=\"widget\" data-e-type=\"widget\" data-widget_type=\"text-editor.default\">\n\t\t\t\t\t\t\t\t\t<p><strong>Detaljbudget<\/strong><\/p><p>Det gamla till\u00e4gget Artikelbudget har i Oxceed 2 ersatts av Detaljbudget som \u00e4r ett lite flexiblare till\u00e4gg som \u00e4r mycket enklare att anv\u00e4nda. Detta anv\u00e4nds av kunder f\u00f6r att, bland annat, budgetera konsultint\u00e4kter och kostnader. Genom att aktivera Detaljerad budget p\u00e5 ett (eller flera) konto s\u00e5 f\u00e5r man m\u00f6jlighet att bryta ner kontot i flera specificerade rader av information. Budgetbeloppen best\u00e5r av pris och antal\/m\u00e5nad. Kan som sagt anv\u00e4ndas f\u00f6r lite mer detaljeras int\u00e4kts eller kostnadsbudget.<\/p><p><strong>Enkel budget \/ prognos <\/strong><\/p><p>Denna funktion \u00e4r redan tillg\u00e4nglig f\u00f6r alla f\u00f6retag som har tillg\u00e5ng till v\u00e5r budgetmodul och \u00e4r designad f\u00f6r att man ska kunna skapa budget snabbt och enkelt.<\/p><p>V\u00e4lj ett startbelopp, f\u00f6reg\u00e5ende \u00e5r eller en tidigare budget\/prognos. Sen kan man justera beloppet med hj\u00e4lp av spakarna. Enklare och snabbare kan det knappt bli. Denna har blivit v\u00e4ldigt uppskattad p\u00e5 kort tid och \u00e4r n\u00e5got vi arbetar vidare p\u00e5 att f\u00f6rb\u00e4ttra ytterligare. Idag kan man endast g\u00f6ra budget p\u00e5 detta vis, men om tv\u00e5 veckor sl\u00e4pper vi uppdateringen att man \u00e4ven kan skapa prognoser med samma modell!<\/p><p>Notera att en enkel budget g\u00e5r att \u00e4ndras till en standardbudget om man vill b\u00f6rja enkelt f\u00f6r att sedan justera p\u00e5 detaljerna, prova det!<\/p><p><strong>Ut\u00f6kad l\u00e4sare<\/strong><\/p><p>Vi har lagt till en ny anv\u00e4ndarroll som finns b\u00e5de f\u00f6r f\u00f6retag och byr\u00e5er. \u2019Ut\u00f6kad l\u00e4sare\u2019 \u00e4r en mellanvariant mellan L\u00e4sare och Deltagare. L\u00e4sare kan i Oxceed 2 inte alls borra i n\u00e5gon information. Men det kan den \u2019Ut\u00f6kade l\u00e4saren\u2019 g\u00f6ra. Den kan ocks\u00e5 ta del av Rapport-meny d\u00e4r man kan styra vilka kostnadsst\u00e4llen och\/eller rapporter den ska f\u00e5 tillg\u00e5ng till.<\/p><p><strong>Uppdatera personalbudget via Excel<\/strong><\/p><p>N\u00e4r vi byggde om v\u00e5r Personalbudget i Oxceed 2 gjorde vi m\u00e5nga f\u00f6rb\u00e4ttringar i gr\u00e4nssnittet och en av de med g\u00f6mda s\u00e5dana, men eftertraktade, \u00e4r att importera\/uppdatera personal via Excel.<br \/>I Personallistan kan man ladda ner hela (eller en mall) personallistan. Sen kan man i Excel antingen l\u00e4gga till fler eller uppdatera befintlig personal.<\/p><p><strong>Uppdatera manuella v\u00e4rden via Excel<\/strong><\/p><p>Precis som f\u00f6r personal har det l\u00e4nge fr\u00e5gats om att uppdatera Manuella v\u00e4rden via Excel och det har vi h\u00f6rsammat. Manuella v\u00e4rden \u00e4r en del av till\u00e4gget \u2019Egna nyckeltal\u2019 och hanterar data som inte vanligtvis finns i Oxceed.<\/p>\t\t\t\t\t\t\t\t<\/div>\n\t\t\t\t\t<\/div>\n\t\t<\/div>\n\t\t\t\t\t<\/div>\n\t\t<\/section>\n\t\t\t\t<section class=\"elementor-section elementor-top-section elementor-element elementor-element-9b5db10 elementor-section-boxed elementor-section-height-default elementor-section-height-default elementor-invisible\" data-id=\"9b5db10\" data-element_type=\"section\" data-e-type=\"section\" data-settings=\"{&quot;jet_parallax_layout_list&quot;:[{&quot;jet_parallax_layout_image&quot;:{&quot;url&quot;:&quot;&quot;,&quot;id&quot;:&quot;&quot;,&quot;size&quot;:&quot;&quot;},&quot;_id&quot;:&quot;c25ed6b&quot;,&quot;jet_parallax_layout_image_tablet&quot;:{&quot;url&quot;:&quot;&quot;,&quot;id&quot;:&quot;&quot;,&quot;size&quot;:&quot;&quot;},&quot;jet_parallax_layout_image_mobile&quot;:{&quot;url&quot;:&quot;&quot;,&quot;id&quot;:&quot;&quot;,&quot;size&quot;:&quot;&quot;},&quot;jet_parallax_layout_speed&quot;:{&quot;unit&quot;:&quot;%&quot;,&quot;size&quot;:50,&quot;sizes&quot;:[]},&quot;jet_parallax_layout_type&quot;:&quot;scroll&quot;,&quot;jet_parallax_layout_direction&quot;:&quot;1&quot;,&quot;jet_parallax_layout_fx_direction&quot;:null,&quot;jet_parallax_layout_z_index&quot;:&quot;&quot;,&quot;jet_parallax_layout_bg_x&quot;:50,&quot;jet_parallax_layout_bg_x_tablet&quot;:&quot;&quot;,&quot;jet_parallax_layout_bg_x_mobile&quot;:&quot;&quot;,&quot;jet_parallax_layout_bg_y&quot;:50,&quot;jet_parallax_layout_bg_y_tablet&quot;:&quot;&quot;,&quot;jet_parallax_layout_bg_y_mobile&quot;:&quot;&quot;,&quot;jet_parallax_layout_bg_size&quot;:&quot;auto&quot;,&quot;jet_parallax_layout_bg_size_tablet&quot;:&quot;&quot;,&quot;jet_parallax_layout_bg_size_mobile&quot;:&quot;&quot;,&quot;jet_parallax_layout_animation_prop&quot;:&quot;transform&quot;,&quot;jet_parallax_layout_on&quot;:[&quot;desktop&quot;,&quot;tablet&quot;]}],&quot;animation&quot;:&quot;fadeIn&quot;}\">\n\t\t\t\t\t\t<div class=\"elementor-container elementor-column-gap-no\">\n\t\t\t\t\t<div class=\"elementor-column elementor-col-100 elementor-top-column elementor-element elementor-element-69d3ce8\" data-id=\"69d3ce8\" data-element_type=\"column\" data-e-type=\"column\">\n\t\t\t<div class=\"elementor-widget-wrap elementor-element-populated\">\n\t\t\t\t\t\t<section class=\"elementor-section elementor-inner-section elementor-element elementor-element-93d9f8c elementor-section-boxed elementor-section-height-default elementor-section-height-default\" data-id=\"93d9f8c\" data-element_type=\"section\" data-e-type=\"section\" data-settings=\"{&quot;jet_parallax_layout_list&quot;:[{&quot;jet_parallax_layout_image&quot;:{&quot;url&quot;:&quot;&quot;,&quot;id&quot;:&quot;&quot;,&quot;size&quot;:&quot;&quot;},&quot;_id&quot;:&quot;0c51c8f&quot;,&quot;jet_parallax_layout_image_tablet&quot;:{&quot;url&quot;:&quot;&quot;,&quot;id&quot;:&quot;&quot;,&quot;size&quot;:&quot;&quot;},&quot;jet_parallax_layout_image_mobile&quot;:{&quot;url&quot;:&quot;&quot;,&quot;id&quot;:&quot;&quot;,&quot;size&quot;:&quot;&quot;},&quot;jet_parallax_layout_speed&quot;:{&quot;unit&quot;:&quot;%&quot;,&quot;size&quot;:50,&quot;sizes&quot;:[]},&quot;jet_parallax_layout_type&quot;:&quot;scroll&quot;,&quot;jet_parallax_layout_direction&quot;:&quot;1&quot;,&quot;jet_parallax_layout_fx_direction&quot;:null,&quot;jet_parallax_layout_z_index&quot;:&quot;&quot;,&quot;jet_parallax_layout_bg_x&quot;:50,&quot;jet_parallax_layout_bg_x_tablet&quot;:&quot;&quot;,&quot;jet_parallax_layout_bg_x_mobile&quot;:&quot;&quot;,&quot;jet_parallax_layout_bg_y&quot;:50,&quot;jet_parallax_layout_bg_y_tablet&quot;:&quot;&quot;,&quot;jet_parallax_layout_bg_y_mobile&quot;:&quot;&quot;,&quot;jet_parallax_layout_bg_size&quot;:&quot;auto&quot;,&quot;jet_parallax_layout_bg_size_tablet&quot;:&quot;&quot;,&quot;jet_parallax_layout_bg_size_mobile&quot;:&quot;&quot;,&quot;jet_parallax_layout_animation_prop&quot;:&quot;transform&quot;,&quot;jet_parallax_layout_on&quot;:[&quot;desktop&quot;,&quot;tablet&quot;]}]}\">\n\t\t\t\t\t\t<div class=\"elementor-container elementor-column-gap-no\">\n\t\t\t\t\t<div class=\"elementor-column elementor-col-100 elementor-inner-column elementor-element elementor-element-d993b64\" data-id=\"d993b64\" data-element_type=\"column\" data-e-type=\"column\">\n\t\t\t<div class=\"elementor-widget-wrap elementor-element-populated\">\n\t\t\t\t\t\t<div class=\"elementor-element elementor-element-a17bbbd elementor-widget elementor-widget-heading\" data-id=\"a17bbbd\" data-element_type=\"widget\" data-e-type=\"widget\" data-widget_type=\"heading.default\">\n\t\t\t\t\t<h1 class=\"elementor-heading-title elementor-size-default\">Vill du veta mer?<\/h1>\t\t\t\t<\/div>\n\t\t\t\t<div class=\"elementor-element elementor-element-30e4189 elementor-widget elementor-widget-text-editor\" data-id=\"30e4189\" data-element_type=\"widget\" data-e-type=\"widget\" data-widget_type=\"text-editor.default\">\n\t\t\t\t\t\t\t\t\t<p>Kontakta oss om du vill veta mer om hur ovanst\u00e5ende funktioner kan f\u00f6renkla och f\u00f6rb\u00e4ttra ditt anv\u00e4ndande av Oxceed.<\/p>\t\t\t\t\t\t\t\t<\/div>\n\t\t\t\t\t<\/div>\n\t\t<\/div>\n\t\t\t\t\t<\/div>\n\t\t<\/section>\n\t\t\t\t<section class=\"elementor-section elementor-inner-section elementor-element elementor-element-e27370e elementor-section-boxed elementor-section-height-default elementor-section-height-default\" data-id=\"e27370e\" data-element_type=\"section\" data-e-type=\"section\" data-settings=\"{&quot;jet_parallax_layout_list&quot;:[{&quot;jet_parallax_layout_image&quot;:{&quot;url&quot;:&quot;&quot;,&quot;id&quot;:&quot;&quot;,&quot;size&quot;:&quot;&quot;},&quot;_id&quot;:&quot;4fd59f2&quot;,&quot;jet_parallax_layout_image_tablet&quot;:{&quot;url&quot;:&quot;&quot;,&quot;id&quot;:&quot;&quot;,&quot;size&quot;:&quot;&quot;},&quot;jet_parallax_layout_image_mobile&quot;:{&quot;url&quot;:&quot;&quot;,&quot;id&quot;:&quot;&quot;,&quot;size&quot;:&quot;&quot;},&quot;jet_parallax_layout_speed&quot;:{&quot;unit&quot;:&quot;%&quot;,&quot;size&quot;:50,&quot;sizes&quot;:[]},&quot;jet_parallax_layout_type&quot;:&quot;scroll&quot;,&quot;jet_parallax_layout_direction&quot;:&quot;1&quot;,&quot;jet_parallax_layout_fx_direction&quot;:null,&quot;jet_parallax_layout_z_index&quot;:&quot;&quot;,&quot;jet_parallax_layout_bg_x&quot;:50,&quot;jet_parallax_layout_bg_x_tablet&quot;:&quot;&quot;,&quot;jet_parallax_layout_bg_x_mobile&quot;:&quot;&quot;,&quot;jet_parallax_layout_bg_y&quot;:50,&quot;jet_parallax_layout_bg_y_tablet&quot;:&quot;&quot;,&quot;jet_parallax_layout_bg_y_mobile&quot;:&quot;&quot;,&quot;jet_parallax_layout_bg_size&quot;:&quot;auto&quot;,&quot;jet_parallax_layout_bg_size_tablet&quot;:&quot;&quot;,&quot;jet_parallax_layout_bg_size_mobile&quot;:&quot;&quot;,&quot;jet_parallax_layout_animation_prop&quot;:&quot;transform&quot;,&quot;jet_parallax_layout_on&quot;:[&quot;desktop&quot;,&quot;tablet&quot;]}]}\">\n\t\t\t\t\t\t<div class=\"elementor-container elementor-column-gap-no\">\n\t\t\t\t\t<div class=\"elementor-column elementor-col-50 elementor-inner-column elementor-element elementor-element-da935c1\" data-id=\"da935c1\" data-element_type=\"column\" data-e-type=\"column\">\n\t\t\t<div class=\"elementor-widget-wrap elementor-element-populated\">\n\t\t\t\t\t\t<div class=\"elementor-element elementor-element-b7abb11 elementor-widget__width-initial elementor-widget elementor-widget-icon-box\" data-id=\"b7abb11\" data-element_type=\"widget\" data-e-type=\"widget\" data-widget_type=\"icon-box.default\">\n\t\t\t\t\t\t\t<div class=\"elementor-icon-box-wrapper\">\n\n\t\t\t\n\t\t\t\t\t\t<div class=\"elementor-icon-box-content\">\n\n\t\t\t\t\t\t\t\t\t<h3 class=\"elementor-icon-box-title\">\n\t\t\t\t\t\t<span  >\n\t\t\t\t\t\t\t<i class=\"fad fa-mobile wc-icon-teal-3em\"><\/i> <br \/>Telefon\t\t\t\t\t\t<\/span>\n\t\t\t\t\t<\/h3>\n\t\t\t\t\n\t\t\t\t\t\t\t\t\t<p class=\"elementor-icon-box-description\">\n\t\t\t\t\t\t<a href=\"tel:+46812855585\">+46812855585<\/a>\t\t\t\t\t<\/p>\n\t\t\t\t\n\t\t\t<\/div>\n\t\t\t\n\t\t<\/div>\n\t\t\t\t\t\t<\/div>\n\t\t\t\t\t<\/div>\n\t\t<\/div>\n\t\t\t\t<div class=\"elementor-column elementor-col-50 elementor-inner-column elementor-element elementor-element-1ddb5ee\" data-id=\"1ddb5ee\" data-element_type=\"column\" data-e-type=\"column\">\n\t\t\t<div class=\"elementor-widget-wrap elementor-element-populated\">\n\t\t\t\t\t\t<div class=\"elementor-element elementor-element-53b425f elementor-widget__width-initial elementor-widget elementor-widget-icon-box\" data-id=\"53b425f\" data-element_type=\"widget\" data-e-type=\"widget\" data-widget_type=\"icon-box.default\">\n\t\t\t\t\t\t\t<div class=\"elementor-icon-box-wrapper\">\n\n\t\t\t\n\t\t\t\t\t\t<div class=\"elementor-icon-box-content\">\n\n\t\t\t\t\t\t\t\t\t<h3 class=\"elementor-icon-box-title\">\n\t\t\t\t\t\t<span  >\n\t\t\t\t\t\t\t<i class=\"fad fa-at wc-icon-teal-3em\"><\/i> <br \/>Email\t\t\t\t\t\t<\/span>\n\t\t\t\t\t<\/h3>\n\t\t\t\t\n\t\t\t\t\t\t\t\t\t<p class=\"elementor-icon-box-description\">\n\t\t\t\t\t\t<a href=\"mailto:sales@oxceed.se\">sales@oxceed.se<\/a>\t\t\t\t\t<\/p>\n\t\t\t\t\n\t\t\t<\/div>\n\t\t\t\n\t\t<\/div>\n\t\t\t\t\t\t<\/div>\n\t\t\t\t\t<\/div>\n\t\t<\/div>\n\t\t\t\t\t<\/div>\n\t\t<\/section>\n\t\t\t\t\t<\/div>\n\t\t<\/div>\n\t\t\t\t\t<\/div>\n\t\t<\/section>\n\t\t\t\t<\/div>\n\t\t","protected":false},"excerpt":{"rendered":"<p>Produktnyheter november 2021 Detaljbudget Det gamla till\u00e4gget Artikelbudget har i Oxceed 2 ersatts av Detaljbudget som \u00e4r ett lite flexiblare till\u00e4gg som \u00e4r mycket enklare att anv\u00e4nda. Detta anv\u00e4nds av kunder f\u00f6r att, bland annat, budgetera konsultint\u00e4kter och kostnader. Genom att aktivera Detaljerad budget p\u00e5 ett (eller flera) konto s\u00e5 f\u00e5r man m\u00f6jlighet att bryta [&hellip;]<\/p>\n","protected":false},"author":2,"featured_media":0,"parent":0,"menu_order":0,"comment_status":"closed","ping_status":"closed","template":"","meta":{"_acf_changed":false,"_trash_the_other_posts":false,"editor_notices":[],"footnotes":""},"class_list":["post-16281","page","type-page","status-publish","hentry"],"acf":[],"yoast_head":"<!-- This site is optimized with the Yoast SEO Premium plugin v26.5 (Yoast SEO v27.5) - https:\/\/yoast.com\/product\/yoast-seo-premium-wordpress\/ -->\n<title>Produktnyheter November 2021 - Oxceed Norway<\/title>\n<meta name=\"robots\" content=\"noindex, follow\" \/>\n<meta property=\"og:locale\" content=\"en_GB\" \/>\n<meta property=\"og:type\" content=\"article\" \/>\n<meta property=\"og:title\" content=\"Produktnyheter November 2021\" \/>\n<meta property=\"og:description\" content=\"Produktnyheter november 2021 Detaljbudget Det gamla till\u00e4gget Artikelbudget har i Oxceed 2 ersatts av Detaljbudget som \u00e4r ett lite flexiblare till\u00e4gg som \u00e4r mycket enklare att anv\u00e4nda. Detta anv\u00e4nds av kunder f\u00f6r att, bland annat, budgetera konsultint\u00e4kter och kostnader. Genom att aktivera Detaljerad budget p\u00e5 ett (eller flera) konto s\u00e5 f\u00e5r man m\u00f6jlighet att bryta [&hellip;]\" \/>\n<meta property=\"og:url\" content=\"https:\/\/oxceed.com\/no\/produktnyheter-november-2021\/\" \/>\n<meta property=\"og:site_name\" content=\"Oxceed Norway\" \/>\n<meta property=\"article:modified_time\" content=\"2021-11-24T09:50:16+00:00\" \/>\n<meta name=\"twitter:card\" content=\"summary_large_image\" \/>\n<meta name=\"twitter:label1\" content=\"Estimated reading time\" \/>\n\t<meta name=\"twitter:data1\" content=\"2 minutes\" \/>\n<script type=\"application\/ld+json\" class=\"yoast-schema-graph\">{\"@context\":\"https:\\\/\\\/schema.org\",\"@graph\":[{\"@type\":\"WebPage\",\"@id\":\"https:\\\/\\\/oxceed.com\\\/no\\\/produktnyheter-november-2021\\\/\",\"url\":\"https:\\\/\\\/oxceed.com\\\/no\\\/produktnyheter-november-2021\\\/\",\"name\":\"Produktnyheter November 2021 - Oxceed Norway\",\"isPartOf\":{\"@id\":\"https:\\\/\\\/oxceed.com\\\/no\\\/#website\"},\"datePublished\":\"2021-11-22T15:57:15+00:00\",\"dateModified\":\"2021-11-24T09:50:16+00:00\",\"breadcrumb\":{\"@id\":\"https:\\\/\\\/oxceed.com\\\/no\\\/produktnyheter-november-2021\\\/#breadcrumb\"},\"inLanguage\":\"en-GB\",\"potentialAction\":[{\"@type\":\"ReadAction\",\"target\":[\"https:\\\/\\\/oxceed.com\\\/no\\\/produktnyheter-november-2021\\\/\"]}]},{\"@type\":\"BreadcrumbList\",\"@id\":\"https:\\\/\\\/oxceed.com\\\/no\\\/produktnyheter-november-2021\\\/#breadcrumb\",\"itemListElement\":[{\"@type\":\"ListItem\",\"position\":1,\"name\":\"Home\",\"item\":\"https:\\\/\\\/oxceed.com\\\/no\\\/\"},{\"@type\":\"ListItem\",\"position\":2,\"name\":\"Produktnyheter November 2021\"}]},{\"@type\":\"WebSite\",\"@id\":\"https:\\\/\\\/oxceed.com\\\/no\\\/#website\",\"url\":\"https:\\\/\\\/oxceed.com\\\/no\\\/\",\"name\":\"Oxceed Norway\",\"description\":\"Fatta b\u00e4ttre beslut med Oxceed\",\"potentialAction\":[{\"@type\":\"SearchAction\",\"target\":{\"@type\":\"EntryPoint\",\"urlTemplate\":\"https:\\\/\\\/oxceed.com\\\/no\\\/?s={search_term_string}\"},\"query-input\":{\"@type\":\"PropertyValueSpecification\",\"valueRequired\":true,\"valueName\":\"search_term_string\"}}],\"inLanguage\":\"en-GB\"}]}<\/script>\n<!-- \/ Yoast SEO Premium plugin. -->","yoast_head_json":{"title":"Produktnyheter November 2021 - Oxceed Norway","robots":{"index":"noindex","follow":"follow"},"og_locale":"en_GB","og_type":"article","og_title":"Produktnyheter November 2021","og_description":"Produktnyheter november 2021 Detaljbudget Det gamla till\u00e4gget Artikelbudget har i Oxceed 2 ersatts av Detaljbudget som \u00e4r ett lite flexiblare till\u00e4gg som \u00e4r mycket enklare att anv\u00e4nda. Detta anv\u00e4nds av kunder f\u00f6r att, bland annat, budgetera konsultint\u00e4kter och kostnader. Genom att aktivera Detaljerad budget p\u00e5 ett (eller flera) konto s\u00e5 f\u00e5r man m\u00f6jlighet att bryta [&hellip;]","og_url":"https:\/\/oxceed.com\/no\/produktnyheter-november-2021\/","og_site_name":"Oxceed Norway","article_modified_time":"2021-11-24T09:50:16+00:00","twitter_card":"summary_large_image","twitter_misc":{"Estimated reading time":"2 minutes"},"schema":{"@context":"https:\/\/schema.org","@graph":[{"@type":"WebPage","@id":"https:\/\/oxceed.com\/no\/produktnyheter-november-2021\/","url":"https:\/\/oxceed.com\/no\/produktnyheter-november-2021\/","name":"Produktnyheter November 2021 - Oxceed Norway","isPartOf":{"@id":"https:\/\/oxceed.com\/no\/#website"},"datePublished":"2021-11-22T15:57:15+00:00","dateModified":"2021-11-24T09:50:16+00:00","breadcrumb":{"@id":"https:\/\/oxceed.com\/no\/produktnyheter-november-2021\/#breadcrumb"},"inLanguage":"en-GB","potentialAction":[{"@type":"ReadAction","target":["https:\/\/oxceed.com\/no\/produktnyheter-november-2021\/"]}]},{"@type":"BreadcrumbList","@id":"https:\/\/oxceed.com\/no\/produktnyheter-november-2021\/#breadcrumb","itemListElement":[{"@type":"ListItem","position":1,"name":"Home","item":"https:\/\/oxceed.com\/no\/"},{"@type":"ListItem","position":2,"name":"Produktnyheter November 2021"}]},{"@type":"WebSite","@id":"https:\/\/oxceed.com\/no\/#website","url":"https:\/\/oxceed.com\/no\/","name":"Oxceed Norway","description":"Fatta b\u00e4ttre beslut med Oxceed","potentialAction":[{"@type":"SearchAction","target":{"@type":"EntryPoint","urlTemplate":"https:\/\/oxceed.com\/no\/?s={search_term_string}"},"query-input":{"@type":"PropertyValueSpecification","valueRequired":true,"valueName":"search_term_string"}}],"inLanguage":"en-GB"}]}},"_links":{"self":[{"href":"https:\/\/oxceed.com\/no\/wp-json\/wp\/v2\/pages\/16281","targetHints":{"allow":["GET"]}}],"collection":[{"href":"https:\/\/oxceed.com\/no\/wp-json\/wp\/v2\/pages"}],"about":[{"href":"https:\/\/oxceed.com\/no\/wp-json\/wp\/v2\/types\/page"}],"author":[{"embeddable":true,"href":"https:\/\/oxceed.com\/no\/wp-json\/wp\/v2\/users\/2"}],"replies":[{"embeddable":true,"href":"https:\/\/oxceed.com\/no\/wp-json\/wp\/v2\/comments?post=16281"}],"version-history":[{"count":16,"href":"https:\/\/oxceed.com\/no\/wp-json\/wp\/v2\/pages\/16281\/revisions"}],"predecessor-version":[{"id":16311,"href":"https:\/\/oxceed.com\/no\/wp-json\/wp\/v2\/pages\/16281\/revisions\/16311"}],"wp:attachment":[{"href":"https:\/\/oxceed.com\/no\/wp-json\/wp\/v2\/media?parent=16281"}],"curies":[{"name":"wp","href":"https:\/\/api.w.org\/{rel}","templated":true}]}}