{"id":19349,"date":"2022-08-01T23:27:14","date_gmt":"2022-08-01T21:27:14","guid":{"rendered":"https:\/\/oxceed.com\/?page_id=19349"},"modified":"2025-06-16T14:54:44","modified_gmt":"2025-06-16T12:54:44","slug":"den-skalbara-byran-har-ni-ratt-verktyg-for-att-vaxa","status":"publish","type":"page","link":"https:\/\/oxceed.com\/no\/webinar\/den-skalbara-byran-har-ni-ratt-verktyg-for-att-vaxa\/","title":{"rendered":"Den skalbara byr\u00e5n \u2013 Har ni r\u00e4tt verktyg f\u00f6r att v\u00e4xa?"},"content":{"rendered":"\t\t<div data-elementor-type=\"wp-page\" data-elementor-id=\"19349\" class=\"elementor elementor-19349\" data-elementor-post-type=\"page\">\n\t\t\t\t\t\t<section class=\"elementor-section elementor-top-section elementor-element elementor-element-fb8763c elementor-section-full_width elementor-section-stretched elementor-section-height-default elementor-section-height-default\" data-id=\"fb8763c\" data-element_type=\"section\" data-e-type=\"section\" data-settings=\"{&quot;stretch_section&quot;:&quot;section-stretched&quot;,&quot;jet_parallax_layout_list&quot;:[{&quot;jet_parallax_layout_image&quot;:{&quot;url&quot;:&quot;&quot;,&quot;id&quot;:&quot;&quot;,&quot;size&quot;:&quot;&quot;},&quot;_id&quot;:&quot;5baf2ad&quot;,&quot;jet_parallax_layout_image_tablet&quot;:{&quot;url&quot;:&quot;&quot;,&quot;id&quot;:&quot;&quot;,&quot;size&quot;:&quot;&quot;},&quot;jet_parallax_layout_image_mobile&quot;:{&quot;url&quot;:&quot;&quot;,&quot;id&quot;:&quot;&quot;,&quot;size&quot;:&quot;&quot;},&quot;jet_parallax_layout_speed&quot;:{&quot;unit&quot;:&quot;%&quot;,&quot;size&quot;:50,&quot;sizes&quot;:[]},&quot;jet_parallax_layout_type&quot;:&quot;scroll&quot;,&quot;jet_parallax_layout_direction&quot;:&quot;1&quot;,&quot;jet_parallax_layout_fx_direction&quot;:null,&quot;jet_parallax_layout_z_index&quot;:&quot;&quot;,&quot;jet_parallax_layout_bg_x&quot;:50,&quot;jet_parallax_layout_bg_x_tablet&quot;:&quot;&quot;,&quot;jet_parallax_layout_bg_x_mobile&quot;:&quot;&quot;,&quot;jet_parallax_layout_bg_y&quot;:50,&quot;jet_parallax_layout_bg_y_tablet&quot;:&quot;&quot;,&quot;jet_parallax_layout_bg_y_mobile&quot;:&quot;&quot;,&quot;jet_parallax_layout_bg_size&quot;:&quot;auto&quot;,&quot;jet_parallax_layout_bg_size_tablet&quot;:&quot;&quot;,&quot;jet_parallax_layout_bg_size_mobile&quot;:&quot;&quot;,&quot;jet_parallax_layout_animation_prop&quot;:&quot;transform&quot;,&quot;jet_parallax_layout_on&quot;:[&quot;desktop&quot;,&quot;tablet&quot;]}],&quot;background_background&quot;:&quot;classic&quot;}\">\n\t\t\t\t\t\t<div class=\"elementor-container elementor-column-gap-default\">\n\t\t\t\t\t<div class=\"elementor-column elementor-col-100 elementor-top-column elementor-element elementor-element-e1a39d1\" data-id=\"e1a39d1\" data-element_type=\"column\" data-e-type=\"column\">\n\t\t\t<div class=\"elementor-widget-wrap elementor-element-populated\">\n\t\t\t\t\t\t<div class=\"elementor-element elementor-element-615224f elementor-widget elementor-widget-spacer\" data-id=\"615224f\" data-element_type=\"widget\" data-e-type=\"widget\" data-widget_type=\"spacer.default\">\n\t\t\t\t\t\t\t<div class=\"elementor-spacer\">\n\t\t\t<div class=\"elementor-spacer-inner\"><\/div>\n\t\t<\/div>\n\t\t\t\t\t\t<\/div>\n\t\t\t\t\t<\/div>\n\t\t<\/div>\n\t\t\t\t\t<\/div>\n\t\t<\/section>\n\t\t\t\t<section class=\"elementor-section elementor-top-section elementor-element elementor-element-37eebd9 elementor-section-content-middle elementor-section-boxed elementor-section-height-default elementor-section-height-default elementor-invisible\" data-id=\"37eebd9\" data-element_type=\"section\" data-e-type=\"section\" data-settings=\"{&quot;jet_parallax_layout_list&quot;:[{&quot;jet_parallax_layout_image&quot;:{&quot;url&quot;:&quot;&quot;,&quot;id&quot;:&quot;&quot;,&quot;size&quot;:&quot;&quot;},&quot;_id&quot;:&quot;b6f69a7&quot;,&quot;jet_parallax_layout_image_tablet&quot;:{&quot;url&quot;:&quot;&quot;,&quot;id&quot;:&quot;&quot;,&quot;size&quot;:&quot;&quot;},&quot;jet_parallax_layout_image_mobile&quot;:{&quot;url&quot;:&quot;&quot;,&quot;id&quot;:&quot;&quot;,&quot;size&quot;:&quot;&quot;},&quot;jet_parallax_layout_speed&quot;:{&quot;unit&quot;:&quot;%&quot;,&quot;size&quot;:50,&quot;sizes&quot;:[]},&quot;jet_parallax_layout_type&quot;:&quot;scroll&quot;,&quot;jet_parallax_layout_direction&quot;:&quot;1&quot;,&quot;jet_parallax_layout_fx_direction&quot;:null,&quot;jet_parallax_layout_z_index&quot;:&quot;&quot;,&quot;jet_parallax_layout_bg_x&quot;:50,&quot;jet_parallax_layout_bg_x_tablet&quot;:&quot;&quot;,&quot;jet_parallax_layout_bg_x_mobile&quot;:&quot;&quot;,&quot;jet_parallax_layout_bg_y&quot;:50,&quot;jet_parallax_layout_bg_y_tablet&quot;:&quot;&quot;,&quot;jet_parallax_layout_bg_y_mobile&quot;:&quot;&quot;,&quot;jet_parallax_layout_bg_size&quot;:&quot;auto&quot;,&quot;jet_parallax_layout_bg_size_tablet&quot;:&quot;&quot;,&quot;jet_parallax_layout_bg_size_mobile&quot;:&quot;&quot;,&quot;jet_parallax_layout_animation_prop&quot;:&quot;transform&quot;,&quot;jet_parallax_layout_on&quot;:[&quot;desktop&quot;,&quot;tablet&quot;]}],&quot;animation&quot;:&quot;fadeIn&quot;}\">\n\t\t\t\t\t\t<div class=\"elementor-container elementor-column-gap-no\">\n\t\t\t\t\t<div class=\"elementor-column elementor-col-33 elementor-top-column elementor-element elementor-element-95911c7\" data-id=\"95911c7\" data-element_type=\"column\" data-e-type=\"column\">\n\t\t\t<div class=\"elementor-widget-wrap elementor-element-populated\">\n\t\t\t\t\t\t<div class=\"elementor-element elementor-element-8525bc4 elementor-widget elementor-widget-heading\" data-id=\"8525bc4\" data-element_type=\"widget\" data-e-type=\"widget\" data-widget_type=\"heading.default\">\n\t\t\t\t\t<h1 class=\"elementor-heading-title elementor-size-default\"><span class=\"color-teal\">Den skalbara byr\u00e5n <\/span> \u2013 Har ni r\u00e4tt verktyg f\u00f6r att v\u00e4xa?<\/h1>\t\t\t\t<\/div>\n\t\t\t\t<div class=\"elementor-element elementor-element-91917d0 elementor-widget elementor-widget-text-editor\" data-id=\"91917d0\" data-element_type=\"widget\" data-e-type=\"widget\" data-widget_type=\"text-editor.default\">\n\t\t\t\t\t\t\t\t\t<p><span style=\"color: var( --e-global-color-text );\">Hur t\u00e4cker ni som redovisningsbyr\u00e5 upp f\u00f6r behoven fr\u00e5n era minst till era mest kr\u00e4vande kunder? Har ni r\u00e4tt digitala verktyg f\u00f6r att leverera b\u00e5de enkel m\u00e5nadsrapportering och avancerad r\u00e5dgivning? Vad h\u00e4nder n\u00e4r era kunder b\u00f6rjar st\u00e4lla h\u00f6gre krav?<\/span><\/p><p>Dessa fr\u00e5gor \u00e4r avg\u00f6rande att ha svar p\u00e5 f\u00f6r att er byr\u00e5verksamhet ska kunna v\u00e4xa, oavsett er storlek och det antal kunder ni har idag.<\/p><p>I det h\u00e4r seminariet som spelades in p\u00e5 Ekonomi- och F\u00f6retagsm\u00e4ssan 2022 kommer du f\u00e5 konkreta exempel och handfasta tips p\u00e5 hur ni som byr\u00e5 skapar r\u00e4tt f\u00f6ruts\u00e4ttningar att v\u00e4xa \u2013 genom att leverera b\u00e5de enkel m\u00e5nadsrapportering och avancerad r\u00e5dgivning \u2013 med hj\u00e4lp av Oxceed.\u00a0<\/p><p>Fyll i formul\u00e4ret s\u00e5 f\u00e5r du f\u00f6ljande skickat till din email:\u00a0<\/p><ul><li>En inspelning av f\u00f6rel\u00e4sningen\u00a0<\/li><li>Presentationen med alla v\u00e4rdefulla tips!<\/li><\/ul>\t\t\t\t\t\t\t\t<\/div>\n\t\t\t\t<section class=\"elementor-section elementor-inner-section elementor-element elementor-element-66c8a3c elementor-section-boxed elementor-section-height-default elementor-section-height-default\" data-id=\"66c8a3c\" data-element_type=\"section\" data-e-type=\"section\" data-settings=\"{&quot;jet_parallax_layout_list&quot;:[{&quot;jet_parallax_layout_image&quot;:{&quot;url&quot;:&quot;&quot;,&quot;id&quot;:&quot;&quot;,&quot;size&quot;:&quot;&quot;},&quot;_id&quot;:&quot;8bc1bd6&quot;,&quot;jet_parallax_layout_image_tablet&quot;:{&quot;url&quot;:&quot;&quot;,&quot;id&quot;:&quot;&quot;,&quot;size&quot;:&quot;&quot;},&quot;jet_parallax_layout_image_mobile&quot;:{&quot;url&quot;:&quot;&quot;,&quot;id&quot;:&quot;&quot;,&quot;size&quot;:&quot;&quot;},&quot;jet_parallax_layout_speed&quot;:{&quot;unit&quot;:&quot;%&quot;,&quot;size&quot;:50,&quot;sizes&quot;:[]},&quot;jet_parallax_layout_type&quot;:&quot;scroll&quot;,&quot;jet_parallax_layout_direction&quot;:&quot;1&quot;,&quot;jet_parallax_layout_fx_direction&quot;:null,&quot;jet_parallax_layout_z_index&quot;:&quot;&quot;,&quot;jet_parallax_layout_bg_x&quot;:50,&quot;jet_parallax_layout_bg_x_tablet&quot;:&quot;&quot;,&quot;jet_parallax_layout_bg_x_mobile&quot;:&quot;&quot;,&quot;jet_parallax_layout_bg_y&quot;:50,&quot;jet_parallax_layout_bg_y_tablet&quot;:&quot;&quot;,&quot;jet_parallax_layout_bg_y_mobile&quot;:&quot;&quot;,&quot;jet_parallax_layout_bg_size&quot;:&quot;auto&quot;,&quot;jet_parallax_layout_bg_size_tablet&quot;:&quot;&quot;,&quot;jet_parallax_layout_bg_size_mobile&quot;:&quot;&quot;,&quot;jet_parallax_layout_animation_prop&quot;:&quot;transform&quot;,&quot;jet_parallax_layout_on&quot;:[&quot;desktop&quot;,&quot;tablet&quot;]}]}\">\n\t\t\t\t\t\t<div class=\"elementor-container elementor-column-gap-default\">\n\t\t\t\t\t<div class=\"elementor-column elementor-col-50 elementor-inner-column elementor-element elementor-element-cac581a\" data-id=\"cac581a\" data-element_type=\"column\" data-e-type=\"column\">\n\t\t\t<div class=\"elementor-widget-wrap elementor-element-populated\">\n\t\t\t\t\t\t<div class=\"elementor-element elementor-element-7b7da5e elementor-widget elementor-widget-image\" data-id=\"7b7da5e\" data-element_type=\"widget\" data-e-type=\"widget\" data-widget_type=\"image.default\">\n\t\t\t\t\t\t\t\t\t\t\t\t\t\t\t<img loading=\"lazy\" decoding=\"async\" width=\"150\" height=\"150\" src=\"https:\/\/oxceed.com\/no\/wp-content\/uploads\/sites\/23\/2022\/08\/Andreas-Grunewald-300x300.001-150x150.jpeg\" class=\"attachment-thumbnail size-thumbnail wp-image-19354\" alt=\"\" srcset=\"https:\/\/oxceed.com\/no\/wp-content\/uploads\/sites\/23\/2022\/08\/Andreas-Grunewald-300x300.001-150x150.jpeg 150w, https:\/\/oxceed.com\/no\/wp-content\/uploads\/sites\/23\/2022\/08\/Andreas-Grunewald-300x300.001.jpeg 300w\" sizes=\"auto, (max-width: 150px) 100vw, 150px\" \/>\t\t\t\t\t\t\t\t\t\t\t\t\t\t\t<\/div>\n\t\t\t\t\t<\/div>\n\t\t<\/div>\n\t\t\t\t<div class=\"elementor-column elementor-col-50 elementor-inner-column elementor-element elementor-element-069b4c7\" data-id=\"069b4c7\" data-element_type=\"column\" data-e-type=\"column\">\n\t\t\t<div class=\"elementor-widget-wrap elementor-element-populated\">\n\t\t\t\t\t\t<div class=\"elementor-element elementor-element-6a88b48 elementor-widget elementor-widget-heading\" data-id=\"6a88b48\" data-element_type=\"widget\" data-e-type=\"widget\" data-widget_type=\"heading.default\">\n\t\t\t\t\t<h4 class=\"elementor-heading-title elementor-size-default\">Andreas Gr\u00fcnewald<\/h4>\t\t\t\t<\/div>\n\t\t\t\t<div class=\"elementor-element elementor-element-c0a5b17 elementor-widget elementor-widget-text-editor\" data-id=\"c0a5b17\" data-element_type=\"widget\" data-e-type=\"widget\" data-widget_type=\"text-editor.default\">\n\t\t\t\t\t\t\t\t\t<p>Andreas Gr\u00fcnewald \u00e4r aff\u00e4rsutvecklare p\u00e5 Oxceed och har l\u00e5ng erfarenhet som ekonomikonsult. P\u00e5 ett underh\u00e5llande och inlevelsefullt s\u00e4tt bjuder han p\u00e5 samlade insikter fr\u00e5n verkligheten och delar med sig av konkreta exempel fr\u00e5n n\u00e5gra av v\u00e5ra mest framg\u00e5ngsrika byr\u00e5kunder.<\/p>\t\t\t\t\t\t\t\t<\/div>\n\t\t\t\t\t<\/div>\n\t\t<\/div>\n\t\t\t\t\t<\/div>\n\t\t<\/section>\n\t\t\t\t\t<\/div>\n\t\t<\/div>\n\t\t\t\t<div class=\"elementor-column elementor-col-33 elementor-top-column elementor-element elementor-element-fc6bf1d\" data-id=\"fc6bf1d\" data-element_type=\"column\" data-e-type=\"column\">\n\t\t\t<div class=\"elementor-widget-wrap elementor-element-populated\">\n\t\t\t\t\t\t<div class=\"elementor-element elementor-element-9f506fe elementor-widget elementor-widget-html\" data-id=\"9f506fe\" data-element_type=\"widget\" data-e-type=\"widget\" data-widget_type=\"html.default\">\n\t\t\t\t\t<iframe src=\"https:\/\/pages.upsales.com\/12029u3827edbb2b994ffea97a8c6f8b1a8f06-frame\" \t\twidth=\"360\" \t\theight=\"600\" \t\tstyle=\"border:0\"><\/iframe>\t\t\t\t<\/div>\n\t\t\t\t\t<\/div>\n\t\t<\/div>\n\t\t\t\t<div class=\"elementor-column elementor-col-33 elementor-top-column elementor-element elementor-element-0cc92ed\" data-id=\"0cc92ed\" data-element_type=\"column\" data-e-type=\"column\">\n\t\t\t<div class=\"elementor-widget-wrap\">\n\t\t\t\t\t\t\t<\/div>\n\t\t<\/div>\n\t\t\t\t\t<\/div>\n\t\t<\/section>\n\t\t\t\t<\/div>\n\t\t","protected":false},"excerpt":{"rendered":"<p>Den skalbara byr\u00e5n \u2013 Har ni r\u00e4tt verktyg f\u00f6r att v\u00e4xa? Hur t\u00e4cker ni som redovisningsbyr\u00e5 upp f\u00f6r behoven fr\u00e5n era minst till era mest kr\u00e4vande kunder? Har ni r\u00e4tt digitala verktyg f\u00f6r att leverera b\u00e5de enkel m\u00e5nadsrapportering och avancerad r\u00e5dgivning? Vad h\u00e4nder n\u00e4r era kunder b\u00f6rjar st\u00e4lla h\u00f6gre krav? Dessa fr\u00e5gor \u00e4r avg\u00f6rande att [&hellip;]<\/p>\n","protected":false},"author":2,"featured_media":0,"parent":15745,"menu_order":0,"comment_status":"closed","ping_status":"closed","template":"","meta":{"_acf_changed":false,"_trash_the_other_posts":false,"editor_notices":[],"footnotes":""},"class_list":["post-19349","page","type-page","status-publish","hentry"],"acf":[],"yoast_head":"<!-- This site is optimized with the Yoast SEO Premium plugin v26.5 (Yoast SEO v27.4) - https:\/\/yoast.com\/product\/yoast-seo-premium-wordpress\/ -->\n<title>Den skalbara byr\u00e5n \u2013 Har ni r\u00e4tt verktyg f\u00f6r att v\u00e4xa? - Oxceed Norway<\/title>\n<meta name=\"robots\" content=\"noindex, follow\" \/>\n<meta property=\"og:locale\" content=\"en_GB\" \/>\n<meta property=\"og:type\" content=\"article\" \/>\n<meta property=\"og:title\" content=\"Den skalbara byr\u00e5n \u2013 Har ni r\u00e4tt verktyg f\u00f6r att v\u00e4xa?\" \/>\n<meta property=\"og:description\" content=\"Den skalbara byr\u00e5n \u2013 Har ni r\u00e4tt verktyg f\u00f6r att v\u00e4xa? Hur t\u00e4cker ni som redovisningsbyr\u00e5 upp f\u00f6r behoven fr\u00e5n era minst till era mest kr\u00e4vande kunder? Har ni r\u00e4tt digitala verktyg f\u00f6r att leverera b\u00e5de enkel m\u00e5nadsrapportering och avancerad r\u00e5dgivning? Vad h\u00e4nder n\u00e4r era kunder b\u00f6rjar st\u00e4lla h\u00f6gre krav? Dessa fr\u00e5gor \u00e4r avg\u00f6rande att [&hellip;]\" \/>\n<meta property=\"og:url\" content=\"https:\/\/oxceed.com\/no\/webinar\/den-skalbara-byran-har-ni-ratt-verktyg-for-att-vaxa\/\" \/>\n<meta property=\"og:site_name\" content=\"Oxceed Norway\" \/>\n<meta property=\"article:modified_time\" content=\"2025-06-16T12:54:44+00:00\" \/>\n<meta property=\"og:image\" content=\"https:\/\/oxceed.com\/wp-content\/uploads\/sites\/23\/2022\/08\/Andreas-Grunewald-300x300.001-150x150.jpeg\" \/>\n<meta name=\"twitter:card\" content=\"summary_large_image\" \/>\n<meta name=\"twitter:label1\" content=\"Estimated reading time\" \/>\n\t<meta name=\"twitter:data1\" content=\"2 minutes\" \/>\n<script type=\"application\/ld+json\" class=\"yoast-schema-graph\">{\"@context\":\"https:\\\/\\\/schema.org\",\"@graph\":[{\"@type\":\"WebPage\",\"@id\":\"https:\\\/\\\/oxceed.com\\\/no\\\/webinar\\\/den-skalbara-byran-har-ni-ratt-verktyg-for-att-vaxa\\\/\",\"url\":\"https:\\\/\\\/oxceed.com\\\/no\\\/webinar\\\/den-skalbara-byran-har-ni-ratt-verktyg-for-att-vaxa\\\/\",\"name\":\"Den skalbara byr\u00e5n \u2013 Har ni r\u00e4tt verktyg f\u00f6r att v\u00e4xa? - Oxceed Norway\",\"isPartOf\":{\"@id\":\"https:\\\/\\\/oxceed.com\\\/no\\\/#website\"},\"primaryImageOfPage\":{\"@id\":\"https:\\\/\\\/oxceed.com\\\/no\\\/webinar\\\/den-skalbara-byran-har-ni-ratt-verktyg-for-att-vaxa\\\/#primaryimage\"},\"image\":{\"@id\":\"https:\\\/\\\/oxceed.com\\\/no\\\/webinar\\\/den-skalbara-byran-har-ni-ratt-verktyg-for-att-vaxa\\\/#primaryimage\"},\"thumbnailUrl\":\"https:\\\/\\\/oxceed.com\\\/wp-content\\\/uploads\\\/sites\\\/23\\\/2022\\\/08\\\/Andreas-Grunewald-300x300.001-150x150.jpeg\",\"datePublished\":\"2022-08-01T21:27:14+00:00\",\"dateModified\":\"2025-06-16T12:54:44+00:00\",\"breadcrumb\":{\"@id\":\"https:\\\/\\\/oxceed.com\\\/no\\\/webinar\\\/den-skalbara-byran-har-ni-ratt-verktyg-for-att-vaxa\\\/#breadcrumb\"},\"inLanguage\":\"en-GB\",\"potentialAction\":[{\"@type\":\"ReadAction\",\"target\":[\"https:\\\/\\\/oxceed.com\\\/no\\\/webinar\\\/den-skalbara-byran-har-ni-ratt-verktyg-for-att-vaxa\\\/\"]}]},{\"@type\":\"ImageObject\",\"inLanguage\":\"en-GB\",\"@id\":\"https:\\\/\\\/oxceed.com\\\/no\\\/webinar\\\/den-skalbara-byran-har-ni-ratt-verktyg-for-att-vaxa\\\/#primaryimage\",\"url\":\"https:\\\/\\\/oxceed.com\\\/wp-content\\\/uploads\\\/sites\\\/23\\\/2022\\\/08\\\/Andreas-Grunewald-300x300.001-150x150.jpeg\",\"contentUrl\":\"https:\\\/\\\/oxceed.com\\\/wp-content\\\/uploads\\\/sites\\\/23\\\/2022\\\/08\\\/Andreas-Grunewald-300x300.001-150x150.jpeg\"},{\"@type\":\"BreadcrumbList\",\"@id\":\"https:\\\/\\\/oxceed.com\\\/no\\\/webinar\\\/den-skalbara-byran-har-ni-ratt-verktyg-for-att-vaxa\\\/#breadcrumb\",\"itemListElement\":[{\"@type\":\"ListItem\",\"position\":1,\"name\":\"Home\",\"item\":\"https:\\\/\\\/oxceed.com\\\/no\\\/\"},{\"@type\":\"ListItem\",\"position\":2,\"name\":\"Webinar\",\"item\":\"https:\\\/\\\/oxceed.com\\\/no\\\/webinar\\\/\"},{\"@type\":\"ListItem\",\"position\":3,\"name\":\"Den skalbara byr\u00e5n \u2013 Har ni r\u00e4tt verktyg f\u00f6r att v\u00e4xa?\"}]},{\"@type\":\"WebSite\",\"@id\":\"https:\\\/\\\/oxceed.com\\\/no\\\/#website\",\"url\":\"https:\\\/\\\/oxceed.com\\\/no\\\/\",\"name\":\"Oxceed Norway\",\"description\":\"Fatta b\u00e4ttre beslut med Oxceed\",\"potentialAction\":[{\"@type\":\"SearchAction\",\"target\":{\"@type\":\"EntryPoint\",\"urlTemplate\":\"https:\\\/\\\/oxceed.com\\\/no\\\/?s={search_term_string}\"},\"query-input\":{\"@type\":\"PropertyValueSpecification\",\"valueRequired\":true,\"valueName\":\"search_term_string\"}}],\"inLanguage\":\"en-GB\"}]}<\/script>\n<!-- \/ Yoast SEO Premium plugin. -->","yoast_head_json":{"title":"Den skalbara byr\u00e5n \u2013 Har ni r\u00e4tt verktyg f\u00f6r att v\u00e4xa? - Oxceed Norway","robots":{"index":"noindex","follow":"follow"},"og_locale":"en_GB","og_type":"article","og_title":"Den skalbara byr\u00e5n \u2013 Har ni r\u00e4tt verktyg f\u00f6r att v\u00e4xa?","og_description":"Den skalbara byr\u00e5n \u2013 Har ni r\u00e4tt verktyg f\u00f6r att v\u00e4xa? Hur t\u00e4cker ni som redovisningsbyr\u00e5 upp f\u00f6r behoven fr\u00e5n era minst till era mest kr\u00e4vande kunder? Har ni r\u00e4tt digitala verktyg f\u00f6r att leverera b\u00e5de enkel m\u00e5nadsrapportering och avancerad r\u00e5dgivning? Vad h\u00e4nder n\u00e4r era kunder b\u00f6rjar st\u00e4lla h\u00f6gre krav? Dessa fr\u00e5gor \u00e4r avg\u00f6rande att [&hellip;]","og_url":"https:\/\/oxceed.com\/no\/webinar\/den-skalbara-byran-har-ni-ratt-verktyg-for-att-vaxa\/","og_site_name":"Oxceed Norway","article_modified_time":"2025-06-16T12:54:44+00:00","og_image":[{"url":"https:\/\/oxceed.com\/wp-content\/uploads\/sites\/23\/2022\/08\/Andreas-Grunewald-300x300.001-150x150.jpeg","type":"","width":"","height":""}],"twitter_card":"summary_large_image","twitter_misc":{"Estimated reading time":"2 minutes"},"schema":{"@context":"https:\/\/schema.org","@graph":[{"@type":"WebPage","@id":"https:\/\/oxceed.com\/no\/webinar\/den-skalbara-byran-har-ni-ratt-verktyg-for-att-vaxa\/","url":"https:\/\/oxceed.com\/no\/webinar\/den-skalbara-byran-har-ni-ratt-verktyg-for-att-vaxa\/","name":"Den skalbara byr\u00e5n \u2013 Har ni r\u00e4tt verktyg f\u00f6r att v\u00e4xa? - Oxceed Norway","isPartOf":{"@id":"https:\/\/oxceed.com\/no\/#website"},"primaryImageOfPage":{"@id":"https:\/\/oxceed.com\/no\/webinar\/den-skalbara-byran-har-ni-ratt-verktyg-for-att-vaxa\/#primaryimage"},"image":{"@id":"https:\/\/oxceed.com\/no\/webinar\/den-skalbara-byran-har-ni-ratt-verktyg-for-att-vaxa\/#primaryimage"},"thumbnailUrl":"https:\/\/oxceed.com\/wp-content\/uploads\/sites\/23\/2022\/08\/Andreas-Grunewald-300x300.001-150x150.jpeg","datePublished":"2022-08-01T21:27:14+00:00","dateModified":"2025-06-16T12:54:44+00:00","breadcrumb":{"@id":"https:\/\/oxceed.com\/no\/webinar\/den-skalbara-byran-har-ni-ratt-verktyg-for-att-vaxa\/#breadcrumb"},"inLanguage":"en-GB","potentialAction":[{"@type":"ReadAction","target":["https:\/\/oxceed.com\/no\/webinar\/den-skalbara-byran-har-ni-ratt-verktyg-for-att-vaxa\/"]}]},{"@type":"ImageObject","inLanguage":"en-GB","@id":"https:\/\/oxceed.com\/no\/webinar\/den-skalbara-byran-har-ni-ratt-verktyg-for-att-vaxa\/#primaryimage","url":"https:\/\/oxceed.com\/wp-content\/uploads\/sites\/23\/2022\/08\/Andreas-Grunewald-300x300.001-150x150.jpeg","contentUrl":"https:\/\/oxceed.com\/wp-content\/uploads\/sites\/23\/2022\/08\/Andreas-Grunewald-300x300.001-150x150.jpeg"},{"@type":"BreadcrumbList","@id":"https:\/\/oxceed.com\/no\/webinar\/den-skalbara-byran-har-ni-ratt-verktyg-for-att-vaxa\/#breadcrumb","itemListElement":[{"@type":"ListItem","position":1,"name":"Home","item":"https:\/\/oxceed.com\/no\/"},{"@type":"ListItem","position":2,"name":"Webinar","item":"https:\/\/oxceed.com\/no\/webinar\/"},{"@type":"ListItem","position":3,"name":"Den skalbara byr\u00e5n \u2013 Har ni r\u00e4tt verktyg f\u00f6r att v\u00e4xa?"}]},{"@type":"WebSite","@id":"https:\/\/oxceed.com\/no\/#website","url":"https:\/\/oxceed.com\/no\/","name":"Oxceed Norway","description":"Fatta b\u00e4ttre beslut med Oxceed","potentialAction":[{"@type":"SearchAction","target":{"@type":"EntryPoint","urlTemplate":"https:\/\/oxceed.com\/no\/?s={search_term_string}"},"query-input":{"@type":"PropertyValueSpecification","valueRequired":true,"valueName":"search_term_string"}}],"inLanguage":"en-GB"}]}},"_links":{"self":[{"href":"https:\/\/oxceed.com\/no\/wp-json\/wp\/v2\/pages\/19349","targetHints":{"allow":["GET"]}}],"collection":[{"href":"https:\/\/oxceed.com\/no\/wp-json\/wp\/v2\/pages"}],"about":[{"href":"https:\/\/oxceed.com\/no\/wp-json\/wp\/v2\/types\/page"}],"author":[{"embeddable":true,"href":"https:\/\/oxceed.com\/no\/wp-json\/wp\/v2\/users\/2"}],"replies":[{"embeddable":true,"href":"https:\/\/oxceed.com\/no\/wp-json\/wp\/v2\/comments?post=19349"}],"version-history":[{"count":43,"href":"https:\/\/oxceed.com\/no\/wp-json\/wp\/v2\/pages\/19349\/revisions"}],"predecessor-version":[{"id":22270,"href":"https:\/\/oxceed.com\/no\/wp-json\/wp\/v2\/pages\/19349\/revisions\/22270"}],"up":[{"embeddable":true,"href":"https:\/\/oxceed.com\/no\/wp-json\/wp\/v2\/pages\/15745"}],"wp:attachment":[{"href":"https:\/\/oxceed.com\/no\/wp-json\/wp\/v2\/media?parent=19349"}],"curies":[{"name":"wp","href":"https:\/\/api.w.org\/{rel}","templated":true}]}}