{"id":32226,"date":"2025-02-21T09:09:38","date_gmt":"2025-02-21T08:09:38","guid":{"rendered":"https:\/\/oxceed.com\/?page_id=32226"},"modified":"2025-06-16T15:02:18","modified_gmt":"2025-06-16T13:02:18","slug":"fem-tips-for-att-hitta-kostnadsbesparingar","status":"publish","type":"page","link":"https:\/\/oxceed.com\/no\/webinar\/fem-tips-for-att-hitta-kostnadsbesparingar\/","title":{"rendered":"Webinar: Fem tips f\u00f6r att hitta kostnadsbesparingar\u00a0"},"content":{"rendered":"\t\t<div data-elementor-type=\"wp-page\" data-elementor-id=\"32226\" class=\"elementor elementor-32226\" data-elementor-post-type=\"page\">\n\t\t\t\t\t\t<section class=\"elementor-section elementor-top-section elementor-element elementor-element-2870a9d elementor-section-full_width elementor-section-stretched elementor-section-height-default elementor-section-height-default\" data-id=\"2870a9d\" data-element_type=\"section\" data-e-type=\"section\" data-settings=\"{&quot;stretch_section&quot;:&quot;section-stretched&quot;,&quot;jet_parallax_layout_list&quot;:[{&quot;jet_parallax_layout_image&quot;:{&quot;url&quot;:&quot;&quot;,&quot;id&quot;:&quot;&quot;,&quot;size&quot;:&quot;&quot;},&quot;_id&quot;:&quot;5baf2ad&quot;,&quot;jet_parallax_layout_image_tablet&quot;:{&quot;url&quot;:&quot;&quot;,&quot;id&quot;:&quot;&quot;,&quot;size&quot;:&quot;&quot;},&quot;jet_parallax_layout_image_mobile&quot;:{&quot;url&quot;:&quot;&quot;,&quot;id&quot;:&quot;&quot;,&quot;size&quot;:&quot;&quot;},&quot;jet_parallax_layout_speed&quot;:{&quot;unit&quot;:&quot;%&quot;,&quot;size&quot;:50,&quot;sizes&quot;:[]},&quot;jet_parallax_layout_type&quot;:&quot;scroll&quot;,&quot;jet_parallax_layout_direction&quot;:&quot;1&quot;,&quot;jet_parallax_layout_fx_direction&quot;:null,&quot;jet_parallax_layout_z_index&quot;:&quot;&quot;,&quot;jet_parallax_layout_bg_x&quot;:50,&quot;jet_parallax_layout_bg_x_tablet&quot;:&quot;&quot;,&quot;jet_parallax_layout_bg_x_mobile&quot;:&quot;&quot;,&quot;jet_parallax_layout_bg_y&quot;:50,&quot;jet_parallax_layout_bg_y_tablet&quot;:&quot;&quot;,&quot;jet_parallax_layout_bg_y_mobile&quot;:&quot;&quot;,&quot;jet_parallax_layout_bg_size&quot;:&quot;auto&quot;,&quot;jet_parallax_layout_bg_size_tablet&quot;:&quot;&quot;,&quot;jet_parallax_layout_bg_size_mobile&quot;:&quot;&quot;,&quot;jet_parallax_layout_animation_prop&quot;:&quot;transform&quot;,&quot;jet_parallax_layout_on&quot;:[&quot;desktop&quot;,&quot;tablet&quot;]}],&quot;background_background&quot;:&quot;classic&quot;}\">\n\t\t\t\t\t\t<div class=\"elementor-container elementor-column-gap-default\">\n\t\t\t\t\t<div class=\"elementor-column elementor-col-100 elementor-top-column elementor-element elementor-element-be41627\" data-id=\"be41627\" data-element_type=\"column\" data-e-type=\"column\">\n\t\t\t<div class=\"elementor-widget-wrap elementor-element-populated\">\n\t\t\t\t\t\t<div class=\"elementor-element elementor-element-846c73b elementor-widget elementor-widget-spacer\" data-id=\"846c73b\" data-element_type=\"widget\" data-e-type=\"widget\" data-widget_type=\"spacer.default\">\n\t\t\t\t\t\t\t<div class=\"elementor-spacer\">\n\t\t\t<div class=\"elementor-spacer-inner\"><\/div>\n\t\t<\/div>\n\t\t\t\t\t\t<\/div>\n\t\t\t\t\t<\/div>\n\t\t<\/div>\n\t\t\t\t\t<\/div>\n\t\t<\/section>\n\t\t\t\t<section class=\"elementor-section elementor-top-section elementor-element elementor-element-39f4dc4 elementor-section-content-middle elementor-section-boxed elementor-section-height-default elementor-section-height-default elementor-invisible\" data-id=\"39f4dc4\" data-element_type=\"section\" data-e-type=\"section\" data-settings=\"{&quot;jet_parallax_layout_list&quot;:[{&quot;jet_parallax_layout_image&quot;:{&quot;url&quot;:&quot;&quot;,&quot;id&quot;:&quot;&quot;,&quot;size&quot;:&quot;&quot;},&quot;_id&quot;:&quot;b6f69a7&quot;,&quot;jet_parallax_layout_image_tablet&quot;:{&quot;url&quot;:&quot;&quot;,&quot;id&quot;:&quot;&quot;,&quot;size&quot;:&quot;&quot;},&quot;jet_parallax_layout_image_mobile&quot;:{&quot;url&quot;:&quot;&quot;,&quot;id&quot;:&quot;&quot;,&quot;size&quot;:&quot;&quot;},&quot;jet_parallax_layout_speed&quot;:{&quot;unit&quot;:&quot;%&quot;,&quot;size&quot;:50,&quot;sizes&quot;:[]},&quot;jet_parallax_layout_type&quot;:&quot;scroll&quot;,&quot;jet_parallax_layout_direction&quot;:&quot;1&quot;,&quot;jet_parallax_layout_fx_direction&quot;:null,&quot;jet_parallax_layout_z_index&quot;:&quot;&quot;,&quot;jet_parallax_layout_bg_x&quot;:50,&quot;jet_parallax_layout_bg_x_tablet&quot;:&quot;&quot;,&quot;jet_parallax_layout_bg_x_mobile&quot;:&quot;&quot;,&quot;jet_parallax_layout_bg_y&quot;:50,&quot;jet_parallax_layout_bg_y_tablet&quot;:&quot;&quot;,&quot;jet_parallax_layout_bg_y_mobile&quot;:&quot;&quot;,&quot;jet_parallax_layout_bg_size&quot;:&quot;auto&quot;,&quot;jet_parallax_layout_bg_size_tablet&quot;:&quot;&quot;,&quot;jet_parallax_layout_bg_size_mobile&quot;:&quot;&quot;,&quot;jet_parallax_layout_animation_prop&quot;:&quot;transform&quot;,&quot;jet_parallax_layout_on&quot;:[&quot;desktop&quot;,&quot;tablet&quot;]}],&quot;animation&quot;:&quot;fadeIn&quot;}\">\n\t\t\t\t\t\t<div class=\"elementor-container elementor-column-gap-no\">\n\t\t\t\t\t<div class=\"elementor-column elementor-col-33 elementor-top-column elementor-element elementor-element-3535f95\" data-id=\"3535f95\" data-element_type=\"column\" data-e-type=\"column\">\n\t\t\t<div class=\"elementor-widget-wrap elementor-element-populated\">\n\t\t\t\t\t\t<div class=\"elementor-element elementor-element-9a13c2c elementor-widget elementor-widget-heading\" data-id=\"9a13c2c\" data-element_type=\"widget\" data-e-type=\"widget\" data-widget_type=\"heading.default\">\n\t\t\t\t\t<h1 class=\"elementor-heading-title elementor-size-default\"><span class=\"color-teal\">On-demand:<br><\/span>Fem tips f\u00f6r att hitta kostnadsbesparingar <\/h1>\t\t\t\t<\/div>\n\t\t\t\t<div class=\"elementor-element elementor-element-51e8558 elementor-widget__width-initial elementor-widget elementor-widget-text-editor\" data-id=\"51e8558\" data-element_type=\"widget\" data-e-type=\"widget\" data-widget_type=\"text-editor.default\">\n\t\t\t\t\t\t\t\t\t<p>I dagens ekonomiska klimat \u00e4r kostnadsbesparingar en fortsatt h\u00f6gprioriterad fr\u00e5ga. Detta webinar \u00e4r f\u00f6r dig som vill ha konkreta och handfasta tips p\u00e5 hur du kan f\u00e5 b\u00e4ttre kontroll \u00f6ver f\u00f6retagets kostnader och hitta s\u00e4tt att minska dem.<\/p><p>Oxceeds COO, Jonathan Bernel\u00f6v, delar med sig av smarta s\u00e4tt att hitta kostnadsbesparingar i samtal med Linnea Strandlund S\u00f6derling, Product Marketing Coordinator p\u00e5 Oxceed.<\/p><p>Under webinaret ber\u00f6r Jonathan hur du kan hitta kostnadsbesparingar genom att:<\/p><p data-pm-slice=\"1 1 []\">\ud83d\udcca Analysera leverant\u00f6rer<\/p><p data-pm-slice=\"1 1 []\">\ud83d\udcca Analysera kostnadsstrukturen<\/p><p data-pm-slice=\"1 1 []\">\ud83d\udcca F\u00e5 b\u00e4ttre kontroll p\u00e5 kassafl\u00f6det och likviditet\u00a0<\/p><p data-pm-slice=\"1 1 []\">\ud83d\udcca Benchmarka mot branschen<\/p><p>Webinaret \u00e4r ca 25 minuter l\u00e5ngt. Fyll i dina uppgifter i formul\u00e4ret s\u00e5 skickar vi l\u00e4nken till inspelningen direkt.\u00a0<\/p>\t\t\t\t\t\t\t\t<\/div>\n\t\t\t\t<section class=\"elementor-section elementor-inner-section elementor-element elementor-element-dee49bf elementor-section-boxed elementor-section-height-default elementor-section-height-default\" data-id=\"dee49bf\" data-element_type=\"section\" data-e-type=\"section\" data-settings=\"{&quot;jet_parallax_layout_list&quot;:[{&quot;jet_parallax_layout_image&quot;:{&quot;url&quot;:&quot;&quot;,&quot;id&quot;:&quot;&quot;,&quot;size&quot;:&quot;&quot;},&quot;_id&quot;:&quot;8bc1bd6&quot;,&quot;jet_parallax_layout_image_tablet&quot;:{&quot;url&quot;:&quot;&quot;,&quot;id&quot;:&quot;&quot;,&quot;size&quot;:&quot;&quot;},&quot;jet_parallax_layout_image_mobile&quot;:{&quot;url&quot;:&quot;&quot;,&quot;id&quot;:&quot;&quot;,&quot;size&quot;:&quot;&quot;},&quot;jet_parallax_layout_speed&quot;:{&quot;unit&quot;:&quot;%&quot;,&quot;size&quot;:50,&quot;sizes&quot;:[]},&quot;jet_parallax_layout_type&quot;:&quot;scroll&quot;,&quot;jet_parallax_layout_direction&quot;:&quot;1&quot;,&quot;jet_parallax_layout_fx_direction&quot;:null,&quot;jet_parallax_layout_z_index&quot;:&quot;&quot;,&quot;jet_parallax_layout_bg_x&quot;:50,&quot;jet_parallax_layout_bg_x_tablet&quot;:&quot;&quot;,&quot;jet_parallax_layout_bg_x_mobile&quot;:&quot;&quot;,&quot;jet_parallax_layout_bg_y&quot;:50,&quot;jet_parallax_layout_bg_y_tablet&quot;:&quot;&quot;,&quot;jet_parallax_layout_bg_y_mobile&quot;:&quot;&quot;,&quot;jet_parallax_layout_bg_size&quot;:&quot;auto&quot;,&quot;jet_parallax_layout_bg_size_tablet&quot;:&quot;&quot;,&quot;jet_parallax_layout_bg_size_mobile&quot;:&quot;&quot;,&quot;jet_parallax_layout_animation_prop&quot;:&quot;transform&quot;,&quot;jet_parallax_layout_on&quot;:[&quot;desktop&quot;,&quot;tablet&quot;]}]}\">\n\t\t\t\t\t\t<div class=\"elementor-container elementor-column-gap-default\">\n\t\t\t\t\t<div class=\"elementor-column elementor-col-50 elementor-inner-column elementor-element elementor-element-4fd45c3\" data-id=\"4fd45c3\" data-element_type=\"column\" data-e-type=\"column\">\n\t\t\t<div class=\"elementor-widget-wrap elementor-element-populated\">\n\t\t\t\t\t\t<div class=\"elementor-element elementor-element-6ee914b elementor-widget elementor-widget-image\" data-id=\"6ee914b\" data-element_type=\"widget\" data-e-type=\"widget\" data-widget_type=\"image.default\">\n\t\t\t\t\t\t\t\t\t\t\t\t\t\t\t<img loading=\"lazy\" decoding=\"async\" width=\"150\" height=\"150\" src=\"https:\/\/oxceed.com\/no\/wp-content\/uploads\/sites\/23\/2023\/03\/avatar-jonathan-bernelov-150x150.png\" class=\"attachment-thumbnail size-thumbnail wp-image-20293\" alt=\"\" srcset=\"https:\/\/oxceed.com\/no\/wp-content\/uploads\/sites\/23\/2023\/03\/avatar-jonathan-bernelov-150x150.png 150w, https:\/\/oxceed.com\/no\/wp-content\/uploads\/sites\/23\/2023\/03\/avatar-jonathan-bernelov-300x300.png 300w, https:\/\/oxceed.com\/no\/wp-content\/uploads\/sites\/23\/2023\/03\/avatar-jonathan-bernelov.png 343w\" sizes=\"auto, (max-width: 150px) 100vw, 150px\" \/>\t\t\t\t\t\t\t\t\t\t\t\t\t\t\t<\/div>\n\t\t\t\t\t<\/div>\n\t\t<\/div>\n\t\t\t\t<div class=\"elementor-column elementor-col-50 elementor-inner-column elementor-element elementor-element-3f2a33e\" data-id=\"3f2a33e\" data-element_type=\"column\" data-e-type=\"column\">\n\t\t\t<div class=\"elementor-widget-wrap elementor-element-populated\">\n\t\t\t\t\t\t<div class=\"elementor-element elementor-element-2b170f9 elementor-widget elementor-widget-heading\" data-id=\"2b170f9\" data-element_type=\"widget\" data-e-type=\"widget\" data-widget_type=\"heading.default\">\n\t\t\t\t\t<h4 class=\"elementor-heading-title elementor-size-default\">Jonathan Bernel\u00f6v <\/h4>\t\t\t\t<\/div>\n\t\t\t\t<div class=\"elementor-element elementor-element-d102d88 elementor-widget elementor-widget-text-editor\" data-id=\"d102d88\" data-element_type=\"widget\" data-e-type=\"widget\" data-widget_type=\"text-editor.default\">\n\t\t\t\t\t\t\t\t\t<p>COO, Oxceed<\/p>\t\t\t\t\t\t\t\t<\/div>\n\t\t\t\t\t<\/div>\n\t\t<\/div>\n\t\t\t\t\t<\/div>\n\t\t<\/section>\n\t\t\t\t<section class=\"elementor-section elementor-inner-section elementor-element elementor-element-6020aa8 elementor-section-boxed elementor-section-height-default elementor-section-height-default\" data-id=\"6020aa8\" data-element_type=\"section\" data-e-type=\"section\" data-settings=\"{&quot;jet_parallax_layout_list&quot;:[{&quot;jet_parallax_layout_image&quot;:{&quot;url&quot;:&quot;&quot;,&quot;id&quot;:&quot;&quot;,&quot;size&quot;:&quot;&quot;},&quot;_id&quot;:&quot;8bc1bd6&quot;,&quot;jet_parallax_layout_image_tablet&quot;:{&quot;url&quot;:&quot;&quot;,&quot;id&quot;:&quot;&quot;,&quot;size&quot;:&quot;&quot;},&quot;jet_parallax_layout_image_mobile&quot;:{&quot;url&quot;:&quot;&quot;,&quot;id&quot;:&quot;&quot;,&quot;size&quot;:&quot;&quot;},&quot;jet_parallax_layout_speed&quot;:{&quot;unit&quot;:&quot;%&quot;,&quot;size&quot;:50,&quot;sizes&quot;:[]},&quot;jet_parallax_layout_type&quot;:&quot;scroll&quot;,&quot;jet_parallax_layout_direction&quot;:&quot;1&quot;,&quot;jet_parallax_layout_fx_direction&quot;:null,&quot;jet_parallax_layout_z_index&quot;:&quot;&quot;,&quot;jet_parallax_layout_bg_x&quot;:50,&quot;jet_parallax_layout_bg_x_tablet&quot;:&quot;&quot;,&quot;jet_parallax_layout_bg_x_mobile&quot;:&quot;&quot;,&quot;jet_parallax_layout_bg_y&quot;:50,&quot;jet_parallax_layout_bg_y_tablet&quot;:&quot;&quot;,&quot;jet_parallax_layout_bg_y_mobile&quot;:&quot;&quot;,&quot;jet_parallax_layout_bg_size&quot;:&quot;auto&quot;,&quot;jet_parallax_layout_bg_size_tablet&quot;:&quot;&quot;,&quot;jet_parallax_layout_bg_size_mobile&quot;:&quot;&quot;,&quot;jet_parallax_layout_animation_prop&quot;:&quot;transform&quot;,&quot;jet_parallax_layout_on&quot;:[&quot;desktop&quot;,&quot;tablet&quot;]}]}\">\n\t\t\t\t\t\t<div class=\"elementor-container elementor-column-gap-default\">\n\t\t\t\t\t<div class=\"elementor-column elementor-col-50 elementor-inner-column elementor-element elementor-element-65c1535\" data-id=\"65c1535\" data-element_type=\"column\" data-e-type=\"column\">\n\t\t\t<div class=\"elementor-widget-wrap elementor-element-populated\">\n\t\t\t\t\t\t<div class=\"elementor-element elementor-element-9002e06 elementor-widget elementor-widget-image\" data-id=\"9002e06\" data-element_type=\"widget\" data-e-type=\"widget\" data-widget_type=\"image.default\">\n\t\t\t\t\t\t\t\t\t\t\t\t\t\t\t<img loading=\"lazy\" decoding=\"async\" width=\"150\" height=\"150\" src=\"https:\/\/oxceed.com\/no\/wp-content\/uploads\/sites\/23\/2023\/11\/DSC8326-150x150.jpg\" class=\"attachment-thumbnail size-thumbnail wp-image-22887\" alt=\"\" srcset=\"https:\/\/oxceed.com\/no\/wp-content\/uploads\/sites\/23\/2023\/11\/DSC8326-150x150.jpg 150w, https:\/\/oxceed.com\/no\/wp-content\/uploads\/sites\/23\/2023\/11\/DSC8326-300x300.jpg 300w, https:\/\/oxceed.com\/no\/wp-content\/uploads\/sites\/23\/2023\/11\/DSC8326-1024x1024.jpg 1024w, https:\/\/oxceed.com\/no\/wp-content\/uploads\/sites\/23\/2023\/11\/DSC8326-768x768.jpg 768w, https:\/\/oxceed.com\/no\/wp-content\/uploads\/sites\/23\/2023\/11\/DSC8326-1536x1536.jpg 1536w, https:\/\/oxceed.com\/no\/wp-content\/uploads\/sites\/23\/2023\/11\/DSC8326-2048x2048.jpg 2048w\" sizes=\"auto, (max-width: 150px) 100vw, 150px\" \/>\t\t\t\t\t\t\t\t\t\t\t\t\t\t\t<\/div>\n\t\t\t\t\t<\/div>\n\t\t<\/div>\n\t\t\t\t<div class=\"elementor-column elementor-col-50 elementor-inner-column elementor-element elementor-element-1498e4b\" data-id=\"1498e4b\" data-element_type=\"column\" data-e-type=\"column\">\n\t\t\t<div class=\"elementor-widget-wrap elementor-element-populated\">\n\t\t\t\t\t\t<div class=\"elementor-element elementor-element-d569f7f elementor-widget elementor-widget-heading\" data-id=\"d569f7f\" data-element_type=\"widget\" data-e-type=\"widget\" data-widget_type=\"heading.default\">\n\t\t\t\t\t<h4 class=\"elementor-heading-title elementor-size-default\">Linnea Strandlund S\u00f6derling<\/h4>\t\t\t\t<\/div>\n\t\t\t\t<div class=\"elementor-element elementor-element-5c98a04 elementor-widget elementor-widget-text-editor\" data-id=\"5c98a04\" data-element_type=\"widget\" data-e-type=\"widget\" data-widget_type=\"text-editor.default\">\n\t\t\t\t\t\t\t\t\t<p>Product Marketing Coordinator, Oxceed<\/p>\t\t\t\t\t\t\t\t<\/div>\n\t\t\t\t\t<\/div>\n\t\t<\/div>\n\t\t\t\t\t<\/div>\n\t\t<\/section>\n\t\t\t\t\t<\/div>\n\t\t<\/div>\n\t\t\t\t<div class=\"elementor-column elementor-col-33 elementor-top-column elementor-element elementor-element-5b76e0a\" data-id=\"5b76e0a\" data-element_type=\"column\" data-e-type=\"column\">\n\t\t\t<div class=\"elementor-widget-wrap elementor-element-populated\">\n\t\t\t\t\t\t<div class=\"elementor-element elementor-element-0a0bed6 elementor-widget elementor-widget-html\" data-id=\"0a0bed6\" data-element_type=\"widget\" data-e-type=\"widget\" data-widget_type=\"html.default\">\n\t\t\t\t\t<iframe loading=\"lazy\" src=\"https:\/\/streamyard.com\/watch\/tvCgbERNZN6R?embed=true\" width=\"360\" height=\"800\" frameborder=\"0\" allow=\"autoplay; fullscreen\"><\/iframe>\n\t\t\t\t<\/div>\n\t\t\t\t\t<\/div>\n\t\t<\/div>\n\t\t\t\t<div class=\"elementor-column elementor-col-33 elementor-top-column elementor-element elementor-element-22b8437\" data-id=\"22b8437\" data-element_type=\"column\" data-e-type=\"column\">\n\t\t\t<div class=\"elementor-widget-wrap\">\n\t\t\t\t\t\t\t<\/div>\n\t\t<\/div>\n\t\t\t\t\t<\/div>\n\t\t<\/section>\n\t\t\t\t<\/div>\n\t\t","protected":false},"excerpt":{"rendered":"<p>On-demand:Fem tips f\u00f6r att hitta kostnadsbesparingar I dagens ekonomiska klimat \u00e4r kostnadsbesparingar en fortsatt h\u00f6gprioriterad fr\u00e5ga. Detta webinar \u00e4r f\u00f6r dig som vill ha konkreta och handfasta tips p\u00e5 hur du kan f\u00e5 b\u00e4ttre kontroll \u00f6ver f\u00f6retagets kostnader och hitta s\u00e4tt att minska dem. Oxceeds COO, Jonathan Bernel\u00f6v, delar med sig av smarta s\u00e4tt att [&hellip;]<\/p>\n","protected":false},"author":7,"featured_media":32377,"parent":15745,"menu_order":0,"comment_status":"closed","ping_status":"closed","template":"","meta":{"_acf_changed":false,"_trash_the_other_posts":false,"editor_notices":[],"footnotes":""},"class_list":["post-32226","page","type-page","status-publish","has-post-thumbnail","hentry"],"acf":[],"yoast_head":"<!-- This site is optimized with the Yoast SEO Premium plugin v26.5 (Yoast SEO v27.4) - https:\/\/yoast.com\/product\/yoast-seo-premium-wordpress\/ -->\n<title>Webinar: Fem tips f\u00f6r att hitta kostnadsbesparingar\u00a0 - Oxceed Norway<\/title>\n<meta name=\"robots\" content=\"noindex, follow\" \/>\n<meta property=\"og:locale\" content=\"en_GB\" \/>\n<meta property=\"og:type\" content=\"article\" \/>\n<meta property=\"og:title\" content=\"Webinar: Fem tips f\u00f6r att hitta kostnadsbesparingar\u00a0\" \/>\n<meta property=\"og:description\" content=\"On-demand:Fem tips f\u00f6r att hitta kostnadsbesparingar I dagens ekonomiska klimat \u00e4r kostnadsbesparingar en fortsatt h\u00f6gprioriterad fr\u00e5ga. Detta webinar \u00e4r f\u00f6r dig som vill ha konkreta och handfasta tips p\u00e5 hur du kan f\u00e5 b\u00e4ttre kontroll \u00f6ver f\u00f6retagets kostnader och hitta s\u00e4tt att minska dem. Oxceeds COO, Jonathan Bernel\u00f6v, delar med sig av smarta s\u00e4tt att [&hellip;]\" \/>\n<meta property=\"og:url\" content=\"https:\/\/oxceed.com\/no\/webinar\/fem-tips-for-att-hitta-kostnadsbesparingar\/\" \/>\n<meta property=\"og:site_name\" content=\"Oxceed Norway\" \/>\n<meta property=\"article:modified_time\" content=\"2025-06-16T13:02:18+00:00\" \/>\n<meta property=\"og:image\" content=\"https:\/\/oxceed.com\/no\/wp-content\/uploads\/sites\/23\/2025\/03\/webinar_kostnadsbesparingar.jpg\" \/>\n\t<meta property=\"og:image:width\" content=\"1920\" \/>\n\t<meta property=\"og:image:height\" content=\"1080\" \/>\n\t<meta property=\"og:image:type\" content=\"image\/jpeg\" \/>\n<meta name=\"twitter:card\" content=\"summary_large_image\" \/>\n<meta name=\"twitter:label1\" content=\"Estimated reading time\" \/>\n\t<meta name=\"twitter:data1\" content=\"2 minutes\" \/>\n<script type=\"application\/ld+json\" class=\"yoast-schema-graph\">{\"@context\":\"https:\\\/\\\/schema.org\",\"@graph\":[{\"@type\":\"WebPage\",\"@id\":\"https:\\\/\\\/oxceed.com\\\/no\\\/webinar\\\/fem-tips-for-att-hitta-kostnadsbesparingar\\\/\",\"url\":\"https:\\\/\\\/oxceed.com\\\/no\\\/webinar\\\/fem-tips-for-att-hitta-kostnadsbesparingar\\\/\",\"name\":\"Webinar: Fem tips f\u00f6r att hitta kostnadsbesparingar\u00a0 - Oxceed Norway\",\"isPartOf\":{\"@id\":\"https:\\\/\\\/oxceed.com\\\/no\\\/#website\"},\"primaryImageOfPage\":{\"@id\":\"https:\\\/\\\/oxceed.com\\\/no\\\/webinar\\\/fem-tips-for-att-hitta-kostnadsbesparingar\\\/#primaryimage\"},\"image\":{\"@id\":\"https:\\\/\\\/oxceed.com\\\/no\\\/webinar\\\/fem-tips-for-att-hitta-kostnadsbesparingar\\\/#primaryimage\"},\"thumbnailUrl\":\"https:\\\/\\\/oxceed.com\\\/no\\\/wp-content\\\/uploads\\\/sites\\\/23\\\/2025\\\/03\\\/webinar_kostnadsbesparingar.jpg\",\"datePublished\":\"2025-02-21T08:09:38+00:00\",\"dateModified\":\"2025-06-16T13:02:18+00:00\",\"breadcrumb\":{\"@id\":\"https:\\\/\\\/oxceed.com\\\/no\\\/webinar\\\/fem-tips-for-att-hitta-kostnadsbesparingar\\\/#breadcrumb\"},\"inLanguage\":\"en-GB\",\"potentialAction\":[{\"@type\":\"ReadAction\",\"target\":[\"https:\\\/\\\/oxceed.com\\\/no\\\/webinar\\\/fem-tips-for-att-hitta-kostnadsbesparingar\\\/\"]}]},{\"@type\":\"ImageObject\",\"inLanguage\":\"en-GB\",\"@id\":\"https:\\\/\\\/oxceed.com\\\/no\\\/webinar\\\/fem-tips-for-att-hitta-kostnadsbesparingar\\\/#primaryimage\",\"url\":\"https:\\\/\\\/oxceed.com\\\/no\\\/wp-content\\\/uploads\\\/sites\\\/23\\\/2025\\\/03\\\/webinar_kostnadsbesparingar.jpg\",\"contentUrl\":\"https:\\\/\\\/oxceed.com\\\/no\\\/wp-content\\\/uploads\\\/sites\\\/23\\\/2025\\\/03\\\/webinar_kostnadsbesparingar.jpg\",\"width\":1920,\"height\":1080},{\"@type\":\"BreadcrumbList\",\"@id\":\"https:\\\/\\\/oxceed.com\\\/no\\\/webinar\\\/fem-tips-for-att-hitta-kostnadsbesparingar\\\/#breadcrumb\",\"itemListElement\":[{\"@type\":\"ListItem\",\"position\":1,\"name\":\"Home\",\"item\":\"https:\\\/\\\/oxceed.com\\\/no\\\/\"},{\"@type\":\"ListItem\",\"position\":2,\"name\":\"Webinar\",\"item\":\"https:\\\/\\\/oxceed.com\\\/no\\\/webinar\\\/\"},{\"@type\":\"ListItem\",\"position\":3,\"name\":\"Webinar: Fem tips f\u00f6r att hitta kostnadsbesparingar\u00a0\"}]},{\"@type\":\"WebSite\",\"@id\":\"https:\\\/\\\/oxceed.com\\\/no\\\/#website\",\"url\":\"https:\\\/\\\/oxceed.com\\\/no\\\/\",\"name\":\"Oxceed Norway\",\"description\":\"Fatta b\u00e4ttre beslut med Oxceed\",\"potentialAction\":[{\"@type\":\"SearchAction\",\"target\":{\"@type\":\"EntryPoint\",\"urlTemplate\":\"https:\\\/\\\/oxceed.com\\\/no\\\/?s={search_term_string}\"},\"query-input\":{\"@type\":\"PropertyValueSpecification\",\"valueRequired\":true,\"valueName\":\"search_term_string\"}}],\"inLanguage\":\"en-GB\"}]}<\/script>\n<!-- \/ Yoast SEO Premium plugin. -->","yoast_head_json":{"title":"Webinar: Fem tips f\u00f6r att hitta kostnadsbesparingar\u00a0 - Oxceed Norway","robots":{"index":"noindex","follow":"follow"},"og_locale":"en_GB","og_type":"article","og_title":"Webinar: Fem tips f\u00f6r att hitta kostnadsbesparingar\u00a0","og_description":"On-demand:Fem tips f\u00f6r att hitta kostnadsbesparingar I dagens ekonomiska klimat \u00e4r kostnadsbesparingar en fortsatt h\u00f6gprioriterad fr\u00e5ga. Detta webinar \u00e4r f\u00f6r dig som vill ha konkreta och handfasta tips p\u00e5 hur du kan f\u00e5 b\u00e4ttre kontroll \u00f6ver f\u00f6retagets kostnader och hitta s\u00e4tt att minska dem. Oxceeds COO, Jonathan Bernel\u00f6v, delar med sig av smarta s\u00e4tt att [&hellip;]","og_url":"https:\/\/oxceed.com\/no\/webinar\/fem-tips-for-att-hitta-kostnadsbesparingar\/","og_site_name":"Oxceed Norway","article_modified_time":"2025-06-16T13:02:18+00:00","og_image":[{"width":1920,"height":1080,"url":"https:\/\/oxceed.com\/no\/wp-content\/uploads\/sites\/23\/2025\/03\/webinar_kostnadsbesparingar.jpg","type":"image\/jpeg"}],"twitter_card":"summary_large_image","twitter_misc":{"Estimated reading time":"2 minutes"},"schema":{"@context":"https:\/\/schema.org","@graph":[{"@type":"WebPage","@id":"https:\/\/oxceed.com\/no\/webinar\/fem-tips-for-att-hitta-kostnadsbesparingar\/","url":"https:\/\/oxceed.com\/no\/webinar\/fem-tips-for-att-hitta-kostnadsbesparingar\/","name":"Webinar: Fem tips f\u00f6r att hitta kostnadsbesparingar\u00a0 - Oxceed Norway","isPartOf":{"@id":"https:\/\/oxceed.com\/no\/#website"},"primaryImageOfPage":{"@id":"https:\/\/oxceed.com\/no\/webinar\/fem-tips-for-att-hitta-kostnadsbesparingar\/#primaryimage"},"image":{"@id":"https:\/\/oxceed.com\/no\/webinar\/fem-tips-for-att-hitta-kostnadsbesparingar\/#primaryimage"},"thumbnailUrl":"https:\/\/oxceed.com\/no\/wp-content\/uploads\/sites\/23\/2025\/03\/webinar_kostnadsbesparingar.jpg","datePublished":"2025-02-21T08:09:38+00:00","dateModified":"2025-06-16T13:02:18+00:00","breadcrumb":{"@id":"https:\/\/oxceed.com\/no\/webinar\/fem-tips-for-att-hitta-kostnadsbesparingar\/#breadcrumb"},"inLanguage":"en-GB","potentialAction":[{"@type":"ReadAction","target":["https:\/\/oxceed.com\/no\/webinar\/fem-tips-for-att-hitta-kostnadsbesparingar\/"]}]},{"@type":"ImageObject","inLanguage":"en-GB","@id":"https:\/\/oxceed.com\/no\/webinar\/fem-tips-for-att-hitta-kostnadsbesparingar\/#primaryimage","url":"https:\/\/oxceed.com\/no\/wp-content\/uploads\/sites\/23\/2025\/03\/webinar_kostnadsbesparingar.jpg","contentUrl":"https:\/\/oxceed.com\/no\/wp-content\/uploads\/sites\/23\/2025\/03\/webinar_kostnadsbesparingar.jpg","width":1920,"height":1080},{"@type":"BreadcrumbList","@id":"https:\/\/oxceed.com\/no\/webinar\/fem-tips-for-att-hitta-kostnadsbesparingar\/#breadcrumb","itemListElement":[{"@type":"ListItem","position":1,"name":"Home","item":"https:\/\/oxceed.com\/no\/"},{"@type":"ListItem","position":2,"name":"Webinar","item":"https:\/\/oxceed.com\/no\/webinar\/"},{"@type":"ListItem","position":3,"name":"Webinar: Fem tips f\u00f6r att hitta kostnadsbesparingar\u00a0"}]},{"@type":"WebSite","@id":"https:\/\/oxceed.com\/no\/#website","url":"https:\/\/oxceed.com\/no\/","name":"Oxceed Norway","description":"Fatta b\u00e4ttre beslut med Oxceed","potentialAction":[{"@type":"SearchAction","target":{"@type":"EntryPoint","urlTemplate":"https:\/\/oxceed.com\/no\/?s={search_term_string}"},"query-input":{"@type":"PropertyValueSpecification","valueRequired":true,"valueName":"search_term_string"}}],"inLanguage":"en-GB"}]}},"_links":{"self":[{"href":"https:\/\/oxceed.com\/no\/wp-json\/wp\/v2\/pages\/32226","targetHints":{"allow":["GET"]}}],"collection":[{"href":"https:\/\/oxceed.com\/no\/wp-json\/wp\/v2\/pages"}],"about":[{"href":"https:\/\/oxceed.com\/no\/wp-json\/wp\/v2\/types\/page"}],"author":[{"embeddable":true,"href":"https:\/\/oxceed.com\/no\/wp-json\/wp\/v2\/users\/7"}],"replies":[{"embeddable":true,"href":"https:\/\/oxceed.com\/no\/wp-json\/wp\/v2\/comments?post=32226"}],"version-history":[{"count":26,"href":"https:\/\/oxceed.com\/no\/wp-json\/wp\/v2\/pages\/32226\/revisions"}],"predecessor-version":[{"id":33281,"href":"https:\/\/oxceed.com\/no\/wp-json\/wp\/v2\/pages\/32226\/revisions\/33281"}],"up":[{"embeddable":true,"href":"https:\/\/oxceed.com\/no\/wp-json\/wp\/v2\/pages\/15745"}],"wp:featuredmedia":[{"embeddable":true,"href":"https:\/\/oxceed.com\/no\/wp-json\/wp\/v2\/media\/32377"}],"wp:attachment":[{"href":"https:\/\/oxceed.com\/no\/wp-json\/wp\/v2\/media?parent=32226"}],"curies":[{"name":"wp","href":"https:\/\/api.w.org\/{rel}","templated":true}]}}