{"id":33056,"date":"2025-04-15T15:36:18","date_gmt":"2025-04-15T13:36:18","guid":{"rendered":"https:\/\/oxceed.com\/?page_id=33056"},"modified":"2025-10-17T13:42:13","modified_gmt":"2025-10-17T11:42:13","slug":"fran-verksamhetsdata-till-ratt-nyckeltal","status":"publish","type":"page","link":"https:\/\/oxceed.com\/no\/webinar\/fran-verksamhetsdata-till-ratt-nyckeltal\/","title":{"rendered":"Webinar: Fr\u00e5n verksamhetsdata till r\u00e4tt nyckeltal"},"content":{"rendered":"\t\t<div data-elementor-type=\"wp-page\" data-elementor-id=\"33056\" class=\"elementor elementor-33056\" data-elementor-post-type=\"page\">\n\t\t\t\t\t\t<section class=\"elementor-section elementor-top-section elementor-element elementor-element-865e36a elementor-section-full_width elementor-section-stretched elementor-section-height-default elementor-section-height-default\" data-id=\"865e36a\" data-element_type=\"section\" data-e-type=\"section\" data-settings=\"{&quot;stretch_section&quot;:&quot;section-stretched&quot;,&quot;jet_parallax_layout_list&quot;:[{&quot;jet_parallax_layout_image&quot;:{&quot;url&quot;:&quot;&quot;,&quot;id&quot;:&quot;&quot;,&quot;size&quot;:&quot;&quot;},&quot;_id&quot;:&quot;5baf2ad&quot;,&quot;jet_parallax_layout_image_tablet&quot;:{&quot;url&quot;:&quot;&quot;,&quot;id&quot;:&quot;&quot;,&quot;size&quot;:&quot;&quot;},&quot;jet_parallax_layout_image_mobile&quot;:{&quot;url&quot;:&quot;&quot;,&quot;id&quot;:&quot;&quot;,&quot;size&quot;:&quot;&quot;},&quot;jet_parallax_layout_speed&quot;:{&quot;unit&quot;:&quot;%&quot;,&quot;size&quot;:50,&quot;sizes&quot;:[]},&quot;jet_parallax_layout_type&quot;:&quot;scroll&quot;,&quot;jet_parallax_layout_direction&quot;:&quot;1&quot;,&quot;jet_parallax_layout_fx_direction&quot;:null,&quot;jet_parallax_layout_z_index&quot;:&quot;&quot;,&quot;jet_parallax_layout_bg_x&quot;:50,&quot;jet_parallax_layout_bg_x_tablet&quot;:&quot;&quot;,&quot;jet_parallax_layout_bg_x_mobile&quot;:&quot;&quot;,&quot;jet_parallax_layout_bg_y&quot;:50,&quot;jet_parallax_layout_bg_y_tablet&quot;:&quot;&quot;,&quot;jet_parallax_layout_bg_y_mobile&quot;:&quot;&quot;,&quot;jet_parallax_layout_bg_size&quot;:&quot;auto&quot;,&quot;jet_parallax_layout_bg_size_tablet&quot;:&quot;&quot;,&quot;jet_parallax_layout_bg_size_mobile&quot;:&quot;&quot;,&quot;jet_parallax_layout_animation_prop&quot;:&quot;transform&quot;,&quot;jet_parallax_layout_on&quot;:[&quot;desktop&quot;,&quot;tablet&quot;]}],&quot;background_background&quot;:&quot;classic&quot;}\">\n\t\t\t\t\t\t<div class=\"elementor-container elementor-column-gap-default\">\n\t\t\t\t\t<div class=\"elementor-column elementor-col-100 elementor-top-column elementor-element elementor-element-a9061fb\" data-id=\"a9061fb\" data-element_type=\"column\" data-e-type=\"column\">\n\t\t\t<div class=\"elementor-widget-wrap elementor-element-populated\">\n\t\t\t\t\t\t<div class=\"elementor-element elementor-element-f868f9f elementor-widget elementor-widget-spacer\" data-id=\"f868f9f\" data-element_type=\"widget\" data-e-type=\"widget\" data-widget_type=\"spacer.default\">\n\t\t\t\t\t\t\t<div class=\"elementor-spacer\">\n\t\t\t<div class=\"elementor-spacer-inner\"><\/div>\n\t\t<\/div>\n\t\t\t\t\t\t<\/div>\n\t\t\t\t\t<\/div>\n\t\t<\/div>\n\t\t\t\t\t<\/div>\n\t\t<\/section>\n\t\t\t\t<section class=\"elementor-section elementor-top-section elementor-element elementor-element-47439bc elementor-section-content-middle elementor-section-boxed elementor-section-height-default elementor-section-height-default elementor-invisible\" data-id=\"47439bc\" data-element_type=\"section\" data-e-type=\"section\" data-settings=\"{&quot;jet_parallax_layout_list&quot;:[{&quot;jet_parallax_layout_image&quot;:{&quot;url&quot;:&quot;&quot;,&quot;id&quot;:&quot;&quot;,&quot;size&quot;:&quot;&quot;},&quot;_id&quot;:&quot;b6f69a7&quot;,&quot;jet_parallax_layout_image_tablet&quot;:{&quot;url&quot;:&quot;&quot;,&quot;id&quot;:&quot;&quot;,&quot;size&quot;:&quot;&quot;},&quot;jet_parallax_layout_image_mobile&quot;:{&quot;url&quot;:&quot;&quot;,&quot;id&quot;:&quot;&quot;,&quot;size&quot;:&quot;&quot;},&quot;jet_parallax_layout_speed&quot;:{&quot;unit&quot;:&quot;%&quot;,&quot;size&quot;:50,&quot;sizes&quot;:[]},&quot;jet_parallax_layout_type&quot;:&quot;scroll&quot;,&quot;jet_parallax_layout_direction&quot;:&quot;1&quot;,&quot;jet_parallax_layout_fx_direction&quot;:null,&quot;jet_parallax_layout_z_index&quot;:&quot;&quot;,&quot;jet_parallax_layout_bg_x&quot;:50,&quot;jet_parallax_layout_bg_x_tablet&quot;:&quot;&quot;,&quot;jet_parallax_layout_bg_x_mobile&quot;:&quot;&quot;,&quot;jet_parallax_layout_bg_y&quot;:50,&quot;jet_parallax_layout_bg_y_tablet&quot;:&quot;&quot;,&quot;jet_parallax_layout_bg_y_mobile&quot;:&quot;&quot;,&quot;jet_parallax_layout_bg_size&quot;:&quot;auto&quot;,&quot;jet_parallax_layout_bg_size_tablet&quot;:&quot;&quot;,&quot;jet_parallax_layout_bg_size_mobile&quot;:&quot;&quot;,&quot;jet_parallax_layout_animation_prop&quot;:&quot;transform&quot;,&quot;jet_parallax_layout_on&quot;:[&quot;desktop&quot;,&quot;tablet&quot;]}],&quot;animation&quot;:&quot;fadeIn&quot;}\">\n\t\t\t\t\t\t<div class=\"elementor-container elementor-column-gap-no\">\n\t\t\t\t\t<div class=\"elementor-column elementor-col-33 elementor-top-column elementor-element elementor-element-b84bbda\" data-id=\"b84bbda\" data-element_type=\"column\" data-e-type=\"column\">\n\t\t\t<div class=\"elementor-widget-wrap elementor-element-populated\">\n\t\t\t\t\t\t<div class=\"elementor-element elementor-element-fb1ed9f elementor-widget elementor-widget-heading\" data-id=\"fb1ed9f\" data-element_type=\"widget\" data-e-type=\"widget\" data-widget_type=\"heading.default\">\n\t\t\t\t\t<h1 class=\"elementor-heading-title elementor-size-default\"><span class=\"color-teal\">On-demand:<br><\/span>Fr\u00e5n verksamhetsdata till r\u00e4tt nyckeltal<\/h1>\t\t\t\t<\/div>\n\t\t\t\t<div class=\"elementor-element elementor-element-096fd19 elementor-widget__width-initial elementor-widget elementor-widget-text-editor\" data-id=\"096fd19\" data-element_type=\"widget\" data-e-type=\"widget\" data-widget_type=\"text-editor.default\">\n\t\t\t\t\t\t\t\t\t<p>Vill du bli b\u00e4ttre p\u00e5 att anv\u00e4nda nyckeltal f\u00f6r att driva f\u00f6retaget fram\u00e5t?<\/p>\n<p>I det h\u00e4r webinaret diskuterar vi hur r\u00e4tt nyckeltal kan bli ett proaktivt verktyg f\u00f6r att n\u00e5 f\u00f6retagets \u00f6vergripande m\u00e5l.<\/p>\n<p>Oxceeds COO Jonathan Bernel\u00f6v ger bland annat insikter kring:<\/p>\n<p>\ud83d\udcca Hur nyckeltal hj\u00e4lper dig agera i r\u00e4tt tid<\/p>\n<p>\ud83d\udcca Vikten av att koppla nyckeltal till f\u00f6retagets aktiviteter och m\u00e5l<\/p>\n<p>\ud83d\udcca Hur du kan kombinera finansiell och icke-finansiell data f\u00f6r att skapa effektiva nyckeltal<\/p>\n<p>\ud83d\udcca Hur du kan f\u00f6lja upp och visualisera f\u00f6retagets nyckeltal i realtid i Oxceed<\/p>\n<p>Webinaret \u00e4r cirka 25 minuter l\u00e5ngt. Fyll i dina uppgifter i formul\u00e4ret f\u00f6r att f\u00e5 tillg\u00e5ng till inspelningen.<\/p>\n<p>Varmt v\u00e4lkommen!<\/p>\t\t\t\t\t\t\t\t<\/div>\n\t\t\t\t<section class=\"elementor-section elementor-inner-section elementor-element elementor-element-18f7f15 elementor-section-boxed elementor-section-height-default elementor-section-height-default\" data-id=\"18f7f15\" data-element_type=\"section\" data-e-type=\"section\" data-settings=\"{&quot;jet_parallax_layout_list&quot;:[{&quot;jet_parallax_layout_image&quot;:{&quot;url&quot;:&quot;&quot;,&quot;id&quot;:&quot;&quot;,&quot;size&quot;:&quot;&quot;},&quot;_id&quot;:&quot;8bc1bd6&quot;,&quot;jet_parallax_layout_image_tablet&quot;:{&quot;url&quot;:&quot;&quot;,&quot;id&quot;:&quot;&quot;,&quot;size&quot;:&quot;&quot;},&quot;jet_parallax_layout_image_mobile&quot;:{&quot;url&quot;:&quot;&quot;,&quot;id&quot;:&quot;&quot;,&quot;size&quot;:&quot;&quot;},&quot;jet_parallax_layout_speed&quot;:{&quot;unit&quot;:&quot;%&quot;,&quot;size&quot;:50,&quot;sizes&quot;:[]},&quot;jet_parallax_layout_type&quot;:&quot;scroll&quot;,&quot;jet_parallax_layout_direction&quot;:&quot;1&quot;,&quot;jet_parallax_layout_fx_direction&quot;:null,&quot;jet_parallax_layout_z_index&quot;:&quot;&quot;,&quot;jet_parallax_layout_bg_x&quot;:50,&quot;jet_parallax_layout_bg_x_tablet&quot;:&quot;&quot;,&quot;jet_parallax_layout_bg_x_mobile&quot;:&quot;&quot;,&quot;jet_parallax_layout_bg_y&quot;:50,&quot;jet_parallax_layout_bg_y_tablet&quot;:&quot;&quot;,&quot;jet_parallax_layout_bg_y_mobile&quot;:&quot;&quot;,&quot;jet_parallax_layout_bg_size&quot;:&quot;auto&quot;,&quot;jet_parallax_layout_bg_size_tablet&quot;:&quot;&quot;,&quot;jet_parallax_layout_bg_size_mobile&quot;:&quot;&quot;,&quot;jet_parallax_layout_animation_prop&quot;:&quot;transform&quot;,&quot;jet_parallax_layout_on&quot;:[&quot;desktop&quot;,&quot;tablet&quot;]}]}\">\n\t\t\t\t\t\t<div class=\"elementor-container elementor-column-gap-default\">\n\t\t\t\t\t<div class=\"elementor-column elementor-col-50 elementor-inner-column elementor-element elementor-element-11f5b71\" data-id=\"11f5b71\" data-element_type=\"column\" data-e-type=\"column\">\n\t\t\t<div class=\"elementor-widget-wrap elementor-element-populated\">\n\t\t\t\t\t\t<div class=\"elementor-element elementor-element-3db7953 elementor-widget elementor-widget-image\" data-id=\"3db7953\" data-element_type=\"widget\" data-e-type=\"widget\" data-widget_type=\"image.default\">\n\t\t\t\t\t\t\t\t\t\t\t\t\t\t\t<img loading=\"lazy\" decoding=\"async\" width=\"150\" height=\"150\" src=\"https:\/\/oxceed.com\/no\/wp-content\/uploads\/sites\/23\/2023\/03\/avatar-jonathan-bernelov-150x150.png\" class=\"attachment-thumbnail size-thumbnail wp-image-20293\" alt=\"\" srcset=\"https:\/\/oxceed.com\/no\/wp-content\/uploads\/sites\/23\/2023\/03\/avatar-jonathan-bernelov-150x150.png 150w, https:\/\/oxceed.com\/no\/wp-content\/uploads\/sites\/23\/2023\/03\/avatar-jonathan-bernelov-300x300.png 300w, https:\/\/oxceed.com\/no\/wp-content\/uploads\/sites\/23\/2023\/03\/avatar-jonathan-bernelov.png 343w\" sizes=\"auto, (max-width: 150px) 100vw, 150px\" \/>\t\t\t\t\t\t\t\t\t\t\t\t\t\t\t<\/div>\n\t\t\t\t\t<\/div>\n\t\t<\/div>\n\t\t\t\t<div class=\"elementor-column elementor-col-50 elementor-inner-column elementor-element elementor-element-35bde06\" data-id=\"35bde06\" data-element_type=\"column\" data-e-type=\"column\">\n\t\t\t<div class=\"elementor-widget-wrap elementor-element-populated\">\n\t\t\t\t\t\t<div class=\"elementor-element elementor-element-238197f elementor-widget elementor-widget-heading\" data-id=\"238197f\" data-element_type=\"widget\" data-e-type=\"widget\" data-widget_type=\"heading.default\">\n\t\t\t\t\t<h4 class=\"elementor-heading-title elementor-size-default\">Jonathan Bernel\u00f6v <\/h4>\t\t\t\t<\/div>\n\t\t\t\t<div class=\"elementor-element elementor-element-9645088 elementor-widget elementor-widget-text-editor\" data-id=\"9645088\" data-element_type=\"widget\" data-e-type=\"widget\" data-widget_type=\"text-editor.default\">\n\t\t\t\t\t\t\t\t\t<p>COO, Oxceed<\/p>\t\t\t\t\t\t\t\t<\/div>\n\t\t\t\t\t<\/div>\n\t\t<\/div>\n\t\t\t\t\t<\/div>\n\t\t<\/section>\n\t\t\t\t<section class=\"elementor-section elementor-inner-section elementor-element elementor-element-85f918f elementor-section-boxed elementor-section-height-default elementor-section-height-default\" data-id=\"85f918f\" data-element_type=\"section\" data-e-type=\"section\" data-settings=\"{&quot;jet_parallax_layout_list&quot;:[{&quot;jet_parallax_layout_image&quot;:{&quot;url&quot;:&quot;&quot;,&quot;id&quot;:&quot;&quot;,&quot;size&quot;:&quot;&quot;},&quot;_id&quot;:&quot;8bc1bd6&quot;,&quot;jet_parallax_layout_image_tablet&quot;:{&quot;url&quot;:&quot;&quot;,&quot;id&quot;:&quot;&quot;,&quot;size&quot;:&quot;&quot;},&quot;jet_parallax_layout_image_mobile&quot;:{&quot;url&quot;:&quot;&quot;,&quot;id&quot;:&quot;&quot;,&quot;size&quot;:&quot;&quot;},&quot;jet_parallax_layout_speed&quot;:{&quot;unit&quot;:&quot;%&quot;,&quot;size&quot;:50,&quot;sizes&quot;:[]},&quot;jet_parallax_layout_type&quot;:&quot;scroll&quot;,&quot;jet_parallax_layout_direction&quot;:&quot;1&quot;,&quot;jet_parallax_layout_fx_direction&quot;:null,&quot;jet_parallax_layout_z_index&quot;:&quot;&quot;,&quot;jet_parallax_layout_bg_x&quot;:50,&quot;jet_parallax_layout_bg_x_tablet&quot;:&quot;&quot;,&quot;jet_parallax_layout_bg_x_mobile&quot;:&quot;&quot;,&quot;jet_parallax_layout_bg_y&quot;:50,&quot;jet_parallax_layout_bg_y_tablet&quot;:&quot;&quot;,&quot;jet_parallax_layout_bg_y_mobile&quot;:&quot;&quot;,&quot;jet_parallax_layout_bg_size&quot;:&quot;auto&quot;,&quot;jet_parallax_layout_bg_size_tablet&quot;:&quot;&quot;,&quot;jet_parallax_layout_bg_size_mobile&quot;:&quot;&quot;,&quot;jet_parallax_layout_animation_prop&quot;:&quot;transform&quot;,&quot;jet_parallax_layout_on&quot;:[&quot;desktop&quot;,&quot;tablet&quot;]}]}\">\n\t\t\t\t\t\t<div class=\"elementor-container elementor-column-gap-default\">\n\t\t\t\t\t<div class=\"elementor-column elementor-col-50 elementor-inner-column elementor-element elementor-element-e8721af\" data-id=\"e8721af\" data-element_type=\"column\" data-e-type=\"column\">\n\t\t\t<div class=\"elementor-widget-wrap elementor-element-populated\">\n\t\t\t\t\t\t<div class=\"elementor-element elementor-element-e180eea elementor-widget elementor-widget-image\" data-id=\"e180eea\" data-element_type=\"widget\" data-e-type=\"widget\" data-widget_type=\"image.default\">\n\t\t\t\t\t\t\t\t\t\t\t\t\t\t\t<img loading=\"lazy\" decoding=\"async\" width=\"150\" height=\"150\" src=\"https:\/\/oxceed.com\/no\/wp-content\/uploads\/sites\/23\/2023\/11\/DSC8326-150x150.jpg\" class=\"attachment-thumbnail size-thumbnail wp-image-22887\" alt=\"\" srcset=\"https:\/\/oxceed.com\/no\/wp-content\/uploads\/sites\/23\/2023\/11\/DSC8326-150x150.jpg 150w, https:\/\/oxceed.com\/no\/wp-content\/uploads\/sites\/23\/2023\/11\/DSC8326-300x300.jpg 300w, https:\/\/oxceed.com\/no\/wp-content\/uploads\/sites\/23\/2023\/11\/DSC8326-1024x1024.jpg 1024w, https:\/\/oxceed.com\/no\/wp-content\/uploads\/sites\/23\/2023\/11\/DSC8326-768x768.jpg 768w, https:\/\/oxceed.com\/no\/wp-content\/uploads\/sites\/23\/2023\/11\/DSC8326-1536x1536.jpg 1536w, https:\/\/oxceed.com\/no\/wp-content\/uploads\/sites\/23\/2023\/11\/DSC8326-2048x2048.jpg 2048w\" sizes=\"auto, (max-width: 150px) 100vw, 150px\" \/>\t\t\t\t\t\t\t\t\t\t\t\t\t\t\t<\/div>\n\t\t\t\t\t<\/div>\n\t\t<\/div>\n\t\t\t\t<div class=\"elementor-column elementor-col-50 elementor-inner-column elementor-element elementor-element-7d82978\" data-id=\"7d82978\" data-element_type=\"column\" data-e-type=\"column\">\n\t\t\t<div class=\"elementor-widget-wrap elementor-element-populated\">\n\t\t\t\t\t\t<div class=\"elementor-element elementor-element-5110a4c elementor-widget elementor-widget-heading\" data-id=\"5110a4c\" data-element_type=\"widget\" data-e-type=\"widget\" data-widget_type=\"heading.default\">\n\t\t\t\t\t<h4 class=\"elementor-heading-title elementor-size-default\">Linnea Strandlund S\u00f6derling<\/h4>\t\t\t\t<\/div>\n\t\t\t\t<div class=\"elementor-element elementor-element-95acf19 elementor-widget elementor-widget-text-editor\" data-id=\"95acf19\" data-element_type=\"widget\" data-e-type=\"widget\" data-widget_type=\"text-editor.default\">\n\t\t\t\t\t\t\t\t\t<p>Product Marketing Coordinator, Oxceed<\/p>\t\t\t\t\t\t\t\t<\/div>\n\t\t\t\t\t<\/div>\n\t\t<\/div>\n\t\t\t\t\t<\/div>\n\t\t<\/section>\n\t\t\t\t\t<\/div>\n\t\t<\/div>\n\t\t\t\t<div class=\"elementor-column elementor-col-33 elementor-top-column elementor-element elementor-element-8cd7cbc\" data-id=\"8cd7cbc\" data-element_type=\"column\" data-e-type=\"column\">\n\t\t\t<div class=\"elementor-widget-wrap elementor-element-populated\">\n\t\t\t\t\t\t<div class=\"elementor-element elementor-element-e6645e0 elementor-widget elementor-widget-html\" data-id=\"e6645e0\" data-element_type=\"widget\" data-e-type=\"widget\" data-widget_type=\"html.default\">\n\t\t\t\t\t<iframe loading=\"lazy\" src=\"https:\/\/streamyard.com\/watch\/MZp4wBVEuuvv?embed=true\" width=\"360\" height=\"800\" frameborder=\"0\" allow=\"autoplay; fullscreen\"><\/iframe>\t\t\t\t<\/div>\n\t\t\t\t\t<\/div>\n\t\t<\/div>\n\t\t\t\t<div class=\"elementor-column elementor-col-33 elementor-top-column elementor-element elementor-element-6fa52ec\" data-id=\"6fa52ec\" data-element_type=\"column\" data-e-type=\"column\">\n\t\t\t<div class=\"elementor-widget-wrap\">\n\t\t\t\t\t\t\t<\/div>\n\t\t<\/div>\n\t\t\t\t\t<\/div>\n\t\t<\/section>\n\t\t\t\t<\/div>\n\t\t","protected":false},"excerpt":{"rendered":"<p>On-demand:Fr\u00e5n verksamhetsdata till r\u00e4tt nyckeltal Vill du bli b\u00e4ttre p\u00e5 att anv\u00e4nda nyckeltal f\u00f6r att driva f\u00f6retaget fram\u00e5t? I det h\u00e4r webinaret diskuterar vi hur r\u00e4tt nyckeltal kan bli ett proaktivt verktyg f\u00f6r att n\u00e5 f\u00f6retagets \u00f6vergripande m\u00e5l. Oxceeds COO Jonathan Bernel\u00f6v ger bland annat insikter kring: ? Hur nyckeltal hj\u00e4lper dig agera i r\u00e4tt [&hellip;]<\/p>\n","protected":false},"author":7,"featured_media":33058,"parent":15745,"menu_order":0,"comment_status":"closed","ping_status":"closed","template":"","meta":{"_acf_changed":false,"_trash_the_other_posts":false,"editor_notices":[],"footnotes":""},"class_list":["post-33056","page","type-page","status-publish","has-post-thumbnail","hentry"],"acf":[],"yoast_head":"<!-- This site is optimized with the Yoast SEO Premium plugin v26.5 (Yoast SEO v27.4) - https:\/\/yoast.com\/product\/yoast-seo-premium-wordpress\/ -->\n<title>Webinar: Fr\u00e5n verksamhetsdata till r\u00e4tt nyckeltal - Oxceed Norway<\/title>\n<meta name=\"description\" content=\"Oxceeds COO Jonathan Bernel\u00f6v ger praktiska r\u00e5d kring hur du v\u00e4ljer nyckeltal som reflekterar verksamhetens m\u00e5l och bidrar till proaktiva beslut.\" \/>\n<meta name=\"robots\" content=\"noindex, follow\" \/>\n<meta property=\"og:locale\" content=\"en_GB\" \/>\n<meta property=\"og:type\" content=\"article\" \/>\n<meta property=\"og:title\" content=\"Webinar: Fr\u00e5n verksamhetsdata till r\u00e4tt nyckeltal\" \/>\n<meta property=\"og:description\" content=\"Oxceeds COO Jonathan Bernel\u00f6v ger praktiska r\u00e5d kring hur du v\u00e4ljer nyckeltal som reflekterar verksamhetens m\u00e5l och bidrar till proaktiva beslut.\" \/>\n<meta property=\"og:url\" content=\"https:\/\/oxceed.com\/no\/webinar\/fran-verksamhetsdata-till-ratt-nyckeltal\/\" \/>\n<meta property=\"og:site_name\" content=\"Oxceed Norway\" \/>\n<meta property=\"article:modified_time\" content=\"2025-10-17T11:42:13+00:00\" \/>\n<meta property=\"og:image\" content=\"https:\/\/oxceed.com\/no\/wp-content\/uploads\/sites\/23\/2025\/04\/Fran-verksamhetsdata-till-ratt-nyckeltal.png\" \/>\n\t<meta property=\"og:image:width\" content=\"1920\" \/>\n\t<meta property=\"og:image:height\" content=\"1080\" \/>\n\t<meta property=\"og:image:type\" content=\"image\/png\" \/>\n<meta name=\"twitter:card\" content=\"summary_large_image\" \/>\n<meta name=\"twitter:label1\" content=\"Estimated reading time\" \/>\n\t<meta name=\"twitter:data1\" content=\"2 minutes\" \/>\n<script type=\"application\/ld+json\" class=\"yoast-schema-graph\">{\"@context\":\"https:\\\/\\\/schema.org\",\"@graph\":[{\"@type\":\"WebPage\",\"@id\":\"https:\\\/\\\/oxceed.com\\\/no\\\/webinar\\\/fran-verksamhetsdata-till-ratt-nyckeltal\\\/\",\"url\":\"https:\\\/\\\/oxceed.com\\\/no\\\/webinar\\\/fran-verksamhetsdata-till-ratt-nyckeltal\\\/\",\"name\":\"Webinar: Fr\u00e5n verksamhetsdata till r\u00e4tt nyckeltal - Oxceed Norway\",\"isPartOf\":{\"@id\":\"https:\\\/\\\/oxceed.com\\\/no\\\/#website\"},\"primaryImageOfPage\":{\"@id\":\"https:\\\/\\\/oxceed.com\\\/no\\\/webinar\\\/fran-verksamhetsdata-till-ratt-nyckeltal\\\/#primaryimage\"},\"image\":{\"@id\":\"https:\\\/\\\/oxceed.com\\\/no\\\/webinar\\\/fran-verksamhetsdata-till-ratt-nyckeltal\\\/#primaryimage\"},\"thumbnailUrl\":\"https:\\\/\\\/oxceed.com\\\/no\\\/wp-content\\\/uploads\\\/sites\\\/23\\\/2025\\\/04\\\/Fran-verksamhetsdata-till-ratt-nyckeltal.png\",\"datePublished\":\"2025-04-15T13:36:18+00:00\",\"dateModified\":\"2025-10-17T11:42:13+00:00\",\"description\":\"Oxceeds COO Jonathan Bernel\u00f6v ger praktiska r\u00e5d kring hur du v\u00e4ljer nyckeltal som reflekterar verksamhetens m\u00e5l och bidrar till proaktiva beslut.\",\"breadcrumb\":{\"@id\":\"https:\\\/\\\/oxceed.com\\\/no\\\/webinar\\\/fran-verksamhetsdata-till-ratt-nyckeltal\\\/#breadcrumb\"},\"inLanguage\":\"en-GB\",\"potentialAction\":[{\"@type\":\"ReadAction\",\"target\":[\"https:\\\/\\\/oxceed.com\\\/no\\\/webinar\\\/fran-verksamhetsdata-till-ratt-nyckeltal\\\/\"]}]},{\"@type\":\"ImageObject\",\"inLanguage\":\"en-GB\",\"@id\":\"https:\\\/\\\/oxceed.com\\\/no\\\/webinar\\\/fran-verksamhetsdata-till-ratt-nyckeltal\\\/#primaryimage\",\"url\":\"https:\\\/\\\/oxceed.com\\\/no\\\/wp-content\\\/uploads\\\/sites\\\/23\\\/2025\\\/04\\\/Fran-verksamhetsdata-till-ratt-nyckeltal.png\",\"contentUrl\":\"https:\\\/\\\/oxceed.com\\\/no\\\/wp-content\\\/uploads\\\/sites\\\/23\\\/2025\\\/04\\\/Fran-verksamhetsdata-till-ratt-nyckeltal.png\",\"width\":1920,\"height\":1080},{\"@type\":\"BreadcrumbList\",\"@id\":\"https:\\\/\\\/oxceed.com\\\/no\\\/webinar\\\/fran-verksamhetsdata-till-ratt-nyckeltal\\\/#breadcrumb\",\"itemListElement\":[{\"@type\":\"ListItem\",\"position\":1,\"name\":\"Home\",\"item\":\"https:\\\/\\\/oxceed.com\\\/no\\\/\"},{\"@type\":\"ListItem\",\"position\":2,\"name\":\"Webinar\",\"item\":\"https:\\\/\\\/oxceed.com\\\/no\\\/webinar\\\/\"},{\"@type\":\"ListItem\",\"position\":3,\"name\":\"Webinar: Fr\u00e5n verksamhetsdata till r\u00e4tt nyckeltal\"}]},{\"@type\":\"WebSite\",\"@id\":\"https:\\\/\\\/oxceed.com\\\/no\\\/#website\",\"url\":\"https:\\\/\\\/oxceed.com\\\/no\\\/\",\"name\":\"Oxceed Norway\",\"description\":\"Fatta b\u00e4ttre beslut med Oxceed\",\"potentialAction\":[{\"@type\":\"SearchAction\",\"target\":{\"@type\":\"EntryPoint\",\"urlTemplate\":\"https:\\\/\\\/oxceed.com\\\/no\\\/?s={search_term_string}\"},\"query-input\":{\"@type\":\"PropertyValueSpecification\",\"valueRequired\":true,\"valueName\":\"search_term_string\"}}],\"inLanguage\":\"en-GB\"}]}<\/script>\n<!-- \/ Yoast SEO Premium plugin. -->","yoast_head_json":{"title":"Webinar: Fr\u00e5n verksamhetsdata till r\u00e4tt nyckeltal - Oxceed Norway","description":"Oxceeds COO Jonathan Bernel\u00f6v ger praktiska r\u00e5d kring hur du v\u00e4ljer nyckeltal som reflekterar verksamhetens m\u00e5l och bidrar till proaktiva beslut.","robots":{"index":"noindex","follow":"follow"},"og_locale":"en_GB","og_type":"article","og_title":"Webinar: Fr\u00e5n verksamhetsdata till r\u00e4tt nyckeltal","og_description":"Oxceeds COO Jonathan Bernel\u00f6v ger praktiska r\u00e5d kring hur du v\u00e4ljer nyckeltal som reflekterar verksamhetens m\u00e5l och bidrar till proaktiva beslut.","og_url":"https:\/\/oxceed.com\/no\/webinar\/fran-verksamhetsdata-till-ratt-nyckeltal\/","og_site_name":"Oxceed Norway","article_modified_time":"2025-10-17T11:42:13+00:00","og_image":[{"width":1920,"height":1080,"url":"https:\/\/oxceed.com\/no\/wp-content\/uploads\/sites\/23\/2025\/04\/Fran-verksamhetsdata-till-ratt-nyckeltal.png","type":"image\/png"}],"twitter_card":"summary_large_image","twitter_misc":{"Estimated reading time":"2 minutes"},"schema":{"@context":"https:\/\/schema.org","@graph":[{"@type":"WebPage","@id":"https:\/\/oxceed.com\/no\/webinar\/fran-verksamhetsdata-till-ratt-nyckeltal\/","url":"https:\/\/oxceed.com\/no\/webinar\/fran-verksamhetsdata-till-ratt-nyckeltal\/","name":"Webinar: Fr\u00e5n verksamhetsdata till r\u00e4tt nyckeltal - Oxceed Norway","isPartOf":{"@id":"https:\/\/oxceed.com\/no\/#website"},"primaryImageOfPage":{"@id":"https:\/\/oxceed.com\/no\/webinar\/fran-verksamhetsdata-till-ratt-nyckeltal\/#primaryimage"},"image":{"@id":"https:\/\/oxceed.com\/no\/webinar\/fran-verksamhetsdata-till-ratt-nyckeltal\/#primaryimage"},"thumbnailUrl":"https:\/\/oxceed.com\/no\/wp-content\/uploads\/sites\/23\/2025\/04\/Fran-verksamhetsdata-till-ratt-nyckeltal.png","datePublished":"2025-04-15T13:36:18+00:00","dateModified":"2025-10-17T11:42:13+00:00","description":"Oxceeds COO Jonathan Bernel\u00f6v ger praktiska r\u00e5d kring hur du v\u00e4ljer nyckeltal som reflekterar verksamhetens m\u00e5l och bidrar till proaktiva beslut.","breadcrumb":{"@id":"https:\/\/oxceed.com\/no\/webinar\/fran-verksamhetsdata-till-ratt-nyckeltal\/#breadcrumb"},"inLanguage":"en-GB","potentialAction":[{"@type":"ReadAction","target":["https:\/\/oxceed.com\/no\/webinar\/fran-verksamhetsdata-till-ratt-nyckeltal\/"]}]},{"@type":"ImageObject","inLanguage":"en-GB","@id":"https:\/\/oxceed.com\/no\/webinar\/fran-verksamhetsdata-till-ratt-nyckeltal\/#primaryimage","url":"https:\/\/oxceed.com\/no\/wp-content\/uploads\/sites\/23\/2025\/04\/Fran-verksamhetsdata-till-ratt-nyckeltal.png","contentUrl":"https:\/\/oxceed.com\/no\/wp-content\/uploads\/sites\/23\/2025\/04\/Fran-verksamhetsdata-till-ratt-nyckeltal.png","width":1920,"height":1080},{"@type":"BreadcrumbList","@id":"https:\/\/oxceed.com\/no\/webinar\/fran-verksamhetsdata-till-ratt-nyckeltal\/#breadcrumb","itemListElement":[{"@type":"ListItem","position":1,"name":"Home","item":"https:\/\/oxceed.com\/no\/"},{"@type":"ListItem","position":2,"name":"Webinar","item":"https:\/\/oxceed.com\/no\/webinar\/"},{"@type":"ListItem","position":3,"name":"Webinar: Fr\u00e5n verksamhetsdata till r\u00e4tt nyckeltal"}]},{"@type":"WebSite","@id":"https:\/\/oxceed.com\/no\/#website","url":"https:\/\/oxceed.com\/no\/","name":"Oxceed Norway","description":"Fatta b\u00e4ttre beslut med Oxceed","potentialAction":[{"@type":"SearchAction","target":{"@type":"EntryPoint","urlTemplate":"https:\/\/oxceed.com\/no\/?s={search_term_string}"},"query-input":{"@type":"PropertyValueSpecification","valueRequired":true,"valueName":"search_term_string"}}],"inLanguage":"en-GB"}]}},"_links":{"self":[{"href":"https:\/\/oxceed.com\/no\/wp-json\/wp\/v2\/pages\/33056","targetHints":{"allow":["GET"]}}],"collection":[{"href":"https:\/\/oxceed.com\/no\/wp-json\/wp\/v2\/pages"}],"about":[{"href":"https:\/\/oxceed.com\/no\/wp-json\/wp\/v2\/types\/page"}],"author":[{"embeddable":true,"href":"https:\/\/oxceed.com\/no\/wp-json\/wp\/v2\/users\/7"}],"replies":[{"embeddable":true,"href":"https:\/\/oxceed.com\/no\/wp-json\/wp\/v2\/comments?post=33056"}],"version-history":[{"count":29,"href":"https:\/\/oxceed.com\/no\/wp-json\/wp\/v2\/pages\/33056\/revisions"}],"predecessor-version":[{"id":35771,"href":"https:\/\/oxceed.com\/no\/wp-json\/wp\/v2\/pages\/33056\/revisions\/35771"}],"up":[{"embeddable":true,"href":"https:\/\/oxceed.com\/no\/wp-json\/wp\/v2\/pages\/15745"}],"wp:featuredmedia":[{"embeddable":true,"href":"https:\/\/oxceed.com\/no\/wp-json\/wp\/v2\/media\/33058"}],"wp:attachment":[{"href":"https:\/\/oxceed.com\/no\/wp-json\/wp\/v2\/media?parent=33056"}],"curies":[{"name":"wp","href":"https:\/\/api.w.org\/{rel}","templated":true}]}}