{"id":35807,"date":"2025-10-23T13:21:19","date_gmt":"2025-10-23T11:21:19","guid":{"rendered":"https:\/\/oxceed.com\/?page_id=35807"},"modified":"2025-11-17T08:20:32","modified_gmt":"2025-11-17T07:20:32","slug":"produktdemo-budgetera-i-oxceed","status":"publish","type":"page","link":"https:\/\/oxceed.com\/no\/webinar\/produktdemo-budgetera-i-oxceed\/","title":{"rendered":"Produktdemo &#8211; Budgetera i Oxceed"},"content":{"rendered":"\t\t<div data-elementor-type=\"wp-page\" data-elementor-id=\"35807\" class=\"elementor elementor-35807\" data-elementor-post-type=\"page\">\n\t\t\t\t<div class=\"elementor-element elementor-element-1c0f142 e-flex e-con-boxed elementor-invisible e-con e-parent\" data-id=\"1c0f142\" data-element_type=\"container\" data-e-type=\"container\" data-settings=\"{&quot;jet_parallax_layout_list&quot;:[{&quot;jet_parallax_layout_image&quot;:{&quot;url&quot;:&quot;&quot;,&quot;id&quot;:&quot;&quot;,&quot;size&quot;:&quot;&quot;},&quot;_id&quot;:&quot;b6f69a7&quot;,&quot;jet_parallax_layout_image_tablet&quot;:{&quot;url&quot;:&quot;&quot;,&quot;id&quot;:&quot;&quot;,&quot;size&quot;:&quot;&quot;},&quot;jet_parallax_layout_image_mobile&quot;:{&quot;url&quot;:&quot;&quot;,&quot;id&quot;:&quot;&quot;,&quot;size&quot;:&quot;&quot;},&quot;jet_parallax_layout_speed&quot;:{&quot;unit&quot;:&quot;%&quot;,&quot;size&quot;:50,&quot;sizes&quot;:[]},&quot;jet_parallax_layout_type&quot;:&quot;scroll&quot;,&quot;jet_parallax_layout_direction&quot;:&quot;1&quot;,&quot;jet_parallax_layout_fx_direction&quot;:null,&quot;jet_parallax_layout_z_index&quot;:&quot;&quot;,&quot;jet_parallax_layout_bg_x&quot;:50,&quot;jet_parallax_layout_bg_x_tablet&quot;:&quot;&quot;,&quot;jet_parallax_layout_bg_x_mobile&quot;:&quot;&quot;,&quot;jet_parallax_layout_bg_y&quot;:50,&quot;jet_parallax_layout_bg_y_tablet&quot;:&quot;&quot;,&quot;jet_parallax_layout_bg_y_mobile&quot;:&quot;&quot;,&quot;jet_parallax_layout_bg_size&quot;:&quot;auto&quot;,&quot;jet_parallax_layout_bg_size_tablet&quot;:&quot;&quot;,&quot;jet_parallax_layout_bg_size_mobile&quot;:&quot;&quot;,&quot;jet_parallax_layout_animation_prop&quot;:&quot;transform&quot;,&quot;jet_parallax_layout_on&quot;:[&quot;desktop&quot;,&quot;tablet&quot;]}],&quot;animation&quot;:&quot;fadeIn&quot;}\">\n\t\t\t\t\t<div class=\"e-con-inner\">\n\t\t<div class=\"elementor-element elementor-element-be28ee1 e-con-full e-flex e-con e-child\" data-id=\"be28ee1\" data-element_type=\"container\" data-e-type=\"container\" data-settings=\"{&quot;jet_parallax_layout_list&quot;:[]}\">\n\t\t<div class=\"elementor-element elementor-element-9e66b71 e-con-full e-flex e-con e-child\" data-id=\"9e66b71\" data-element_type=\"container\" data-e-type=\"container\" data-settings=\"{&quot;jet_parallax_layout_list&quot;:[]}\">\n\t\t<div class=\"elementor-element elementor-element-b12032d e-con-full e-flex e-con e-child\" data-id=\"b12032d\" data-element_type=\"container\" data-e-type=\"container\" data-settings=\"{&quot;jet_parallax_layout_list&quot;:[]}\">\n\t\t\t\t<div class=\"elementor-element elementor-element-8eccdab elementor-widget elementor-widget-heading\" data-id=\"8eccdab\" data-element_type=\"widget\" data-e-type=\"widget\" data-widget_type=\"heading.default\">\n\t\t\t\t\t<h1 class=\"elementor-heading-title elementor-size-default\"><font color=\"#00b0ad\">Demo: <\/font><span data-teams=\"true\">Budgetera i Oxceed <\/span><\/h1>\t\t\t\t<\/div>\n\t\t\t\t<\/div>\n\t\t<div class=\"elementor-element elementor-element-fee2e24 e-con-full e-flex e-con e-child\" data-id=\"fee2e24\" data-element_type=\"container\" data-e-type=\"container\" data-settings=\"{&quot;jet_parallax_layout_list&quot;:[]}\">\n\t\t\t\t<div class=\"elementor-element elementor-element-de60ede elementor-widget__width-initial elementor-widget elementor-widget-text-editor\" data-id=\"de60ede\" data-element_type=\"widget\" data-e-type=\"widget\" data-widget_type=\"text-editor.default\">\n\t\t\t\t\t\t\t\t\t<p data-start=\"164\" data-end=\"434\">Oxceeds <strong data-start=\"192\" data-end=\"212\">Viktor B\u00e4ckstr\u00f6m<\/strong> och <strong data-start=\"217\" data-end=\"234\">Gustav Nyberg<\/strong> visar hur du enkelt skapar en budget i Oxceed &#8211; fr\u00e5n start till f\u00e4rdig plan.<\/p><p data-start=\"164\" data-end=\"434\">Du f\u00e5r praktiska tips, smarta arbetss\u00e4tt och inspiration till hur budgetarbetet kan bli b\u00e5de snabbare och mer anv\u00e4ndbart i verksamheten.\u00a0<\/p><p data-start=\"436\" data-end=\"627\">Passar b\u00e5de dig som \u00e4r ekonomifunktion p\u00e5 ett <strong data-start=\"448\" data-end=\"482\">f\u00f6retag eller \u00a0redovisningskonsult p\u00e5 byr\u00e5<\/strong>, oavsett om du redan anv\u00e4nder Oxceed eller bara \u00e4r nyfiken p\u00e5 verktyget.<\/p><p data-start=\"436\" data-end=\"627\">Webinaret \u00e4r cirka 40 minuter l\u00e5ngt. Fyll i dina uppgifter i formul\u00e4ret f\u00f6r att f\u00e5 tillg\u00e5ng till inspelningen.<\/p>\t\t\t\t\t\t\t\t<\/div>\n\t\t\t\t<\/div>\n\t\t<div class=\"elementor-element elementor-element-3006667 e-con-full e-flex e-con e-child\" data-id=\"3006667\" data-element_type=\"container\" data-e-type=\"container\" data-settings=\"{&quot;jet_parallax_layout_list&quot;:[]}\">\n\t\t<div class=\"elementor-element elementor-element-34c841f e-con-full e-flex e-con e-child\" data-id=\"34c841f\" data-element_type=\"container\" data-e-type=\"container\" data-settings=\"{&quot;jet_parallax_layout_list&quot;:[{&quot;jet_parallax_layout_image&quot;:{&quot;url&quot;:&quot;&quot;,&quot;id&quot;:&quot;&quot;,&quot;size&quot;:&quot;&quot;},&quot;_id&quot;:&quot;8bc1bd6&quot;,&quot;jet_parallax_layout_image_tablet&quot;:{&quot;url&quot;:&quot;&quot;,&quot;id&quot;:&quot;&quot;,&quot;size&quot;:&quot;&quot;},&quot;jet_parallax_layout_image_mobile&quot;:{&quot;url&quot;:&quot;&quot;,&quot;id&quot;:&quot;&quot;,&quot;size&quot;:&quot;&quot;},&quot;jet_parallax_layout_speed&quot;:{&quot;unit&quot;:&quot;%&quot;,&quot;size&quot;:50,&quot;sizes&quot;:[]},&quot;jet_parallax_layout_type&quot;:&quot;scroll&quot;,&quot;jet_parallax_layout_direction&quot;:&quot;1&quot;,&quot;jet_parallax_layout_fx_direction&quot;:null,&quot;jet_parallax_layout_z_index&quot;:&quot;&quot;,&quot;jet_parallax_layout_bg_x&quot;:50,&quot;jet_parallax_layout_bg_x_tablet&quot;:&quot;&quot;,&quot;jet_parallax_layout_bg_x_mobile&quot;:&quot;&quot;,&quot;jet_parallax_layout_bg_y&quot;:50,&quot;jet_parallax_layout_bg_y_tablet&quot;:&quot;&quot;,&quot;jet_parallax_layout_bg_y_mobile&quot;:&quot;&quot;,&quot;jet_parallax_layout_bg_size&quot;:&quot;auto&quot;,&quot;jet_parallax_layout_bg_size_tablet&quot;:&quot;&quot;,&quot;jet_parallax_layout_bg_size_mobile&quot;:&quot;&quot;,&quot;jet_parallax_layout_animation_prop&quot;:&quot;transform&quot;,&quot;jet_parallax_layout_on&quot;:[&quot;desktop&quot;,&quot;tablet&quot;]}]}\">\n\t\t<div class=\"elementor-element elementor-element-39b860f e-con-full e-flex e-con e-child\" data-id=\"39b860f\" data-element_type=\"container\" data-e-type=\"container\" data-settings=\"{&quot;jet_parallax_layout_list&quot;:[]}\">\n\t\t\t\t<div class=\"elementor-element elementor-element-024f0da elementor-widget elementor-widget-image\" data-id=\"024f0da\" data-element_type=\"widget\" data-e-type=\"widget\" data-widget_type=\"image.default\">\n\t\t\t\t\t\t\t\t\t\t\t\t\t\t\t<img loading=\"lazy\" decoding=\"async\" width=\"150\" height=\"150\" src=\"https:\/\/oxceed.com\/no\/wp-content\/uploads\/sites\/23\/2025\/09\/Viktor-Backstrom-150x150.jpg\" class=\"attachment-thumbnail size-thumbnail wp-image-35341\" alt=\"\" srcset=\"https:\/\/oxceed.com\/no\/wp-content\/uploads\/sites\/23\/2025\/09\/Viktor-Backstrom-150x150.jpg 150w, https:\/\/oxceed.com\/no\/wp-content\/uploads\/sites\/23\/2025\/09\/Viktor-Backstrom-768x768.jpg 768w, https:\/\/oxceed.com\/no\/wp-content\/uploads\/sites\/23\/2025\/09\/Viktor-Backstrom.jpg 1080w\" sizes=\"auto, (max-width: 150px) 100vw, 150px\" \/>\t\t\t\t\t\t\t\t\t\t\t\t\t\t\t<\/div>\n\t\t\t\t<\/div>\n\t\t<div class=\"elementor-element elementor-element-5252e38 e-con-full e-flex e-con e-child\" data-id=\"5252e38\" data-element_type=\"container\" data-e-type=\"container\" data-settings=\"{&quot;jet_parallax_layout_list&quot;:[]}\">\n\t\t\t\t<div class=\"elementor-element elementor-element-c2e03ad elementor-widget elementor-widget-heading\" data-id=\"c2e03ad\" data-element_type=\"widget\" data-e-type=\"widget\" data-widget_type=\"heading.default\">\n\t\t\t\t\t<span class=\"elementor-heading-title elementor-size-default\">Viktor B\u00e4ckstr\u00f6m<\/span>\t\t\t\t<\/div>\n\t\t\t\t<div class=\"elementor-element elementor-element-ee712ed elementor-widget elementor-widget-text-editor\" data-id=\"ee712ed\" data-element_type=\"widget\" data-e-type=\"widget\" data-widget_type=\"text-editor.default\">\n\t\t\t\t\t\t\t\t\t<p><span class=\"TextRun SCXW255352412 BCX0\" lang=\"SV-SE\" xml:lang=\"SV-SE\" data-contrast=\"auto\"><span class=\"NormalTextRun SCXW255352412 BCX0\">CSM\u00a0<\/span><\/span><\/p><p><b>Oxceed<\/b><\/p>\t\t\t\t\t\t\t\t<\/div>\n\t\t\t\t<\/div>\n\t\t\t\t<\/div>\n\t\t<div class=\"elementor-element elementor-element-4553494 e-con-full e-flex e-con e-child\" data-id=\"4553494\" data-element_type=\"container\" data-e-type=\"container\" data-settings=\"{&quot;jet_parallax_layout_list&quot;:[{&quot;jet_parallax_layout_image&quot;:{&quot;url&quot;:&quot;&quot;,&quot;id&quot;:&quot;&quot;,&quot;size&quot;:&quot;&quot;},&quot;_id&quot;:&quot;8bc1bd6&quot;,&quot;jet_parallax_layout_image_tablet&quot;:{&quot;url&quot;:&quot;&quot;,&quot;id&quot;:&quot;&quot;,&quot;size&quot;:&quot;&quot;},&quot;jet_parallax_layout_image_mobile&quot;:{&quot;url&quot;:&quot;&quot;,&quot;id&quot;:&quot;&quot;,&quot;size&quot;:&quot;&quot;},&quot;jet_parallax_layout_speed&quot;:{&quot;unit&quot;:&quot;%&quot;,&quot;size&quot;:50,&quot;sizes&quot;:[]},&quot;jet_parallax_layout_type&quot;:&quot;scroll&quot;,&quot;jet_parallax_layout_direction&quot;:&quot;1&quot;,&quot;jet_parallax_layout_fx_direction&quot;:null,&quot;jet_parallax_layout_z_index&quot;:&quot;&quot;,&quot;jet_parallax_layout_bg_x&quot;:50,&quot;jet_parallax_layout_bg_x_tablet&quot;:&quot;&quot;,&quot;jet_parallax_layout_bg_x_mobile&quot;:&quot;&quot;,&quot;jet_parallax_layout_bg_y&quot;:50,&quot;jet_parallax_layout_bg_y_tablet&quot;:&quot;&quot;,&quot;jet_parallax_layout_bg_y_mobile&quot;:&quot;&quot;,&quot;jet_parallax_layout_bg_size&quot;:&quot;auto&quot;,&quot;jet_parallax_layout_bg_size_tablet&quot;:&quot;&quot;,&quot;jet_parallax_layout_bg_size_mobile&quot;:&quot;&quot;,&quot;jet_parallax_layout_animation_prop&quot;:&quot;transform&quot;,&quot;jet_parallax_layout_on&quot;:[&quot;desktop&quot;,&quot;tablet&quot;]}]}\">\n\t\t<div class=\"elementor-element elementor-element-a39d2f9 e-con-full e-flex e-con e-child\" data-id=\"a39d2f9\" data-element_type=\"container\" data-e-type=\"container\" data-settings=\"{&quot;jet_parallax_layout_list&quot;:[]}\">\n\t\t\t\t<div class=\"elementor-element elementor-element-f66460f elementor-widget elementor-widget-image\" data-id=\"f66460f\" data-element_type=\"widget\" data-e-type=\"widget\" data-widget_type=\"image.default\">\n\t\t\t\t\t\t\t\t\t\t\t\t\t\t\t<img loading=\"lazy\" decoding=\"async\" width=\"150\" height=\"150\" src=\"https:\/\/oxceed.com\/no\/wp-content\/uploads\/sites\/23\/2024\/03\/DSC8086-150x150.jpg\" class=\"attachment-thumbnail size-thumbnail wp-image-25487\" alt=\"\" srcset=\"https:\/\/oxceed.com\/no\/wp-content\/uploads\/sites\/23\/2024\/03\/DSC8086-150x150.jpg 150w, https:\/\/oxceed.com\/no\/wp-content\/uploads\/sites\/23\/2024\/03\/DSC8086-300x300.jpg 300w, https:\/\/oxceed.com\/no\/wp-content\/uploads\/sites\/23\/2024\/03\/DSC8086-1024x1024.jpg 1024w, https:\/\/oxceed.com\/no\/wp-content\/uploads\/sites\/23\/2024\/03\/DSC8086-768x768.jpg 768w, https:\/\/oxceed.com\/no\/wp-content\/uploads\/sites\/23\/2024\/03\/DSC8086-1536x1536.jpg 1536w, https:\/\/oxceed.com\/no\/wp-content\/uploads\/sites\/23\/2024\/03\/DSC8086-2048x2048.jpg 2048w, https:\/\/oxceed.com\/no\/wp-content\/uploads\/sites\/23\/2024\/03\/DSC8086-500x500.jpg 500w\" sizes=\"auto, (max-width: 150px) 100vw, 150px\" \/>\t\t\t\t\t\t\t\t\t\t\t\t\t\t\t<\/div>\n\t\t\t\t<\/div>\n\t\t<div class=\"elementor-element elementor-element-127371b e-con-full e-flex e-con e-child\" data-id=\"127371b\" data-element_type=\"container\" data-e-type=\"container\" data-settings=\"{&quot;jet_parallax_layout_list&quot;:[]}\">\n\t\t\t\t<div class=\"elementor-element elementor-element-9a9acf6 elementor-widget elementor-widget-heading\" data-id=\"9a9acf6\" data-element_type=\"widget\" data-e-type=\"widget\" data-widget_type=\"heading.default\">\n\t\t\t\t\t<span class=\"elementor-heading-title elementor-size-default\">Gustav Nyberg<\/span>\t\t\t\t<\/div>\n\t\t\t\t<div class=\"elementor-element elementor-element-21e208b elementor-widget elementor-widget-text-editor\" data-id=\"21e208b\" data-element_type=\"widget\" data-e-type=\"widget\" data-widget_type=\"text-editor.default\">\n\t\t\t\t\t\t\t\t\t<p>CSM<\/p><p><strong><span class=\"NormalTextRun SpellingErrorV2Themed SCXW98314577 BCX0\" data-ccp-parastyle=\"Normal (Web)\">Oxceed<\/span><\/strong><\/p>\t\t\t\t\t\t\t\t<\/div>\n\t\t\t\t<\/div>\n\t\t\t\t<\/div>\n\t\t\t\t<\/div>\n\t\t\t\t<\/div>\n\t\t<div class=\"elementor-element elementor-element-e596f34 e-con-full e-flex e-con e-child\" data-id=\"e596f34\" data-element_type=\"container\" data-e-type=\"container\" data-settings=\"{&quot;jet_parallax_layout_list&quot;:[]}\">\n\t\t<div class=\"elementor-element elementor-element-62ec984 e-con-full e-flex e-con e-child\" data-id=\"62ec984\" data-element_type=\"container\" data-e-type=\"container\" data-settings=\"{&quot;jet_parallax_layout_list&quot;:[]}\">\n\t\t\t\t<div class=\"elementor-element elementor-element-1dbdf32 elementor-widget elementor-widget-html\" data-id=\"1dbdf32\" data-element_type=\"widget\" data-e-type=\"widget\" data-widget_type=\"html.default\">\n\t\t\t\t\t<iframe loading=\"lazy\" src=\"https:\/\/streamyard.com\/watch\/8d2fZFWw4Jre?embed=true\" width=\"1422\" height=\"800\" frameborder=\"0\" allow=\"autoplay; fullscreen\"><\/iframe>\t\t\t\t<\/div>\n\t\t\t\t<\/div>\n\t\t<div class=\"elementor-element elementor-element-90a65e2 e-con-full e-flex e-con e-child\" data-id=\"90a65e2\" data-element_type=\"container\" data-e-type=\"container\" data-settings=\"{&quot;jet_parallax_layout_list&quot;:[]}\">\n\t\t\t\t<div class=\"elementor-element elementor-element-d6dedd1 elementor-widget elementor-widget-text-editor\" data-id=\"d6dedd1\" data-element_type=\"widget\" data-e-type=\"widget\" data-widget_type=\"text-editor.default\">\n\t\t\t\t\t\t\t\t\t<p><span data-contrast=\"auto\">H\u00e5ll utkik i din inkorg efter webinarl\u00e4nken som kommer fr\u00e5n <a href=\"https:\/\/streamyard.com\/\">Streamyard<\/a>.\u00a0<\/span><span data-ccp-props=\"{}\">\u00a0<\/span><\/p>\t\t\t\t\t\t\t\t<\/div>\n\t\t\t\t<\/div>\n\t\t\t\t<\/div>\n\t\t\t\t<\/div>\n\t\t\t\t\t<\/div>\n\t\t\t\t<\/div>\n\t\t\t\t<\/div>\n\t\t","protected":false},"excerpt":{"rendered":"<p>Demo: Budgetera i Oxceed Oxceeds Viktor B\u00e4ckstr\u00f6m och Gustav Nyberg visar hur du enkelt skapar en budget i Oxceed &#8211; fr\u00e5n start till f\u00e4rdig plan. Du f\u00e5r praktiska tips, smarta arbetss\u00e4tt och inspiration till hur budgetarbetet kan bli b\u00e5de snabbare och mer anv\u00e4ndbart i verksamheten.\u00a0 Passar b\u00e5de dig som \u00e4r ekonomifunktion p\u00e5 ett f\u00f6retag eller [&hellip;]<\/p>\n","protected":false},"author":7,"featured_media":35817,"parent":15745,"menu_order":0,"comment_status":"closed","ping_status":"closed","template":"","meta":{"_acf_changed":false,"_trash_the_other_posts":false,"editor_notices":[],"footnotes":""},"class_list":["post-35807","page","type-page","status-publish","has-post-thumbnail","hentry"],"acf":[],"yoast_head":"<!-- This site is optimized with the Yoast SEO Premium plugin v26.5 (Yoast SEO v27.4) - https:\/\/yoast.com\/product\/yoast-seo-premium-wordpress\/ -->\n<title>Produktdemo - Budgetera i Oxceed - Oxceed Norway<\/title>\n<meta name=\"robots\" content=\"noindex, follow\" \/>\n<meta property=\"og:locale\" content=\"en_GB\" \/>\n<meta property=\"og:type\" content=\"article\" \/>\n<meta property=\"og:title\" content=\"Produktdemo - Budgetera i Oxceed\" \/>\n<meta property=\"og:description\" content=\"Demo: Budgetera i Oxceed Oxceeds Viktor B\u00e4ckstr\u00f6m och Gustav Nyberg visar hur du enkelt skapar en budget i Oxceed &#8211; fr\u00e5n start till f\u00e4rdig plan. Du f\u00e5r praktiska tips, smarta arbetss\u00e4tt och inspiration till hur budgetarbetet kan bli b\u00e5de snabbare och mer anv\u00e4ndbart i verksamheten.\u00a0 Passar b\u00e5de dig som \u00e4r ekonomifunktion p\u00e5 ett f\u00f6retag eller [&hellip;]\" \/>\n<meta property=\"og:url\" content=\"https:\/\/oxceed.com\/no\/webinar\/produktdemo-budgetera-i-oxceed\/\" \/>\n<meta property=\"og:site_name\" content=\"Oxceed Norway\" \/>\n<meta property=\"article:modified_time\" content=\"2025-11-17T07:20:32+00:00\" \/>\n<meta property=\"og:image\" content=\"https:\/\/oxceed.com\/no\/wp-content\/uploads\/sites\/23\/2025\/10\/Budgetera-i-Oxceed.jpg\" \/>\n\t<meta property=\"og:image:width\" content=\"1920\" \/>\n\t<meta property=\"og:image:height\" content=\"1080\" \/>\n\t<meta property=\"og:image:type\" content=\"image\/jpeg\" \/>\n<meta name=\"twitter:card\" content=\"summary_large_image\" \/>\n<meta name=\"twitter:label1\" content=\"Estimated reading time\" \/>\n\t<meta name=\"twitter:data1\" content=\"1 minute\" \/>\n<script type=\"application\/ld+json\" class=\"yoast-schema-graph\">{\"@context\":\"https:\\\/\\\/schema.org\",\"@graph\":[{\"@type\":\"WebPage\",\"@id\":\"https:\\\/\\\/oxceed.com\\\/no\\\/webinar\\\/produktdemo-budgetera-i-oxceed\\\/\",\"url\":\"https:\\\/\\\/oxceed.com\\\/no\\\/webinar\\\/produktdemo-budgetera-i-oxceed\\\/\",\"name\":\"Produktdemo - Budgetera i Oxceed - Oxceed Norway\",\"isPartOf\":{\"@id\":\"https:\\\/\\\/oxceed.com\\\/no\\\/#website\"},\"primaryImageOfPage\":{\"@id\":\"https:\\\/\\\/oxceed.com\\\/no\\\/webinar\\\/produktdemo-budgetera-i-oxceed\\\/#primaryimage\"},\"image\":{\"@id\":\"https:\\\/\\\/oxceed.com\\\/no\\\/webinar\\\/produktdemo-budgetera-i-oxceed\\\/#primaryimage\"},\"thumbnailUrl\":\"https:\\\/\\\/oxceed.com\\\/no\\\/wp-content\\\/uploads\\\/sites\\\/23\\\/2025\\\/10\\\/Budgetera-i-Oxceed.jpg\",\"datePublished\":\"2025-10-23T11:21:19+00:00\",\"dateModified\":\"2025-11-17T07:20:32+00:00\",\"breadcrumb\":{\"@id\":\"https:\\\/\\\/oxceed.com\\\/no\\\/webinar\\\/produktdemo-budgetera-i-oxceed\\\/#breadcrumb\"},\"inLanguage\":\"en-GB\",\"potentialAction\":[{\"@type\":\"ReadAction\",\"target\":[\"https:\\\/\\\/oxceed.com\\\/no\\\/webinar\\\/produktdemo-budgetera-i-oxceed\\\/\"]}]},{\"@type\":\"ImageObject\",\"inLanguage\":\"en-GB\",\"@id\":\"https:\\\/\\\/oxceed.com\\\/no\\\/webinar\\\/produktdemo-budgetera-i-oxceed\\\/#primaryimage\",\"url\":\"https:\\\/\\\/oxceed.com\\\/no\\\/wp-content\\\/uploads\\\/sites\\\/23\\\/2025\\\/10\\\/Budgetera-i-Oxceed.jpg\",\"contentUrl\":\"https:\\\/\\\/oxceed.com\\\/no\\\/wp-content\\\/uploads\\\/sites\\\/23\\\/2025\\\/10\\\/Budgetera-i-Oxceed.jpg\",\"width\":1920,\"height\":1080},{\"@type\":\"BreadcrumbList\",\"@id\":\"https:\\\/\\\/oxceed.com\\\/no\\\/webinar\\\/produktdemo-budgetera-i-oxceed\\\/#breadcrumb\",\"itemListElement\":[{\"@type\":\"ListItem\",\"position\":1,\"name\":\"Home\",\"item\":\"https:\\\/\\\/oxceed.com\\\/no\\\/\"},{\"@type\":\"ListItem\",\"position\":2,\"name\":\"Webinar\",\"item\":\"https:\\\/\\\/oxceed.com\\\/no\\\/webinar\\\/\"},{\"@type\":\"ListItem\",\"position\":3,\"name\":\"Produktdemo &#8211; Budgetera i Oxceed\"}]},{\"@type\":\"WebSite\",\"@id\":\"https:\\\/\\\/oxceed.com\\\/no\\\/#website\",\"url\":\"https:\\\/\\\/oxceed.com\\\/no\\\/\",\"name\":\"Oxceed Norway\",\"description\":\"Fatta b\u00e4ttre beslut med Oxceed\",\"potentialAction\":[{\"@type\":\"SearchAction\",\"target\":{\"@type\":\"EntryPoint\",\"urlTemplate\":\"https:\\\/\\\/oxceed.com\\\/no\\\/?s={search_term_string}\"},\"query-input\":{\"@type\":\"PropertyValueSpecification\",\"valueRequired\":true,\"valueName\":\"search_term_string\"}}],\"inLanguage\":\"en-GB\"}]}<\/script>\n<!-- \/ Yoast SEO Premium plugin. -->","yoast_head_json":{"title":"Produktdemo - Budgetera i Oxceed - Oxceed Norway","robots":{"index":"noindex","follow":"follow"},"og_locale":"en_GB","og_type":"article","og_title":"Produktdemo - Budgetera i Oxceed","og_description":"Demo: Budgetera i Oxceed Oxceeds Viktor B\u00e4ckstr\u00f6m och Gustav Nyberg visar hur du enkelt skapar en budget i Oxceed &#8211; fr\u00e5n start till f\u00e4rdig plan. Du f\u00e5r praktiska tips, smarta arbetss\u00e4tt och inspiration till hur budgetarbetet kan bli b\u00e5de snabbare och mer anv\u00e4ndbart i verksamheten.\u00a0 Passar b\u00e5de dig som \u00e4r ekonomifunktion p\u00e5 ett f\u00f6retag eller [&hellip;]","og_url":"https:\/\/oxceed.com\/no\/webinar\/produktdemo-budgetera-i-oxceed\/","og_site_name":"Oxceed Norway","article_modified_time":"2025-11-17T07:20:32+00:00","og_image":[{"width":1920,"height":1080,"url":"https:\/\/oxceed.com\/no\/wp-content\/uploads\/sites\/23\/2025\/10\/Budgetera-i-Oxceed.jpg","type":"image\/jpeg"}],"twitter_card":"summary_large_image","twitter_misc":{"Estimated reading time":"1 minute"},"schema":{"@context":"https:\/\/schema.org","@graph":[{"@type":"WebPage","@id":"https:\/\/oxceed.com\/no\/webinar\/produktdemo-budgetera-i-oxceed\/","url":"https:\/\/oxceed.com\/no\/webinar\/produktdemo-budgetera-i-oxceed\/","name":"Produktdemo - Budgetera i Oxceed - Oxceed Norway","isPartOf":{"@id":"https:\/\/oxceed.com\/no\/#website"},"primaryImageOfPage":{"@id":"https:\/\/oxceed.com\/no\/webinar\/produktdemo-budgetera-i-oxceed\/#primaryimage"},"image":{"@id":"https:\/\/oxceed.com\/no\/webinar\/produktdemo-budgetera-i-oxceed\/#primaryimage"},"thumbnailUrl":"https:\/\/oxceed.com\/no\/wp-content\/uploads\/sites\/23\/2025\/10\/Budgetera-i-Oxceed.jpg","datePublished":"2025-10-23T11:21:19+00:00","dateModified":"2025-11-17T07:20:32+00:00","breadcrumb":{"@id":"https:\/\/oxceed.com\/no\/webinar\/produktdemo-budgetera-i-oxceed\/#breadcrumb"},"inLanguage":"en-GB","potentialAction":[{"@type":"ReadAction","target":["https:\/\/oxceed.com\/no\/webinar\/produktdemo-budgetera-i-oxceed\/"]}]},{"@type":"ImageObject","inLanguage":"en-GB","@id":"https:\/\/oxceed.com\/no\/webinar\/produktdemo-budgetera-i-oxceed\/#primaryimage","url":"https:\/\/oxceed.com\/no\/wp-content\/uploads\/sites\/23\/2025\/10\/Budgetera-i-Oxceed.jpg","contentUrl":"https:\/\/oxceed.com\/no\/wp-content\/uploads\/sites\/23\/2025\/10\/Budgetera-i-Oxceed.jpg","width":1920,"height":1080},{"@type":"BreadcrumbList","@id":"https:\/\/oxceed.com\/no\/webinar\/produktdemo-budgetera-i-oxceed\/#breadcrumb","itemListElement":[{"@type":"ListItem","position":1,"name":"Home","item":"https:\/\/oxceed.com\/no\/"},{"@type":"ListItem","position":2,"name":"Webinar","item":"https:\/\/oxceed.com\/no\/webinar\/"},{"@type":"ListItem","position":3,"name":"Produktdemo &#8211; Budgetera i Oxceed"}]},{"@type":"WebSite","@id":"https:\/\/oxceed.com\/no\/#website","url":"https:\/\/oxceed.com\/no\/","name":"Oxceed Norway","description":"Fatta b\u00e4ttre beslut med Oxceed","potentialAction":[{"@type":"SearchAction","target":{"@type":"EntryPoint","urlTemplate":"https:\/\/oxceed.com\/no\/?s={search_term_string}"},"query-input":{"@type":"PropertyValueSpecification","valueRequired":true,"valueName":"search_term_string"}}],"inLanguage":"en-GB"}]}},"_links":{"self":[{"href":"https:\/\/oxceed.com\/no\/wp-json\/wp\/v2\/pages\/35807","targetHints":{"allow":["GET"]}}],"collection":[{"href":"https:\/\/oxceed.com\/no\/wp-json\/wp\/v2\/pages"}],"about":[{"href":"https:\/\/oxceed.com\/no\/wp-json\/wp\/v2\/types\/page"}],"author":[{"embeddable":true,"href":"https:\/\/oxceed.com\/no\/wp-json\/wp\/v2\/users\/7"}],"replies":[{"embeddable":true,"href":"https:\/\/oxceed.com\/no\/wp-json\/wp\/v2\/comments?post=35807"}],"version-history":[{"count":17,"href":"https:\/\/oxceed.com\/no\/wp-json\/wp\/v2\/pages\/35807\/revisions"}],"predecessor-version":[{"id":35990,"href":"https:\/\/oxceed.com\/no\/wp-json\/wp\/v2\/pages\/35807\/revisions\/35990"}],"up":[{"embeddable":true,"href":"https:\/\/oxceed.com\/no\/wp-json\/wp\/v2\/pages\/15745"}],"wp:featuredmedia":[{"embeddable":true,"href":"https:\/\/oxceed.com\/no\/wp-json\/wp\/v2\/media\/35817"}],"wp:attachment":[{"href":"https:\/\/oxceed.com\/no\/wp-json\/wp\/v2\/media?parent=35807"}],"curies":[{"name":"wp","href":"https:\/\/api.w.org\/{rel}","templated":true}]}}