{"id":18670,"date":"2022-04-07T11:14:39","date_gmt":"2022-04-07T09:14:39","guid":{"rendered":"https:\/\/oxceed.com\/se\/?page_id=18670"},"modified":"2025-06-16T14:51:55","modified_gmt":"2025-06-16T12:51:55","slug":"7-steg-for-den-radgivande-byran","status":"publish","type":"page","link":"https:\/\/oxceed.com\/se\/guider\/7-steg-for-den-radgivande-byran\/","title":{"rendered":"7 steg f\u00f6r den r\u00e5dgivande byr\u00e5n"},"content":{"rendered":"\t\t<div data-elementor-type=\"wp-page\" data-elementor-id=\"18670\" class=\"elementor elementor-18670\" data-elementor-post-type=\"page\">\n\t\t\t\t\t\t<section class=\"elementor-section elementor-top-section elementor-element elementor-element-3f432fc elementor-section-full_width elementor-section-stretched elementor-section-height-default elementor-section-height-default\" data-id=\"3f432fc\" data-element_type=\"section\" data-e-type=\"section\" data-settings=\"{&quot;stretch_section&quot;:&quot;section-stretched&quot;,&quot;jet_parallax_layout_list&quot;:[{&quot;jet_parallax_layout_image&quot;:{&quot;url&quot;:&quot;&quot;,&quot;id&quot;:&quot;&quot;,&quot;size&quot;:&quot;&quot;},&quot;_id&quot;:&quot;5baf2ad&quot;,&quot;jet_parallax_layout_image_tablet&quot;:{&quot;url&quot;:&quot;&quot;,&quot;id&quot;:&quot;&quot;,&quot;size&quot;:&quot;&quot;},&quot;jet_parallax_layout_image_mobile&quot;:{&quot;url&quot;:&quot;&quot;,&quot;id&quot;:&quot;&quot;,&quot;size&quot;:&quot;&quot;},&quot;jet_parallax_layout_speed&quot;:{&quot;unit&quot;:&quot;%&quot;,&quot;size&quot;:50,&quot;sizes&quot;:[]},&quot;jet_parallax_layout_type&quot;:&quot;scroll&quot;,&quot;jet_parallax_layout_direction&quot;:&quot;1&quot;,&quot;jet_parallax_layout_fx_direction&quot;:null,&quot;jet_parallax_layout_z_index&quot;:&quot;&quot;,&quot;jet_parallax_layout_bg_x&quot;:50,&quot;jet_parallax_layout_bg_x_tablet&quot;:&quot;&quot;,&quot;jet_parallax_layout_bg_x_mobile&quot;:&quot;&quot;,&quot;jet_parallax_layout_bg_y&quot;:50,&quot;jet_parallax_layout_bg_y_tablet&quot;:&quot;&quot;,&quot;jet_parallax_layout_bg_y_mobile&quot;:&quot;&quot;,&quot;jet_parallax_layout_bg_size&quot;:&quot;auto&quot;,&quot;jet_parallax_layout_bg_size_tablet&quot;:&quot;&quot;,&quot;jet_parallax_layout_bg_size_mobile&quot;:&quot;&quot;,&quot;jet_parallax_layout_animation_prop&quot;:&quot;transform&quot;,&quot;jet_parallax_layout_on&quot;:[&quot;desktop&quot;,&quot;tablet&quot;]}],&quot;background_background&quot;:&quot;classic&quot;}\">\n\t\t\t\t\t\t<div class=\"elementor-container elementor-column-gap-default\">\n\t\t\t\t\t<div class=\"elementor-column elementor-col-100 elementor-top-column elementor-element elementor-element-15d9929\" data-id=\"15d9929\" data-element_type=\"column\" data-e-type=\"column\">\n\t\t\t<div class=\"elementor-widget-wrap elementor-element-populated\">\n\t\t\t\t\t\t<div class=\"elementor-element elementor-element-553f22f elementor-widget elementor-widget-spacer\" data-id=\"553f22f\" data-element_type=\"widget\" data-e-type=\"widget\" data-widget_type=\"spacer.default\">\n\t\t\t\t\t\t\t<div class=\"elementor-spacer\">\n\t\t\t<div class=\"elementor-spacer-inner\"><\/div>\n\t\t<\/div>\n\t\t\t\t\t\t<\/div>\n\t\t\t\t\t<\/div>\n\t\t<\/div>\n\t\t\t\t\t<\/div>\n\t\t<\/section>\n\t\t\t\t<section class=\"elementor-section elementor-top-section elementor-element elementor-element-44cd896 elementor-section-content-middle elementor-section-boxed elementor-section-height-default elementor-section-height-default elementor-invisible\" data-id=\"44cd896\" data-element_type=\"section\" data-e-type=\"section\" data-settings=\"{&quot;jet_parallax_layout_list&quot;:[{&quot;jet_parallax_layout_image&quot;:{&quot;url&quot;:&quot;&quot;,&quot;id&quot;:&quot;&quot;,&quot;size&quot;:&quot;&quot;},&quot;_id&quot;:&quot;b6f69a7&quot;,&quot;jet_parallax_layout_image_tablet&quot;:{&quot;url&quot;:&quot;&quot;,&quot;id&quot;:&quot;&quot;,&quot;size&quot;:&quot;&quot;},&quot;jet_parallax_layout_image_mobile&quot;:{&quot;url&quot;:&quot;&quot;,&quot;id&quot;:&quot;&quot;,&quot;size&quot;:&quot;&quot;},&quot;jet_parallax_layout_speed&quot;:{&quot;unit&quot;:&quot;%&quot;,&quot;size&quot;:50,&quot;sizes&quot;:[]},&quot;jet_parallax_layout_type&quot;:&quot;scroll&quot;,&quot;jet_parallax_layout_direction&quot;:&quot;1&quot;,&quot;jet_parallax_layout_fx_direction&quot;:null,&quot;jet_parallax_layout_z_index&quot;:&quot;&quot;,&quot;jet_parallax_layout_bg_x&quot;:50,&quot;jet_parallax_layout_bg_x_tablet&quot;:&quot;&quot;,&quot;jet_parallax_layout_bg_x_mobile&quot;:&quot;&quot;,&quot;jet_parallax_layout_bg_y&quot;:50,&quot;jet_parallax_layout_bg_y_tablet&quot;:&quot;&quot;,&quot;jet_parallax_layout_bg_y_mobile&quot;:&quot;&quot;,&quot;jet_parallax_layout_bg_size&quot;:&quot;auto&quot;,&quot;jet_parallax_layout_bg_size_tablet&quot;:&quot;&quot;,&quot;jet_parallax_layout_bg_size_mobile&quot;:&quot;&quot;,&quot;jet_parallax_layout_animation_prop&quot;:&quot;transform&quot;,&quot;jet_parallax_layout_on&quot;:[&quot;desktop&quot;,&quot;tablet&quot;]}],&quot;animation&quot;:&quot;fadeIn&quot;}\">\n\t\t\t\t\t\t<div class=\"elementor-container elementor-column-gap-no\">\n\t\t\t\t\t<div class=\"elementor-column elementor-col-33 elementor-top-column elementor-element elementor-element-a5f5398\" data-id=\"a5f5398\" data-element_type=\"column\" data-e-type=\"column\">\n\t\t\t<div class=\"elementor-widget-wrap elementor-element-populated\">\n\t\t\t\t\t\t<div class=\"elementor-element elementor-element-ab705e9 elementor-widget elementor-widget-heading\" data-id=\"ab705e9\" data-element_type=\"widget\" data-e-type=\"widget\" data-widget_type=\"heading.default\">\n\t\t\t\t\t<h1 class=\"elementor-heading-title elementor-size-default\"><span class=\"color-teal\">Guide:<\/br><\/span>7 steg f\u00f6r den r\u00e5dgivande byr\u00e5n<\/h1>\t\t\t\t<\/div>\n\t\t\t\t<div class=\"elementor-element elementor-element-8f730b0 elementor-widget elementor-widget-text-editor\" data-id=\"8f730b0\" data-element_type=\"widget\" data-e-type=\"widget\" data-widget_type=\"text-editor.default\">\n\t\t\t\t\t\t\t\t\t<p>N\u00e4r bokf\u00f6ringsarbetet automatiseras f\u00f6r\u00e4ndras villkoren f\u00f6r den traditionella redovisningsbyr\u00e5n. Den h\u00e4r guiden \u00e4r f\u00f6r dig som vill st\u00e4rka din position p\u00e5 marknaden genom att arbeta mer r\u00e5dgivande.<\/p><p>I den h\u00e4r guiden presenterar vi sju steg som vi tycker l\u00e4gger grunden f\u00f6r en modern byr\u00e5 rustad f\u00f6r framtiden.<\/p><p>Trevlig l\u00e4sning!<\/p>\t\t\t\t\t\t\t\t<\/div>\n\t\t\t\t\t<\/div>\n\t\t<\/div>\n\t\t\t\t<div class=\"elementor-column elementor-col-33 elementor-top-column elementor-element elementor-element-30213e2\" data-id=\"30213e2\" data-element_type=\"column\" data-e-type=\"column\">\n\t\t\t<div class=\"elementor-widget-wrap elementor-element-populated\">\n\t\t\t\t\t\t<div class=\"elementor-element elementor-element-6425aca elementor-widget elementor-widget-text-editor\" data-id=\"6425aca\" data-element_type=\"widget\" data-e-type=\"widget\" data-widget_type=\"text-editor.default\">\n\t\t\t\t\t\t\t\t\t<p>Fyll i dina uppgifter i formul\u00e4ret s\u00e5 skickar vi guiden till din email.\u00a0<\/p>\t\t\t\t\t\t\t\t<\/div>\n\t\t\t\t<div class=\"elementor-element elementor-element-bf6abc0 elementor-widget elementor-widget-html\" data-id=\"bf6abc0\" data-element_type=\"widget\" data-e-type=\"widget\" data-widget_type=\"html.default\">\n\t\t\t\t\t<iframe src=\"https:\/\/pages.upsales.com\/12029ub0ca446a79bc4adda3fec79c03474ae9-frame\" \t\twidth=\"360\" \t\theight=\"600\" \t\tstyle=\"border:0\"><\/iframe>\t\t\t\t<\/div>\n\t\t\t\t\t<\/div>\n\t\t<\/div>\n\t\t\t\t<div class=\"elementor-column elementor-col-33 elementor-top-column elementor-element elementor-element-563f15b\" data-id=\"563f15b\" data-element_type=\"column\" data-e-type=\"column\">\n\t\t\t<div class=\"elementor-widget-wrap\">\n\t\t\t\t\t\t\t<\/div>\n\t\t<\/div>\n\t\t\t\t\t<\/div>\n\t\t<\/section>\n\t\t\t\t<\/div>\n\t\t","protected":false},"excerpt":{"rendered":"<p>Guide:7 steg f\u00f6r den r\u00e5dgivande byr\u00e5n N\u00e4r bokf\u00f6ringsarbetet automatiseras f\u00f6r\u00e4ndras villkoren f\u00f6r den traditionella redovisningsbyr\u00e5n. Den h\u00e4r guiden \u00e4r f\u00f6r dig som vill st\u00e4rka din position p\u00e5 marknaden genom att arbeta mer r\u00e5dgivande. I den h\u00e4r guiden presenterar vi sju steg som vi tycker l\u00e4gger grunden f\u00f6r en modern byr\u00e5 rustad f\u00f6r framtiden. Trevlig l\u00e4sning! [&hellip;]<\/p>\n","protected":false},"author":2,"featured_media":0,"parent":16004,"menu_order":0,"comment_status":"closed","ping_status":"closed","template":"","meta":{"_acf_changed":false,"_trash_the_other_posts":false,"editor_notices":[],"footnotes":""},"class_list":["post-18670","page","type-page","status-publish","hentry"],"acf":[],"yoast_head":"<!-- This site is optimized with the Yoast SEO Premium plugin v26.5 (Yoast SEO v27.4) - https:\/\/yoast.com\/product\/yoast-seo-premium-wordpress\/ -->\n<title>7 steg f\u00f6r den r\u00e5dgivande byr\u00e5n - Oxceed Sweden<\/title>\n<meta name=\"robots\" content=\"index, follow, max-snippet:-1, max-image-preview:large, max-video-preview:-1\" \/>\n<link rel=\"canonical\" href=\"https:\/\/oxceed.com\/se\/guider\/7-steg-for-den-radgivande-byran\/\" \/>\n<meta property=\"og:locale\" content=\"en_GB\" \/>\n<meta property=\"og:type\" content=\"article\" \/>\n<meta property=\"og:title\" content=\"7 steg f\u00f6r den r\u00e5dgivande byr\u00e5n\" \/>\n<meta property=\"og:description\" content=\"Guide:7 steg f\u00f6r den r\u00e5dgivande byr\u00e5n N\u00e4r bokf\u00f6ringsarbetet automatiseras f\u00f6r\u00e4ndras villkoren f\u00f6r den traditionella redovisningsbyr\u00e5n. Den h\u00e4r guiden \u00e4r f\u00f6r dig som vill st\u00e4rka din position p\u00e5 marknaden genom att arbeta mer r\u00e5dgivande. I den h\u00e4r guiden presenterar vi sju steg som vi tycker l\u00e4gger grunden f\u00f6r en modern byr\u00e5 rustad f\u00f6r framtiden. Trevlig l\u00e4sning! [&hellip;]\" \/>\n<meta property=\"og:url\" content=\"https:\/\/oxceed.com\/se\/guider\/7-steg-for-den-radgivande-byran\/\" \/>\n<meta property=\"og:site_name\" content=\"Oxceed Sweden\" \/>\n<meta property=\"article:modified_time\" content=\"2025-06-16T12:51:55+00:00\" \/>\n<meta name=\"twitter:card\" content=\"summary_large_image\" \/>\n<meta name=\"twitter:label1\" content=\"Estimated reading time\" \/>\n\t<meta name=\"twitter:data1\" content=\"1 minute\" \/>\n<script type=\"application\/ld+json\" class=\"yoast-schema-graph\">{\"@context\":\"https:\\\/\\\/schema.org\",\"@graph\":[{\"@type\":\"WebPage\",\"@id\":\"https:\\\/\\\/oxceed.com\\\/se\\\/guider\\\/7-steg-for-den-radgivande-byran\\\/\",\"url\":\"https:\\\/\\\/oxceed.com\\\/se\\\/guider\\\/7-steg-for-den-radgivande-byran\\\/\",\"name\":\"7 steg f\u00f6r den r\u00e5dgivande byr\u00e5n - Oxceed Sweden\",\"isPartOf\":{\"@id\":\"https:\\\/\\\/oxceed.com\\\/se\\\/#website\"},\"datePublished\":\"2022-04-07T09:14:39+00:00\",\"dateModified\":\"2025-06-16T12:51:55+00:00\",\"breadcrumb\":{\"@id\":\"https:\\\/\\\/oxceed.com\\\/se\\\/guider\\\/7-steg-for-den-radgivande-byran\\\/#breadcrumb\"},\"inLanguage\":\"en-GB\",\"potentialAction\":[{\"@type\":\"ReadAction\",\"target\":[\"https:\\\/\\\/oxceed.com\\\/se\\\/guider\\\/7-steg-for-den-radgivande-byran\\\/\"]}]},{\"@type\":\"BreadcrumbList\",\"@id\":\"https:\\\/\\\/oxceed.com\\\/se\\\/guider\\\/7-steg-for-den-radgivande-byran\\\/#breadcrumb\",\"itemListElement\":[{\"@type\":\"ListItem\",\"position\":1,\"name\":\"Home\",\"item\":\"https:\\\/\\\/oxceed.com\\\/se\\\/\"},{\"@type\":\"ListItem\",\"position\":2,\"name\":\"Guider\",\"item\":\"https:\\\/\\\/oxceed.com\\\/se\\\/guider\\\/\"},{\"@type\":\"ListItem\",\"position\":3,\"name\":\"7 steg f\u00f6r den r\u00e5dgivande byr\u00e5n\"}]},{\"@type\":\"WebSite\",\"@id\":\"https:\\\/\\\/oxceed.com\\\/se\\\/#website\",\"url\":\"https:\\\/\\\/oxceed.com\\\/se\\\/\",\"name\":\"Oxceed Sweden\",\"description\":\"Fatta b\u00e4ttre beslut med Oxceed\",\"potentialAction\":[{\"@type\":\"SearchAction\",\"target\":{\"@type\":\"EntryPoint\",\"urlTemplate\":\"https:\\\/\\\/oxceed.com\\\/se\\\/?s={search_term_string}\"},\"query-input\":{\"@type\":\"PropertyValueSpecification\",\"valueRequired\":true,\"valueName\":\"search_term_string\"}}],\"inLanguage\":\"en-GB\"}]}<\/script>\n<!-- \/ Yoast SEO Premium plugin. -->","yoast_head_json":{"title":"7 steg f\u00f6r den r\u00e5dgivande byr\u00e5n - Oxceed Sweden","robots":{"index":"index","follow":"follow","max-snippet":"max-snippet:-1","max-image-preview":"max-image-preview:large","max-video-preview":"max-video-preview:-1"},"canonical":"https:\/\/oxceed.com\/se\/guider\/7-steg-for-den-radgivande-byran\/","og_locale":"en_GB","og_type":"article","og_title":"7 steg f\u00f6r den r\u00e5dgivande byr\u00e5n","og_description":"Guide:7 steg f\u00f6r den r\u00e5dgivande byr\u00e5n N\u00e4r bokf\u00f6ringsarbetet automatiseras f\u00f6r\u00e4ndras villkoren f\u00f6r den traditionella redovisningsbyr\u00e5n. Den h\u00e4r guiden \u00e4r f\u00f6r dig som vill st\u00e4rka din position p\u00e5 marknaden genom att arbeta mer r\u00e5dgivande. I den h\u00e4r guiden presenterar vi sju steg som vi tycker l\u00e4gger grunden f\u00f6r en modern byr\u00e5 rustad f\u00f6r framtiden. Trevlig l\u00e4sning! [&hellip;]","og_url":"https:\/\/oxceed.com\/se\/guider\/7-steg-for-den-radgivande-byran\/","og_site_name":"Oxceed Sweden","article_modified_time":"2025-06-16T12:51:55+00:00","twitter_card":"summary_large_image","twitter_misc":{"Estimated reading time":"1 minute"},"schema":{"@context":"https:\/\/schema.org","@graph":[{"@type":"WebPage","@id":"https:\/\/oxceed.com\/se\/guider\/7-steg-for-den-radgivande-byran\/","url":"https:\/\/oxceed.com\/se\/guider\/7-steg-for-den-radgivande-byran\/","name":"7 steg f\u00f6r den r\u00e5dgivande byr\u00e5n - Oxceed Sweden","isPartOf":{"@id":"https:\/\/oxceed.com\/se\/#website"},"datePublished":"2022-04-07T09:14:39+00:00","dateModified":"2025-06-16T12:51:55+00:00","breadcrumb":{"@id":"https:\/\/oxceed.com\/se\/guider\/7-steg-for-den-radgivande-byran\/#breadcrumb"},"inLanguage":"en-GB","potentialAction":[{"@type":"ReadAction","target":["https:\/\/oxceed.com\/se\/guider\/7-steg-for-den-radgivande-byran\/"]}]},{"@type":"BreadcrumbList","@id":"https:\/\/oxceed.com\/se\/guider\/7-steg-for-den-radgivande-byran\/#breadcrumb","itemListElement":[{"@type":"ListItem","position":1,"name":"Home","item":"https:\/\/oxceed.com\/se\/"},{"@type":"ListItem","position":2,"name":"Guider","item":"https:\/\/oxceed.com\/se\/guider\/"},{"@type":"ListItem","position":3,"name":"7 steg f\u00f6r den r\u00e5dgivande byr\u00e5n"}]},{"@type":"WebSite","@id":"https:\/\/oxceed.com\/se\/#website","url":"https:\/\/oxceed.com\/se\/","name":"Oxceed Sweden","description":"Fatta b\u00e4ttre beslut med Oxceed","potentialAction":[{"@type":"SearchAction","target":{"@type":"EntryPoint","urlTemplate":"https:\/\/oxceed.com\/se\/?s={search_term_string}"},"query-input":{"@type":"PropertyValueSpecification","valueRequired":true,"valueName":"search_term_string"}}],"inLanguage":"en-GB"}]}},"_links":{"self":[{"href":"https:\/\/oxceed.com\/se\/wp-json\/wp\/v2\/pages\/18670","targetHints":{"allow":["GET"]}}],"collection":[{"href":"https:\/\/oxceed.com\/se\/wp-json\/wp\/v2\/pages"}],"about":[{"href":"https:\/\/oxceed.com\/se\/wp-json\/wp\/v2\/types\/page"}],"author":[{"embeddable":true,"href":"https:\/\/oxceed.com\/se\/wp-json\/wp\/v2\/users\/2"}],"replies":[{"embeddable":true,"href":"https:\/\/oxceed.com\/se\/wp-json\/wp\/v2\/comments?post=18670"}],"version-history":[{"count":20,"href":"https:\/\/oxceed.com\/se\/wp-json\/wp\/v2\/pages\/18670\/revisions"}],"predecessor-version":[{"id":31687,"href":"https:\/\/oxceed.com\/se\/wp-json\/wp\/v2\/pages\/18670\/revisions\/31687"}],"up":[{"embeddable":true,"href":"https:\/\/oxceed.com\/se\/wp-json\/wp\/v2\/pages\/16004"}],"wp:attachment":[{"href":"https:\/\/oxceed.com\/se\/wp-json\/wp\/v2\/media?parent=18670"}],"curies":[{"name":"wp","href":"https:\/\/api.w.org\/{rel}","templated":true}]}}