{"id":27768,"date":"2024-07-04T11:00:40","date_gmt":"2024-07-04T09:00:40","guid":{"rendered":"https:\/\/oxceed.com\/se\/?page_id=27768"},"modified":"2025-06-16T14:53:21","modified_gmt":"2025-06-16T12:53:21","slug":"branschrapport-fastighetsbolag-2023","status":"publish","type":"page","link":"https:\/\/oxceed.com\/se\/guider\/branschrapport-fastighetsbolag-2023\/","title":{"rendered":"Branschrapport Fastighetsbolag 2023"},"content":{"rendered":"\t\t<div data-elementor-type=\"wp-page\" data-elementor-id=\"27768\" class=\"elementor elementor-27768\" data-elementor-post-type=\"page\">\n\t\t\t\t\t\t<section class=\"elementor-section elementor-top-section elementor-element elementor-element-2528d7a elementor-section-full_width elementor-section-stretched elementor-section-height-default elementor-section-height-default\" data-id=\"2528d7a\" data-element_type=\"section\" data-e-type=\"section\" data-settings=\"{&quot;stretch_section&quot;:&quot;section-stretched&quot;,&quot;jet_parallax_layout_list&quot;:[{&quot;jet_parallax_layout_image&quot;:{&quot;url&quot;:&quot;&quot;,&quot;id&quot;:&quot;&quot;,&quot;size&quot;:&quot;&quot;},&quot;_id&quot;:&quot;5baf2ad&quot;,&quot;jet_parallax_layout_image_tablet&quot;:{&quot;url&quot;:&quot;&quot;,&quot;id&quot;:&quot;&quot;,&quot;size&quot;:&quot;&quot;},&quot;jet_parallax_layout_image_mobile&quot;:{&quot;url&quot;:&quot;&quot;,&quot;id&quot;:&quot;&quot;,&quot;size&quot;:&quot;&quot;},&quot;jet_parallax_layout_speed&quot;:{&quot;unit&quot;:&quot;%&quot;,&quot;size&quot;:50,&quot;sizes&quot;:[]},&quot;jet_parallax_layout_type&quot;:&quot;scroll&quot;,&quot;jet_parallax_layout_direction&quot;:&quot;1&quot;,&quot;jet_parallax_layout_fx_direction&quot;:null,&quot;jet_parallax_layout_z_index&quot;:&quot;&quot;,&quot;jet_parallax_layout_bg_x&quot;:50,&quot;jet_parallax_layout_bg_x_tablet&quot;:&quot;&quot;,&quot;jet_parallax_layout_bg_x_mobile&quot;:&quot;&quot;,&quot;jet_parallax_layout_bg_y&quot;:50,&quot;jet_parallax_layout_bg_y_tablet&quot;:&quot;&quot;,&quot;jet_parallax_layout_bg_y_mobile&quot;:&quot;&quot;,&quot;jet_parallax_layout_bg_size&quot;:&quot;auto&quot;,&quot;jet_parallax_layout_bg_size_tablet&quot;:&quot;&quot;,&quot;jet_parallax_layout_bg_size_mobile&quot;:&quot;&quot;,&quot;jet_parallax_layout_animation_prop&quot;:&quot;transform&quot;,&quot;jet_parallax_layout_on&quot;:[&quot;desktop&quot;,&quot;tablet&quot;]}],&quot;background_background&quot;:&quot;classic&quot;}\">\n\t\t\t\t\t\t<div class=\"elementor-container elementor-column-gap-default\">\n\t\t\t\t\t<div class=\"elementor-column elementor-col-100 elementor-top-column elementor-element elementor-element-f73e151\" data-id=\"f73e151\" data-element_type=\"column\" data-e-type=\"column\">\n\t\t\t<div class=\"elementor-widget-wrap elementor-element-populated\">\n\t\t\t\t\t\t<div class=\"elementor-element elementor-element-ae3a0b2 elementor-widget elementor-widget-spacer\" data-id=\"ae3a0b2\" data-element_type=\"widget\" data-e-type=\"widget\" data-widget_type=\"spacer.default\">\n\t\t\t\t\t\t\t<div class=\"elementor-spacer\">\n\t\t\t<div class=\"elementor-spacer-inner\"><\/div>\n\t\t<\/div>\n\t\t\t\t\t\t<\/div>\n\t\t\t\t\t<\/div>\n\t\t<\/div>\n\t\t\t\t\t<\/div>\n\t\t<\/section>\n\t\t\t\t<section class=\"elementor-section elementor-top-section elementor-element elementor-element-e6959ea elementor-section-content-middle elementor-section-boxed elementor-section-height-default elementor-section-height-default elementor-invisible\" data-id=\"e6959ea\" data-element_type=\"section\" data-e-type=\"section\" data-settings=\"{&quot;jet_parallax_layout_list&quot;:[{&quot;jet_parallax_layout_image&quot;:{&quot;url&quot;:&quot;&quot;,&quot;id&quot;:&quot;&quot;,&quot;size&quot;:&quot;&quot;},&quot;_id&quot;:&quot;b6f69a7&quot;,&quot;jet_parallax_layout_image_tablet&quot;:{&quot;url&quot;:&quot;&quot;,&quot;id&quot;:&quot;&quot;,&quot;size&quot;:&quot;&quot;},&quot;jet_parallax_layout_image_mobile&quot;:{&quot;url&quot;:&quot;&quot;,&quot;id&quot;:&quot;&quot;,&quot;size&quot;:&quot;&quot;},&quot;jet_parallax_layout_speed&quot;:{&quot;unit&quot;:&quot;%&quot;,&quot;size&quot;:50,&quot;sizes&quot;:[]},&quot;jet_parallax_layout_type&quot;:&quot;scroll&quot;,&quot;jet_parallax_layout_direction&quot;:&quot;1&quot;,&quot;jet_parallax_layout_fx_direction&quot;:null,&quot;jet_parallax_layout_z_index&quot;:&quot;&quot;,&quot;jet_parallax_layout_bg_x&quot;:50,&quot;jet_parallax_layout_bg_x_tablet&quot;:&quot;&quot;,&quot;jet_parallax_layout_bg_x_mobile&quot;:&quot;&quot;,&quot;jet_parallax_layout_bg_y&quot;:50,&quot;jet_parallax_layout_bg_y_tablet&quot;:&quot;&quot;,&quot;jet_parallax_layout_bg_y_mobile&quot;:&quot;&quot;,&quot;jet_parallax_layout_bg_size&quot;:&quot;auto&quot;,&quot;jet_parallax_layout_bg_size_tablet&quot;:&quot;&quot;,&quot;jet_parallax_layout_bg_size_mobile&quot;:&quot;&quot;,&quot;jet_parallax_layout_animation_prop&quot;:&quot;transform&quot;,&quot;jet_parallax_layout_on&quot;:[&quot;desktop&quot;,&quot;tablet&quot;]}],&quot;animation&quot;:&quot;fadeIn&quot;}\">\n\t\t\t\t\t\t<div class=\"elementor-container elementor-column-gap-no\">\n\t\t\t\t\t<div class=\"elementor-column elementor-col-33 elementor-top-column elementor-element elementor-element-7814cfd\" data-id=\"7814cfd\" data-element_type=\"column\" data-e-type=\"column\">\n\t\t\t<div class=\"elementor-widget-wrap elementor-element-populated\">\n\t\t\t\t\t\t<div class=\"elementor-element elementor-element-1b17da3 elementor-widget elementor-widget-heading\" data-id=\"1b17da3\" data-element_type=\"widget\" data-e-type=\"widget\" data-widget_type=\"heading.default\">\n\t\t\t\t\t<h1 class=\"elementor-heading-title elementor-size-default\"><span class=\"color-teal\">Branschrapport:<br><\/span>Fastighetsbolag 2023<\/h1>\t\t\t\t<\/div>\n\t\t\t\t<div class=\"elementor-element elementor-element-83b00f6 elementor-widget elementor-widget-text-editor\" data-id=\"83b00f6\" data-element_type=\"widget\" data-e-type=\"widget\" data-widget_type=\"text-editor.default\">\n\t\t\t\t\t\t\t\t\t<div>Hur presterade fastighetsbranschen 2023 i j\u00e4mf\u00f6relse med 2022? \u00a0<\/div><div>\u00a0<\/div><div><span style=\"color: var( --e-global-color-text ); font-family: var( --e-global-typography-text-font-family ), Sans-serif; font-size: var( --e-global-typography-text-font-size ); font-weight: var( --e-global-typography-text-font-weight );\">Rapporten sammanfattar bokf\u00f6ringsdata fr\u00e5n \u00f6ver 530 fastighetsbolag i sex olika nyckeltal.\u00a0<\/span><\/div><div>\u00a0<\/div><p><strong>Vi ser bland annat<\/strong><\/p><ul><li>10 % oms\u00e4ttningsutveckling<\/li><li>En h\u00f6gre bruttovinstmarginal\u00a0<\/li><li>En h\u00f6gre r\u00f6relsemarginal\u00a0<\/li><\/ul><p><span style=\"font-family: var( --e-global-typography-text-font-family ), Sans-serif; font-size: var( --e-global-typography-text-font-size );\">Ta reda p\u00e5<\/span><span style=\"font-family: var( --e-global-typography-text-font-family ), Sans-serif; font-size: var( --e-global-typography-text-font-size );\">\u00a0p\u00e5 hur ditt f\u00f6retag st\u00e5r sig mot branschkollegorna.\u00a0<\/span><\/p><p>Fyll i dina uppgifter i formul\u00e4ret s\u00e5 skickar vi rapporten till din e-mail.\u00a0<\/p><p>Trevlig l\u00e4sning!\u00a0<\/p>\t\t\t\t\t\t\t\t<\/div>\n\t\t\t\t\t<\/div>\n\t\t<\/div>\n\t\t\t\t<div class=\"elementor-column elementor-col-33 elementor-top-column elementor-element elementor-element-55cb79a\" data-id=\"55cb79a\" data-element_type=\"column\" data-e-type=\"column\">\n\t\t\t<div class=\"elementor-widget-wrap elementor-element-populated\">\n\t\t\t\t\t\t<div class=\"elementor-element elementor-element-564baab elementor-widget elementor-widget-html\" data-id=\"564baab\" data-element_type=\"widget\" data-e-type=\"widget\" data-widget_type=\"html.default\">\n\t\t\t\t\t<iframe src=\"https:\/\/pages.upsales.com\/12029u310007ada3b4419eade12438f06cb425-frame\" \t\twidth=\"360\" \t\theight=\"535\" \t\tstyle=\"border:0\"><\/iframe>\t\t\t\t<\/div>\n\t\t\t\t\t<\/div>\n\t\t<\/div>\n\t\t\t\t<div class=\"elementor-column elementor-col-33 elementor-top-column elementor-element elementor-element-33b1977\" data-id=\"33b1977\" data-element_type=\"column\" data-e-type=\"column\">\n\t\t\t<div class=\"elementor-widget-wrap\">\n\t\t\t\t\t\t\t<\/div>\n\t\t<\/div>\n\t\t\t\t\t<\/div>\n\t\t<\/section>\n\t\t\t\t<\/div>\n\t\t","protected":false},"excerpt":{"rendered":"<p>Branschrapport:Fastighetsbolag 2023 Hur presterade fastighetsbranschen 2023 i j\u00e4mf\u00f6relse med 2022? \u00a0\u00a0Rapporten sammanfattar bokf\u00f6ringsdata fr\u00e5n \u00f6ver 530 fastighetsbolag i sex olika nyckeltal.\u00a0\u00a0 Vi ser bland annat 10 % oms\u00e4ttningsutveckling En h\u00f6gre bruttovinstmarginal\u00a0 En h\u00f6gre r\u00f6relsemarginal\u00a0 Ta reda p\u00e5\u00a0p\u00e5 hur ditt f\u00f6retag st\u00e5r sig mot branschkollegorna.\u00a0 Fyll i dina uppgifter i formul\u00e4ret s\u00e5 skickar vi rapporten till [&hellip;]<\/p>\n","protected":false},"author":7,"featured_media":27780,"parent":16004,"menu_order":0,"comment_status":"closed","ping_status":"closed","template":"","meta":{"_acf_changed":false,"_trash_the_other_posts":false,"editor_notices":[],"footnotes":""},"class_list":["post-27768","page","type-page","status-publish","has-post-thumbnail","hentry"],"acf":[],"yoast_head":"<!-- This site is optimized with the Yoast SEO Premium plugin v26.5 (Yoast SEO v27.4) - https:\/\/yoast.com\/product\/yoast-seo-premium-wordpress\/ -->\n<title>Branschrapport Fastighetsbolag 2023 - Oxceed Sweden<\/title>\n<meta name=\"robots\" content=\"index, follow, max-snippet:-1, max-image-preview:large, max-video-preview:-1\" \/>\n<link rel=\"canonical\" href=\"https:\/\/oxceed.com\/se\/guider\/branschrapport-fastighetsbolag-2023\/\" \/>\n<meta property=\"og:locale\" content=\"en_GB\" \/>\n<meta property=\"og:type\" content=\"article\" \/>\n<meta property=\"og:title\" content=\"Branschrapport Fastighetsbolag 2023\" \/>\n<meta property=\"og:description\" content=\"Branschrapport:Fastighetsbolag 2023 Hur presterade fastighetsbranschen 2023 i j\u00e4mf\u00f6relse med 2022? \u00a0\u00a0Rapporten sammanfattar bokf\u00f6ringsdata fr\u00e5n \u00f6ver 530 fastighetsbolag i sex olika nyckeltal.\u00a0\u00a0 Vi ser bland annat 10 % oms\u00e4ttningsutveckling En h\u00f6gre bruttovinstmarginal\u00a0 En h\u00f6gre r\u00f6relsemarginal\u00a0 Ta reda p\u00e5\u00a0p\u00e5 hur ditt f\u00f6retag st\u00e5r sig mot branschkollegorna.\u00a0 Fyll i dina uppgifter i formul\u00e4ret s\u00e5 skickar vi rapporten till [&hellip;]\" \/>\n<meta property=\"og:url\" content=\"https:\/\/oxceed.com\/se\/guider\/branschrapport-fastighetsbolag-2023\/\" \/>\n<meta property=\"og:site_name\" content=\"Oxceed Sweden\" \/>\n<meta property=\"article:modified_time\" content=\"2025-06-16T12:53:21+00:00\" \/>\n<meta property=\"og:image\" content=\"https:\/\/oxceed.com\/se\/se\/wp-content\/uploads\/sites\/21\/2024\/06\/mockup-branschrapport-fastighet.jpg\" \/>\n\t<meta property=\"og:image:width\" content=\"1920\" \/>\n\t<meta property=\"og:image:height\" content=\"1280\" \/>\n\t<meta property=\"og:image:type\" content=\"image\/jpeg\" \/>\n<meta name=\"twitter:card\" content=\"summary_large_image\" \/>\n<meta name=\"twitter:label1\" content=\"Estimated reading time\" \/>\n\t<meta name=\"twitter:data1\" content=\"1 minute\" \/>\n<script type=\"application\/ld+json\" class=\"yoast-schema-graph\">{\"@context\":\"https:\\\/\\\/schema.org\",\"@graph\":[{\"@type\":\"WebPage\",\"@id\":\"https:\\\/\\\/oxceed.com\\\/se\\\/guider\\\/branschrapport-fastighetsbolag-2023\\\/\",\"url\":\"https:\\\/\\\/oxceed.com\\\/se\\\/guider\\\/branschrapport-fastighetsbolag-2023\\\/\",\"name\":\"Branschrapport Fastighetsbolag 2023 - Oxceed Sweden\",\"isPartOf\":{\"@id\":\"https:\\\/\\\/oxceed.com\\\/se\\\/#website\"},\"primaryImageOfPage\":{\"@id\":\"https:\\\/\\\/oxceed.com\\\/se\\\/guider\\\/branschrapport-fastighetsbolag-2023\\\/#primaryimage\"},\"image\":{\"@id\":\"https:\\\/\\\/oxceed.com\\\/se\\\/guider\\\/branschrapport-fastighetsbolag-2023\\\/#primaryimage\"},\"thumbnailUrl\":\"https:\\\/\\\/oxceed.com\\\/se\\\/wp-content\\\/uploads\\\/sites\\\/21\\\/2024\\\/06\\\/mockup-branschrapport-fastighet.jpg\",\"datePublished\":\"2024-07-04T09:00:40+00:00\",\"dateModified\":\"2025-06-16T12:53:21+00:00\",\"breadcrumb\":{\"@id\":\"https:\\\/\\\/oxceed.com\\\/se\\\/guider\\\/branschrapport-fastighetsbolag-2023\\\/#breadcrumb\"},\"inLanguage\":\"en-GB\",\"potentialAction\":[{\"@type\":\"ReadAction\",\"target\":[\"https:\\\/\\\/oxceed.com\\\/se\\\/guider\\\/branschrapport-fastighetsbolag-2023\\\/\"]}]},{\"@type\":\"ImageObject\",\"inLanguage\":\"en-GB\",\"@id\":\"https:\\\/\\\/oxceed.com\\\/se\\\/guider\\\/branschrapport-fastighetsbolag-2023\\\/#primaryimage\",\"url\":\"https:\\\/\\\/oxceed.com\\\/se\\\/wp-content\\\/uploads\\\/sites\\\/21\\\/2024\\\/06\\\/mockup-branschrapport-fastighet.jpg\",\"contentUrl\":\"https:\\\/\\\/oxceed.com\\\/se\\\/wp-content\\\/uploads\\\/sites\\\/21\\\/2024\\\/06\\\/mockup-branschrapport-fastighet.jpg\",\"width\":1920,\"height\":1280},{\"@type\":\"BreadcrumbList\",\"@id\":\"https:\\\/\\\/oxceed.com\\\/se\\\/guider\\\/branschrapport-fastighetsbolag-2023\\\/#breadcrumb\",\"itemListElement\":[{\"@type\":\"ListItem\",\"position\":1,\"name\":\"Home\",\"item\":\"https:\\\/\\\/oxceed.com\\\/se\\\/\"},{\"@type\":\"ListItem\",\"position\":2,\"name\":\"Guider\",\"item\":\"https:\\\/\\\/oxceed.com\\\/se\\\/guider\\\/\"},{\"@type\":\"ListItem\",\"position\":3,\"name\":\"Branschrapport Fastighetsbolag 2023\"}]},{\"@type\":\"WebSite\",\"@id\":\"https:\\\/\\\/oxceed.com\\\/se\\\/#website\",\"url\":\"https:\\\/\\\/oxceed.com\\\/se\\\/\",\"name\":\"Oxceed Sweden\",\"description\":\"Fatta b\u00e4ttre beslut med Oxceed\",\"potentialAction\":[{\"@type\":\"SearchAction\",\"target\":{\"@type\":\"EntryPoint\",\"urlTemplate\":\"https:\\\/\\\/oxceed.com\\\/se\\\/?s={search_term_string}\"},\"query-input\":{\"@type\":\"PropertyValueSpecification\",\"valueRequired\":true,\"valueName\":\"search_term_string\"}}],\"inLanguage\":\"en-GB\"}]}<\/script>\n<!-- \/ Yoast SEO Premium plugin. -->","yoast_head_json":{"title":"Branschrapport Fastighetsbolag 2023 - Oxceed Sweden","robots":{"index":"index","follow":"follow","max-snippet":"max-snippet:-1","max-image-preview":"max-image-preview:large","max-video-preview":"max-video-preview:-1"},"canonical":"https:\/\/oxceed.com\/se\/guider\/branschrapport-fastighetsbolag-2023\/","og_locale":"en_GB","og_type":"article","og_title":"Branschrapport Fastighetsbolag 2023","og_description":"Branschrapport:Fastighetsbolag 2023 Hur presterade fastighetsbranschen 2023 i j\u00e4mf\u00f6relse med 2022? \u00a0\u00a0Rapporten sammanfattar bokf\u00f6ringsdata fr\u00e5n \u00f6ver 530 fastighetsbolag i sex olika nyckeltal.\u00a0\u00a0 Vi ser bland annat 10 % oms\u00e4ttningsutveckling En h\u00f6gre bruttovinstmarginal\u00a0 En h\u00f6gre r\u00f6relsemarginal\u00a0 Ta reda p\u00e5\u00a0p\u00e5 hur ditt f\u00f6retag st\u00e5r sig mot branschkollegorna.\u00a0 Fyll i dina uppgifter i formul\u00e4ret s\u00e5 skickar vi rapporten till [&hellip;]","og_url":"https:\/\/oxceed.com\/se\/guider\/branschrapport-fastighetsbolag-2023\/","og_site_name":"Oxceed Sweden","article_modified_time":"2025-06-16T12:53:21+00:00","og_image":[{"width":1920,"height":1280,"url":"https:\/\/oxceed.com\/se\/se\/wp-content\/uploads\/sites\/21\/2024\/06\/mockup-branschrapport-fastighet.jpg","type":"image\/jpeg"}],"twitter_card":"summary_large_image","twitter_misc":{"Estimated reading time":"1 minute"},"schema":{"@context":"https:\/\/schema.org","@graph":[{"@type":"WebPage","@id":"https:\/\/oxceed.com\/se\/guider\/branschrapport-fastighetsbolag-2023\/","url":"https:\/\/oxceed.com\/se\/guider\/branschrapport-fastighetsbolag-2023\/","name":"Branschrapport Fastighetsbolag 2023 - Oxceed Sweden","isPartOf":{"@id":"https:\/\/oxceed.com\/se\/#website"},"primaryImageOfPage":{"@id":"https:\/\/oxceed.com\/se\/guider\/branschrapport-fastighetsbolag-2023\/#primaryimage"},"image":{"@id":"https:\/\/oxceed.com\/se\/guider\/branschrapport-fastighetsbolag-2023\/#primaryimage"},"thumbnailUrl":"https:\/\/oxceed.com\/se\/wp-content\/uploads\/sites\/21\/2024\/06\/mockup-branschrapport-fastighet.jpg","datePublished":"2024-07-04T09:00:40+00:00","dateModified":"2025-06-16T12:53:21+00:00","breadcrumb":{"@id":"https:\/\/oxceed.com\/se\/guider\/branschrapport-fastighetsbolag-2023\/#breadcrumb"},"inLanguage":"en-GB","potentialAction":[{"@type":"ReadAction","target":["https:\/\/oxceed.com\/se\/guider\/branschrapport-fastighetsbolag-2023\/"]}]},{"@type":"ImageObject","inLanguage":"en-GB","@id":"https:\/\/oxceed.com\/se\/guider\/branschrapport-fastighetsbolag-2023\/#primaryimage","url":"https:\/\/oxceed.com\/se\/wp-content\/uploads\/sites\/21\/2024\/06\/mockup-branschrapport-fastighet.jpg","contentUrl":"https:\/\/oxceed.com\/se\/wp-content\/uploads\/sites\/21\/2024\/06\/mockup-branschrapport-fastighet.jpg","width":1920,"height":1280},{"@type":"BreadcrumbList","@id":"https:\/\/oxceed.com\/se\/guider\/branschrapport-fastighetsbolag-2023\/#breadcrumb","itemListElement":[{"@type":"ListItem","position":1,"name":"Home","item":"https:\/\/oxceed.com\/se\/"},{"@type":"ListItem","position":2,"name":"Guider","item":"https:\/\/oxceed.com\/se\/guider\/"},{"@type":"ListItem","position":3,"name":"Branschrapport Fastighetsbolag 2023"}]},{"@type":"WebSite","@id":"https:\/\/oxceed.com\/se\/#website","url":"https:\/\/oxceed.com\/se\/","name":"Oxceed Sweden","description":"Fatta b\u00e4ttre beslut med Oxceed","potentialAction":[{"@type":"SearchAction","target":{"@type":"EntryPoint","urlTemplate":"https:\/\/oxceed.com\/se\/?s={search_term_string}"},"query-input":{"@type":"PropertyValueSpecification","valueRequired":true,"valueName":"search_term_string"}}],"inLanguage":"en-GB"}]}},"_links":{"self":[{"href":"https:\/\/oxceed.com\/se\/wp-json\/wp\/v2\/pages\/27768","targetHints":{"allow":["GET"]}}],"collection":[{"href":"https:\/\/oxceed.com\/se\/wp-json\/wp\/v2\/pages"}],"about":[{"href":"https:\/\/oxceed.com\/se\/wp-json\/wp\/v2\/types\/page"}],"author":[{"embeddable":true,"href":"https:\/\/oxceed.com\/se\/wp-json\/wp\/v2\/users\/7"}],"replies":[{"embeddable":true,"href":"https:\/\/oxceed.com\/se\/wp-json\/wp\/v2\/comments?post=27768"}],"version-history":[{"count":17,"href":"https:\/\/oxceed.com\/se\/wp-json\/wp\/v2\/pages\/27768\/revisions"}],"predecessor-version":[{"id":29551,"href":"https:\/\/oxceed.com\/se\/wp-json\/wp\/v2\/pages\/27768\/revisions\/29551"}],"up":[{"embeddable":true,"href":"https:\/\/oxceed.com\/se\/wp-json\/wp\/v2\/pages\/16004"}],"wp:featuredmedia":[{"embeddable":true,"href":"https:\/\/oxceed.com\/se\/wp-json\/wp\/v2\/media\/27780"}],"wp:attachment":[{"href":"https:\/\/oxceed.com\/se\/wp-json\/wp\/v2\/media?parent=27768"}],"curies":[{"name":"wp","href":"https:\/\/api.w.org\/{rel}","templated":true}]}}