{"id":2787,"date":"2020-05-18T15:06:09","date_gmt":"2020-05-18T13:06:09","guid":{"rendered":"https:\/\/oxceed.com\/se\/?page_id=2787"},"modified":"2023-08-10T11:36:32","modified_gmt":"2023-08-10T09:36:32","slug":"integritetspolicy","status":"publish","type":"page","link":"https:\/\/oxceed.com\/se\/integritetspolicy\/","title":{"rendered":"Integritetspolicy"},"content":{"rendered":"\t\t<div data-elementor-type=\"wp-page\" data-elementor-id=\"2787\" class=\"elementor elementor-2787\" data-elementor-post-type=\"page\">\n\t\t\t\t\t\t<section class=\"elementor-section elementor-top-section elementor-element elementor-element-308f86b8 elementor-section-boxed elementor-section-height-default elementor-section-height-default\" data-id=\"308f86b8\" data-element_type=\"section\" data-e-type=\"section\" data-settings=\"{&quot;jet_parallax_layout_list&quot;:[{&quot;jet_parallax_layout_image&quot;:{&quot;url&quot;:&quot;&quot;,&quot;id&quot;:&quot;&quot;,&quot;size&quot;:&quot;&quot;},&quot;_id&quot;:&quot;d08e567&quot;,&quot;jet_parallax_layout_image_tablet&quot;:{&quot;url&quot;:&quot;&quot;,&quot;id&quot;:&quot;&quot;,&quot;size&quot;:&quot;&quot;},&quot;jet_parallax_layout_image_mobile&quot;:{&quot;url&quot;:&quot;&quot;,&quot;id&quot;:&quot;&quot;,&quot;size&quot;:&quot;&quot;},&quot;jet_parallax_layout_speed&quot;:{&quot;unit&quot;:&quot;%&quot;,&quot;size&quot;:50,&quot;sizes&quot;:[]},&quot;jet_parallax_layout_type&quot;:&quot;scroll&quot;,&quot;jet_parallax_layout_direction&quot;:&quot;1&quot;,&quot;jet_parallax_layout_fx_direction&quot;:null,&quot;jet_parallax_layout_z_index&quot;:&quot;&quot;,&quot;jet_parallax_layout_bg_x&quot;:50,&quot;jet_parallax_layout_bg_x_tablet&quot;:&quot;&quot;,&quot;jet_parallax_layout_bg_x_mobile&quot;:&quot;&quot;,&quot;jet_parallax_layout_bg_y&quot;:50,&quot;jet_parallax_layout_bg_y_tablet&quot;:&quot;&quot;,&quot;jet_parallax_layout_bg_y_mobile&quot;:&quot;&quot;,&quot;jet_parallax_layout_bg_size&quot;:&quot;auto&quot;,&quot;jet_parallax_layout_bg_size_tablet&quot;:&quot;&quot;,&quot;jet_parallax_layout_bg_size_mobile&quot;:&quot;&quot;,&quot;jet_parallax_layout_animation_prop&quot;:&quot;transform&quot;,&quot;jet_parallax_layout_on&quot;:[&quot;desktop&quot;,&quot;tablet&quot;]}]}\">\n\t\t\t\t\t\t<div class=\"elementor-container elementor-column-gap-default\">\n\t\t\t\t\t<div class=\"elementor-column elementor-col-100 elementor-top-column elementor-element elementor-element-52923e70\" data-id=\"52923e70\" data-element_type=\"column\" data-e-type=\"column\">\n\t\t\t<div class=\"elementor-widget-wrap elementor-element-populated\">\n\t\t\t\t\t\t<div class=\"elementor-element elementor-element-ad3bcf4 elementor-widget elementor-widget-heading\" data-id=\"ad3bcf4\" data-element_type=\"widget\" data-e-type=\"widget\" data-widget_type=\"heading.default\">\n\t\t\t\t\t<h2 class=\"elementor-heading-title elementor-size-default\">Integritetspolicy<\/h2>\t\t\t\t<\/div>\n\t\t\t\t<div class=\"elementor-element elementor-element-c3e3962 elementor-widget elementor-widget-text-editor\" data-id=\"c3e3962\" data-element_type=\"widget\" data-e-type=\"widget\" data-widget_type=\"text-editor.default\">\n\t\t\t\t\t\t\t\t\t<p>Integritetspolicyn \u00e4r till f\u00f6r att beskriva hur Oxceed anv\u00e4nder information vi samlar in om dig i samband med att du anv\u00e4nder v\u00e5r webbplats, fyller i formul\u00e4r eller p\u00e5 annat s\u00e4tt kommunicerar digitalt med oss, exempelvis via chatt eller e-post.<\/p>\t\t\t\t\t\t\t\t<\/div>\n\t\t\t\t<div class=\"elementor-element elementor-element-0e5b12d elementor-widget elementor-widget-heading\" data-id=\"0e5b12d\" data-element_type=\"widget\" data-e-type=\"widget\" data-widget_type=\"heading.default\">\n\t\t\t\t\t<h2 class=\"elementor-heading-title elementor-size-default\">1. Insamling av information<\/h2>\t\t\t\t<\/div>\n\t\t\t\t<div class=\"elementor-element elementor-element-374891a elementor-widget elementor-widget-text-editor\" data-id=\"374891a\" data-element_type=\"widget\" data-e-type=\"widget\" data-widget_type=\"text-editor.default\">\n\t\t\t\t\t\t\t\t\t<p>Vi samlar in information fr\u00e5n dig n\u00e4r du bes\u00f6ker v\u00e5r webbplats, registrerar dig p\u00e5 v\u00e5r webbplats, fyller i ett formul\u00e4r, chattar med oss eller beg\u00e4r att f\u00e5 kontakt med oss via v\u00e5r webb eller e-post. Den insamlade informationen kan inkludera ditt namn, din arbetsgivare, din titel, e-postadress och ditt telefonnummer.<\/p><p>Dessutom tar vi automatiskt emot och sparar information fr\u00e5n din dator och webbl\u00e4sare, inklusive din IP-adress, uppgifter om programvara och h\u00e5rdvara och den beg\u00e4rda sidan.<\/p>\t\t\t\t\t\t\t\t<\/div>\n\t\t\t\t<div class=\"elementor-element elementor-element-73a62a3 elementor-widget elementor-widget-heading\" data-id=\"73a62a3\" data-element_type=\"widget\" data-e-type=\"widget\" data-widget_type=\"heading.default\">\n\t\t\t\t\t<h2 class=\"elementor-heading-title elementor-size-default\">2. Anv\u00e4ndning och hantering av information<\/h2>\t\t\t\t<\/div>\n\t\t\t\t<div class=\"elementor-element elementor-element-df28c4e elementor-widget elementor-widget-text-editor\" data-id=\"df28c4e\" data-element_type=\"widget\" data-e-type=\"widget\" data-widget_type=\"text-editor.default\">\n\t\t\t\t\t\t\t\t\t<p>Den information vi samlar in fr\u00e5n dig anv\u00e4nds f\u00f6r att kunna skicka dig informationen du ber att f\u00e5 ta del av, hantera dina fr\u00e5gor genom e-post eller telefon samt skicka information om v\u00e5ra tj\u00e4nster, inbjudningar till events, utbildningar samt webinars.<\/p><p>Uppgifterna lagras i syfte att f\u00f6rb\u00e4ttra och utveckla anv\u00e4ndarupplevelsen p\u00e5 v\u00e5r webbsida samt tillhandah\u00e5lla riktad information i form av annonser, e-post och erbjudanden. V\u00e5ra underleverant\u00f6rer har inte r\u00e4tt att dela eller anv\u00e4nda information om dig i annat syfte. Vi kan \u00f6verf\u00f6ra uppgifter om dig till samarbetspartners som hj\u00e4lper oss att erbjuda dig v\u00e5ra tj\u00e4nster. V\u00e5ra samarbetspartners har inte r\u00e4tt att anv\u00e4nda uppgifter om dig i annat syfte.<\/p>\t\t\t\t\t\t\t\t<\/div>\n\t\t\t\t<div class=\"elementor-element elementor-element-77cf6bd elementor-widget elementor-widget-heading\" data-id=\"77cf6bd\" data-element_type=\"widget\" data-e-type=\"widget\" data-widget_type=\"heading.default\">\n\t\t\t\t\t<h2 class=\"elementor-heading-title elementor-size-default\">3. Marknadsf\u00f6ring<\/h2>\t\t\t\t<\/div>\n\t\t\t\t<div class=\"elementor-element elementor-element-7f3fc42 elementor-widget elementor-widget-text-editor\" data-id=\"7f3fc42\" data-element_type=\"widget\" data-e-type=\"widget\" data-widget_type=\"text-editor.default\">\n\t\t\t\t\t\t\t\t\t<p>Vi kan komma att skicka information till dig om v\u00e5ra erbjudanden och tj\u00e4nster som vi tror \u00e4r relevanta f\u00f6r dig samt visa riktade annonser i olika sociala kanaler. Om du har godk\u00e4nt att f\u00e5 marknadsf\u00f6ringsmaterial kan du n\u00e4r som helst dra tillbaka detta medgivande. Du har r\u00e4tt att beg\u00e4ra att vi inte kontaktar dig i marknadsf\u00f6ringssyfte.<\/p>\t\t\t\t\t\t\t\t<\/div>\n\t\t\t\t<div class=\"elementor-element elementor-element-25a9ff3 elementor-widget elementor-widget-heading\" data-id=\"25a9ff3\" data-element_type=\"widget\" data-e-type=\"widget\" data-widget_type=\"heading.default\">\n\t\t\t\t\t<h2 class=\"elementor-heading-title elementor-size-default\">4. \u00c4ndra, uppdatera eller radera dina uppgifter<\/h2>\t\t\t\t<\/div>\n\t\t\t\t<div class=\"elementor-element elementor-element-b31cfe1 elementor-widget elementor-widget-text-editor\" data-id=\"b31cfe1\" data-element_type=\"widget\" data-e-type=\"widget\" data-widget_type=\"text-editor.default\">\n\t\t\t\t\t\t\t\t\t<p>Du har r\u00e4tt att n\u00e4r som helst beg\u00e4ra ut informationen vi har samlat in om dig. Om du vill ha en kopia av all eller delar av den informationen vi har samlat in om dig f\u00e5r du g\u00e4rna kontakta oss p\u00e5 support@oxceed.se. Om du vill att vi helt raderar dina uppgifter kan du kontakta oss p\u00e5 samma e-postadress.<\/p><p>Vi vill s\u00e4kerst\u00e4lla att den information vi har \u00e4r korrekt och uppdaterad och du kan alltid be oss korrigera eller ta bort information som du anser \u00e4r felaktig.<\/p>\t\t\t\t\t\t\t\t<\/div>\n\t\t\t\t<div class=\"elementor-element elementor-element-e09c38d elementor-widget elementor-widget-heading\" data-id=\"e09c38d\" data-element_type=\"widget\" data-e-type=\"widget\" data-widget_type=\"heading.default\">\n\t\t\t\t\t<h2 class=\"elementor-heading-title elementor-size-default\">5. Cookies<\/h2>\t\t\t\t<\/div>\n\t\t\t\t<div class=\"elementor-element elementor-element-a8e2386 elementor-widget elementor-widget-text-editor\" data-id=\"a8e2386\" data-element_type=\"widget\" data-e-type=\"widget\" data-widget_type=\"text-editor.default\">\n\t\t\t\t\t\t\t\t\t<p>V\u00e5ra cookies f\u00f6rb\u00e4ttrar tillg\u00e5ngen till v\u00e5r webbplats och identifierar \u00e5terkommande bes\u00f6kare. Dessutom f\u00f6rb\u00e4ttrar v\u00e5ra cookies anv\u00e4ndarupplevelsen genom att sp\u00e5ra och m\u00e5lanpassa anv\u00e4ndarens intressen. V\u00e5r anv\u00e4ndning av cookies kopplas \u00f6ver huvud taget inte till personligt identifierbar information p\u00e5 v\u00e5r webbplats. Om du inte vill ha n\u00e5gra cookies kan du v\u00e4lja att inte acceptera cookies i datorns webbl\u00e4sare, men det kan komma att inneb\u00e4ra en begr\u00e4nsning av tillg\u00e5ng till sidor och funktioner.<\/p><p>F\u00f6r ytterligare information om Cookies kan du l\u00e4sa Post- och telestyrelsens information om Cookies.<\/p>\t\t\t\t\t\t\t\t<\/div>\n\t\t\t\t<div class=\"elementor-element elementor-element-73e2627 elementor-widget elementor-widget-heading\" data-id=\"73e2627\" data-element_type=\"widget\" data-e-type=\"widget\" data-widget_type=\"heading.default\">\n\t\t\t\t\t<h2 class=\"elementor-heading-title elementor-size-default\">6. Andra webbplatser<\/h2>\t\t\t\t<\/div>\n\t\t\t\t<div class=\"elementor-element elementor-element-fe5dfda elementor-widget elementor-widget-text-editor\" data-id=\"fe5dfda\" data-element_type=\"widget\" data-e-type=\"widget\" data-widget_type=\"text-editor.default\">\n\t\t\t\t\t\t\t\t\t<p>V\u00e5r webbplats inneh\u00e5ller l\u00e4nkar till andra webbplatser. Denna integritetspolicy g\u00e4ller bara v\u00e5r egen webbplats. Bes\u00f6ker du andra webbplatser kan du d\u00e4r l\u00e4sa deras integritetspolicy.<\/p>\t\t\t\t\t\t\t\t<\/div>\n\t\t\t\t<div class=\"elementor-element elementor-element-73274d3 elementor-widget elementor-widget-heading\" data-id=\"73274d3\" data-element_type=\"widget\" data-e-type=\"widget\" data-widget_type=\"heading.default\">\n\t\t\t\t\t<h2 class=\"elementor-heading-title elementor-size-default\">7. F\u00f6r\u00e4ndringar i v\u00e5r integritetspolicy<\/h2>\t\t\t\t<\/div>\n\t\t\t\t<div class=\"elementor-element elementor-element-ba857ce elementor-widget elementor-widget-text-editor\" data-id=\"ba857ce\" data-element_type=\"widget\" data-e-type=\"widget\" data-widget_type=\"text-editor.default\">\n\t\t\t\t\t\t\t\t\t<p>Vi ser kontinuerligt \u00f6ver v\u00e5r integritetspolicy. Denna version uppdaterades 17 maj 2020.<\/p>\t\t\t\t\t\t\t\t<\/div>\n\t\t\t\t<div class=\"elementor-element elementor-element-559139c elementor-widget elementor-widget-heading\" data-id=\"559139c\" data-element_type=\"widget\" data-e-type=\"widget\" data-widget_type=\"heading.default\">\n\t\t\t\t\t<h2 class=\"elementor-heading-title elementor-size-default\">8. Hur du kommer i kontakt med oss<\/h2>\t\t\t\t<\/div>\n\t\t\t\t<div class=\"elementor-element elementor-element-be34ac0 elementor-widget elementor-widget-text-editor\" data-id=\"be34ac0\" data-element_type=\"widget\" data-e-type=\"widget\" data-widget_type=\"text-editor.default\">\n\t\t\t\t\t\t\t\t\tKontakta oss g\u00e4rna ang\u00e5ende v\u00e5r integritetspolicy eller informationshantering. Du n\u00e5r oss via <a href=\"mailto:support@oxceed.se\">support@oxceed.se<\/a> eller <a href=\"\/kontakt\/\">oxceed.se\/kontakt<\/a>\t\t\t\t\t\t\t\t<\/div>\n\t\t\t\t<div class=\"elementor-element elementor-element-ebbbf9d elementor-widget elementor-widget-heading\" data-id=\"ebbbf9d\" data-element_type=\"widget\" data-e-type=\"widget\" data-widget_type=\"heading.default\">\n\t\t\t\t\t<h2 class=\"elementor-heading-title elementor-size-default\">9. Samtycke<\/h2>\t\t\t\t<\/div>\n\t\t\t\t<div class=\"elementor-element elementor-element-844daa5 elementor-widget elementor-widget-text-editor\" data-id=\"844daa5\" data-element_type=\"widget\" data-e-type=\"widget\" data-widget_type=\"text-editor.default\">\n\t\t\t\t\t\t\t\t\t<p>Genom att anv\u00e4nda v\u00e5r webbplats godk\u00e4nner du v\u00e5r integritetspolicy.<\/p>\t\t\t\t\t\t\t\t<\/div>\n\t\t\t\t\t<\/div>\n\t\t<\/div>\n\t\t\t\t\t<\/div>\n\t\t<\/section>\n\t\t\t\t<\/div>\n\t\t","protected":false},"excerpt":{"rendered":"<p>Integritetspolicy Integritetspolicyn \u00e4r till f\u00f6r att beskriva hur Oxceed anv\u00e4nder information vi samlar in om dig i samband med att du anv\u00e4nder v\u00e5r webbplats, fyller i formul\u00e4r eller p\u00e5 annat s\u00e4tt kommunicerar digitalt med oss, exempelvis via chatt eller e-post. 1. Insamling av information Vi samlar in information fr\u00e5n dig n\u00e4r du bes\u00f6ker v\u00e5r webbplats, [&hellip;]<\/p>\n","protected":false},"author":2,"featured_media":0,"parent":0,"menu_order":0,"comment_status":"closed","ping_status":"closed","template":"full-width.php","meta":{"_acf_changed":false,"_trash_the_other_posts":false,"editor_notices":[],"footnotes":""},"class_list":["post-2787","page","type-page","status-publish","hentry"],"acf":[],"yoast_head":"<!-- This site is optimized with the Yoast SEO Premium plugin v26.5 (Yoast SEO v27.4) - https:\/\/yoast.com\/product\/yoast-seo-premium-wordpress\/ -->\n<title>Integritetspolicy - Oxceed Sweden<\/title>\n<meta name=\"robots\" content=\"index, follow, max-snippet:-1, max-image-preview:large, max-video-preview:-1\" \/>\n<link rel=\"canonical\" href=\"https:\/\/oxceed.com\/se\/se\/integritetspolicy\/\" \/>\n<meta property=\"og:locale\" content=\"en_GB\" \/>\n<meta property=\"og:type\" content=\"article\" \/>\n<meta property=\"og:title\" content=\"Integritetspolicy\" \/>\n<meta property=\"og:description\" content=\"Integritetspolicy Integritetspolicyn \u00e4r till f\u00f6r att beskriva hur Oxceed anv\u00e4nder information vi samlar in om dig i samband med att du anv\u00e4nder v\u00e5r webbplats, fyller i formul\u00e4r eller p\u00e5 annat s\u00e4tt kommunicerar digitalt med oss, exempelvis via chatt eller e-post. 1. Insamling av information Vi samlar in information fr\u00e5n dig n\u00e4r du bes\u00f6ker v\u00e5r webbplats, [&hellip;]\" \/>\n<meta property=\"og:url\" content=\"https:\/\/oxceed.com\/se\/se\/integritetspolicy\/\" \/>\n<meta property=\"og:site_name\" content=\"Oxceed Sweden\" \/>\n<meta property=\"article:modified_time\" content=\"2023-08-10T09:36:32+00:00\" \/>\n<meta name=\"twitter:card\" content=\"summary_large_image\" \/>\n<meta name=\"twitter:label1\" content=\"Estimated reading time\" \/>\n\t<meta name=\"twitter:data1\" content=\"3 minutes\" \/>\n<script type=\"application\/ld+json\" class=\"yoast-schema-graph\">{\"@context\":\"https:\\\/\\\/schema.org\",\"@graph\":[{\"@type\":\"WebPage\",\"@id\":\"https:\\\/\\\/oxceed.com\\\/se\\\/se\\\/integritetspolicy\\\/\",\"url\":\"https:\\\/\\\/oxceed.com\\\/se\\\/se\\\/integritetspolicy\\\/\",\"name\":\"Integritetspolicy - Oxceed Sweden\",\"isPartOf\":{\"@id\":\"https:\\\/\\\/oxceed.com\\\/se\\\/#website\"},\"datePublished\":\"2020-05-18T13:06:09+00:00\",\"dateModified\":\"2023-08-10T09:36:32+00:00\",\"breadcrumb\":{\"@id\":\"https:\\\/\\\/oxceed.com\\\/se\\\/se\\\/integritetspolicy\\\/#breadcrumb\"},\"inLanguage\":\"en-GB\",\"potentialAction\":[{\"@type\":\"ReadAction\",\"target\":[\"https:\\\/\\\/oxceed.com\\\/se\\\/se\\\/integritetspolicy\\\/\"]}]},{\"@type\":\"BreadcrumbList\",\"@id\":\"https:\\\/\\\/oxceed.com\\\/se\\\/se\\\/integritetspolicy\\\/#breadcrumb\",\"itemListElement\":[{\"@type\":\"ListItem\",\"position\":1,\"name\":\"Home\",\"item\":\"https:\\\/\\\/oxceed.com\\\/se\\\/\"},{\"@type\":\"ListItem\",\"position\":2,\"name\":\"Integritetspolicy\"}]},{\"@type\":\"WebSite\",\"@id\":\"https:\\\/\\\/oxceed.com\\\/se\\\/#website\",\"url\":\"https:\\\/\\\/oxceed.com\\\/se\\\/\",\"name\":\"Oxceed Sweden\",\"description\":\"Fatta b\u00e4ttre beslut med Oxceed\",\"potentialAction\":[{\"@type\":\"SearchAction\",\"target\":{\"@type\":\"EntryPoint\",\"urlTemplate\":\"https:\\\/\\\/oxceed.com\\\/se\\\/?s={search_term_string}\"},\"query-input\":{\"@type\":\"PropertyValueSpecification\",\"valueRequired\":true,\"valueName\":\"search_term_string\"}}],\"inLanguage\":\"en-GB\"}]}<\/script>\n<!-- \/ Yoast SEO Premium plugin. -->","yoast_head_json":{"title":"Integritetspolicy - Oxceed Sweden","robots":{"index":"index","follow":"follow","max-snippet":"max-snippet:-1","max-image-preview":"max-image-preview:large","max-video-preview":"max-video-preview:-1"},"canonical":"https:\/\/oxceed.com\/se\/se\/integritetspolicy\/","og_locale":"en_GB","og_type":"article","og_title":"Integritetspolicy","og_description":"Integritetspolicy Integritetspolicyn \u00e4r till f\u00f6r att beskriva hur Oxceed anv\u00e4nder information vi samlar in om dig i samband med att du anv\u00e4nder v\u00e5r webbplats, fyller i formul\u00e4r eller p\u00e5 annat s\u00e4tt kommunicerar digitalt med oss, exempelvis via chatt eller e-post. 1. Insamling av information Vi samlar in information fr\u00e5n dig n\u00e4r du bes\u00f6ker v\u00e5r webbplats, [&hellip;]","og_url":"https:\/\/oxceed.com\/se\/se\/integritetspolicy\/","og_site_name":"Oxceed Sweden","article_modified_time":"2023-08-10T09:36:32+00:00","twitter_card":"summary_large_image","twitter_misc":{"Estimated reading time":"3 minutes"},"schema":{"@context":"https:\/\/schema.org","@graph":[{"@type":"WebPage","@id":"https:\/\/oxceed.com\/se\/se\/integritetspolicy\/","url":"https:\/\/oxceed.com\/se\/se\/integritetspolicy\/","name":"Integritetspolicy - Oxceed Sweden","isPartOf":{"@id":"https:\/\/oxceed.com\/se\/#website"},"datePublished":"2020-05-18T13:06:09+00:00","dateModified":"2023-08-10T09:36:32+00:00","breadcrumb":{"@id":"https:\/\/oxceed.com\/se\/se\/integritetspolicy\/#breadcrumb"},"inLanguage":"en-GB","potentialAction":[{"@type":"ReadAction","target":["https:\/\/oxceed.com\/se\/se\/integritetspolicy\/"]}]},{"@type":"BreadcrumbList","@id":"https:\/\/oxceed.com\/se\/se\/integritetspolicy\/#breadcrumb","itemListElement":[{"@type":"ListItem","position":1,"name":"Home","item":"https:\/\/oxceed.com\/se\/"},{"@type":"ListItem","position":2,"name":"Integritetspolicy"}]},{"@type":"WebSite","@id":"https:\/\/oxceed.com\/se\/#website","url":"https:\/\/oxceed.com\/se\/","name":"Oxceed Sweden","description":"Fatta b\u00e4ttre beslut med Oxceed","potentialAction":[{"@type":"SearchAction","target":{"@type":"EntryPoint","urlTemplate":"https:\/\/oxceed.com\/se\/?s={search_term_string}"},"query-input":{"@type":"PropertyValueSpecification","valueRequired":true,"valueName":"search_term_string"}}],"inLanguage":"en-GB"}]}},"_links":{"self":[{"href":"https:\/\/oxceed.com\/se\/wp-json\/wp\/v2\/pages\/2787","targetHints":{"allow":["GET"]}}],"collection":[{"href":"https:\/\/oxceed.com\/se\/wp-json\/wp\/v2\/pages"}],"about":[{"href":"https:\/\/oxceed.com\/se\/wp-json\/wp\/v2\/types\/page"}],"author":[{"embeddable":true,"href":"https:\/\/oxceed.com\/se\/wp-json\/wp\/v2\/users\/2"}],"replies":[{"embeddable":true,"href":"https:\/\/oxceed.com\/se\/wp-json\/wp\/v2\/comments?post=2787"}],"version-history":[{"count":31,"href":"https:\/\/oxceed.com\/se\/wp-json\/wp\/v2\/pages\/2787\/revisions"}],"predecessor-version":[{"id":21019,"href":"https:\/\/oxceed.com\/se\/wp-json\/wp\/v2\/pages\/2787\/revisions\/21019"}],"wp:attachment":[{"href":"https:\/\/oxceed.com\/se\/wp-json\/wp\/v2\/media?parent=2787"}],"curies":[{"name":"wp","href":"https:\/\/api.w.org\/{rel}","templated":true}]}}