{"id":31097,"date":"2024-11-04T14:58:47","date_gmt":"2024-11-04T13:58:47","guid":{"rendered":"https:\/\/oxceed.com\/se\/?page_id=31097"},"modified":"2024-11-14T14:03:55","modified_gmt":"2024-11-14T13:03:55","slug":"demo-benchmarking-i-oxceed-fatta-battre-beslut-med-branschdata","status":"publish","type":"page","link":"https:\/\/oxceed.com\/se\/demo-benchmarking-i-oxceed-fatta-battre-beslut-med-branschdata\/","title":{"rendered":"Demo: Benchmarking i Oxceed &#8211; J\u00e4mf\u00f6r ditt f\u00f6retag med branschen"},"content":{"rendered":"\t\t<div data-elementor-type=\"wp-page\" data-elementor-id=\"31097\" class=\"elementor elementor-31097\" data-elementor-post-type=\"page\">\n\t\t\t\t\t\t<section class=\"elementor-section elementor-top-section elementor-element elementor-element-70a2590 elementor-section-full_width elementor-section-stretched elementor-section-height-default elementor-section-height-default\" data-id=\"70a2590\" data-element_type=\"section\" data-e-type=\"section\" data-settings=\"{&quot;stretch_section&quot;:&quot;section-stretched&quot;,&quot;jet_parallax_layout_list&quot;:[{&quot;jet_parallax_layout_image&quot;:{&quot;url&quot;:&quot;&quot;,&quot;id&quot;:&quot;&quot;,&quot;size&quot;:&quot;&quot;},&quot;_id&quot;:&quot;5baf2ad&quot;,&quot;jet_parallax_layout_image_tablet&quot;:{&quot;url&quot;:&quot;&quot;,&quot;id&quot;:&quot;&quot;,&quot;size&quot;:&quot;&quot;},&quot;jet_parallax_layout_image_mobile&quot;:{&quot;url&quot;:&quot;&quot;,&quot;id&quot;:&quot;&quot;,&quot;size&quot;:&quot;&quot;},&quot;jet_parallax_layout_speed&quot;:{&quot;unit&quot;:&quot;%&quot;,&quot;size&quot;:50,&quot;sizes&quot;:[]},&quot;jet_parallax_layout_type&quot;:&quot;scroll&quot;,&quot;jet_parallax_layout_direction&quot;:&quot;1&quot;,&quot;jet_parallax_layout_fx_direction&quot;:null,&quot;jet_parallax_layout_z_index&quot;:&quot;&quot;,&quot;jet_parallax_layout_bg_x&quot;:50,&quot;jet_parallax_layout_bg_x_tablet&quot;:&quot;&quot;,&quot;jet_parallax_layout_bg_x_mobile&quot;:&quot;&quot;,&quot;jet_parallax_layout_bg_y&quot;:50,&quot;jet_parallax_layout_bg_y_tablet&quot;:&quot;&quot;,&quot;jet_parallax_layout_bg_y_mobile&quot;:&quot;&quot;,&quot;jet_parallax_layout_bg_size&quot;:&quot;auto&quot;,&quot;jet_parallax_layout_bg_size_tablet&quot;:&quot;&quot;,&quot;jet_parallax_layout_bg_size_mobile&quot;:&quot;&quot;,&quot;jet_parallax_layout_animation_prop&quot;:&quot;transform&quot;,&quot;jet_parallax_layout_on&quot;:[&quot;desktop&quot;,&quot;tablet&quot;]}],&quot;background_background&quot;:&quot;classic&quot;}\">\n\t\t\t\t\t\t<div class=\"elementor-container elementor-column-gap-default\">\n\t\t\t\t\t<div class=\"elementor-column elementor-col-100 elementor-top-column elementor-element elementor-element-44840a3\" data-id=\"44840a3\" data-element_type=\"column\" data-e-type=\"column\">\n\t\t\t<div class=\"elementor-widget-wrap elementor-element-populated\">\n\t\t\t\t\t\t<div class=\"elementor-element elementor-element-5aab0cb elementor-widget elementor-widget-spacer\" data-id=\"5aab0cb\" data-element_type=\"widget\" data-e-type=\"widget\" data-widget_type=\"spacer.default\">\n\t\t\t\t\t\t\t<div class=\"elementor-spacer\">\n\t\t\t<div class=\"elementor-spacer-inner\"><\/div>\n\t\t<\/div>\n\t\t\t\t\t\t<\/div>\n\t\t\t\t\t<\/div>\n\t\t<\/div>\n\t\t\t\t\t<\/div>\n\t\t<\/section>\n\t\t\t\t<section class=\"elementor-section elementor-top-section elementor-element elementor-element-747ca57 elementor-section-content-middle elementor-section-boxed elementor-section-height-default elementor-section-height-default elementor-invisible\" data-id=\"747ca57\" data-element_type=\"section\" data-e-type=\"section\" data-settings=\"{&quot;jet_parallax_layout_list&quot;:[{&quot;jet_parallax_layout_image&quot;:{&quot;url&quot;:&quot;&quot;,&quot;id&quot;:&quot;&quot;,&quot;size&quot;:&quot;&quot;},&quot;_id&quot;:&quot;b6f69a7&quot;,&quot;jet_parallax_layout_image_tablet&quot;:{&quot;url&quot;:&quot;&quot;,&quot;id&quot;:&quot;&quot;,&quot;size&quot;:&quot;&quot;},&quot;jet_parallax_layout_image_mobile&quot;:{&quot;url&quot;:&quot;&quot;,&quot;id&quot;:&quot;&quot;,&quot;size&quot;:&quot;&quot;},&quot;jet_parallax_layout_speed&quot;:{&quot;unit&quot;:&quot;%&quot;,&quot;size&quot;:50,&quot;sizes&quot;:[]},&quot;jet_parallax_layout_type&quot;:&quot;scroll&quot;,&quot;jet_parallax_layout_direction&quot;:&quot;1&quot;,&quot;jet_parallax_layout_fx_direction&quot;:null,&quot;jet_parallax_layout_z_index&quot;:&quot;&quot;,&quot;jet_parallax_layout_bg_x&quot;:50,&quot;jet_parallax_layout_bg_x_tablet&quot;:&quot;&quot;,&quot;jet_parallax_layout_bg_x_mobile&quot;:&quot;&quot;,&quot;jet_parallax_layout_bg_y&quot;:50,&quot;jet_parallax_layout_bg_y_tablet&quot;:&quot;&quot;,&quot;jet_parallax_layout_bg_y_mobile&quot;:&quot;&quot;,&quot;jet_parallax_layout_bg_size&quot;:&quot;auto&quot;,&quot;jet_parallax_layout_bg_size_tablet&quot;:&quot;&quot;,&quot;jet_parallax_layout_bg_size_mobile&quot;:&quot;&quot;,&quot;jet_parallax_layout_animation_prop&quot;:&quot;transform&quot;,&quot;jet_parallax_layout_on&quot;:[&quot;desktop&quot;,&quot;tablet&quot;]}],&quot;animation&quot;:&quot;fadeIn&quot;}\">\n\t\t\t\t\t\t<div class=\"elementor-container elementor-column-gap-no\">\n\t\t\t\t\t<div class=\"elementor-column elementor-col-33 elementor-top-column elementor-element elementor-element-a254678\" data-id=\"a254678\" data-element_type=\"column\" data-e-type=\"column\">\n\t\t\t<div class=\"elementor-widget-wrap elementor-element-populated\">\n\t\t\t\t\t\t<div class=\"elementor-element elementor-element-77c1fa7 elementor-widget elementor-widget-heading\" data-id=\"77c1fa7\" data-element_type=\"widget\" data-e-type=\"widget\" data-widget_type=\"heading.default\">\n\t\t\t\t\t<h1 class=\"elementor-heading-title elementor-size-default\"><span class=\"color-teal\">Demo: <\/span>Benchmarking - J\u00e4mf\u00f6r ditt f\u00f6retag med branschen  <\/h1>\t\t\t\t<\/div>\n\t\t\t\t<div class=\"elementor-element elementor-element-0f201a5 elementor-widget__width-initial elementor-widget elementor-widget-text-editor\" data-id=\"0f201a5\" data-element_type=\"widget\" data-e-type=\"widget\" data-widget_type=\"text-editor.default\">\n\t\t\t\t\t\t\t\t\t<p>Hur presterar ditt f\u00f6retag i j\u00e4mf\u00f6relse med branschkollegorna?<\/p><p>Benchmarking i Oxceed ger tillg\u00e5ng till realtidsdata fr\u00e5n \u00f6ver 20 000 f\u00f6retag f\u00f6rdelade i 26 branschgrupper. J\u00e4mf\u00f6r f\u00f6retagets prestation med andra akt\u00f6rer i branschen och se exakt hur ni ligger till inom ett flertal omr\u00e5den \u2013 som nyckeltal, kostnadsstruktur och marginaler.<\/p><p>Under demonstrationen visar Oxceeds CPO Carl Frostg\u00e5rd bland annat:<\/p><p>\ud83d\udcca Hur du j\u00e4mf\u00f6r nyckeltal och finansiell data p\u00e5 olika st\u00e4llen i Oxceed<\/p><p>\ud83d\udcb0 Hur du enkelt kan presentera eller skapa en rapport med benchmarkingdata<\/p><p>\ud83d\udcc8 Hur du identifierar avvikelser och trender, till exempel kostnadsbesparingar, med hj\u00e4lp av benchmarking<\/p><p>F\u00e5 tillg\u00e5ng till en ny dimension av insikter med Benchmarking i Oxceed.\u00a0<\/p><p>Fyll i formul\u00e4ret f\u00f6r att f\u00e5 ett email med en l\u00e4nk till inspelningen som du kan se n\u00e4r det passar dig.\u00a0<\/p>\t\t\t\t\t\t\t\t<\/div>\n\t\t\t\t<section class=\"elementor-section elementor-inner-section elementor-element elementor-element-2a8f64f elementor-section-boxed elementor-section-height-default elementor-section-height-default\" data-id=\"2a8f64f\" data-element_type=\"section\" data-e-type=\"section\" data-settings=\"{&quot;jet_parallax_layout_list&quot;:[{&quot;jet_parallax_layout_image&quot;:{&quot;url&quot;:&quot;&quot;,&quot;id&quot;:&quot;&quot;,&quot;size&quot;:&quot;&quot;},&quot;_id&quot;:&quot;8bc1bd6&quot;,&quot;jet_parallax_layout_image_tablet&quot;:{&quot;url&quot;:&quot;&quot;,&quot;id&quot;:&quot;&quot;,&quot;size&quot;:&quot;&quot;},&quot;jet_parallax_layout_image_mobile&quot;:{&quot;url&quot;:&quot;&quot;,&quot;id&quot;:&quot;&quot;,&quot;size&quot;:&quot;&quot;},&quot;jet_parallax_layout_speed&quot;:{&quot;unit&quot;:&quot;%&quot;,&quot;size&quot;:50,&quot;sizes&quot;:[]},&quot;jet_parallax_layout_type&quot;:&quot;scroll&quot;,&quot;jet_parallax_layout_direction&quot;:&quot;1&quot;,&quot;jet_parallax_layout_fx_direction&quot;:null,&quot;jet_parallax_layout_z_index&quot;:&quot;&quot;,&quot;jet_parallax_layout_bg_x&quot;:50,&quot;jet_parallax_layout_bg_x_tablet&quot;:&quot;&quot;,&quot;jet_parallax_layout_bg_x_mobile&quot;:&quot;&quot;,&quot;jet_parallax_layout_bg_y&quot;:50,&quot;jet_parallax_layout_bg_y_tablet&quot;:&quot;&quot;,&quot;jet_parallax_layout_bg_y_mobile&quot;:&quot;&quot;,&quot;jet_parallax_layout_bg_size&quot;:&quot;auto&quot;,&quot;jet_parallax_layout_bg_size_tablet&quot;:&quot;&quot;,&quot;jet_parallax_layout_bg_size_mobile&quot;:&quot;&quot;,&quot;jet_parallax_layout_animation_prop&quot;:&quot;transform&quot;,&quot;jet_parallax_layout_on&quot;:[&quot;desktop&quot;,&quot;tablet&quot;]}]}\">\n\t\t\t\t\t\t<div class=\"elementor-container elementor-column-gap-default\">\n\t\t\t\t\t<div class=\"elementor-column elementor-col-50 elementor-inner-column elementor-element elementor-element-7bc4c23\" data-id=\"7bc4c23\" data-element_type=\"column\" data-e-type=\"column\">\n\t\t\t<div class=\"elementor-widget-wrap elementor-element-populated\">\n\t\t\t\t\t\t<div class=\"elementor-element elementor-element-be13fd5 elementor-widget elementor-widget-image\" data-id=\"be13fd5\" data-element_type=\"widget\" data-e-type=\"widget\" data-widget_type=\"image.default\">\n\t\t\t\t\t\t\t\t\t\t\t\t\t\t\t<img loading=\"lazy\" decoding=\"async\" width=\"150\" height=\"150\" src=\"https:\/\/oxceed.com\/se\/wp-content\/uploads\/sites\/21\/2022\/04\/carl-frostgard-avatar-150x150.jpg\" class=\"attachment-thumbnail size-thumbnail wp-image-18598\" alt=\"\" srcset=\"https:\/\/oxceed.com\/se\/wp-content\/uploads\/sites\/21\/2022\/04\/carl-frostgard-avatar-150x150.jpg 150w, https:\/\/oxceed.com\/se\/wp-content\/uploads\/sites\/21\/2022\/04\/carl-frostgard-avatar-300x300.jpg 300w, https:\/\/oxceed.com\/se\/wp-content\/uploads\/sites\/21\/2022\/04\/carl-frostgard-avatar.jpg 500w\" sizes=\"auto, (max-width: 150px) 100vw, 150px\" \/>\t\t\t\t\t\t\t\t\t\t\t\t\t\t\t<\/div>\n\t\t\t\t\t<\/div>\n\t\t<\/div>\n\t\t\t\t<div class=\"elementor-column elementor-col-50 elementor-inner-column elementor-element elementor-element-ac3045a\" data-id=\"ac3045a\" data-element_type=\"column\" data-e-type=\"column\">\n\t\t\t<div class=\"elementor-widget-wrap elementor-element-populated\">\n\t\t\t\t\t\t<div class=\"elementor-element elementor-element-2a5e4a0 elementor-widget elementor-widget-heading\" data-id=\"2a5e4a0\" data-element_type=\"widget\" data-e-type=\"widget\" data-widget_type=\"heading.default\">\n\t\t\t\t\t<h4 class=\"elementor-heading-title elementor-size-default\">Carl Frostg\u00e5rd<\/h4>\t\t\t\t<\/div>\n\t\t\t\t<div class=\"elementor-element elementor-element-f56d9cf elementor-widget elementor-widget-text-editor\" data-id=\"f56d9cf\" data-element_type=\"widget\" data-e-type=\"widget\" data-widget_type=\"text-editor.default\">\n\t\t\t\t\t\t\t\t\t<p>Product Owner , Oxceed<\/p>\t\t\t\t\t\t\t\t<\/div>\n\t\t\t\t\t<\/div>\n\t\t<\/div>\n\t\t\t\t\t<\/div>\n\t\t<\/section>\n\t\t\t\t\t<\/div>\n\t\t<\/div>\n\t\t\t\t<div class=\"elementor-column elementor-col-33 elementor-top-column elementor-element elementor-element-457d305\" data-id=\"457d305\" data-element_type=\"column\" data-e-type=\"column\">\n\t\t\t<div class=\"elementor-widget-wrap elementor-element-populated\">\n\t\t\t\t\t\t<div class=\"elementor-element elementor-element-a0fe0ef elementor-widget elementor-widget-html\" data-id=\"a0fe0ef\" data-element_type=\"widget\" data-e-type=\"widget\" data-widget_type=\"html.default\">\n\t\t\t\t\t<iframe src=\"https:\/\/pages.upsales.com\/12029u9a1a485e99ce477d9b22bd8e799d8caa-frame\" \n\t\twidth=\"360\" \n\t\theight=\"515\" \n\t\tstyle=\"border:0\"><\/iframe>\t\t\t\t<\/div>\n\t\t\t\t\t<\/div>\n\t\t<\/div>\n\t\t\t\t<div class=\"elementor-column elementor-col-33 elementor-top-column elementor-element elementor-element-3894eb1\" data-id=\"3894eb1\" data-element_type=\"column\" data-e-type=\"column\">\n\t\t\t<div class=\"elementor-widget-wrap\">\n\t\t\t\t\t\t\t<\/div>\n\t\t<\/div>\n\t\t\t\t\t<\/div>\n\t\t<\/section>\n\t\t\t\t<\/div>\n\t\t","protected":false},"excerpt":{"rendered":"<p>Demo: Benchmarking &#8211; J\u00e4mf\u00f6r ditt f\u00f6retag med branschen Hur presterar ditt f\u00f6retag i j\u00e4mf\u00f6relse med branschkollegorna? Benchmarking i Oxceed ger tillg\u00e5ng till realtidsdata fr\u00e5n \u00f6ver 20 000 f\u00f6retag f\u00f6rdelade i 26 branschgrupper. J\u00e4mf\u00f6r f\u00f6retagets prestation med andra akt\u00f6rer i branschen och se exakt hur ni ligger till inom ett flertal omr\u00e5den \u2013 som nyckeltal, kostnadsstruktur [&hellip;]<\/p>\n","protected":false},"author":7,"featured_media":31156,"parent":0,"menu_order":0,"comment_status":"closed","ping_status":"closed","template":"","meta":{"_acf_changed":false,"_trash_the_other_posts":false,"editor_notices":[],"footnotes":""},"class_list":["post-31097","page","type-page","status-publish","has-post-thumbnail","hentry"],"acf":[],"yoast_head":"<!-- This site is optimized with the Yoast SEO Premium plugin v26.5 (Yoast SEO v27.4) - https:\/\/yoast.com\/product\/yoast-seo-premium-wordpress\/ -->\n<title>Demo: Benchmarking i Oxceed - J\u00e4mf\u00f6r ditt f\u00f6retag med branschen - Oxceed Sweden<\/title>\n<meta name=\"robots\" content=\"index, follow, max-snippet:-1, max-image-preview:large, max-video-preview:-1\" \/>\n<link rel=\"canonical\" href=\"https:\/\/oxceed.com\/se\/se\/demo-benchmarking-i-oxceed-fatta-battre-beslut-med-branschdata\/\" \/>\n<meta property=\"og:locale\" content=\"en_GB\" \/>\n<meta property=\"og:type\" content=\"article\" \/>\n<meta property=\"og:title\" content=\"Demo: Benchmarking i Oxceed - J\u00e4mf\u00f6r ditt f\u00f6retag med branschen\" \/>\n<meta property=\"og:description\" content=\"Demo: Benchmarking &#8211; J\u00e4mf\u00f6r ditt f\u00f6retag med branschen Hur presterar ditt f\u00f6retag i j\u00e4mf\u00f6relse med branschkollegorna? Benchmarking i Oxceed ger tillg\u00e5ng till realtidsdata fr\u00e5n \u00f6ver 20 000 f\u00f6retag f\u00f6rdelade i 26 branschgrupper. J\u00e4mf\u00f6r f\u00f6retagets prestation med andra akt\u00f6rer i branschen och se exakt hur ni ligger till inom ett flertal omr\u00e5den \u2013 som nyckeltal, kostnadsstruktur [&hellip;]\" \/>\n<meta property=\"og:url\" content=\"https:\/\/oxceed.com\/se\/se\/demo-benchmarking-i-oxceed-fatta-battre-beslut-med-branschdata\/\" \/>\n<meta property=\"og:site_name\" content=\"Oxceed Sweden\" \/>\n<meta property=\"article:modified_time\" content=\"2024-11-14T13:03:55+00:00\" \/>\n<meta property=\"og:image\" content=\"https:\/\/oxceed.com\/se\/se\/wp-content\/uploads\/sites\/21\/2024\/11\/Demo_benchmarking.jpg\" \/>\n\t<meta property=\"og:image:width\" content=\"1920\" \/>\n\t<meta property=\"og:image:height\" content=\"1080\" \/>\n\t<meta property=\"og:image:type\" content=\"image\/jpeg\" \/>\n<meta name=\"twitter:card\" content=\"summary_large_image\" \/>\n<meta name=\"twitter:label1\" content=\"Estimated reading time\" \/>\n\t<meta name=\"twitter:data1\" content=\"1 minute\" \/>\n<script type=\"application\/ld+json\" class=\"yoast-schema-graph\">{\"@context\":\"https:\\\/\\\/schema.org\",\"@graph\":[{\"@type\":\"WebPage\",\"@id\":\"https:\\\/\\\/oxceed.com\\\/se\\\/se\\\/demo-benchmarking-i-oxceed-fatta-battre-beslut-med-branschdata\\\/\",\"url\":\"https:\\\/\\\/oxceed.com\\\/se\\\/se\\\/demo-benchmarking-i-oxceed-fatta-battre-beslut-med-branschdata\\\/\",\"name\":\"Demo: Benchmarking i Oxceed - J\u00e4mf\u00f6r ditt f\u00f6retag med branschen - Oxceed Sweden\",\"isPartOf\":{\"@id\":\"https:\\\/\\\/oxceed.com\\\/se\\\/#website\"},\"primaryImageOfPage\":{\"@id\":\"https:\\\/\\\/oxceed.com\\\/se\\\/se\\\/demo-benchmarking-i-oxceed-fatta-battre-beslut-med-branschdata\\\/#primaryimage\"},\"image\":{\"@id\":\"https:\\\/\\\/oxceed.com\\\/se\\\/se\\\/demo-benchmarking-i-oxceed-fatta-battre-beslut-med-branschdata\\\/#primaryimage\"},\"thumbnailUrl\":\"https:\\\/\\\/oxceed.com\\\/se\\\/wp-content\\\/uploads\\\/sites\\\/21\\\/2024\\\/11\\\/Demo_benchmarking.jpg\",\"datePublished\":\"2024-11-04T13:58:47+00:00\",\"dateModified\":\"2024-11-14T13:03:55+00:00\",\"breadcrumb\":{\"@id\":\"https:\\\/\\\/oxceed.com\\\/se\\\/se\\\/demo-benchmarking-i-oxceed-fatta-battre-beslut-med-branschdata\\\/#breadcrumb\"},\"inLanguage\":\"en-GB\",\"potentialAction\":[{\"@type\":\"ReadAction\",\"target\":[\"https:\\\/\\\/oxceed.com\\\/se\\\/se\\\/demo-benchmarking-i-oxceed-fatta-battre-beslut-med-branschdata\\\/\"]}]},{\"@type\":\"ImageObject\",\"inLanguage\":\"en-GB\",\"@id\":\"https:\\\/\\\/oxceed.com\\\/se\\\/se\\\/demo-benchmarking-i-oxceed-fatta-battre-beslut-med-branschdata\\\/#primaryimage\",\"url\":\"https:\\\/\\\/oxceed.com\\\/se\\\/wp-content\\\/uploads\\\/sites\\\/21\\\/2024\\\/11\\\/Demo_benchmarking.jpg\",\"contentUrl\":\"https:\\\/\\\/oxceed.com\\\/se\\\/wp-content\\\/uploads\\\/sites\\\/21\\\/2024\\\/11\\\/Demo_benchmarking.jpg\",\"width\":1920,\"height\":1080},{\"@type\":\"BreadcrumbList\",\"@id\":\"https:\\\/\\\/oxceed.com\\\/se\\\/se\\\/demo-benchmarking-i-oxceed-fatta-battre-beslut-med-branschdata\\\/#breadcrumb\",\"itemListElement\":[{\"@type\":\"ListItem\",\"position\":1,\"name\":\"Home\",\"item\":\"https:\\\/\\\/oxceed.com\\\/se\\\/\"},{\"@type\":\"ListItem\",\"position\":2,\"name\":\"Demo: Benchmarking i Oxceed &#8211; J\u00e4mf\u00f6r ditt f\u00f6retag med branschen\"}]},{\"@type\":\"WebSite\",\"@id\":\"https:\\\/\\\/oxceed.com\\\/se\\\/#website\",\"url\":\"https:\\\/\\\/oxceed.com\\\/se\\\/\",\"name\":\"Oxceed Sweden\",\"description\":\"Fatta b\u00e4ttre beslut med Oxceed\",\"potentialAction\":[{\"@type\":\"SearchAction\",\"target\":{\"@type\":\"EntryPoint\",\"urlTemplate\":\"https:\\\/\\\/oxceed.com\\\/se\\\/?s={search_term_string}\"},\"query-input\":{\"@type\":\"PropertyValueSpecification\",\"valueRequired\":true,\"valueName\":\"search_term_string\"}}],\"inLanguage\":\"en-GB\"}]}<\/script>\n<!-- \/ Yoast SEO Premium plugin. -->","yoast_head_json":{"title":"Demo: Benchmarking i Oxceed - J\u00e4mf\u00f6r ditt f\u00f6retag med branschen - Oxceed Sweden","robots":{"index":"index","follow":"follow","max-snippet":"max-snippet:-1","max-image-preview":"max-image-preview:large","max-video-preview":"max-video-preview:-1"},"canonical":"https:\/\/oxceed.com\/se\/se\/demo-benchmarking-i-oxceed-fatta-battre-beslut-med-branschdata\/","og_locale":"en_GB","og_type":"article","og_title":"Demo: Benchmarking i Oxceed - J\u00e4mf\u00f6r ditt f\u00f6retag med branschen","og_description":"Demo: Benchmarking &#8211; J\u00e4mf\u00f6r ditt f\u00f6retag med branschen Hur presterar ditt f\u00f6retag i j\u00e4mf\u00f6relse med branschkollegorna? Benchmarking i Oxceed ger tillg\u00e5ng till realtidsdata fr\u00e5n \u00f6ver 20 000 f\u00f6retag f\u00f6rdelade i 26 branschgrupper. J\u00e4mf\u00f6r f\u00f6retagets prestation med andra akt\u00f6rer i branschen och se exakt hur ni ligger till inom ett flertal omr\u00e5den \u2013 som nyckeltal, kostnadsstruktur [&hellip;]","og_url":"https:\/\/oxceed.com\/se\/se\/demo-benchmarking-i-oxceed-fatta-battre-beslut-med-branschdata\/","og_site_name":"Oxceed Sweden","article_modified_time":"2024-11-14T13:03:55+00:00","og_image":[{"width":1920,"height":1080,"url":"https:\/\/oxceed.com\/se\/se\/wp-content\/uploads\/sites\/21\/2024\/11\/Demo_benchmarking.jpg","type":"image\/jpeg"}],"twitter_card":"summary_large_image","twitter_misc":{"Estimated reading time":"1 minute"},"schema":{"@context":"https:\/\/schema.org","@graph":[{"@type":"WebPage","@id":"https:\/\/oxceed.com\/se\/se\/demo-benchmarking-i-oxceed-fatta-battre-beslut-med-branschdata\/","url":"https:\/\/oxceed.com\/se\/se\/demo-benchmarking-i-oxceed-fatta-battre-beslut-med-branschdata\/","name":"Demo: Benchmarking i Oxceed - J\u00e4mf\u00f6r ditt f\u00f6retag med branschen - Oxceed Sweden","isPartOf":{"@id":"https:\/\/oxceed.com\/se\/#website"},"primaryImageOfPage":{"@id":"https:\/\/oxceed.com\/se\/se\/demo-benchmarking-i-oxceed-fatta-battre-beslut-med-branschdata\/#primaryimage"},"image":{"@id":"https:\/\/oxceed.com\/se\/se\/demo-benchmarking-i-oxceed-fatta-battre-beslut-med-branschdata\/#primaryimage"},"thumbnailUrl":"https:\/\/oxceed.com\/se\/wp-content\/uploads\/sites\/21\/2024\/11\/Demo_benchmarking.jpg","datePublished":"2024-11-04T13:58:47+00:00","dateModified":"2024-11-14T13:03:55+00:00","breadcrumb":{"@id":"https:\/\/oxceed.com\/se\/se\/demo-benchmarking-i-oxceed-fatta-battre-beslut-med-branschdata\/#breadcrumb"},"inLanguage":"en-GB","potentialAction":[{"@type":"ReadAction","target":["https:\/\/oxceed.com\/se\/se\/demo-benchmarking-i-oxceed-fatta-battre-beslut-med-branschdata\/"]}]},{"@type":"ImageObject","inLanguage":"en-GB","@id":"https:\/\/oxceed.com\/se\/se\/demo-benchmarking-i-oxceed-fatta-battre-beslut-med-branschdata\/#primaryimage","url":"https:\/\/oxceed.com\/se\/wp-content\/uploads\/sites\/21\/2024\/11\/Demo_benchmarking.jpg","contentUrl":"https:\/\/oxceed.com\/se\/wp-content\/uploads\/sites\/21\/2024\/11\/Demo_benchmarking.jpg","width":1920,"height":1080},{"@type":"BreadcrumbList","@id":"https:\/\/oxceed.com\/se\/se\/demo-benchmarking-i-oxceed-fatta-battre-beslut-med-branschdata\/#breadcrumb","itemListElement":[{"@type":"ListItem","position":1,"name":"Home","item":"https:\/\/oxceed.com\/se\/"},{"@type":"ListItem","position":2,"name":"Demo: Benchmarking i Oxceed &#8211; J\u00e4mf\u00f6r ditt f\u00f6retag med branschen"}]},{"@type":"WebSite","@id":"https:\/\/oxceed.com\/se\/#website","url":"https:\/\/oxceed.com\/se\/","name":"Oxceed Sweden","description":"Fatta b\u00e4ttre beslut med Oxceed","potentialAction":[{"@type":"SearchAction","target":{"@type":"EntryPoint","urlTemplate":"https:\/\/oxceed.com\/se\/?s={search_term_string}"},"query-input":{"@type":"PropertyValueSpecification","valueRequired":true,"valueName":"search_term_string"}}],"inLanguage":"en-GB"}]}},"_links":{"self":[{"href":"https:\/\/oxceed.com\/se\/wp-json\/wp\/v2\/pages\/31097","targetHints":{"allow":["GET"]}}],"collection":[{"href":"https:\/\/oxceed.com\/se\/wp-json\/wp\/v2\/pages"}],"about":[{"href":"https:\/\/oxceed.com\/se\/wp-json\/wp\/v2\/types\/page"}],"author":[{"embeddable":true,"href":"https:\/\/oxceed.com\/se\/wp-json\/wp\/v2\/users\/7"}],"replies":[{"embeddable":true,"href":"https:\/\/oxceed.com\/se\/wp-json\/wp\/v2\/comments?post=31097"}],"version-history":[{"count":18,"href":"https:\/\/oxceed.com\/se\/wp-json\/wp\/v2\/pages\/31097\/revisions"}],"predecessor-version":[{"id":31266,"href":"https:\/\/oxceed.com\/se\/wp-json\/wp\/v2\/pages\/31097\/revisions\/31266"}],"wp:featuredmedia":[{"embeddable":true,"href":"https:\/\/oxceed.com\/se\/wp-json\/wp\/v2\/media\/31156"}],"wp:attachment":[{"href":"https:\/\/oxceed.com\/se\/wp-json\/wp\/v2\/media?parent=31097"}],"curies":[{"name":"wp","href":"https:\/\/api.w.org\/{rel}","templated":true}]}}