{"id":31438,"date":"2024-12-03T09:12:49","date_gmt":"2024-12-03T08:12:49","guid":{"rendered":"https:\/\/oxceed.com\/se\/?page_id=31438"},"modified":"2024-12-03T13:22:50","modified_gmt":"2024-12-03T12:22:50","slug":"driftstatus","status":"publish","type":"page","link":"https:\/\/oxceed.com\/se\/driftstatus\/","title":{"rendered":"Driftstatus"},"content":{"rendered":"\t\t<div data-elementor-type=\"wp-page\" data-elementor-id=\"31438\" class=\"elementor elementor-31438\" data-elementor-post-type=\"page\">\n\t\t\t\t\t\t<section class=\"elementor-section elementor-top-section elementor-element elementor-element-250f068 elementor-section-boxed elementor-section-height-default elementor-section-height-default\" data-id=\"250f068\" data-element_type=\"section\" data-e-type=\"section\" data-settings=\"{&quot;jet_parallax_layout_list&quot;:[{&quot;jet_parallax_layout_image&quot;:{&quot;url&quot;:&quot;&quot;,&quot;id&quot;:&quot;&quot;,&quot;size&quot;:&quot;&quot;},&quot;_id&quot;:&quot;48cfdad&quot;,&quot;jet_parallax_layout_image_tablet&quot;:{&quot;url&quot;:&quot;&quot;,&quot;id&quot;:&quot;&quot;,&quot;size&quot;:&quot;&quot;},&quot;jet_parallax_layout_image_mobile&quot;:{&quot;url&quot;:&quot;&quot;,&quot;id&quot;:&quot;&quot;,&quot;size&quot;:&quot;&quot;},&quot;jet_parallax_layout_speed&quot;:{&quot;unit&quot;:&quot;%&quot;,&quot;size&quot;:50,&quot;sizes&quot;:[]},&quot;jet_parallax_layout_type&quot;:&quot;scroll&quot;,&quot;jet_parallax_layout_direction&quot;:&quot;1&quot;,&quot;jet_parallax_layout_fx_direction&quot;:null,&quot;jet_parallax_layout_z_index&quot;:&quot;&quot;,&quot;jet_parallax_layout_bg_x&quot;:50,&quot;jet_parallax_layout_bg_x_tablet&quot;:&quot;&quot;,&quot;jet_parallax_layout_bg_x_mobile&quot;:&quot;&quot;,&quot;jet_parallax_layout_bg_y&quot;:50,&quot;jet_parallax_layout_bg_y_tablet&quot;:&quot;&quot;,&quot;jet_parallax_layout_bg_y_mobile&quot;:&quot;&quot;,&quot;jet_parallax_layout_bg_size&quot;:&quot;auto&quot;,&quot;jet_parallax_layout_bg_size_tablet&quot;:&quot;&quot;,&quot;jet_parallax_layout_bg_size_mobile&quot;:&quot;&quot;,&quot;jet_parallax_layout_animation_prop&quot;:&quot;transform&quot;,&quot;jet_parallax_layout_on&quot;:[&quot;desktop&quot;,&quot;tablet&quot;]}]}\">\n\t\t\t\t\t\t<div class=\"elementor-container elementor-column-gap-no\">\n\t\t\t\t\t<div class=\"elementor-column elementor-col-100 elementor-top-column elementor-element elementor-element-3977333\" data-id=\"3977333\" data-element_type=\"column\" data-e-type=\"column\">\n\t\t\t<div class=\"elementor-widget-wrap elementor-element-populated\">\n\t\t\t\t\t\t<div class=\"elementor-element elementor-element-7f5c58c elementor-widget elementor-widget-heading\" data-id=\"7f5c58c\" data-element_type=\"widget\" data-e-type=\"widget\" data-widget_type=\"heading.default\">\n\t\t\t\t\t<h1 class=\"elementor-heading-title elementor-size-default\">Driftstatus<\/h1>\t\t\t\t<\/div>\n\t\t\t\t<div class=\"elementor-element elementor-element-374920e elementor-widget elementor-widget-text-editor\" data-id=\"374920e\" data-element_type=\"widget\" data-e-type=\"widget\" data-widget_type=\"text-editor.default\">\n\t\t\t\t\t\t\t\t\t<p>H\u00e4r finner du information om eventuella driftst\u00f6rningar i Oxceed.\u00a0<\/p>\t\t\t\t\t\t\t\t<\/div>\n\t\t\t\t\t<\/div>\n\t\t<\/div>\n\t\t\t\t\t<\/div>\n\t\t<\/section>\n\t\t\t\t<section class=\"elementor-section elementor-top-section elementor-element elementor-element-41bd0758 elementor-section-boxed elementor-section-height-default elementor-section-height-default\" data-id=\"41bd0758\" data-element_type=\"section\" data-e-type=\"section\" data-settings=\"{&quot;jet_parallax_layout_list&quot;:[]}\">\n\t\t\t\t\t\t<div class=\"elementor-container elementor-column-gap-default\">\n\t\t\t\t\t<div class=\"elementor-column elementor-col-100 elementor-top-column elementor-element elementor-element-9200af3\" data-id=\"9200af3\" data-element_type=\"column\" data-e-type=\"column\">\n\t\t\t<div class=\"elementor-widget-wrap elementor-element-populated\">\n\t\t\t\t\t\t<div class=\"elementor-element elementor-element-f07c678 elementor-widget elementor-widget-heading\" data-id=\"f07c678\" data-element_type=\"widget\" data-e-type=\"widget\" data-widget_type=\"heading.default\">\n\t\t\t\t\t<h2 class=\"elementor-heading-title elementor-size-default\">Inga identifierade driftst\u00f6rningar<\/h2>\t\t\t\t<\/div>\n\t\t\t\t<div class=\"elementor-element elementor-element-71bdb254 elementor-widget elementor-widget-text-editor\" data-id=\"71bdb254\" data-element_type=\"widget\" data-e-type=\"widget\" data-widget_type=\"text-editor.default\">\n\t\t\t\t\t\t\t\t\t<p>Oxceed har f\u00f6r n\u00e4rvarande inga drifsst\u00f6rningar. Om du upplever ett problem eller om du har en fr\u00e5ga, kontakta v\u00e5r support p\u00e5 <a href=\"mailto: support@oxceed.se\" target=\"_blank\" rel=\"noopener\">support@oxceed.se<\/a>\u00a0s\u00e5 \u00e5terkopplar vi snarast.\u00a0<\/p><p>\u00a0<\/p>\t\t\t\t\t\t\t\t<\/div>\n\t\t\t\t\t<\/div>\n\t\t<\/div>\n\t\t\t\t\t<\/div>\n\t\t<\/section>\n\t\t\t\t<section class=\"elementor-section elementor-top-section elementor-element elementor-element-f24b2b8 elementor-section-boxed elementor-section-height-default elementor-section-height-default\" data-id=\"f24b2b8\" data-element_type=\"section\" data-e-type=\"section\" data-settings=\"{&quot;jet_parallax_layout_list&quot;:[]}\">\n\t\t\t\t\t\t<div class=\"elementor-container elementor-column-gap-default\">\n\t\t\t\t\t<div class=\"elementor-column elementor-col-100 elementor-top-column elementor-element elementor-element-9aa3f8d\" data-id=\"9aa3f8d\" data-element_type=\"column\" data-e-type=\"column\">\n\t\t\t<div class=\"elementor-widget-wrap elementor-element-populated\">\n\t\t\t\t\t\t<div class=\"elementor-element elementor-element-cac6df4 elementor-widget elementor-widget-heading\" data-id=\"cac6df4\" data-element_type=\"widget\" data-e-type=\"widget\" data-widget_type=\"heading.default\">\n\t\t\t\t\t<h2 class=\"elementor-heading-title elementor-size-default\">Instruktioner f\u00f6r h\u00e5rd inl\u00e4sning i din webbl\u00e4sare<\/h2>\t\t\t\t<\/div>\n\t\t\t\t<div class=\"elementor-element elementor-element-4893e6e elementor-widget elementor-widget-text-editor\" data-id=\"4893e6e\" data-element_type=\"widget\" data-e-type=\"widget\" data-widget_type=\"text-editor.default\">\n\t\t\t\t\t\t\t\t\t<p>I samband med vissa uppdateringar kan du som \u00e4r anv\u00e4ndare i Oxceed uppleva att du ser en helt tom sida i din webbl\u00e4sare n\u00e4r du f\u00f6rs\u00f6ker logga in. F\u00f6r att l\u00f6sa detta beh\u00f6ver du g\u00f6ra en s\u00e5 kallad &#8220;h\u00e5rd inl\u00e4sning&#8221;. Nedan finner du instruktioner f\u00f6r de vanligaste webbl\u00e4sarna.\u00a0<\/p>\t\t\t\t\t\t\t\t<\/div>\n\t\t\t\t\t<\/div>\n\t\t<\/div>\n\t\t\t\t\t<\/div>\n\t\t<\/section>\n\t\t\t\t<section class=\"elementor-section elementor-top-section elementor-element elementor-element-44bd549 elementor-section-boxed elementor-section-height-default elementor-section-height-default\" data-id=\"44bd549\" data-element_type=\"section\" data-e-type=\"section\" data-settings=\"{&quot;jet_parallax_layout_list&quot;:[]}\">\n\t\t\t\t\t\t<div class=\"elementor-container elementor-column-gap-default\">\n\t\t\t\t\t<div class=\"elementor-column elementor-col-100 elementor-top-column elementor-element elementor-element-bd6f3a4\" data-id=\"bd6f3a4\" data-element_type=\"column\" data-e-type=\"column\">\n\t\t\t<div class=\"elementor-widget-wrap elementor-element-populated\">\n\t\t\t\t\t\t<div class=\"elementor-element elementor-element-08306be elementor-widget elementor-widget-heading\" data-id=\"08306be\" data-element_type=\"widget\" data-e-type=\"widget\" data-widget_type=\"heading.default\">\n\t\t\t\t\t<h2 class=\"elementor-heading-title elementor-size-default\">Google Chrome \/ Microsoft Edge \/ Chromium-baserade webbl\u00e4sare:<\/h2>\t\t\t\t<\/div>\n\t\t\t\t<div class=\"elementor-element elementor-element-6c6995b elementor-widget elementor-widget-text-editor\" data-id=\"6c6995b\" data-element_type=\"widget\" data-e-type=\"widget\" data-widget_type=\"text-editor.default\">\n\t\t\t\t\t\t\t\t\t<ol><li>Klicka p\u00e5 de tre prickarna l\u00e4ngst upp till h\u00f6ger i webbl\u00e4saren.<\/li><li>V\u00e4lj Fler verktyg &gt; Verktyg f\u00f6r utvecklare.<\/li><li>Klicka och h\u00e5ll ned Uppdatera-knappen (Refresh-ikonen bredvid adressf\u00e4ltet).<\/li><li>V\u00e4lj T\u00f6m cacheminne och g\u00f6r en h\u00e5rd inl\u00e4sning.<\/li><\/ol>\t\t\t\t\t\t\t\t<\/div>\n\t\t\t\t\t<\/div>\n\t\t<\/div>\n\t\t\t\t\t<\/div>\n\t\t<\/section>\n\t\t\t\t<section class=\"elementor-section elementor-top-section elementor-element elementor-element-2621383 elementor-section-boxed elementor-section-height-default elementor-section-height-default\" data-id=\"2621383\" data-element_type=\"section\" data-e-type=\"section\" data-settings=\"{&quot;jet_parallax_layout_list&quot;:[]}\">\n\t\t\t\t\t\t<div class=\"elementor-container elementor-column-gap-default\">\n\t\t\t\t\t<div class=\"elementor-column elementor-col-100 elementor-top-column elementor-element elementor-element-5985417\" data-id=\"5985417\" data-element_type=\"column\" data-e-type=\"column\">\n\t\t\t<div class=\"elementor-widget-wrap elementor-element-populated\">\n\t\t\t\t\t\t<div class=\"elementor-element elementor-element-793db80 elementor-widget elementor-widget-heading\" data-id=\"793db80\" data-element_type=\"widget\" data-e-type=\"widget\" data-widget_type=\"heading.default\">\n\t\t\t\t\t<h2 class=\"elementor-heading-title elementor-size-default\">Safari (macOS):<\/h2>\t\t\t\t<\/div>\n\t\t\t\t<div class=\"elementor-element elementor-element-6ecc849 elementor-widget elementor-widget-text-editor\" data-id=\"6ecc849\" data-element_type=\"widget\" data-e-type=\"widget\" data-widget_type=\"text-editor.default\">\n\t\t\t\t\t\t\t\t\t<ol><li>Klicka p\u00e5 Safari i menyraden h\u00f6gst upp p\u00e5 sk\u00e4rmen.<\/li><li>V\u00e4lj Inst\u00e4llningar &gt; Avancerat.<\/li><li>Aktivera Visa Utvecklarmenyn i menyraden.<\/li><li>G\u00e5 till Utvecklare &gt; T\u00f6m cache och uppdatera sedan sidan genom att klicka p\u00e5 uppdateringsikonen.<\/li><\/ol>\t\t\t\t\t\t\t\t<\/div>\n\t\t\t\t\t<\/div>\n\t\t<\/div>\n\t\t\t\t\t<\/div>\n\t\t<\/section>\n\t\t\t\t<section class=\"elementor-section elementor-top-section elementor-element elementor-element-8abc519 elementor-section-boxed elementor-section-height-default elementor-section-height-default\" data-id=\"8abc519\" data-element_type=\"section\" data-e-type=\"section\" data-settings=\"{&quot;jet_parallax_layout_list&quot;:[]}\">\n\t\t\t\t\t\t<div class=\"elementor-container elementor-column-gap-default\">\n\t\t\t\t\t<div class=\"elementor-column elementor-col-100 elementor-top-column elementor-element elementor-element-1485bf6\" data-id=\"1485bf6\" data-element_type=\"column\" data-e-type=\"column\">\n\t\t\t<div class=\"elementor-widget-wrap elementor-element-populated\">\n\t\t\t\t\t\t<div class=\"elementor-element elementor-element-c7cc64b elementor-widget elementor-widget-heading\" data-id=\"c7cc64b\" data-element_type=\"widget\" data-e-type=\"widget\" data-widget_type=\"heading.default\">\n\t\t\t\t\t<h2 class=\"elementor-heading-title elementor-size-default\">Mozilla Firefox:<\/h2>\t\t\t\t<\/div>\n\t\t\t\t<div class=\"elementor-element elementor-element-bfdc7ed elementor-widget elementor-widget-text-editor\" data-id=\"bfdc7ed\" data-element_type=\"widget\" data-e-type=\"widget\" data-widget_type=\"text-editor.default\">\n\t\t\t\t\t\t\t\t\t<ol><li>Klicka p\u00e5 menyikonen (tre streck) l\u00e4ngst upp till h\u00f6ger.<\/li><li>G\u00e5 till Inst\u00e4llningar &gt; Sekretess och s\u00e4kerhet.<\/li><li>Under avsnittet Cachelagrade webbinneh\u00e5ll, klicka p\u00e5 Rensa nu.<\/li><li>Uppdatera sidan genom att klicka p\u00e5 uppdateringsikonen bredvid adressf\u00e4ltet.<\/li><\/ol>\t\t\t\t\t\t\t\t<\/div>\n\t\t\t\t\t<\/div>\n\t\t<\/div>\n\t\t\t\t\t<\/div>\n\t\t<\/section>\n\t\t\t\t<section class=\"elementor-section elementor-top-section elementor-element elementor-element-1c86baa elementor-section-boxed elementor-section-height-default elementor-section-height-default\" data-id=\"1c86baa\" data-element_type=\"section\" data-e-type=\"section\" data-settings=\"{&quot;jet_parallax_layout_list&quot;:[]}\">\n\t\t\t\t\t\t<div class=\"elementor-container elementor-column-gap-default\">\n\t\t\t\t\t<div class=\"elementor-column elementor-col-100 elementor-top-column elementor-element elementor-element-de92886\" data-id=\"de92886\" data-element_type=\"column\" data-e-type=\"column\">\n\t\t\t<div class=\"elementor-widget-wrap elementor-element-populated\">\n\t\t\t\t\t\t<div class=\"elementor-element elementor-element-c8a41a1 elementor-widget elementor-widget-heading\" data-id=\"c8a41a1\" data-element_type=\"widget\" data-e-type=\"widget\" data-widget_type=\"heading.default\">\n\t\t\t\t\t<h2 class=\"elementor-heading-title elementor-size-default\">Generellt tips:<\/h2>\t\t\t\t<\/div>\n\t\t\t\t<div class=\"elementor-element elementor-element-68a61b8 elementor-widget elementor-widget-text-editor\" data-id=\"68a61b8\" data-element_type=\"widget\" data-e-type=\"widget\" data-widget_type=\"text-editor.default\">\n\t\t\t\t\t\t\t\t\t<p class=\"p1\">Om du inte hittar de exakta menyerna kan du s\u00f6ka efter &#8220;Cache&#8221; eller &#8220;Rensa webbinformation&#8221; i din webbl\u00e4sares inst\u00e4llningar.<\/p>\t\t\t\t\t\t\t\t<\/div>\n\t\t\t\t\t<\/div>\n\t\t<\/div>\n\t\t\t\t\t<\/div>\n\t\t<\/section>\n\t\t\t\t<\/div>\n\t\t","protected":false},"excerpt":{"rendered":"<p>Driftstatus H\u00e4r finner du information om eventuella driftst\u00f6rningar i Oxceed.\u00a0 Inga identifierade driftst\u00f6rningar Oxceed har f\u00f6r n\u00e4rvarande inga drifsst\u00f6rningar. Om du upplever ett problem eller om du har en fr\u00e5ga, kontakta v\u00e5r support p\u00e5 support@oxceed.se\u00a0s\u00e5 \u00e5terkopplar vi snarast.\u00a0 \u00a0 Instruktioner f\u00f6r h\u00e5rd inl\u00e4sning i din webbl\u00e4sare I samband med vissa uppdateringar kan du som \u00e4r [&hellip;]<\/p>\n","protected":false},"author":2,"featured_media":0,"parent":0,"menu_order":0,"comment_status":"closed","ping_status":"closed","template":"","meta":{"_acf_changed":false,"_trash_the_other_posts":false,"editor_notices":[],"footnotes":""},"class_list":["post-31438","page","type-page","status-publish","hentry"],"acf":[],"yoast_head":"<!-- This site is optimized with the Yoast SEO Premium plugin v26.5 (Yoast SEO v27.4) - https:\/\/yoast.com\/product\/yoast-seo-premium-wordpress\/ -->\n<title>Driftstatus - Oxceed Sweden<\/title>\n<meta name=\"robots\" content=\"index, follow, max-snippet:-1, max-image-preview:large, max-video-preview:-1\" \/>\n<link rel=\"canonical\" href=\"https:\/\/oxceed.com\/se\/se\/driftstatus\/\" \/>\n<meta property=\"og:locale\" content=\"en_GB\" \/>\n<meta property=\"og:type\" content=\"article\" \/>\n<meta property=\"og:title\" content=\"Driftstatus\" \/>\n<meta property=\"og:description\" content=\"Driftstatus H\u00e4r finner du information om eventuella driftst\u00f6rningar i Oxceed.\u00a0 Inga identifierade driftst\u00f6rningar Oxceed har f\u00f6r n\u00e4rvarande inga drifsst\u00f6rningar. Om du upplever ett problem eller om du har en fr\u00e5ga, kontakta v\u00e5r support p\u00e5 support@oxceed.se\u00a0s\u00e5 \u00e5terkopplar vi snarast.\u00a0 \u00a0 Instruktioner f\u00f6r h\u00e5rd inl\u00e4sning i din webbl\u00e4sare I samband med vissa uppdateringar kan du som \u00e4r [&hellip;]\" \/>\n<meta property=\"og:url\" content=\"https:\/\/oxceed.com\/se\/se\/driftstatus\/\" \/>\n<meta property=\"og:site_name\" content=\"Oxceed Sweden\" \/>\n<meta property=\"article:modified_time\" content=\"2024-12-03T12:22:50+00:00\" \/>\n<meta name=\"twitter:card\" content=\"summary_large_image\" \/>\n<meta name=\"twitter:label1\" content=\"Estimated reading time\" \/>\n\t<meta name=\"twitter:data1\" content=\"2 minutes\" \/>\n<script type=\"application\/ld+json\" class=\"yoast-schema-graph\">{\"@context\":\"https:\\\/\\\/schema.org\",\"@graph\":[{\"@type\":\"WebPage\",\"@id\":\"https:\\\/\\\/oxceed.com\\\/se\\\/se\\\/driftstatus\\\/\",\"url\":\"https:\\\/\\\/oxceed.com\\\/se\\\/se\\\/driftstatus\\\/\",\"name\":\"Driftstatus - Oxceed Sweden\",\"isPartOf\":{\"@id\":\"https:\\\/\\\/oxceed.com\\\/se\\\/#website\"},\"datePublished\":\"2024-12-03T08:12:49+00:00\",\"dateModified\":\"2024-12-03T12:22:50+00:00\",\"breadcrumb\":{\"@id\":\"https:\\\/\\\/oxceed.com\\\/se\\\/se\\\/driftstatus\\\/#breadcrumb\"},\"inLanguage\":\"en-GB\",\"potentialAction\":[{\"@type\":\"ReadAction\",\"target\":[\"https:\\\/\\\/oxceed.com\\\/se\\\/se\\\/driftstatus\\\/\"]}]},{\"@type\":\"BreadcrumbList\",\"@id\":\"https:\\\/\\\/oxceed.com\\\/se\\\/se\\\/driftstatus\\\/#breadcrumb\",\"itemListElement\":[{\"@type\":\"ListItem\",\"position\":1,\"name\":\"Home\",\"item\":\"https:\\\/\\\/oxceed.com\\\/se\\\/\"},{\"@type\":\"ListItem\",\"position\":2,\"name\":\"Driftstatus\"}]},{\"@type\":\"WebSite\",\"@id\":\"https:\\\/\\\/oxceed.com\\\/se\\\/#website\",\"url\":\"https:\\\/\\\/oxceed.com\\\/se\\\/\",\"name\":\"Oxceed Sweden\",\"description\":\"Fatta b\u00e4ttre beslut med Oxceed\",\"potentialAction\":[{\"@type\":\"SearchAction\",\"target\":{\"@type\":\"EntryPoint\",\"urlTemplate\":\"https:\\\/\\\/oxceed.com\\\/se\\\/?s={search_term_string}\"},\"query-input\":{\"@type\":\"PropertyValueSpecification\",\"valueRequired\":true,\"valueName\":\"search_term_string\"}}],\"inLanguage\":\"en-GB\"}]}<\/script>\n<!-- \/ Yoast SEO Premium plugin. -->","yoast_head_json":{"title":"Driftstatus - Oxceed Sweden","robots":{"index":"index","follow":"follow","max-snippet":"max-snippet:-1","max-image-preview":"max-image-preview:large","max-video-preview":"max-video-preview:-1"},"canonical":"https:\/\/oxceed.com\/se\/se\/driftstatus\/","og_locale":"en_GB","og_type":"article","og_title":"Driftstatus","og_description":"Driftstatus H\u00e4r finner du information om eventuella driftst\u00f6rningar i Oxceed.\u00a0 Inga identifierade driftst\u00f6rningar Oxceed har f\u00f6r n\u00e4rvarande inga drifsst\u00f6rningar. Om du upplever ett problem eller om du har en fr\u00e5ga, kontakta v\u00e5r support p\u00e5 support@oxceed.se\u00a0s\u00e5 \u00e5terkopplar vi snarast.\u00a0 \u00a0 Instruktioner f\u00f6r h\u00e5rd inl\u00e4sning i din webbl\u00e4sare I samband med vissa uppdateringar kan du som \u00e4r [&hellip;]","og_url":"https:\/\/oxceed.com\/se\/se\/driftstatus\/","og_site_name":"Oxceed Sweden","article_modified_time":"2024-12-03T12:22:50+00:00","twitter_card":"summary_large_image","twitter_misc":{"Estimated reading time":"2 minutes"},"schema":{"@context":"https:\/\/schema.org","@graph":[{"@type":"WebPage","@id":"https:\/\/oxceed.com\/se\/se\/driftstatus\/","url":"https:\/\/oxceed.com\/se\/se\/driftstatus\/","name":"Driftstatus - Oxceed Sweden","isPartOf":{"@id":"https:\/\/oxceed.com\/se\/#website"},"datePublished":"2024-12-03T08:12:49+00:00","dateModified":"2024-12-03T12:22:50+00:00","breadcrumb":{"@id":"https:\/\/oxceed.com\/se\/se\/driftstatus\/#breadcrumb"},"inLanguage":"en-GB","potentialAction":[{"@type":"ReadAction","target":["https:\/\/oxceed.com\/se\/se\/driftstatus\/"]}]},{"@type":"BreadcrumbList","@id":"https:\/\/oxceed.com\/se\/se\/driftstatus\/#breadcrumb","itemListElement":[{"@type":"ListItem","position":1,"name":"Home","item":"https:\/\/oxceed.com\/se\/"},{"@type":"ListItem","position":2,"name":"Driftstatus"}]},{"@type":"WebSite","@id":"https:\/\/oxceed.com\/se\/#website","url":"https:\/\/oxceed.com\/se\/","name":"Oxceed Sweden","description":"Fatta b\u00e4ttre beslut med Oxceed","potentialAction":[{"@type":"SearchAction","target":{"@type":"EntryPoint","urlTemplate":"https:\/\/oxceed.com\/se\/?s={search_term_string}"},"query-input":{"@type":"PropertyValueSpecification","valueRequired":true,"valueName":"search_term_string"}}],"inLanguage":"en-GB"}]}},"_links":{"self":[{"href":"https:\/\/oxceed.com\/se\/wp-json\/wp\/v2\/pages\/31438","targetHints":{"allow":["GET"]}}],"collection":[{"href":"https:\/\/oxceed.com\/se\/wp-json\/wp\/v2\/pages"}],"about":[{"href":"https:\/\/oxceed.com\/se\/wp-json\/wp\/v2\/types\/page"}],"author":[{"embeddable":true,"href":"https:\/\/oxceed.com\/se\/wp-json\/wp\/v2\/users\/2"}],"replies":[{"embeddable":true,"href":"https:\/\/oxceed.com\/se\/wp-json\/wp\/v2\/comments?post=31438"}],"version-history":[{"count":11,"href":"https:\/\/oxceed.com\/se\/wp-json\/wp\/v2\/pages\/31438\/revisions"}],"predecessor-version":[{"id":31450,"href":"https:\/\/oxceed.com\/se\/wp-json\/wp\/v2\/pages\/31438\/revisions\/31450"}],"wp:attachment":[{"href":"https:\/\/oxceed.com\/se\/wp-json\/wp\/v2\/media?parent=31438"}],"curies":[{"name":"wp","href":"https:\/\/api.w.org\/{rel}","templated":true}]}}