{"id":32238,"date":"2025-02-21T19:13:39","date_gmt":"2025-02-21T18:13:39","guid":{"rendered":"https:\/\/oxceed.com\/se\/?page_id=32238"},"modified":"2025-08-28T10:51:00","modified_gmt":"2025-08-28T08:51:00","slug":"introduktion-till-oxceed-for-redovisningsbyraer","status":"publish","type":"page","link":"https:\/\/oxceed.com\/se\/webinar\/introduktion-till-oxceed-for-redovisningsbyraer\/","title":{"rendered":"Webinar: Introduktion till Oxceed f\u00f6r redovisningsbyr\u00e5er"},"content":{"rendered":"\t\t<div data-elementor-type=\"wp-page\" data-elementor-id=\"32238\" class=\"elementor elementor-32238\" data-elementor-post-type=\"page\">\n\t\t\t\t\t\t<section class=\"elementor-section elementor-top-section elementor-element elementor-element-ebe3082 elementor-section-content-middle elementor-section-boxed elementor-section-height-default elementor-section-height-default elementor-invisible\" data-id=\"ebe3082\" data-element_type=\"section\" data-e-type=\"section\" data-settings=\"{&quot;jet_parallax_layout_list&quot;:[{&quot;jet_parallax_layout_image&quot;:{&quot;url&quot;:&quot;&quot;,&quot;id&quot;:&quot;&quot;,&quot;size&quot;:&quot;&quot;},&quot;_id&quot;:&quot;b6f69a7&quot;,&quot;jet_parallax_layout_image_tablet&quot;:{&quot;url&quot;:&quot;&quot;,&quot;id&quot;:&quot;&quot;,&quot;size&quot;:&quot;&quot;},&quot;jet_parallax_layout_image_mobile&quot;:{&quot;url&quot;:&quot;&quot;,&quot;id&quot;:&quot;&quot;,&quot;size&quot;:&quot;&quot;},&quot;jet_parallax_layout_speed&quot;:{&quot;unit&quot;:&quot;%&quot;,&quot;size&quot;:50,&quot;sizes&quot;:[]},&quot;jet_parallax_layout_type&quot;:&quot;scroll&quot;,&quot;jet_parallax_layout_direction&quot;:&quot;1&quot;,&quot;jet_parallax_layout_fx_direction&quot;:null,&quot;jet_parallax_layout_z_index&quot;:&quot;&quot;,&quot;jet_parallax_layout_bg_x&quot;:50,&quot;jet_parallax_layout_bg_x_tablet&quot;:&quot;&quot;,&quot;jet_parallax_layout_bg_x_mobile&quot;:&quot;&quot;,&quot;jet_parallax_layout_bg_y&quot;:50,&quot;jet_parallax_layout_bg_y_tablet&quot;:&quot;&quot;,&quot;jet_parallax_layout_bg_y_mobile&quot;:&quot;&quot;,&quot;jet_parallax_layout_bg_size&quot;:&quot;auto&quot;,&quot;jet_parallax_layout_bg_size_tablet&quot;:&quot;&quot;,&quot;jet_parallax_layout_bg_size_mobile&quot;:&quot;&quot;,&quot;jet_parallax_layout_animation_prop&quot;:&quot;transform&quot;,&quot;jet_parallax_layout_on&quot;:[&quot;desktop&quot;,&quot;tablet&quot;]}],&quot;animation&quot;:&quot;fadeIn&quot;}\">\n\t\t\t\t\t\t<div class=\"elementor-container elementor-column-gap-no\">\n\t\t\t\t\t<div class=\"elementor-column elementor-col-33 elementor-top-column elementor-element elementor-element-e7a99be\" data-id=\"e7a99be\" data-element_type=\"column\" data-e-type=\"column\">\n\t\t\t<div class=\"elementor-widget-wrap elementor-element-populated\">\n\t\t\t\t\t\t<div class=\"elementor-element elementor-element-42959cc elementor-widget elementor-widget-heading\" data-id=\"42959cc\" data-element_type=\"widget\" data-e-type=\"widget\" data-widget_type=\"heading.default\">\n\t\t\t\t\t<h1 class=\"elementor-heading-title elementor-size-default\"><span class=\"color-teal\">18 september:<br><\/span>Introduktion till Oxceed  f\u00f6r redovisningsbyr\u00e5er<\/h1>\t\t\t\t<\/div>\n\t\t\t\t<div class=\"elementor-element elementor-element-46c4d99 elementor-widget__width-initial elementor-widget elementor-widget-text-editor\" data-id=\"46c4d99\" data-element_type=\"widget\" data-e-type=\"widget\" data-widget_type=\"text-editor.default\">\n\t\t\t\t\t\t\t\t\t<div class=\"draggable no-draggable-children sticky top-0 p-3 mb-1.5 flex items-center justify-between z-10 h-header-height font-semibold bg-token-main-surface-primary max-md:hidden\">\n<div class=\"flex items-center gap-0 overflow-hidden\">\n<div class=\"text-token-text-secondary\">\n<p data-start=\"161\" data-end=\"390\">Har byr\u00e5n nyligen anst\u00e4llt nya medarbetare eller beh\u00f6ver du och dina kollegor en uppfr\u00e4schning av hur Oxceed fungerar?<\/p>\n<p data-start=\"161\" data-end=\"390\">Den 18 september kl 11.00 ger vi en grundlig genomg\u00e5ng av hur du som redovisningskonsult anv\u00e4nder Oxceed effektivt f\u00f6r att arbeta med dina kunder. Webinaret avslutas med en fr\u00e5gestund.<\/p>\n<p data-start=\"161\" data-end=\"390\"><strong>Fokus under s\u00e4ndningen ligger p\u00e5:<\/strong><\/p>\n<ul>\n<li data-start=\"161\" data-end=\"390\">Skr\u00e4ddarsy \u00f6versiktssidor efter kundens behov<\/li>\n<li data-start=\"161\" data-end=\"390\">Djupdyk i data kring kund- och leverant\u00f6rsanalys<\/li>\n<li data-start=\"161\" data-end=\"390\">Anpassa eller bygg egna mallar f\u00f6r resultat- och balansr\u00e4kning<\/li>\n<li data-start=\"161\" data-end=\"390\">Skapa en relevant periodrapport till din kund<\/li>\n<\/ul>\n<p data-start=\"161\" data-end=\"390\">S\u00e4ndningen p\u00e5g\u00e5r ca 45 minuter och avslutas med en fr\u00e5gestund.&nbsp;<\/p>\n<p data-start=\"161\" data-end=\"390\">Passar inte tiden? Anm\u00e4l dig \u00e4nd\u00e5 &#8211; vi mailar ut inspelningen i efterhand.&nbsp;<\/p>\n<p data-start=\"161\" data-end=\"390\"><strong>Varmt v\u00e4lkommen!<\/strong><\/p>\n<h6 data-start=\"161\" data-end=\"390\">&nbsp;<\/h6>\n<h6 data-start=\"161\" data-end=\"390\">OBS! H\u00e5ll utkik i din inkorg efter webinarl\u00e4nken som kommer fr\u00e5n Streamyard.&nbsp;<\/h6>\n<\/div>\n<\/div>\n<\/div>\t\t\t\t\t\t\t\t<\/div>\n\t\t\t\t<section class=\"elementor-section elementor-inner-section elementor-element elementor-element-9e0bb23 elementor-section-boxed elementor-section-height-default elementor-section-height-default\" data-id=\"9e0bb23\" data-element_type=\"section\" data-e-type=\"section\" data-settings=\"{&quot;jet_parallax_layout_list&quot;:[{&quot;jet_parallax_layout_image&quot;:{&quot;url&quot;:&quot;&quot;,&quot;id&quot;:&quot;&quot;,&quot;size&quot;:&quot;&quot;},&quot;_id&quot;:&quot;8bc1bd6&quot;,&quot;jet_parallax_layout_image_tablet&quot;:{&quot;url&quot;:&quot;&quot;,&quot;id&quot;:&quot;&quot;,&quot;size&quot;:&quot;&quot;},&quot;jet_parallax_layout_image_mobile&quot;:{&quot;url&quot;:&quot;&quot;,&quot;id&quot;:&quot;&quot;,&quot;size&quot;:&quot;&quot;},&quot;jet_parallax_layout_speed&quot;:{&quot;unit&quot;:&quot;%&quot;,&quot;size&quot;:50,&quot;sizes&quot;:[]},&quot;jet_parallax_layout_type&quot;:&quot;scroll&quot;,&quot;jet_parallax_layout_direction&quot;:&quot;1&quot;,&quot;jet_parallax_layout_fx_direction&quot;:null,&quot;jet_parallax_layout_z_index&quot;:&quot;&quot;,&quot;jet_parallax_layout_bg_x&quot;:50,&quot;jet_parallax_layout_bg_x_tablet&quot;:&quot;&quot;,&quot;jet_parallax_layout_bg_x_mobile&quot;:&quot;&quot;,&quot;jet_parallax_layout_bg_y&quot;:50,&quot;jet_parallax_layout_bg_y_tablet&quot;:&quot;&quot;,&quot;jet_parallax_layout_bg_y_mobile&quot;:&quot;&quot;,&quot;jet_parallax_layout_bg_size&quot;:&quot;auto&quot;,&quot;jet_parallax_layout_bg_size_tablet&quot;:&quot;&quot;,&quot;jet_parallax_layout_bg_size_mobile&quot;:&quot;&quot;,&quot;jet_parallax_layout_animation_prop&quot;:&quot;transform&quot;,&quot;jet_parallax_layout_on&quot;:[&quot;desktop&quot;,&quot;tablet&quot;]}]}\">\n\t\t\t\t\t\t<div class=\"elementor-container elementor-column-gap-default\">\n\t\t\t\t\t<div class=\"elementor-column elementor-col-50 elementor-inner-column elementor-element elementor-element-67c2968\" data-id=\"67c2968\" data-element_type=\"column\" data-e-type=\"column\">\n\t\t\t<div class=\"elementor-widget-wrap elementor-element-populated\">\n\t\t\t\t\t\t<div class=\"elementor-element elementor-element-aa1264b elementor-widget elementor-widget-image\" data-id=\"aa1264b\" data-element_type=\"widget\" data-e-type=\"widget\" data-widget_type=\"image.default\">\n\t\t\t\t\t\t\t\t\t\t\t\t\t\t\t<img loading=\"lazy\" decoding=\"async\" width=\"150\" height=\"150\" src=\"https:\/\/oxceed.com\/se\/wp-content\/uploads\/sites\/21\/2025\/02\/Skarmavbild-2025-02-21-kl.-19.11.29-150x150.png\" class=\"attachment-thumbnail size-thumbnail wp-image-32289\" alt=\"\" \/>\t\t\t\t\t\t\t\t\t\t\t\t\t\t\t<\/div>\n\t\t\t\t\t<\/div>\n\t\t<\/div>\n\t\t\t\t<div class=\"elementor-column elementor-col-50 elementor-inner-column elementor-element elementor-element-e038633\" data-id=\"e038633\" data-element_type=\"column\" data-e-type=\"column\">\n\t\t\t<div class=\"elementor-widget-wrap elementor-element-populated\">\n\t\t\t\t\t\t<div class=\"elementor-element elementor-element-aa46e9f elementor-widget elementor-widget-heading\" data-id=\"aa46e9f\" data-element_type=\"widget\" data-e-type=\"widget\" data-widget_type=\"heading.default\">\n\t\t\t\t\t<h4 class=\"elementor-heading-title elementor-size-default\">Maria Barner<\/h4>\t\t\t\t<\/div>\n\t\t\t\t<div class=\"elementor-element elementor-element-6c4206f elementor-widget elementor-widget-text-editor\" data-id=\"6c4206f\" data-element_type=\"widget\" data-e-type=\"widget\" data-widget_type=\"text-editor.default\">\n\t\t\t\t\t\t\t\t\t<p>Senior Partnership Manager, Oxceed<\/p>\t\t\t\t\t\t\t\t<\/div>\n\t\t\t\t\t<\/div>\n\t\t<\/div>\n\t\t\t\t\t<\/div>\n\t\t<\/section>\n\t\t\t\t<section class=\"elementor-section elementor-inner-section elementor-element elementor-element-589a1d8 elementor-section-boxed elementor-section-height-default elementor-section-height-default\" data-id=\"589a1d8\" data-element_type=\"section\" data-e-type=\"section\" data-settings=\"{&quot;jet_parallax_layout_list&quot;:[{&quot;jet_parallax_layout_image&quot;:{&quot;url&quot;:&quot;&quot;,&quot;id&quot;:&quot;&quot;,&quot;size&quot;:&quot;&quot;},&quot;_id&quot;:&quot;8bc1bd6&quot;,&quot;jet_parallax_layout_image_tablet&quot;:{&quot;url&quot;:&quot;&quot;,&quot;id&quot;:&quot;&quot;,&quot;size&quot;:&quot;&quot;},&quot;jet_parallax_layout_image_mobile&quot;:{&quot;url&quot;:&quot;&quot;,&quot;id&quot;:&quot;&quot;,&quot;size&quot;:&quot;&quot;},&quot;jet_parallax_layout_speed&quot;:{&quot;unit&quot;:&quot;%&quot;,&quot;size&quot;:50,&quot;sizes&quot;:[]},&quot;jet_parallax_layout_type&quot;:&quot;scroll&quot;,&quot;jet_parallax_layout_direction&quot;:&quot;1&quot;,&quot;jet_parallax_layout_fx_direction&quot;:null,&quot;jet_parallax_layout_z_index&quot;:&quot;&quot;,&quot;jet_parallax_layout_bg_x&quot;:50,&quot;jet_parallax_layout_bg_x_tablet&quot;:&quot;&quot;,&quot;jet_parallax_layout_bg_x_mobile&quot;:&quot;&quot;,&quot;jet_parallax_layout_bg_y&quot;:50,&quot;jet_parallax_layout_bg_y_tablet&quot;:&quot;&quot;,&quot;jet_parallax_layout_bg_y_mobile&quot;:&quot;&quot;,&quot;jet_parallax_layout_bg_size&quot;:&quot;auto&quot;,&quot;jet_parallax_layout_bg_size_tablet&quot;:&quot;&quot;,&quot;jet_parallax_layout_bg_size_mobile&quot;:&quot;&quot;,&quot;jet_parallax_layout_animation_prop&quot;:&quot;transform&quot;,&quot;jet_parallax_layout_on&quot;:[&quot;desktop&quot;,&quot;tablet&quot;]}]}\">\n\t\t\t\t\t\t<div class=\"elementor-container elementor-column-gap-default\">\n\t\t\t\t\t<div class=\"elementor-column elementor-col-50 elementor-inner-column elementor-element elementor-element-491e778\" data-id=\"491e778\" data-element_type=\"column\" data-e-type=\"column\">\n\t\t\t<div class=\"elementor-widget-wrap elementor-element-populated\">\n\t\t\t\t\t\t<div class=\"elementor-element elementor-element-bd5f286 elementor-widget elementor-widget-image\" data-id=\"bd5f286\" data-element_type=\"widget\" data-e-type=\"widget\" data-widget_type=\"image.default\">\n\t\t\t\t\t\t\t\t\t\t\t\t\t\t\t<img loading=\"lazy\" decoding=\"async\" width=\"150\" height=\"150\" src=\"https:\/\/oxceed.com\/se\/wp-content\/uploads\/sites\/21\/2025\/02\/Skarmavbild-2025-02-20-kl.-13.53.51-150x150.png\" class=\"attachment-thumbnail size-thumbnail wp-image-32243\" alt=\"\" \/>\t\t\t\t\t\t\t\t\t\t\t\t\t\t\t<\/div>\n\t\t\t\t\t<\/div>\n\t\t<\/div>\n\t\t\t\t<div class=\"elementor-column elementor-col-50 elementor-inner-column elementor-element elementor-element-66b52db\" data-id=\"66b52db\" data-element_type=\"column\" data-e-type=\"column\">\n\t\t\t<div class=\"elementor-widget-wrap elementor-element-populated\">\n\t\t\t\t\t\t<div class=\"elementor-element elementor-element-5563fc9 elementor-widget elementor-widget-heading\" data-id=\"5563fc9\" data-element_type=\"widget\" data-e-type=\"widget\" data-widget_type=\"heading.default\">\n\t\t\t\t\t<h4 class=\"elementor-heading-title elementor-size-default\">Viktor B\u00e4ckstr\u00f6m<\/h4>\t\t\t\t<\/div>\n\t\t\t\t<div class=\"elementor-element elementor-element-e531e8b elementor-widget elementor-widget-text-editor\" data-id=\"e531e8b\" data-element_type=\"widget\" data-e-type=\"widget\" data-widget_type=\"text-editor.default\">\n\t\t\t\t\t\t\t\t\t<p>Customer Success Manager, Oxceed<\/p>\t\t\t\t\t\t\t\t<\/div>\n\t\t\t\t\t<\/div>\n\t\t<\/div>\n\t\t\t\t\t<\/div>\n\t\t<\/section>\n\t\t\t\t\t<\/div>\n\t\t<\/div>\n\t\t\t\t<div class=\"elementor-column elementor-col-33 elementor-top-column elementor-element elementor-element-8c26343\" data-id=\"8c26343\" data-element_type=\"column\" data-e-type=\"column\">\n\t\t\t<div class=\"elementor-widget-wrap elementor-element-populated\">\n\t\t\t\t\t\t<div class=\"elementor-element elementor-element-ecbd5cb elementor-widget elementor-widget-html\" data-id=\"ecbd5cb\" data-element_type=\"widget\" data-e-type=\"widget\" data-widget_type=\"html.default\">\n\t\t\t\t\t<iframe loading=\"lazy\" src=\"https:\/\/streamyard.com\/watch\/Gw6mXQdDDzAJ?embed=true\" width=\"360\" height=\"800\" frameborder=\"0\" allow=\"autoplay; fullscreen\"><\/iframe>\t\t\t\t<\/div>\n\t\t\t\t\t<\/div>\n\t\t<\/div>\n\t\t\t\t<div class=\"elementor-column elementor-col-33 elementor-top-column elementor-element elementor-element-7c79121\" data-id=\"7c79121\" data-element_type=\"column\" data-e-type=\"column\">\n\t\t\t<div class=\"elementor-widget-wrap\">\n\t\t\t\t\t\t\t<\/div>\n\t\t<\/div>\n\t\t\t\t\t<\/div>\n\t\t<\/section>\n\t\t\t\t<\/div>\n\t\t","protected":false},"excerpt":{"rendered":"<p>18 september:Introduktion till Oxceed f\u00f6r redovisningsbyr\u00e5er Har byr\u00e5n nyligen anst\u00e4llt nya medarbetare eller beh\u00f6ver du och dina kollegor en uppfr\u00e4schning av hur Oxceed fungerar? Den 18 september kl 11.00 ger vi en grundlig genomg\u00e5ng av hur du som redovisningskonsult anv\u00e4nder Oxceed effektivt f\u00f6r att arbeta med dina kunder. Webinaret avslutas med en fr\u00e5gestund. Fokus under [&hellip;]<\/p>\n","protected":false},"author":7,"featured_media":0,"parent":15745,"menu_order":0,"comment_status":"closed","ping_status":"closed","template":"","meta":{"_acf_changed":false,"_trash_the_other_posts":false,"editor_notices":[],"footnotes":""},"class_list":["post-32238","page","type-page","status-publish","hentry"],"acf":[],"yoast_head":"<!-- This site is optimized with the Yoast SEO Premium plugin v26.5 (Yoast SEO v27.5) - https:\/\/yoast.com\/product\/yoast-seo-premium-wordpress\/ -->\n<title>Webinar: Introduktion till Oxceed f\u00f6r redovisningsbyr\u00e5er - Oxceed Sweden<\/title>\n<meta name=\"robots\" content=\"index, follow, max-snippet:-1, max-image-preview:large, max-video-preview:-1\" \/>\n<link rel=\"canonical\" href=\"https:\/\/oxceed.com\/se\/webinar\/introduktion-till-oxceed-for-redovisningsbyraer\/\" \/>\n<meta property=\"og:locale\" content=\"en_GB\" \/>\n<meta property=\"og:type\" content=\"article\" \/>\n<meta property=\"og:title\" content=\"Webinar: Introduktion till Oxceed f\u00f6r redovisningsbyr\u00e5er\" \/>\n<meta property=\"og:description\" content=\"18 september:Introduktion till Oxceed f\u00f6r redovisningsbyr\u00e5er Har byr\u00e5n nyligen anst\u00e4llt nya medarbetare eller beh\u00f6ver du och dina kollegor en uppfr\u00e4schning av hur Oxceed fungerar? Den 18 september kl 11.00 ger vi en grundlig genomg\u00e5ng av hur du som redovisningskonsult anv\u00e4nder Oxceed effektivt f\u00f6r att arbeta med dina kunder. Webinaret avslutas med en fr\u00e5gestund. Fokus under [&hellip;]\" \/>\n<meta property=\"og:url\" content=\"https:\/\/oxceed.com\/se\/webinar\/introduktion-till-oxceed-for-redovisningsbyraer\/\" \/>\n<meta property=\"og:site_name\" content=\"Oxceed Sweden\" \/>\n<meta property=\"article:modified_time\" content=\"2025-08-28T08:51:00+00:00\" \/>\n<meta property=\"og:image\" content=\"https:\/\/oxceed.com\/se\/wp-content\/uploads\/sites\/21\/2025\/02\/Skarmavbild-2025-02-21-kl.-19.11.29-150x150.png\" \/>\n<meta name=\"twitter:card\" content=\"summary_large_image\" \/>\n<meta name=\"twitter:label1\" content=\"Estimated reading time\" \/>\n\t<meta name=\"twitter:data1\" content=\"2 minutes\" \/>\n<script type=\"application\/ld+json\" class=\"yoast-schema-graph\">{\"@context\":\"https:\\\/\\\/schema.org\",\"@graph\":[{\"@type\":\"WebPage\",\"@id\":\"https:\\\/\\\/oxceed.com\\\/se\\\/webinar\\\/introduktion-till-oxceed-for-redovisningsbyraer\\\/\",\"url\":\"https:\\\/\\\/oxceed.com\\\/se\\\/webinar\\\/introduktion-till-oxceed-for-redovisningsbyraer\\\/\",\"name\":\"Webinar: Introduktion till Oxceed f\u00f6r redovisningsbyr\u00e5er - Oxceed Sweden\",\"isPartOf\":{\"@id\":\"https:\\\/\\\/oxceed.com\\\/se\\\/#website\"},\"primaryImageOfPage\":{\"@id\":\"https:\\\/\\\/oxceed.com\\\/se\\\/webinar\\\/introduktion-till-oxceed-for-redovisningsbyraer\\\/#primaryimage\"},\"image\":{\"@id\":\"https:\\\/\\\/oxceed.com\\\/se\\\/webinar\\\/introduktion-till-oxceed-for-redovisningsbyraer\\\/#primaryimage\"},\"thumbnailUrl\":\"https:\\\/\\\/oxceed.com\\\/se\\\/wp-content\\\/uploads\\\/sites\\\/21\\\/2025\\\/02\\\/Skarmavbild-2025-02-21-kl.-19.11.29-150x150.png\",\"datePublished\":\"2025-02-21T18:13:39+00:00\",\"dateModified\":\"2025-08-28T08:51:00+00:00\",\"breadcrumb\":{\"@id\":\"https:\\\/\\\/oxceed.com\\\/se\\\/webinar\\\/introduktion-till-oxceed-for-redovisningsbyraer\\\/#breadcrumb\"},\"inLanguage\":\"en-GB\",\"potentialAction\":[{\"@type\":\"ReadAction\",\"target\":[\"https:\\\/\\\/oxceed.com\\\/se\\\/webinar\\\/introduktion-till-oxceed-for-redovisningsbyraer\\\/\"]}]},{\"@type\":\"ImageObject\",\"inLanguage\":\"en-GB\",\"@id\":\"https:\\\/\\\/oxceed.com\\\/se\\\/webinar\\\/introduktion-till-oxceed-for-redovisningsbyraer\\\/#primaryimage\",\"url\":\"https:\\\/\\\/oxceed.com\\\/se\\\/wp-content\\\/uploads\\\/sites\\\/21\\\/2025\\\/02\\\/Skarmavbild-2025-02-21-kl.-19.11.29.png\",\"contentUrl\":\"https:\\\/\\\/oxceed.com\\\/se\\\/wp-content\\\/uploads\\\/sites\\\/21\\\/2025\\\/02\\\/Skarmavbild-2025-02-21-kl.-19.11.29.png\",\"width\":1010,\"height\":1190},{\"@type\":\"BreadcrumbList\",\"@id\":\"https:\\\/\\\/oxceed.com\\\/se\\\/webinar\\\/introduktion-till-oxceed-for-redovisningsbyraer\\\/#breadcrumb\",\"itemListElement\":[{\"@type\":\"ListItem\",\"position\":1,\"name\":\"Home\",\"item\":\"https:\\\/\\\/oxceed.com\\\/se\\\/\"},{\"@type\":\"ListItem\",\"position\":2,\"name\":\"Webinar\",\"item\":\"https:\\\/\\\/oxceed.com\\\/se\\\/webinar\\\/\"},{\"@type\":\"ListItem\",\"position\":3,\"name\":\"Webinar: Introduktion till Oxceed f\u00f6r redovisningsbyr\u00e5er\"}]},{\"@type\":\"WebSite\",\"@id\":\"https:\\\/\\\/oxceed.com\\\/se\\\/#website\",\"url\":\"https:\\\/\\\/oxceed.com\\\/se\\\/\",\"name\":\"Oxceed Sweden\",\"description\":\"Fatta b\u00e4ttre beslut med Oxceed\",\"potentialAction\":[{\"@type\":\"SearchAction\",\"target\":{\"@type\":\"EntryPoint\",\"urlTemplate\":\"https:\\\/\\\/oxceed.com\\\/se\\\/?s={search_term_string}\"},\"query-input\":{\"@type\":\"PropertyValueSpecification\",\"valueRequired\":true,\"valueName\":\"search_term_string\"}}],\"inLanguage\":\"en-GB\"}]}<\/script>\n<!-- \/ Yoast SEO Premium plugin. -->","yoast_head_json":{"title":"Webinar: Introduktion till Oxceed f\u00f6r redovisningsbyr\u00e5er - Oxceed Sweden","robots":{"index":"index","follow":"follow","max-snippet":"max-snippet:-1","max-image-preview":"max-image-preview:large","max-video-preview":"max-video-preview:-1"},"canonical":"https:\/\/oxceed.com\/se\/webinar\/introduktion-till-oxceed-for-redovisningsbyraer\/","og_locale":"en_GB","og_type":"article","og_title":"Webinar: Introduktion till Oxceed f\u00f6r redovisningsbyr\u00e5er","og_description":"18 september:Introduktion till Oxceed f\u00f6r redovisningsbyr\u00e5er Har byr\u00e5n nyligen anst\u00e4llt nya medarbetare eller beh\u00f6ver du och dina kollegor en uppfr\u00e4schning av hur Oxceed fungerar? Den 18 september kl 11.00 ger vi en grundlig genomg\u00e5ng av hur du som redovisningskonsult anv\u00e4nder Oxceed effektivt f\u00f6r att arbeta med dina kunder. Webinaret avslutas med en fr\u00e5gestund. Fokus under [&hellip;]","og_url":"https:\/\/oxceed.com\/se\/webinar\/introduktion-till-oxceed-for-redovisningsbyraer\/","og_site_name":"Oxceed Sweden","article_modified_time":"2025-08-28T08:51:00+00:00","og_image":[{"url":"https:\/\/oxceed.com\/se\/wp-content\/uploads\/sites\/21\/2025\/02\/Skarmavbild-2025-02-21-kl.-19.11.29-150x150.png","type":"","width":"","height":""}],"twitter_card":"summary_large_image","twitter_misc":{"Estimated reading time":"2 minutes"},"schema":{"@context":"https:\/\/schema.org","@graph":[{"@type":"WebPage","@id":"https:\/\/oxceed.com\/se\/webinar\/introduktion-till-oxceed-for-redovisningsbyraer\/","url":"https:\/\/oxceed.com\/se\/webinar\/introduktion-till-oxceed-for-redovisningsbyraer\/","name":"Webinar: Introduktion till Oxceed f\u00f6r redovisningsbyr\u00e5er - Oxceed Sweden","isPartOf":{"@id":"https:\/\/oxceed.com\/se\/#website"},"primaryImageOfPage":{"@id":"https:\/\/oxceed.com\/se\/webinar\/introduktion-till-oxceed-for-redovisningsbyraer\/#primaryimage"},"image":{"@id":"https:\/\/oxceed.com\/se\/webinar\/introduktion-till-oxceed-for-redovisningsbyraer\/#primaryimage"},"thumbnailUrl":"https:\/\/oxceed.com\/se\/wp-content\/uploads\/sites\/21\/2025\/02\/Skarmavbild-2025-02-21-kl.-19.11.29-150x150.png","datePublished":"2025-02-21T18:13:39+00:00","dateModified":"2025-08-28T08:51:00+00:00","breadcrumb":{"@id":"https:\/\/oxceed.com\/se\/webinar\/introduktion-till-oxceed-for-redovisningsbyraer\/#breadcrumb"},"inLanguage":"en-GB","potentialAction":[{"@type":"ReadAction","target":["https:\/\/oxceed.com\/se\/webinar\/introduktion-till-oxceed-for-redovisningsbyraer\/"]}]},{"@type":"ImageObject","inLanguage":"en-GB","@id":"https:\/\/oxceed.com\/se\/webinar\/introduktion-till-oxceed-for-redovisningsbyraer\/#primaryimage","url":"https:\/\/oxceed.com\/se\/wp-content\/uploads\/sites\/21\/2025\/02\/Skarmavbild-2025-02-21-kl.-19.11.29.png","contentUrl":"https:\/\/oxceed.com\/se\/wp-content\/uploads\/sites\/21\/2025\/02\/Skarmavbild-2025-02-21-kl.-19.11.29.png","width":1010,"height":1190},{"@type":"BreadcrumbList","@id":"https:\/\/oxceed.com\/se\/webinar\/introduktion-till-oxceed-for-redovisningsbyraer\/#breadcrumb","itemListElement":[{"@type":"ListItem","position":1,"name":"Home","item":"https:\/\/oxceed.com\/se\/"},{"@type":"ListItem","position":2,"name":"Webinar","item":"https:\/\/oxceed.com\/se\/webinar\/"},{"@type":"ListItem","position":3,"name":"Webinar: Introduktion till Oxceed f\u00f6r redovisningsbyr\u00e5er"}]},{"@type":"WebSite","@id":"https:\/\/oxceed.com\/se\/#website","url":"https:\/\/oxceed.com\/se\/","name":"Oxceed Sweden","description":"Fatta b\u00e4ttre beslut med Oxceed","potentialAction":[{"@type":"SearchAction","target":{"@type":"EntryPoint","urlTemplate":"https:\/\/oxceed.com\/se\/?s={search_term_string}"},"query-input":{"@type":"PropertyValueSpecification","valueRequired":true,"valueName":"search_term_string"}}],"inLanguage":"en-GB"}]}},"_links":{"self":[{"href":"https:\/\/oxceed.com\/se\/wp-json\/wp\/v2\/pages\/32238","targetHints":{"allow":["GET"]}}],"collection":[{"href":"https:\/\/oxceed.com\/se\/wp-json\/wp\/v2\/pages"}],"about":[{"href":"https:\/\/oxceed.com\/se\/wp-json\/wp\/v2\/types\/page"}],"author":[{"embeddable":true,"href":"https:\/\/oxceed.com\/se\/wp-json\/wp\/v2\/users\/7"}],"replies":[{"embeddable":true,"href":"https:\/\/oxceed.com\/se\/wp-json\/wp\/v2\/comments?post=32238"}],"version-history":[{"count":45,"href":"https:\/\/oxceed.com\/se\/wp-json\/wp\/v2\/pages\/32238\/revisions"}],"predecessor-version":[{"id":35164,"href":"https:\/\/oxceed.com\/se\/wp-json\/wp\/v2\/pages\/32238\/revisions\/35164"}],"up":[{"embeddable":true,"href":"https:\/\/oxceed.com\/se\/wp-json\/wp\/v2\/pages\/15745"}],"wp:attachment":[{"href":"https:\/\/oxceed.com\/se\/wp-json\/wp\/v2\/media?parent=32238"}],"curies":[{"name":"wp","href":"https:\/\/api.w.org\/{rel}","templated":true}]}}