{"id":33937,"date":"2025-05-27T09:50:59","date_gmt":"2025-05-27T07:50:59","guid":{"rendered":"https:\/\/oxceed.com\/se\/?page_id=33937"},"modified":"2025-06-16T14:56:14","modified_gmt":"2025-06-16T12:56:14","slug":"ladda-ner-guide-budget","status":"publish","type":"page","link":"https:\/\/oxceed.com\/se\/guider\/ladda-ner-guide-budget\/","title":{"rendered":"Ladda ner guide budget"},"content":{"rendered":"\t\t<div data-elementor-type=\"wp-page\" data-elementor-id=\"33937\" class=\"elementor elementor-33937\" data-elementor-post-type=\"page\">\n\t\t\t\t\t\t<section class=\"elementor-section elementor-top-section elementor-element elementor-element-ab6e7eb elementor-section-full_width elementor-section-stretched elementor-section-height-default elementor-section-height-default\" data-id=\"ab6e7eb\" data-element_type=\"section\" data-e-type=\"section\" data-settings=\"{&quot;stretch_section&quot;:&quot;section-stretched&quot;,&quot;jet_parallax_layout_list&quot;:[{&quot;jet_parallax_layout_image&quot;:{&quot;url&quot;:&quot;&quot;,&quot;id&quot;:&quot;&quot;,&quot;size&quot;:&quot;&quot;},&quot;_id&quot;:&quot;5baf2ad&quot;,&quot;jet_parallax_layout_image_tablet&quot;:{&quot;url&quot;:&quot;&quot;,&quot;id&quot;:&quot;&quot;,&quot;size&quot;:&quot;&quot;},&quot;jet_parallax_layout_image_mobile&quot;:{&quot;url&quot;:&quot;&quot;,&quot;id&quot;:&quot;&quot;,&quot;size&quot;:&quot;&quot;},&quot;jet_parallax_layout_speed&quot;:{&quot;unit&quot;:&quot;%&quot;,&quot;size&quot;:50,&quot;sizes&quot;:[]},&quot;jet_parallax_layout_type&quot;:&quot;scroll&quot;,&quot;jet_parallax_layout_direction&quot;:&quot;1&quot;,&quot;jet_parallax_layout_fx_direction&quot;:null,&quot;jet_parallax_layout_z_index&quot;:&quot;&quot;,&quot;jet_parallax_layout_bg_x&quot;:50,&quot;jet_parallax_layout_bg_x_tablet&quot;:&quot;&quot;,&quot;jet_parallax_layout_bg_x_mobile&quot;:&quot;&quot;,&quot;jet_parallax_layout_bg_y&quot;:50,&quot;jet_parallax_layout_bg_y_tablet&quot;:&quot;&quot;,&quot;jet_parallax_layout_bg_y_mobile&quot;:&quot;&quot;,&quot;jet_parallax_layout_bg_size&quot;:&quot;auto&quot;,&quot;jet_parallax_layout_bg_size_tablet&quot;:&quot;&quot;,&quot;jet_parallax_layout_bg_size_mobile&quot;:&quot;&quot;,&quot;jet_parallax_layout_animation_prop&quot;:&quot;transform&quot;,&quot;jet_parallax_layout_on&quot;:[&quot;desktop&quot;,&quot;tablet&quot;]}],&quot;background_background&quot;:&quot;classic&quot;}\">\n\t\t\t\t\t\t<div class=\"elementor-container elementor-column-gap-default\">\n\t\t\t\t\t<div class=\"elementor-column elementor-col-100 elementor-top-column elementor-element elementor-element-06e2537\" data-id=\"06e2537\" data-element_type=\"column\" data-e-type=\"column\">\n\t\t\t<div class=\"elementor-widget-wrap elementor-element-populated\">\n\t\t\t\t\t\t<div class=\"elementor-element elementor-element-b9edff9 elementor-widget elementor-widget-spacer\" data-id=\"b9edff9\" data-element_type=\"widget\" data-e-type=\"widget\" data-widget_type=\"spacer.default\">\n\t\t\t\t\t\t\t<div class=\"elementor-spacer\">\n\t\t\t<div class=\"elementor-spacer-inner\"><\/div>\n\t\t<\/div>\n\t\t\t\t\t\t<\/div>\n\t\t\t\t\t<\/div>\n\t\t<\/div>\n\t\t\t\t\t<\/div>\n\t\t<\/section>\n\t\t\t\t<section class=\"elementor-section elementor-top-section elementor-element elementor-element-0b7b93c elementor-section-content-middle elementor-section-boxed elementor-section-height-default elementor-section-height-default elementor-invisible\" data-id=\"0b7b93c\" data-element_type=\"section\" data-e-type=\"section\" data-settings=\"{&quot;jet_parallax_layout_list&quot;:[{&quot;jet_parallax_layout_image&quot;:{&quot;url&quot;:&quot;&quot;,&quot;id&quot;:&quot;&quot;,&quot;size&quot;:&quot;&quot;},&quot;_id&quot;:&quot;b6f69a7&quot;,&quot;jet_parallax_layout_image_tablet&quot;:{&quot;url&quot;:&quot;&quot;,&quot;id&quot;:&quot;&quot;,&quot;size&quot;:&quot;&quot;},&quot;jet_parallax_layout_image_mobile&quot;:{&quot;url&quot;:&quot;&quot;,&quot;id&quot;:&quot;&quot;,&quot;size&quot;:&quot;&quot;},&quot;jet_parallax_layout_speed&quot;:{&quot;unit&quot;:&quot;%&quot;,&quot;size&quot;:50,&quot;sizes&quot;:[]},&quot;jet_parallax_layout_type&quot;:&quot;scroll&quot;,&quot;jet_parallax_layout_direction&quot;:&quot;1&quot;,&quot;jet_parallax_layout_fx_direction&quot;:null,&quot;jet_parallax_layout_z_index&quot;:&quot;&quot;,&quot;jet_parallax_layout_bg_x&quot;:50,&quot;jet_parallax_layout_bg_x_tablet&quot;:&quot;&quot;,&quot;jet_parallax_layout_bg_x_mobile&quot;:&quot;&quot;,&quot;jet_parallax_layout_bg_y&quot;:50,&quot;jet_parallax_layout_bg_y_tablet&quot;:&quot;&quot;,&quot;jet_parallax_layout_bg_y_mobile&quot;:&quot;&quot;,&quot;jet_parallax_layout_bg_size&quot;:&quot;auto&quot;,&quot;jet_parallax_layout_bg_size_tablet&quot;:&quot;&quot;,&quot;jet_parallax_layout_bg_size_mobile&quot;:&quot;&quot;,&quot;jet_parallax_layout_animation_prop&quot;:&quot;transform&quot;,&quot;jet_parallax_layout_on&quot;:[&quot;desktop&quot;,&quot;tablet&quot;]}],&quot;animation&quot;:&quot;fadeIn&quot;}\">\n\t\t\t\t\t\t<div class=\"elementor-container elementor-column-gap-no\">\n\t\t\t\t\t<div class=\"elementor-column elementor-col-33 elementor-top-column elementor-element elementor-element-2804005\" data-id=\"2804005\" data-element_type=\"column\" data-e-type=\"column\">\n\t\t\t<div class=\"elementor-widget-wrap elementor-element-populated\">\n\t\t\t\t\t\t<div class=\"elementor-element elementor-element-2a50396 elementor-widget__width-initial elementor-widget elementor-widget-heading\" data-id=\"2a50396\" data-element_type=\"widget\" data-e-type=\"widget\" data-widget_type=\"heading.default\">\n\t\t\t\t\t<h1 class=\"elementor-heading-title elementor-size-default\">D\u00e4rf\u00f6r ska du <span class=\"color-teal\">inte <\/span>g\u00f6ra budgeten i Excel<\/h1>\t\t\t\t<\/div>\n\t\t\t\t<div class=\"elementor-element elementor-element-1eb8e4a elementor-widget elementor-widget-text-editor\" data-id=\"1eb8e4a\" data-element_type=\"widget\" data-e-type=\"widget\" data-widget_type=\"text-editor.default\">\n\t\t\t\t\t\t\t\t\t<div class=\"page\" title=\"Page 2\"><h2><span class=\"color-teal\">Ladda ner v\u00e5r kostnadsfria guide: <\/span>5 anledningar att inte g\u00f6ra budgeten i Excel<\/h2><\/div>\t\t\t\t\t\t\t\t<\/div>\n\t\t\t\t<div class=\"elementor-element elementor-element-24fe124 elementor-widget elementor-widget-text-editor\" data-id=\"24fe124\" data-element_type=\"widget\" data-e-type=\"widget\" data-widget_type=\"text-editor.default\">\n\t\t\t\t\t\t\t\t\t<p>N\u00e4r f\u00f6retaget v\u00e4xer blir behovet av en p\u00e5litlig och flexibel budgetprocess allt viktigare. R\u00f6riga kalkylblad i Excel blir snabbt en begr\u00e4nsning snarare \u00e4n en l\u00f6sning.&nbsp;<\/p>\n<p>I den h\u00e4r guiden g\u00e5r vi igen fem anledningar till varf\u00f6r Excel inte l\u00e4ngre \u00e4r ett h\u00e5llbart verktyg f\u00f6r budgetering n\u00e4r f\u00f6retaget v\u00e4xer:<\/p>\n<ol>\n<li><strong>Risken f\u00f6r fel<\/strong><\/li>\n<li><strong>Brist p\u00e5 transparens<\/strong><\/li>\n<li><strong>Sv\u00e5righet med uppf\u00f6ljning<\/strong><\/li>\n<li><strong>Versionsproblem<\/strong><\/li>\n<li><strong>Hantering av stora datam\u00e4ngder<\/strong>&nbsp;<\/li>\n<\/ol>\n<p>Fyll i dina uppgifter i formul\u00e4ret f\u00f6r att f\u00e5 detaljerna och information om hur ett modernt system f\u00f6rb\u00e4ttrar hela budgetarbetet.&nbsp;<\/p>\t\t\t\t\t\t\t\t<\/div>\n\t\t\t\t\t<\/div>\n\t\t<\/div>\n\t\t\t\t<div class=\"elementor-column elementor-col-33 elementor-top-column elementor-element elementor-element-3de43a9\" data-id=\"3de43a9\" data-element_type=\"column\" data-e-type=\"column\">\n\t\t\t<div class=\"elementor-widget-wrap elementor-element-populated\">\n\t\t\t\t\t\t<div class=\"elementor-element elementor-element-6a6c736 elementor-widget elementor-widget-text-editor\" data-id=\"6a6c736\" data-element_type=\"widget\" data-e-type=\"widget\" data-widget_type=\"text-editor.default\">\n\t\t\t\t\t\t\t\t\t<p>Fyll i dina uppgifter i formul\u00e4ret s\u00e5 skickar vi guiden till din e-post.\u00a0<\/p>\t\t\t\t\t\t\t\t<\/div>\n\t\t\t\t<div class=\"elementor-element elementor-element-fd6bcfc elementor-widget elementor-widget-html\" data-id=\"fd6bcfc\" data-element_type=\"widget\" data-e-type=\"widget\" data-widget_type=\"html.default\">\n\t\t\t\t\t<iframe src=\"https:\/\/pages.upsales.com\/12029ue91afc89c5ea462b927eeca09b90362b-frame\" \t\twidth=\"360\" \t\theight=\"515\" \t\tstyle=\"border:0\"><\/iframe>\t\t\t\t<\/div>\n\t\t\t\t\t<\/div>\n\t\t<\/div>\n\t\t\t\t<div class=\"elementor-column elementor-col-33 elementor-top-column elementor-element elementor-element-e9e27f2\" data-id=\"e9e27f2\" data-element_type=\"column\" data-e-type=\"column\">\n\t\t\t<div class=\"elementor-widget-wrap\">\n\t\t\t\t\t\t\t<\/div>\n\t\t<\/div>\n\t\t\t\t\t<\/div>\n\t\t<\/section>\n\t\t\t\t<\/div>\n\t\t","protected":false},"excerpt":{"rendered":"<p>D\u00e4rf\u00f6r ska du inte g\u00f6ra budgeten i Excel Ladda ner v\u00e5r kostnadsfria guide: 5 anledningar att inte g\u00f6ra budgeten i Excel N\u00e4r f\u00f6retaget v\u00e4xer blir behovet av en p\u00e5litlig och flexibel budgetprocess allt viktigare. R\u00f6riga kalkylblad i Excel blir snabbt en begr\u00e4nsning snarare \u00e4n en l\u00f6sning.&nbsp; I den h\u00e4r guiden g\u00e5r vi igen fem anledningar [&hellip;]<\/p>\n","protected":false},"author":7,"featured_media":0,"parent":16004,"menu_order":0,"comment_status":"closed","ping_status":"closed","template":"","meta":{"_acf_changed":false,"_trash_the_other_posts":false,"editor_notices":[],"footnotes":""},"class_list":["post-33937","page","type-page","status-publish","hentry"],"acf":[],"yoast_head":"<!-- This site is optimized with the Yoast SEO Premium plugin v26.5 (Yoast SEO v27.4) - https:\/\/yoast.com\/product\/yoast-seo-premium-wordpress\/ -->\n<title>Ladda ner guide budget - Oxceed Sweden<\/title>\n<meta name=\"robots\" content=\"index, follow, max-snippet:-1, max-image-preview:large, max-video-preview:-1\" \/>\n<link rel=\"canonical\" href=\"https:\/\/oxceed.com\/se\/guider\/ladda-ner-guide-budget\/\" \/>\n<meta property=\"og:locale\" content=\"en_GB\" \/>\n<meta property=\"og:type\" content=\"article\" \/>\n<meta property=\"og:title\" content=\"Ladda ner guide budget\" \/>\n<meta property=\"og:description\" content=\"D\u00e4rf\u00f6r ska du inte g\u00f6ra budgeten i Excel Ladda ner v\u00e5r kostnadsfria guide: 5 anledningar att inte g\u00f6ra budgeten i Excel N\u00e4r f\u00f6retaget v\u00e4xer blir behovet av en p\u00e5litlig och flexibel budgetprocess allt viktigare. R\u00f6riga kalkylblad i Excel blir snabbt en begr\u00e4nsning snarare \u00e4n en l\u00f6sning.&nbsp; I den h\u00e4r guiden g\u00e5r vi igen fem anledningar [&hellip;]\" \/>\n<meta property=\"og:url\" content=\"https:\/\/oxceed.com\/se\/guider\/ladda-ner-guide-budget\/\" \/>\n<meta property=\"og:site_name\" content=\"Oxceed Sweden\" \/>\n<meta property=\"article:modified_time\" content=\"2025-06-16T12:56:14+00:00\" \/>\n<meta name=\"twitter:card\" content=\"summary_large_image\" \/>\n<meta name=\"twitter:label1\" content=\"Estimated reading time\" \/>\n\t<meta name=\"twitter:data1\" content=\"1 minute\" \/>\n<script type=\"application\/ld+json\" class=\"yoast-schema-graph\">{\"@context\":\"https:\\\/\\\/schema.org\",\"@graph\":[{\"@type\":\"WebPage\",\"@id\":\"https:\\\/\\\/oxceed.com\\\/se\\\/guider\\\/ladda-ner-guide-budget\\\/\",\"url\":\"https:\\\/\\\/oxceed.com\\\/se\\\/guider\\\/ladda-ner-guide-budget\\\/\",\"name\":\"Ladda ner guide budget - Oxceed Sweden\",\"isPartOf\":{\"@id\":\"https:\\\/\\\/oxceed.com\\\/se\\\/#website\"},\"datePublished\":\"2025-05-27T07:50:59+00:00\",\"dateModified\":\"2025-06-16T12:56:14+00:00\",\"breadcrumb\":{\"@id\":\"https:\\\/\\\/oxceed.com\\\/se\\\/guider\\\/ladda-ner-guide-budget\\\/#breadcrumb\"},\"inLanguage\":\"en-GB\",\"potentialAction\":[{\"@type\":\"ReadAction\",\"target\":[\"https:\\\/\\\/oxceed.com\\\/se\\\/guider\\\/ladda-ner-guide-budget\\\/\"]}]},{\"@type\":\"BreadcrumbList\",\"@id\":\"https:\\\/\\\/oxceed.com\\\/se\\\/guider\\\/ladda-ner-guide-budget\\\/#breadcrumb\",\"itemListElement\":[{\"@type\":\"ListItem\",\"position\":1,\"name\":\"Home\",\"item\":\"https:\\\/\\\/oxceed.com\\\/se\\\/\"},{\"@type\":\"ListItem\",\"position\":2,\"name\":\"Guider\",\"item\":\"https:\\\/\\\/oxceed.com\\\/se\\\/guider\\\/\"},{\"@type\":\"ListItem\",\"position\":3,\"name\":\"Ladda ner guide budget\"}]},{\"@type\":\"WebSite\",\"@id\":\"https:\\\/\\\/oxceed.com\\\/se\\\/#website\",\"url\":\"https:\\\/\\\/oxceed.com\\\/se\\\/\",\"name\":\"Oxceed Sweden\",\"description\":\"Fatta b\u00e4ttre beslut med Oxceed\",\"potentialAction\":[{\"@type\":\"SearchAction\",\"target\":{\"@type\":\"EntryPoint\",\"urlTemplate\":\"https:\\\/\\\/oxceed.com\\\/se\\\/?s={search_term_string}\"},\"query-input\":{\"@type\":\"PropertyValueSpecification\",\"valueRequired\":true,\"valueName\":\"search_term_string\"}}],\"inLanguage\":\"en-GB\"}]}<\/script>\n<!-- \/ Yoast SEO Premium plugin. -->","yoast_head_json":{"title":"Ladda ner guide budget - Oxceed Sweden","robots":{"index":"index","follow":"follow","max-snippet":"max-snippet:-1","max-image-preview":"max-image-preview:large","max-video-preview":"max-video-preview:-1"},"canonical":"https:\/\/oxceed.com\/se\/guider\/ladda-ner-guide-budget\/","og_locale":"en_GB","og_type":"article","og_title":"Ladda ner guide budget","og_description":"D\u00e4rf\u00f6r ska du inte g\u00f6ra budgeten i Excel Ladda ner v\u00e5r kostnadsfria guide: 5 anledningar att inte g\u00f6ra budgeten i Excel N\u00e4r f\u00f6retaget v\u00e4xer blir behovet av en p\u00e5litlig och flexibel budgetprocess allt viktigare. R\u00f6riga kalkylblad i Excel blir snabbt en begr\u00e4nsning snarare \u00e4n en l\u00f6sning.&nbsp; I den h\u00e4r guiden g\u00e5r vi igen fem anledningar [&hellip;]","og_url":"https:\/\/oxceed.com\/se\/guider\/ladda-ner-guide-budget\/","og_site_name":"Oxceed Sweden","article_modified_time":"2025-06-16T12:56:14+00:00","twitter_card":"summary_large_image","twitter_misc":{"Estimated reading time":"1 minute"},"schema":{"@context":"https:\/\/schema.org","@graph":[{"@type":"WebPage","@id":"https:\/\/oxceed.com\/se\/guider\/ladda-ner-guide-budget\/","url":"https:\/\/oxceed.com\/se\/guider\/ladda-ner-guide-budget\/","name":"Ladda ner guide budget - Oxceed Sweden","isPartOf":{"@id":"https:\/\/oxceed.com\/se\/#website"},"datePublished":"2025-05-27T07:50:59+00:00","dateModified":"2025-06-16T12:56:14+00:00","breadcrumb":{"@id":"https:\/\/oxceed.com\/se\/guider\/ladda-ner-guide-budget\/#breadcrumb"},"inLanguage":"en-GB","potentialAction":[{"@type":"ReadAction","target":["https:\/\/oxceed.com\/se\/guider\/ladda-ner-guide-budget\/"]}]},{"@type":"BreadcrumbList","@id":"https:\/\/oxceed.com\/se\/guider\/ladda-ner-guide-budget\/#breadcrumb","itemListElement":[{"@type":"ListItem","position":1,"name":"Home","item":"https:\/\/oxceed.com\/se\/"},{"@type":"ListItem","position":2,"name":"Guider","item":"https:\/\/oxceed.com\/se\/guider\/"},{"@type":"ListItem","position":3,"name":"Ladda ner guide budget"}]},{"@type":"WebSite","@id":"https:\/\/oxceed.com\/se\/#website","url":"https:\/\/oxceed.com\/se\/","name":"Oxceed Sweden","description":"Fatta b\u00e4ttre beslut med Oxceed","potentialAction":[{"@type":"SearchAction","target":{"@type":"EntryPoint","urlTemplate":"https:\/\/oxceed.com\/se\/?s={search_term_string}"},"query-input":{"@type":"PropertyValueSpecification","valueRequired":true,"valueName":"search_term_string"}}],"inLanguage":"en-GB"}]}},"_links":{"self":[{"href":"https:\/\/oxceed.com\/se\/wp-json\/wp\/v2\/pages\/33937","targetHints":{"allow":["GET"]}}],"collection":[{"href":"https:\/\/oxceed.com\/se\/wp-json\/wp\/v2\/pages"}],"about":[{"href":"https:\/\/oxceed.com\/se\/wp-json\/wp\/v2\/types\/page"}],"author":[{"embeddable":true,"href":"https:\/\/oxceed.com\/se\/wp-json\/wp\/v2\/users\/7"}],"replies":[{"embeddable":true,"href":"https:\/\/oxceed.com\/se\/wp-json\/wp\/v2\/comments?post=33937"}],"version-history":[{"count":15,"href":"https:\/\/oxceed.com\/se\/wp-json\/wp\/v2\/pages\/33937\/revisions"}],"predecessor-version":[{"id":33972,"href":"https:\/\/oxceed.com\/se\/wp-json\/wp\/v2\/pages\/33937\/revisions\/33972"}],"up":[{"embeddable":true,"href":"https:\/\/oxceed.com\/se\/wp-json\/wp\/v2\/pages\/16004"}],"wp:attachment":[{"href":"https:\/\/oxceed.com\/se\/wp-json\/wp\/v2\/media?parent=33937"}],"curies":[{"name":"wp","href":"https:\/\/api.w.org\/{rel}","templated":true}]}}