{"id":39780,"date":"2026-02-24T14:56:00","date_gmt":"2026-02-24T13:56:00","guid":{"rendered":"https:\/\/oxceed.com\/se\/?page_id=39780"},"modified":"2026-04-21T16:41:22","modified_gmt":"2026-04-21T14:41:22","slug":"arbeta-smartare-i-oxceed","status":"publish","type":"page","link":"https:\/\/oxceed.com\/se\/webinar\/arbeta-smartare-i-oxceed\/","title":{"rendered":"Arbeta smartare i Oxceed"},"content":{"rendered":"\t\t<div data-elementor-type=\"wp-page\" data-elementor-id=\"39780\" class=\"elementor elementor-39780\" data-elementor-post-type=\"page\">\n\t\t\t\t<div class=\"elementor-element elementor-element-693ebc0 e-flex e-con-boxed elementor-invisible e-con e-parent\" data-id=\"693ebc0\" data-element_type=\"container\" data-e-type=\"container\" data-settings=\"{&quot;jet_parallax_layout_list&quot;:[{&quot;jet_parallax_layout_image&quot;:{&quot;url&quot;:&quot;&quot;,&quot;id&quot;:&quot;&quot;,&quot;size&quot;:&quot;&quot;},&quot;_id&quot;:&quot;b6f69a7&quot;,&quot;jet_parallax_layout_image_tablet&quot;:{&quot;url&quot;:&quot;&quot;,&quot;id&quot;:&quot;&quot;,&quot;size&quot;:&quot;&quot;},&quot;jet_parallax_layout_image_mobile&quot;:{&quot;url&quot;:&quot;&quot;,&quot;id&quot;:&quot;&quot;,&quot;size&quot;:&quot;&quot;},&quot;jet_parallax_layout_speed&quot;:{&quot;unit&quot;:&quot;%&quot;,&quot;size&quot;:50,&quot;sizes&quot;:[]},&quot;jet_parallax_layout_type&quot;:&quot;scroll&quot;,&quot;jet_parallax_layout_direction&quot;:&quot;1&quot;,&quot;jet_parallax_layout_fx_direction&quot;:null,&quot;jet_parallax_layout_z_index&quot;:&quot;&quot;,&quot;jet_parallax_layout_bg_x&quot;:50,&quot;jet_parallax_layout_bg_x_tablet&quot;:&quot;&quot;,&quot;jet_parallax_layout_bg_x_mobile&quot;:&quot;&quot;,&quot;jet_parallax_layout_bg_y&quot;:50,&quot;jet_parallax_layout_bg_y_tablet&quot;:&quot;&quot;,&quot;jet_parallax_layout_bg_y_mobile&quot;:&quot;&quot;,&quot;jet_parallax_layout_bg_size&quot;:&quot;auto&quot;,&quot;jet_parallax_layout_bg_size_tablet&quot;:&quot;&quot;,&quot;jet_parallax_layout_bg_size_mobile&quot;:&quot;&quot;,&quot;jet_parallax_layout_animation_prop&quot;:&quot;transform&quot;,&quot;jet_parallax_layout_on&quot;:[&quot;desktop&quot;,&quot;tablet&quot;]}],&quot;animation&quot;:&quot;fadeIn&quot;}\">\n\t\t\t\t\t<div class=\"e-con-inner\">\n\t\t<div class=\"elementor-element elementor-element-da9809c e-con-full e-flex e-con e-child\" data-id=\"da9809c\" data-element_type=\"container\" data-e-type=\"container\" data-settings=\"{&quot;jet_parallax_layout_list&quot;:[]}\">\n\t\t<div class=\"elementor-element elementor-element-f2e84e9 e-con-full e-flex e-con e-child\" data-id=\"f2e84e9\" data-element_type=\"container\" data-e-type=\"container\" data-settings=\"{&quot;jet_parallax_layout_list&quot;:[]}\">\n\t\t<div class=\"elementor-element elementor-element-36fb857 e-con-full e-flex e-con e-child\" data-id=\"36fb857\" data-element_type=\"container\" data-e-type=\"container\" data-settings=\"{&quot;jet_parallax_layout_list&quot;:[]}\">\n\t\t\t\t<div class=\"elementor-element elementor-element-77a3e99 elementor-widget elementor-widget-heading\" data-id=\"77a3e99\" data-element_type=\"widget\" data-e-type=\"widget\" data-widget_type=\"heading.default\">\n\t\t\t\t\t<h1 class=\"elementor-heading-title elementor-size-default\"><font color=\"#00b0ad\">On-demand: <\/font><span data-teams=\"true\">Arbeta smartare i Oxceed!<\/span><\/h1>\t\t\t\t<\/div>\n\t\t\t\t<\/div>\n\t\t<div class=\"elementor-element elementor-element-76915ae e-con-full e-flex e-con e-child\" data-id=\"76915ae\" data-element_type=\"container\" data-e-type=\"container\" data-settings=\"{&quot;jet_parallax_layout_list&quot;:[]}\">\n\t\t\t\t<div class=\"elementor-element elementor-element-b9f8178 elementor-widget__width-initial elementor-widget elementor-widget-text-editor\" data-id=\"b9f8178\" data-element_type=\"widget\" data-e-type=\"widget\" data-widget_type=\"text-editor.default\">\n\t\t\t\t\t\t\t\t\t<p class=\"p1\"><b>V\u00e5ra experter visar nyheter och sina b\u00e4sta tips i plattformen <\/b><\/p>\n<p>H\u00e4ng med n\u00e4r Jacob och Viktor tipsar om hur du arbetar \u00e4nnu b\u00e4ttre i Oxceed. De visar bra funktioner, genv\u00e4gar och enkla tips och trix f\u00f6r hur ditt arbete i Oxceed skapar mer v\u00e4rde i vardagen.<br \/>Du f\u00e5r ocks\u00e5 en genomg\u00e5ng om hur v\u00e5ra senaste produktuppdateringar fungerar och var du hittar dem.<\/p>\n<p>Varmt v\u00e4lkommen att titta p\u00e5 webinaret n\u00e4r det passar dig! Fyll i dina uppgifter i formul\u00e4ret f\u00f6r att f\u00e5 tillg\u00e5ng till inspelningen.<\/p>\n<p>\u00a0<\/p>\t\t\t\t\t\t\t\t<\/div>\n\t\t\t\t<\/div>\n\t\t<div class=\"elementor-element elementor-element-91b51ac e-con-full e-flex e-con e-child\" data-id=\"91b51ac\" data-element_type=\"container\" data-e-type=\"container\" data-settings=\"{&quot;jet_parallax_layout_list&quot;:[]}\">\n\t\t<div class=\"elementor-element elementor-element-36f7719 e-con-full e-flex e-con e-child\" data-id=\"36f7719\" data-element_type=\"container\" data-e-type=\"container\" data-settings=\"{&quot;jet_parallax_layout_list&quot;:[{&quot;jet_parallax_layout_image&quot;:{&quot;url&quot;:&quot;&quot;,&quot;id&quot;:&quot;&quot;,&quot;size&quot;:&quot;&quot;},&quot;_id&quot;:&quot;8bc1bd6&quot;,&quot;jet_parallax_layout_image_tablet&quot;:{&quot;url&quot;:&quot;&quot;,&quot;id&quot;:&quot;&quot;,&quot;size&quot;:&quot;&quot;},&quot;jet_parallax_layout_image_mobile&quot;:{&quot;url&quot;:&quot;&quot;,&quot;id&quot;:&quot;&quot;,&quot;size&quot;:&quot;&quot;},&quot;jet_parallax_layout_speed&quot;:{&quot;unit&quot;:&quot;%&quot;,&quot;size&quot;:50,&quot;sizes&quot;:[]},&quot;jet_parallax_layout_type&quot;:&quot;scroll&quot;,&quot;jet_parallax_layout_direction&quot;:&quot;1&quot;,&quot;jet_parallax_layout_fx_direction&quot;:null,&quot;jet_parallax_layout_z_index&quot;:&quot;&quot;,&quot;jet_parallax_layout_bg_x&quot;:50,&quot;jet_parallax_layout_bg_x_tablet&quot;:&quot;&quot;,&quot;jet_parallax_layout_bg_x_mobile&quot;:&quot;&quot;,&quot;jet_parallax_layout_bg_y&quot;:50,&quot;jet_parallax_layout_bg_y_tablet&quot;:&quot;&quot;,&quot;jet_parallax_layout_bg_y_mobile&quot;:&quot;&quot;,&quot;jet_parallax_layout_bg_size&quot;:&quot;auto&quot;,&quot;jet_parallax_layout_bg_size_tablet&quot;:&quot;&quot;,&quot;jet_parallax_layout_bg_size_mobile&quot;:&quot;&quot;,&quot;jet_parallax_layout_animation_prop&quot;:&quot;transform&quot;,&quot;jet_parallax_layout_on&quot;:[&quot;desktop&quot;,&quot;tablet&quot;]}]}\">\n\t\t<div class=\"elementor-element elementor-element-4190170 e-con-full e-flex e-con e-child\" data-id=\"4190170\" data-element_type=\"container\" data-e-type=\"container\" data-settings=\"{&quot;jet_parallax_layout_list&quot;:[]}\">\n\t\t\t\t<div class=\"elementor-element elementor-element-543b898 elementor-widget elementor-widget-image\" data-id=\"543b898\" data-element_type=\"widget\" data-e-type=\"widget\" data-widget_type=\"image.default\">\n\t\t\t\t\t\t\t\t\t\t\t\t\t\t\t<img loading=\"lazy\" decoding=\"async\" width=\"150\" height=\"150\" src=\"https:\/\/oxceed.com\/se\/wp-content\/uploads\/sites\/21\/2025\/09\/Viktor-Backstrom-150x150.jpg\" class=\"attachment-thumbnail size-thumbnail wp-image-35341\" alt=\"\" srcset=\"https:\/\/oxceed.com\/se\/wp-content\/uploads\/sites\/21\/2025\/09\/Viktor-Backstrom-150x150.jpg 150w, https:\/\/oxceed.com\/se\/wp-content\/uploads\/sites\/21\/2025\/09\/Viktor-Backstrom-768x768.jpg 768w, https:\/\/oxceed.com\/se\/wp-content\/uploads\/sites\/21\/2025\/09\/Viktor-Backstrom.jpg 1080w\" sizes=\"auto, (max-width: 150px) 100vw, 150px\" \/>\t\t\t\t\t\t\t\t\t\t\t\t\t\t\t<\/div>\n\t\t\t\t<\/div>\n\t\t<div class=\"elementor-element elementor-element-4c4a6a0 e-con-full e-flex e-con e-child\" data-id=\"4c4a6a0\" data-element_type=\"container\" data-e-type=\"container\" data-settings=\"{&quot;jet_parallax_layout_list&quot;:[]}\">\n\t\t\t\t<div class=\"elementor-element elementor-element-b73681e elementor-widget elementor-widget-heading\" data-id=\"b73681e\" data-element_type=\"widget\" data-e-type=\"widget\" data-widget_type=\"heading.default\">\n\t\t\t\t\t<span class=\"elementor-heading-title elementor-size-default\">Viktor B\u00e4ckstr\u00f6m<\/span>\t\t\t\t<\/div>\n\t\t\t\t<div class=\"elementor-element elementor-element-717e599 elementor-widget elementor-widget-text-editor\" data-id=\"717e599\" data-element_type=\"widget\" data-e-type=\"widget\" data-widget_type=\"text-editor.default\">\n\t\t\t\t\t\t\t\t\t<p><span class=\"TextRun SCXW255352412 BCX0\" lang=\"SV-SE\" xml:lang=\"SV-SE\" data-contrast=\"auto\"><span class=\"NormalTextRun SCXW255352412 BCX0\">CSM<\/span><\/span><\/p><p><b>Oxceed<\/b><\/p>\t\t\t\t\t\t\t\t<\/div>\n\t\t\t\t<\/div>\n\t\t\t\t<\/div>\n\t\t<div class=\"elementor-element elementor-element-b250cb4 e-con-full e-flex e-con e-child\" data-id=\"b250cb4\" data-element_type=\"container\" data-e-type=\"container\" data-settings=\"{&quot;jet_parallax_layout_list&quot;:[{&quot;jet_parallax_layout_image&quot;:{&quot;url&quot;:&quot;&quot;,&quot;id&quot;:&quot;&quot;,&quot;size&quot;:&quot;&quot;},&quot;_id&quot;:&quot;8bc1bd6&quot;,&quot;jet_parallax_layout_image_tablet&quot;:{&quot;url&quot;:&quot;&quot;,&quot;id&quot;:&quot;&quot;,&quot;size&quot;:&quot;&quot;},&quot;jet_parallax_layout_image_mobile&quot;:{&quot;url&quot;:&quot;&quot;,&quot;id&quot;:&quot;&quot;,&quot;size&quot;:&quot;&quot;},&quot;jet_parallax_layout_speed&quot;:{&quot;unit&quot;:&quot;%&quot;,&quot;size&quot;:50,&quot;sizes&quot;:[]},&quot;jet_parallax_layout_type&quot;:&quot;scroll&quot;,&quot;jet_parallax_layout_direction&quot;:&quot;1&quot;,&quot;jet_parallax_layout_fx_direction&quot;:null,&quot;jet_parallax_layout_z_index&quot;:&quot;&quot;,&quot;jet_parallax_layout_bg_x&quot;:50,&quot;jet_parallax_layout_bg_x_tablet&quot;:&quot;&quot;,&quot;jet_parallax_layout_bg_x_mobile&quot;:&quot;&quot;,&quot;jet_parallax_layout_bg_y&quot;:50,&quot;jet_parallax_layout_bg_y_tablet&quot;:&quot;&quot;,&quot;jet_parallax_layout_bg_y_mobile&quot;:&quot;&quot;,&quot;jet_parallax_layout_bg_size&quot;:&quot;auto&quot;,&quot;jet_parallax_layout_bg_size_tablet&quot;:&quot;&quot;,&quot;jet_parallax_layout_bg_size_mobile&quot;:&quot;&quot;,&quot;jet_parallax_layout_animation_prop&quot;:&quot;transform&quot;,&quot;jet_parallax_layout_on&quot;:[&quot;desktop&quot;,&quot;tablet&quot;]}]}\">\n\t\t<div class=\"elementor-element elementor-element-2718b6b e-con-full e-flex e-con e-child\" data-id=\"2718b6b\" data-element_type=\"container\" data-e-type=\"container\" data-settings=\"{&quot;jet_parallax_layout_list&quot;:[]}\">\n\t\t\t\t<div class=\"elementor-element elementor-element-2e24e99 elementor-widget elementor-widget-image\" data-id=\"2e24e99\" data-element_type=\"widget\" data-e-type=\"widget\" data-widget_type=\"image.default\">\n\t\t\t\t\t\t\t\t\t\t\t\t\t\t\t<img loading=\"lazy\" decoding=\"async\" width=\"150\" height=\"150\" src=\"https:\/\/oxceed.com\/se\/wp-content\/uploads\/sites\/21\/2026\/01\/Jacob_thunberg-150x150.png\" class=\"attachment-thumbnail size-thumbnail wp-image-38367\" alt=\"\" \/>\t\t\t\t\t\t\t\t\t\t\t\t\t\t\t<\/div>\n\t\t\t\t<\/div>\n\t\t<div class=\"elementor-element elementor-element-2f72699 e-con-full e-flex e-con e-child\" data-id=\"2f72699\" data-element_type=\"container\" data-e-type=\"container\" data-settings=\"{&quot;jet_parallax_layout_list&quot;:[]}\">\n\t\t\t\t<div class=\"elementor-element elementor-element-95848af elementor-widget elementor-widget-heading\" data-id=\"95848af\" data-element_type=\"widget\" data-e-type=\"widget\" data-widget_type=\"heading.default\">\n\t\t\t\t\t<span class=\"elementor-heading-title elementor-size-default\">Jacob Tunberg<\/span>\t\t\t\t<\/div>\n\t\t\t\t<div class=\"elementor-element elementor-element-3228151 elementor-widget elementor-widget-text-editor\" data-id=\"3228151\" data-element_type=\"widget\" data-e-type=\"widget\" data-widget_type=\"text-editor.default\">\n\t\t\t\t\t\t\t\t\t<p>CPO<\/p>\n<p><strong><span class=\"NormalTextRun SpellingErrorV2Themed SCXW98314577 BCX0\" data-ccp-parastyle=\"Normal (Web)\">Oxceed<\/span><\/strong><\/p>\t\t\t\t\t\t\t\t<\/div>\n\t\t\t\t<\/div>\n\t\t\t\t<\/div>\n\t\t\t\t<\/div>\n\t\t\t\t<\/div>\n\t\t<div class=\"elementor-element elementor-element-8d0aa80 e-con-full e-flex e-con e-child\" data-id=\"8d0aa80\" data-element_type=\"container\" data-e-type=\"container\" data-settings=\"{&quot;jet_parallax_layout_list&quot;:[]}\">\n\t\t<div class=\"elementor-element elementor-element-e497572 e-con-full e-flex e-con e-child\" data-id=\"e497572\" data-element_type=\"container\" data-e-type=\"container\" data-settings=\"{&quot;jet_parallax_layout_list&quot;:[]}\">\n\t\t\t\t<div class=\"elementor-element elementor-element-5fcf874 elementor-widget elementor-widget-html\" data-id=\"5fcf874\" data-element_type=\"widget\" data-e-type=\"widget\" data-widget_type=\"html.default\">\n\t\t\t\t\t<iframe src=\"https:\/\/pages.upsales.com\/12029uddb0dd9ba9df4f74a4ca7d59c1d48d25-frame\" \t\twidth=\"360\" \t\theight=\"589\" \t\tstyle=\"border:0\"><\/iframe>\t\t\t\t<\/div>\n\t\t\t\t<\/div>\n\t\t\t\t<\/div>\n\t\t\t\t<\/div>\n\t\t\t\t\t<\/div>\n\t\t\t\t<\/div>\n\t\t\t\t<\/div>\n\t\t","protected":false},"excerpt":{"rendered":"<p>On-demand: Arbeta smartare i Oxceed! V\u00e5ra experter visar nyheter och sina b\u00e4sta tips i plattformen H\u00e4ng med n\u00e4r Jacob och Viktor tipsar om hur du arbetar \u00e4nnu b\u00e4ttre i Oxceed. De visar bra funktioner, genv\u00e4gar och enkla tips och trix f\u00f6r hur ditt arbete i Oxceed skapar mer v\u00e4rde i vardagen.Du f\u00e5r ocks\u00e5 en genomg\u00e5ng [&hellip;]<\/p>\n","protected":false},"author":7,"featured_media":0,"parent":15745,"menu_order":0,"comment_status":"closed","ping_status":"closed","template":"","meta":{"_acf_changed":false,"_trash_the_other_posts":false,"editor_notices":[],"footnotes":""},"class_list":["post-39780","page","type-page","status-publish","hentry"],"acf":[],"yoast_head":"<!-- This site is optimized with the Yoast SEO Premium plugin v26.5 (Yoast SEO v27.4) - https:\/\/yoast.com\/product\/yoast-seo-premium-wordpress\/ -->\n<title>Arbeta smartare i Oxceed - Oxceed Sweden<\/title>\n<meta name=\"robots\" content=\"index, follow, max-snippet:-1, max-image-preview:large, max-video-preview:-1\" \/>\n<link rel=\"canonical\" href=\"https:\/\/oxceed.com\/se\/webinar\/arbeta-smartare-i-oxceed\/\" \/>\n<meta property=\"og:locale\" content=\"en_GB\" \/>\n<meta property=\"og:type\" content=\"article\" \/>\n<meta property=\"og:title\" content=\"Arbeta smartare i Oxceed\" \/>\n<meta property=\"og:description\" content=\"On-demand: Arbeta smartare i Oxceed! V\u00e5ra experter visar nyheter och sina b\u00e4sta tips i plattformen H\u00e4ng med n\u00e4r Jacob och Viktor tipsar om hur du arbetar \u00e4nnu b\u00e4ttre i Oxceed. De visar bra funktioner, genv\u00e4gar och enkla tips och trix f\u00f6r hur ditt arbete i Oxceed skapar mer v\u00e4rde i vardagen.Du f\u00e5r ocks\u00e5 en genomg\u00e5ng [&hellip;]\" \/>\n<meta property=\"og:url\" content=\"https:\/\/oxceed.com\/se\/webinar\/arbeta-smartare-i-oxceed\/\" \/>\n<meta property=\"og:site_name\" content=\"Oxceed Sweden\" \/>\n<meta property=\"article:modified_time\" content=\"2026-04-21T14:41:22+00:00\" \/>\n<meta property=\"og:image\" content=\"https:\/\/oxceed.com\/se\/wp-content\/uploads\/sites\/21\/2025\/09\/Viktor-Backstrom.jpg\" \/>\n\t<meta property=\"og:image:width\" content=\"1080\" \/>\n\t<meta property=\"og:image:height\" content=\"1080\" \/>\n\t<meta property=\"og:image:type\" content=\"image\/jpeg\" \/>\n<meta name=\"twitter:card\" content=\"summary_large_image\" \/>\n<meta name=\"twitter:label1\" content=\"Estimated reading time\" \/>\n\t<meta name=\"twitter:data1\" content=\"1 minute\" \/>\n<script type=\"application\/ld+json\" class=\"yoast-schema-graph\">{\"@context\":\"https:\\\/\\\/schema.org\",\"@graph\":[{\"@type\":\"WebPage\",\"@id\":\"https:\\\/\\\/oxceed.com\\\/se\\\/webinar\\\/arbeta-smartare-i-oxceed\\\/\",\"url\":\"https:\\\/\\\/oxceed.com\\\/se\\\/webinar\\\/arbeta-smartare-i-oxceed\\\/\",\"name\":\"Arbeta smartare i Oxceed - Oxceed Sweden\",\"isPartOf\":{\"@id\":\"https:\\\/\\\/oxceed.com\\\/se\\\/#website\"},\"primaryImageOfPage\":{\"@id\":\"https:\\\/\\\/oxceed.com\\\/se\\\/webinar\\\/arbeta-smartare-i-oxceed\\\/#primaryimage\"},\"image\":{\"@id\":\"https:\\\/\\\/oxceed.com\\\/se\\\/webinar\\\/arbeta-smartare-i-oxceed\\\/#primaryimage\"},\"thumbnailUrl\":\"https:\\\/\\\/oxceed.com\\\/se\\\/wp-content\\\/uploads\\\/sites\\\/21\\\/2025\\\/09\\\/Viktor-Backstrom-150x150.jpg\",\"datePublished\":\"2026-02-24T13:56:00+00:00\",\"dateModified\":\"2026-04-21T14:41:22+00:00\",\"breadcrumb\":{\"@id\":\"https:\\\/\\\/oxceed.com\\\/se\\\/webinar\\\/arbeta-smartare-i-oxceed\\\/#breadcrumb\"},\"inLanguage\":\"en-GB\",\"potentialAction\":[{\"@type\":\"ReadAction\",\"target\":[\"https:\\\/\\\/oxceed.com\\\/se\\\/webinar\\\/arbeta-smartare-i-oxceed\\\/\"]}]},{\"@type\":\"ImageObject\",\"inLanguage\":\"en-GB\",\"@id\":\"https:\\\/\\\/oxceed.com\\\/se\\\/webinar\\\/arbeta-smartare-i-oxceed\\\/#primaryimage\",\"url\":\"https:\\\/\\\/oxceed.com\\\/se\\\/wp-content\\\/uploads\\\/sites\\\/21\\\/2025\\\/09\\\/Viktor-Backstrom.jpg\",\"contentUrl\":\"https:\\\/\\\/oxceed.com\\\/se\\\/wp-content\\\/uploads\\\/sites\\\/21\\\/2025\\\/09\\\/Viktor-Backstrom.jpg\",\"width\":1080,\"height\":1080},{\"@type\":\"BreadcrumbList\",\"@id\":\"https:\\\/\\\/oxceed.com\\\/se\\\/webinar\\\/arbeta-smartare-i-oxceed\\\/#breadcrumb\",\"itemListElement\":[{\"@type\":\"ListItem\",\"position\":1,\"name\":\"Home\",\"item\":\"https:\\\/\\\/oxceed.com\\\/se\\\/\"},{\"@type\":\"ListItem\",\"position\":2,\"name\":\"Webinar\",\"item\":\"https:\\\/\\\/oxceed.com\\\/se\\\/webinar\\\/\"},{\"@type\":\"ListItem\",\"position\":3,\"name\":\"Arbeta smartare i Oxceed\"}]},{\"@type\":\"WebSite\",\"@id\":\"https:\\\/\\\/oxceed.com\\\/se\\\/#website\",\"url\":\"https:\\\/\\\/oxceed.com\\\/se\\\/\",\"name\":\"Oxceed Sweden\",\"description\":\"Fatta b\u00e4ttre beslut med Oxceed\",\"potentialAction\":[{\"@type\":\"SearchAction\",\"target\":{\"@type\":\"EntryPoint\",\"urlTemplate\":\"https:\\\/\\\/oxceed.com\\\/se\\\/?s={search_term_string}\"},\"query-input\":{\"@type\":\"PropertyValueSpecification\",\"valueRequired\":true,\"valueName\":\"search_term_string\"}}],\"inLanguage\":\"en-GB\"}]}<\/script>\n<!-- \/ Yoast SEO Premium plugin. -->","yoast_head_json":{"title":"Arbeta smartare i Oxceed - Oxceed Sweden","robots":{"index":"index","follow":"follow","max-snippet":"max-snippet:-1","max-image-preview":"max-image-preview:large","max-video-preview":"max-video-preview:-1"},"canonical":"https:\/\/oxceed.com\/se\/webinar\/arbeta-smartare-i-oxceed\/","og_locale":"en_GB","og_type":"article","og_title":"Arbeta smartare i Oxceed","og_description":"On-demand: Arbeta smartare i Oxceed! V\u00e5ra experter visar nyheter och sina b\u00e4sta tips i plattformen H\u00e4ng med n\u00e4r Jacob och Viktor tipsar om hur du arbetar \u00e4nnu b\u00e4ttre i Oxceed. De visar bra funktioner, genv\u00e4gar och enkla tips och trix f\u00f6r hur ditt arbete i Oxceed skapar mer v\u00e4rde i vardagen.Du f\u00e5r ocks\u00e5 en genomg\u00e5ng [&hellip;]","og_url":"https:\/\/oxceed.com\/se\/webinar\/arbeta-smartare-i-oxceed\/","og_site_name":"Oxceed Sweden","article_modified_time":"2026-04-21T14:41:22+00:00","og_image":[{"width":1080,"height":1080,"url":"https:\/\/oxceed.com\/se\/wp-content\/uploads\/sites\/21\/2025\/09\/Viktor-Backstrom.jpg","type":"image\/jpeg"}],"twitter_card":"summary_large_image","twitter_misc":{"Estimated reading time":"1 minute"},"schema":{"@context":"https:\/\/schema.org","@graph":[{"@type":"WebPage","@id":"https:\/\/oxceed.com\/se\/webinar\/arbeta-smartare-i-oxceed\/","url":"https:\/\/oxceed.com\/se\/webinar\/arbeta-smartare-i-oxceed\/","name":"Arbeta smartare i Oxceed - Oxceed Sweden","isPartOf":{"@id":"https:\/\/oxceed.com\/se\/#website"},"primaryImageOfPage":{"@id":"https:\/\/oxceed.com\/se\/webinar\/arbeta-smartare-i-oxceed\/#primaryimage"},"image":{"@id":"https:\/\/oxceed.com\/se\/webinar\/arbeta-smartare-i-oxceed\/#primaryimage"},"thumbnailUrl":"https:\/\/oxceed.com\/se\/wp-content\/uploads\/sites\/21\/2025\/09\/Viktor-Backstrom-150x150.jpg","datePublished":"2026-02-24T13:56:00+00:00","dateModified":"2026-04-21T14:41:22+00:00","breadcrumb":{"@id":"https:\/\/oxceed.com\/se\/webinar\/arbeta-smartare-i-oxceed\/#breadcrumb"},"inLanguage":"en-GB","potentialAction":[{"@type":"ReadAction","target":["https:\/\/oxceed.com\/se\/webinar\/arbeta-smartare-i-oxceed\/"]}]},{"@type":"ImageObject","inLanguage":"en-GB","@id":"https:\/\/oxceed.com\/se\/webinar\/arbeta-smartare-i-oxceed\/#primaryimage","url":"https:\/\/oxceed.com\/se\/wp-content\/uploads\/sites\/21\/2025\/09\/Viktor-Backstrom.jpg","contentUrl":"https:\/\/oxceed.com\/se\/wp-content\/uploads\/sites\/21\/2025\/09\/Viktor-Backstrom.jpg","width":1080,"height":1080},{"@type":"BreadcrumbList","@id":"https:\/\/oxceed.com\/se\/webinar\/arbeta-smartare-i-oxceed\/#breadcrumb","itemListElement":[{"@type":"ListItem","position":1,"name":"Home","item":"https:\/\/oxceed.com\/se\/"},{"@type":"ListItem","position":2,"name":"Webinar","item":"https:\/\/oxceed.com\/se\/webinar\/"},{"@type":"ListItem","position":3,"name":"Arbeta smartare i Oxceed"}]},{"@type":"WebSite","@id":"https:\/\/oxceed.com\/se\/#website","url":"https:\/\/oxceed.com\/se\/","name":"Oxceed Sweden","description":"Fatta b\u00e4ttre beslut med Oxceed","potentialAction":[{"@type":"SearchAction","target":{"@type":"EntryPoint","urlTemplate":"https:\/\/oxceed.com\/se\/?s={search_term_string}"},"query-input":{"@type":"PropertyValueSpecification","valueRequired":true,"valueName":"search_term_string"}}],"inLanguage":"en-GB"}]}},"_links":{"self":[{"href":"https:\/\/oxceed.com\/se\/wp-json\/wp\/v2\/pages\/39780","targetHints":{"allow":["GET"]}}],"collection":[{"href":"https:\/\/oxceed.com\/se\/wp-json\/wp\/v2\/pages"}],"about":[{"href":"https:\/\/oxceed.com\/se\/wp-json\/wp\/v2\/types\/page"}],"author":[{"embeddable":true,"href":"https:\/\/oxceed.com\/se\/wp-json\/wp\/v2\/users\/7"}],"replies":[{"embeddable":true,"href":"https:\/\/oxceed.com\/se\/wp-json\/wp\/v2\/comments?post=39780"}],"version-history":[{"count":34,"href":"https:\/\/oxceed.com\/se\/wp-json\/wp\/v2\/pages\/39780\/revisions"}],"predecessor-version":[{"id":41248,"href":"https:\/\/oxceed.com\/se\/wp-json\/wp\/v2\/pages\/39780\/revisions\/41248"}],"up":[{"embeddable":true,"href":"https:\/\/oxceed.com\/se\/wp-json\/wp\/v2\/pages\/15745"}],"wp:attachment":[{"href":"https:\/\/oxceed.com\/se\/wp-json\/wp\/v2\/media?parent=39780"}],"curies":[{"name":"wp","href":"https:\/\/api.w.org\/{rel}","templated":true}]}}