{"id":40732,"date":"2026-03-26T14:19:04","date_gmt":"2026-03-26T13:19:04","guid":{"rendered":"https:\/\/oxceed.com\/se\/?page_id=40732"},"modified":"2026-03-30T10:02:03","modified_gmt":"2026-03-30T08:02:03","slug":"branschrapport-redovisningsbyraer-2025","status":"publish","type":"page","link":"https:\/\/oxceed.com\/se\/guider\/branschrapport-redovisningsbyraer-2025\/","title":{"rendered":"Branschrapport redovisningsbyr\u00e5er 2025"},"content":{"rendered":"\t\t<div data-elementor-type=\"wp-page\" data-elementor-id=\"40732\" class=\"elementor elementor-40732\" data-elementor-post-type=\"page\">\n\t\t\t\t\t\t<section class=\"elementor-section elementor-top-section elementor-element elementor-element-4dd5664 elementor-section-content-middle elementor-section-boxed elementor-section-height-default elementor-section-height-default elementor-invisible\" data-id=\"4dd5664\" data-element_type=\"section\" data-e-type=\"section\" data-settings=\"{&quot;jet_parallax_layout_list&quot;:[{&quot;jet_parallax_layout_image&quot;:{&quot;url&quot;:&quot;&quot;,&quot;id&quot;:&quot;&quot;,&quot;size&quot;:&quot;&quot;},&quot;_id&quot;:&quot;b6f69a7&quot;,&quot;jet_parallax_layout_image_tablet&quot;:{&quot;url&quot;:&quot;&quot;,&quot;id&quot;:&quot;&quot;,&quot;size&quot;:&quot;&quot;},&quot;jet_parallax_layout_image_mobile&quot;:{&quot;url&quot;:&quot;&quot;,&quot;id&quot;:&quot;&quot;,&quot;size&quot;:&quot;&quot;},&quot;jet_parallax_layout_speed&quot;:{&quot;unit&quot;:&quot;%&quot;,&quot;size&quot;:50,&quot;sizes&quot;:[]},&quot;jet_parallax_layout_type&quot;:&quot;scroll&quot;,&quot;jet_parallax_layout_direction&quot;:&quot;1&quot;,&quot;jet_parallax_layout_fx_direction&quot;:null,&quot;jet_parallax_layout_z_index&quot;:&quot;&quot;,&quot;jet_parallax_layout_bg_x&quot;:50,&quot;jet_parallax_layout_bg_x_tablet&quot;:&quot;&quot;,&quot;jet_parallax_layout_bg_x_mobile&quot;:&quot;&quot;,&quot;jet_parallax_layout_bg_y&quot;:50,&quot;jet_parallax_layout_bg_y_tablet&quot;:&quot;&quot;,&quot;jet_parallax_layout_bg_y_mobile&quot;:&quot;&quot;,&quot;jet_parallax_layout_bg_size&quot;:&quot;auto&quot;,&quot;jet_parallax_layout_bg_size_tablet&quot;:&quot;&quot;,&quot;jet_parallax_layout_bg_size_mobile&quot;:&quot;&quot;,&quot;jet_parallax_layout_animation_prop&quot;:&quot;transform&quot;,&quot;jet_parallax_layout_on&quot;:[&quot;desktop&quot;,&quot;tablet&quot;]}],&quot;animation&quot;:&quot;fadeIn&quot;}\">\n\t\t\t\t\t\t<div class=\"elementor-container elementor-column-gap-no\">\n\t\t\t\t\t<div class=\"elementor-column elementor-col-33 elementor-top-column elementor-element elementor-element-041e808\" data-id=\"041e808\" data-element_type=\"column\" data-e-type=\"column\">\n\t\t\t<div class=\"elementor-widget-wrap elementor-element-populated\">\n\t\t\t\t\t\t<div class=\"elementor-element elementor-element-aaa1e01 elementor-widget elementor-widget-heading\" data-id=\"aaa1e01\" data-element_type=\"widget\" data-e-type=\"widget\" data-widget_type=\"heading.default\">\n\t\t\t\t\t<h1 class=\"elementor-heading-title elementor-size-default\"><span class=\"color-teal\">Branschrapport:<br><\/span>Redovisningsbyr\u00e5er 2025<\/h1>\t\t\t\t<\/div>\n\t\t\t\t<div class=\"elementor-element elementor-element-972f776 elementor-widget elementor-widget-text-editor\" data-id=\"972f776\" data-element_type=\"widget\" data-e-type=\"widget\" data-widget_type=\"text-editor.default\">\n\t\t\t\t\t\t\t\t\t<div class=\"page\" title=\"Page 2\"><div class=\"layoutArea\"><div class=\"column\"><h2>Trender i redovisningsbranschen 2025<\/h2><\/div><\/div><\/div>\t\t\t\t\t\t\t\t<\/div>\n\t\t\t\t<div class=\"elementor-element elementor-element-c9578da elementor-widget elementor-widget-text-editor\" data-id=\"c9578da\" data-element_type=\"widget\" data-e-type=\"widget\" data-widget_type=\"text-editor.default\">\n\t\t\t\t\t\t\t\t\t<div class=\"page\" title=\"Page 2\"><div class=\"layoutArea\"><div class=\"column\"><p>I branschrapporten sammanfattas bokf\u00f6ringsdata fr\u00e5n \u00f6ver <strong data-start=\"288\" data-end=\"314\">170 redovisningsbyr\u00e5er<\/strong> med fokus p\u00e5 oms\u00e4ttning, kostnader och l\u00f6nsamhet.<\/p><p data-start=\"368\" data-end=\"390\"><strong data-start=\"368\" data-end=\"388\">Rapporten visar bland annat:<\/strong><\/p><ul><li data-start=\"1037\" data-end=\"1068\">En blygsam oms\u00e4ttningsutveckling<\/li><li data-start=\"1071\" data-end=\"1095\">Tydlig \u00f6kning i EBITDA<\/li><li data-start=\"1098\" data-end=\"1132\">Stillast\u00e5ende personalkostnader<\/li><\/ul><p data-start=\"543\" data-end=\"614\"><strong>Hur st\u00e5r sig din byr\u00e5 mot branschen?<\/strong><\/p><p data-start=\"543\" data-end=\"614\">Fyll i dina uppgifter och f\u00e5 rapporten direkt till din mail.\u00a0<\/p><\/div><\/div><\/div>\t\t\t\t\t\t\t\t<\/div>\n\t\t\t\t\t<\/div>\n\t\t<\/div>\n\t\t\t\t<div class=\"elementor-column elementor-col-33 elementor-top-column elementor-element elementor-element-955ac83\" data-id=\"955ac83\" data-element_type=\"column\" data-e-type=\"column\">\n\t\t\t<div class=\"elementor-widget-wrap elementor-element-populated\">\n\t\t\t\t\t\t<div class=\"elementor-element elementor-element-5f486ec elementor-widget elementor-widget-text-editor\" data-id=\"5f486ec\" data-element_type=\"widget\" data-e-type=\"widget\" data-widget_type=\"text-editor.default\">\n\t\t\t\t\t\t\t\t\t<p>Fyll i dina uppgifter i formul\u00e4ret s\u00e5 skickar vi rapporten till din mail.\u00a0<\/p>\t\t\t\t\t\t\t\t<\/div>\n\t\t\t\t<div class=\"elementor-element elementor-element-55449ae elementor-widget elementor-widget-html\" data-id=\"55449ae\" data-element_type=\"widget\" data-e-type=\"widget\" data-widget_type=\"html.default\">\n\t\t\t\t\t<iframe src=\"https:\/\/pages.upsales.com\/12029ua2f1de82ec3f4a7798db90559ed1c1f4-frame\" \t\twidth=\"360\" \t\theight=\"737\" \t\tstyle=\"border:0\"><\/iframe>\t\t\t\t<\/div>\n\t\t\t\t\t<\/div>\n\t\t<\/div>\n\t\t\t\t<div class=\"elementor-column elementor-col-33 elementor-top-column elementor-element elementor-element-abb9e51\" data-id=\"abb9e51\" data-element_type=\"column\" data-e-type=\"column\">\n\t\t\t<div class=\"elementor-widget-wrap\">\n\t\t\t\t\t\t\t<\/div>\n\t\t<\/div>\n\t\t\t\t\t<\/div>\n\t\t<\/section>\n\t\t\t\t<\/div>\n\t\t","protected":false},"excerpt":{"rendered":"<p>Branschrapport:Redovisningsbyr\u00e5er 2025 Trender i redovisningsbranschen 2025 I branschrapporten sammanfattas bokf\u00f6ringsdata fr\u00e5n \u00f6ver 170 redovisningsbyr\u00e5er med fokus p\u00e5 oms\u00e4ttning, kostnader och l\u00f6nsamhet. Rapporten visar bland annat: En blygsam oms\u00e4ttningsutveckling Tydlig \u00f6kning i EBITDA Stillast\u00e5ende personalkostnader Hur st\u00e5r sig din byr\u00e5 mot branschen? Fyll i dina uppgifter och f\u00e5 rapporten direkt till din mail.\u00a0 Fyll i dina [&hellip;]<\/p>\n","protected":false},"author":7,"featured_media":0,"parent":16004,"menu_order":0,"comment_status":"closed","ping_status":"closed","template":"","meta":{"_acf_changed":false,"_trash_the_other_posts":false,"editor_notices":[],"footnotes":""},"class_list":["post-40732","page","type-page","status-publish","hentry"],"acf":[],"yoast_head":"<!-- This site is optimized with the Yoast SEO Premium plugin v26.5 (Yoast SEO v27.3) - https:\/\/yoast.com\/product\/yoast-seo-premium-wordpress\/ -->\n<title>Branschrapport redovisningsbyr\u00e5er 2025 - Oxceed Sweden<\/title>\n<meta name=\"robots\" content=\"index, follow, max-snippet:-1, max-image-preview:large, max-video-preview:-1\" \/>\n<link rel=\"canonical\" href=\"https:\/\/oxceed.com\/se\/guider\/branschrapport-redovisningsbyraer-2025\/\" \/>\n<meta property=\"og:locale\" content=\"en_GB\" \/>\n<meta property=\"og:type\" content=\"article\" \/>\n<meta property=\"og:title\" content=\"Branschrapport redovisningsbyr\u00e5er 2025\" \/>\n<meta property=\"og:description\" content=\"Branschrapport:Redovisningsbyr\u00e5er 2025 Trender i redovisningsbranschen 2025 I branschrapporten sammanfattas bokf\u00f6ringsdata fr\u00e5n \u00f6ver 170 redovisningsbyr\u00e5er med fokus p\u00e5 oms\u00e4ttning, kostnader och l\u00f6nsamhet. Rapporten visar bland annat: En blygsam oms\u00e4ttningsutveckling Tydlig \u00f6kning i EBITDA Stillast\u00e5ende personalkostnader Hur st\u00e5r sig din byr\u00e5 mot branschen? Fyll i dina uppgifter och f\u00e5 rapporten direkt till din mail.\u00a0 Fyll i dina [&hellip;]\" \/>\n<meta property=\"og:url\" content=\"https:\/\/oxceed.com\/se\/guider\/branschrapport-redovisningsbyraer-2025\/\" \/>\n<meta property=\"og:site_name\" content=\"Oxceed Sweden\" \/>\n<meta property=\"article:modified_time\" content=\"2026-03-30T08:02:03+00:00\" \/>\n<meta name=\"twitter:card\" content=\"summary_large_image\" \/>\n<meta name=\"twitter:label1\" content=\"Estimated reading time\" \/>\n\t<meta name=\"twitter:data1\" content=\"1 minute\" \/>\n<script type=\"application\/ld+json\" class=\"yoast-schema-graph\">{\"@context\":\"https:\\\/\\\/schema.org\",\"@graph\":[{\"@type\":\"WebPage\",\"@id\":\"https:\\\/\\\/oxceed.com\\\/se\\\/guider\\\/branschrapport-redovisningsbyraer-2025\\\/\",\"url\":\"https:\\\/\\\/oxceed.com\\\/se\\\/guider\\\/branschrapport-redovisningsbyraer-2025\\\/\",\"name\":\"Branschrapport redovisningsbyr\u00e5er 2025 - Oxceed Sweden\",\"isPartOf\":{\"@id\":\"https:\\\/\\\/oxceed.com\\\/se\\\/#website\"},\"datePublished\":\"2026-03-26T13:19:04+00:00\",\"dateModified\":\"2026-03-30T08:02:03+00:00\",\"breadcrumb\":{\"@id\":\"https:\\\/\\\/oxceed.com\\\/se\\\/guider\\\/branschrapport-redovisningsbyraer-2025\\\/#breadcrumb\"},\"inLanguage\":\"en-GB\",\"potentialAction\":[{\"@type\":\"ReadAction\",\"target\":[\"https:\\\/\\\/oxceed.com\\\/se\\\/guider\\\/branschrapport-redovisningsbyraer-2025\\\/\"]}]},{\"@type\":\"BreadcrumbList\",\"@id\":\"https:\\\/\\\/oxceed.com\\\/se\\\/guider\\\/branschrapport-redovisningsbyraer-2025\\\/#breadcrumb\",\"itemListElement\":[{\"@type\":\"ListItem\",\"position\":1,\"name\":\"Home\",\"item\":\"https:\\\/\\\/oxceed.com\\\/se\\\/\"},{\"@type\":\"ListItem\",\"position\":2,\"name\":\"Guider\",\"item\":\"https:\\\/\\\/oxceed.com\\\/se\\\/guider\\\/\"},{\"@type\":\"ListItem\",\"position\":3,\"name\":\"Branschrapport redovisningsbyr\u00e5er 2025\"}]},{\"@type\":\"WebSite\",\"@id\":\"https:\\\/\\\/oxceed.com\\\/se\\\/#website\",\"url\":\"https:\\\/\\\/oxceed.com\\\/se\\\/\",\"name\":\"Oxceed Sweden\",\"description\":\"Fatta b\u00e4ttre beslut med Oxceed\",\"potentialAction\":[{\"@type\":\"SearchAction\",\"target\":{\"@type\":\"EntryPoint\",\"urlTemplate\":\"https:\\\/\\\/oxceed.com\\\/se\\\/?s={search_term_string}\"},\"query-input\":{\"@type\":\"PropertyValueSpecification\",\"valueRequired\":true,\"valueName\":\"search_term_string\"}}],\"inLanguage\":\"en-GB\"}]}<\/script>\n<!-- \/ Yoast SEO Premium plugin. -->","yoast_head_json":{"title":"Branschrapport redovisningsbyr\u00e5er 2025 - Oxceed Sweden","robots":{"index":"index","follow":"follow","max-snippet":"max-snippet:-1","max-image-preview":"max-image-preview:large","max-video-preview":"max-video-preview:-1"},"canonical":"https:\/\/oxceed.com\/se\/guider\/branschrapport-redovisningsbyraer-2025\/","og_locale":"en_GB","og_type":"article","og_title":"Branschrapport redovisningsbyr\u00e5er 2025","og_description":"Branschrapport:Redovisningsbyr\u00e5er 2025 Trender i redovisningsbranschen 2025 I branschrapporten sammanfattas bokf\u00f6ringsdata fr\u00e5n \u00f6ver 170 redovisningsbyr\u00e5er med fokus p\u00e5 oms\u00e4ttning, kostnader och l\u00f6nsamhet. Rapporten visar bland annat: En blygsam oms\u00e4ttningsutveckling Tydlig \u00f6kning i EBITDA Stillast\u00e5ende personalkostnader Hur st\u00e5r sig din byr\u00e5 mot branschen? Fyll i dina uppgifter och f\u00e5 rapporten direkt till din mail.\u00a0 Fyll i dina [&hellip;]","og_url":"https:\/\/oxceed.com\/se\/guider\/branschrapport-redovisningsbyraer-2025\/","og_site_name":"Oxceed Sweden","article_modified_time":"2026-03-30T08:02:03+00:00","twitter_card":"summary_large_image","twitter_misc":{"Estimated reading time":"1 minute"},"schema":{"@context":"https:\/\/schema.org","@graph":[{"@type":"WebPage","@id":"https:\/\/oxceed.com\/se\/guider\/branschrapport-redovisningsbyraer-2025\/","url":"https:\/\/oxceed.com\/se\/guider\/branschrapport-redovisningsbyraer-2025\/","name":"Branschrapport redovisningsbyr\u00e5er 2025 - Oxceed Sweden","isPartOf":{"@id":"https:\/\/oxceed.com\/se\/#website"},"datePublished":"2026-03-26T13:19:04+00:00","dateModified":"2026-03-30T08:02:03+00:00","breadcrumb":{"@id":"https:\/\/oxceed.com\/se\/guider\/branschrapport-redovisningsbyraer-2025\/#breadcrumb"},"inLanguage":"en-GB","potentialAction":[{"@type":"ReadAction","target":["https:\/\/oxceed.com\/se\/guider\/branschrapport-redovisningsbyraer-2025\/"]}]},{"@type":"BreadcrumbList","@id":"https:\/\/oxceed.com\/se\/guider\/branschrapport-redovisningsbyraer-2025\/#breadcrumb","itemListElement":[{"@type":"ListItem","position":1,"name":"Home","item":"https:\/\/oxceed.com\/se\/"},{"@type":"ListItem","position":2,"name":"Guider","item":"https:\/\/oxceed.com\/se\/guider\/"},{"@type":"ListItem","position":3,"name":"Branschrapport redovisningsbyr\u00e5er 2025"}]},{"@type":"WebSite","@id":"https:\/\/oxceed.com\/se\/#website","url":"https:\/\/oxceed.com\/se\/","name":"Oxceed Sweden","description":"Fatta b\u00e4ttre beslut med Oxceed","potentialAction":[{"@type":"SearchAction","target":{"@type":"EntryPoint","urlTemplate":"https:\/\/oxceed.com\/se\/?s={search_term_string}"},"query-input":{"@type":"PropertyValueSpecification","valueRequired":true,"valueName":"search_term_string"}}],"inLanguage":"en-GB"}]}},"_links":{"self":[{"href":"https:\/\/oxceed.com\/se\/wp-json\/wp\/v2\/pages\/40732","targetHints":{"allow":["GET"]}}],"collection":[{"href":"https:\/\/oxceed.com\/se\/wp-json\/wp\/v2\/pages"}],"about":[{"href":"https:\/\/oxceed.com\/se\/wp-json\/wp\/v2\/types\/page"}],"author":[{"embeddable":true,"href":"https:\/\/oxceed.com\/se\/wp-json\/wp\/v2\/users\/7"}],"replies":[{"embeddable":true,"href":"https:\/\/oxceed.com\/se\/wp-json\/wp\/v2\/comments?post=40732"}],"version-history":[{"count":19,"href":"https:\/\/oxceed.com\/se\/wp-json\/wp\/v2\/pages\/40732\/revisions"}],"predecessor-version":[{"id":40790,"href":"https:\/\/oxceed.com\/se\/wp-json\/wp\/v2\/pages\/40732\/revisions\/40790"}],"up":[{"embeddable":true,"href":"https:\/\/oxceed.com\/se\/wp-json\/wp\/v2\/pages\/16004"}],"wp:attachment":[{"href":"https:\/\/oxceed.com\/se\/wp-json\/wp\/v2\/media?parent=40732"}],"curies":[{"name":"wp","href":"https:\/\/api.w.org\/{rel}","templated":true}]}}