{"id":40740,"date":"2026-03-27T15:11:51","date_gmt":"2026-03-27T14:11:51","guid":{"rendered":"https:\/\/oxceed.com\/se\/?page_id=40740"},"modified":"2026-04-17T12:24:20","modified_gmt":"2026-04-17T10:24:20","slug":"hallbarhet-som-affarsfordel","status":"publish","type":"page","link":"https:\/\/oxceed.com\/se\/webinar\/hallbarhet-som-affarsfordel\/","title":{"rendered":"H\u00e5llbarhet som aff\u00e4rsf\u00f6rdel"},"content":{"rendered":"\t\t<div data-elementor-type=\"wp-page\" data-elementor-id=\"40740\" class=\"elementor elementor-40740\" data-elementor-post-type=\"page\">\n\t\t\t\t<div class=\"elementor-element elementor-element-2711f72 e-flex e-con-boxed elementor-invisible e-con e-parent\" data-id=\"2711f72\" data-element_type=\"container\" data-e-type=\"container\" data-settings=\"{&quot;jet_parallax_layout_list&quot;:[{&quot;jet_parallax_layout_image&quot;:{&quot;url&quot;:&quot;&quot;,&quot;id&quot;:&quot;&quot;,&quot;size&quot;:&quot;&quot;},&quot;_id&quot;:&quot;b6f69a7&quot;,&quot;jet_parallax_layout_image_tablet&quot;:{&quot;url&quot;:&quot;&quot;,&quot;id&quot;:&quot;&quot;,&quot;size&quot;:&quot;&quot;},&quot;jet_parallax_layout_image_mobile&quot;:{&quot;url&quot;:&quot;&quot;,&quot;id&quot;:&quot;&quot;,&quot;size&quot;:&quot;&quot;},&quot;jet_parallax_layout_speed&quot;:{&quot;unit&quot;:&quot;%&quot;,&quot;size&quot;:50,&quot;sizes&quot;:[]},&quot;jet_parallax_layout_type&quot;:&quot;scroll&quot;,&quot;jet_parallax_layout_direction&quot;:&quot;1&quot;,&quot;jet_parallax_layout_fx_direction&quot;:null,&quot;jet_parallax_layout_z_index&quot;:&quot;&quot;,&quot;jet_parallax_layout_bg_x&quot;:50,&quot;jet_parallax_layout_bg_x_tablet&quot;:&quot;&quot;,&quot;jet_parallax_layout_bg_x_mobile&quot;:&quot;&quot;,&quot;jet_parallax_layout_bg_y&quot;:50,&quot;jet_parallax_layout_bg_y_tablet&quot;:&quot;&quot;,&quot;jet_parallax_layout_bg_y_mobile&quot;:&quot;&quot;,&quot;jet_parallax_layout_bg_size&quot;:&quot;auto&quot;,&quot;jet_parallax_layout_bg_size_tablet&quot;:&quot;&quot;,&quot;jet_parallax_layout_bg_size_mobile&quot;:&quot;&quot;,&quot;jet_parallax_layout_animation_prop&quot;:&quot;transform&quot;,&quot;jet_parallax_layout_on&quot;:[&quot;desktop&quot;,&quot;tablet&quot;]}],&quot;animation&quot;:&quot;fadeIn&quot;}\">\n\t\t\t\t\t<div class=\"e-con-inner\">\n\t\t<div class=\"elementor-element elementor-element-46d531a e-con-full e-flex e-con e-child\" data-id=\"46d531a\" data-element_type=\"container\" data-e-type=\"container\" data-settings=\"{&quot;jet_parallax_layout_list&quot;:[]}\">\n\t\t<div class=\"elementor-element elementor-element-82efee5 e-con-full e-flex e-con e-child\" data-id=\"82efee5\" data-element_type=\"container\" data-e-type=\"container\" data-settings=\"{&quot;jet_parallax_layout_list&quot;:[]}\">\n\t\t<div class=\"elementor-element elementor-element-c62dc31 e-con-full e-flex e-con e-child\" data-id=\"c62dc31\" data-element_type=\"container\" data-e-type=\"container\" data-settings=\"{&quot;jet_parallax_layout_list&quot;:[]}\">\n\t\t\t\t<div class=\"elementor-element elementor-element-09cdab8 elementor-widget elementor-widget-heading\" data-id=\"09cdab8\" data-element_type=\"widget\" data-e-type=\"widget\" data-widget_type=\"heading.default\">\n\t\t\t\t\t<h1 class=\"elementor-heading-title elementor-size-default\"><font color=\"#00b0ad\">On-demand: <\/font><span data-teams=\"true\">H\u00e5llbarhet som aff\u00e4rsf\u00f6rdel<\/span><\/h1>\t\t\t\t<\/div>\n\t\t\t\t<\/div>\n\t\t<div class=\"elementor-element elementor-element-6e3361d e-con-full e-flex e-con e-child\" data-id=\"6e3361d\" data-element_type=\"container\" data-e-type=\"container\" data-settings=\"{&quot;jet_parallax_layout_list&quot;:[]}\">\n\t\t\t\t<div class=\"elementor-element elementor-element-ecea0d2 elementor-widget__width-initial elementor-widget elementor-widget-text-editor\" data-id=\"ecea0d2\" data-element_type=\"widget\" data-e-type=\"widget\" data-widget_type=\"text-editor.default\">\n\t\t\t\t\t\t\t\t\t<p><b>Vad g\u00e4ller nu och hur du kommer ig\u00e5ng<\/b><\/p><p>H\u00e5llbarhetskraven p\u00e5verkar redan idag hur f\u00f6retag bed\u00f6ms i aff\u00e4rsrelationer och upphandlingar. Samtidigt \u00e4r det inte alltid tydligt vad som faktiskt g\u00e4ller just nu, eller hur du kommer ig\u00e5ng p\u00e5 ett enkelt och aff\u00e4rsn\u00e4ra s\u00e4tt.<\/p><p>I det h\u00e4r webinaret pratar vi om hur du kan arbeta strukturerat och aff\u00e4rsdrivet med h\u00e5llbarhet, utan att g\u00f6ra det on\u00f6digt kr\u00e5ngligt.<\/p><p><b>Du f\u00e5r bland annat med dig:<\/b><\/p><ul><li>Hur h\u00e5llbarhetsdata anv\u00e4nds i aff\u00e4rsbeslut och upphandlingar<\/li><li>Vilken h\u00e5llbarhetsdata som \u00e4r viktig idag<\/li><li>Hur du tar fram den direkt fr\u00e5n din befintliga ekonomidata<\/li><li>Vad du riskerar att missa om h\u00e5llbarhetsdata inte finns p\u00e5 plats<\/li><\/ul><p>Don Callias, h\u00e5llbarhetsexpert p\u00e5 GoClimate, guidar dig genom vad som \u00e4r relevant efter CSRD, OMNIBUS och den nya VSME\u2011standarden.<\/p><p>Vi visar \u00e4ven kort hur <b>H\u00e5llbarhetsanalys i Oxceed<\/b>\u00a0fungerar i praktiken.<\/p><p>Fyll i formul\u00e4ret f\u00f6r att se inspelningen n\u00e4r det passar dig.\u00a0<\/p>\t\t\t\t\t\t\t\t<\/div>\n\t\t\t\t<\/div>\n\t\t<div class=\"elementor-element elementor-element-b6f6c28 e-con-full e-flex e-con e-child\" data-id=\"b6f6c28\" data-element_type=\"container\" data-e-type=\"container\" data-settings=\"{&quot;jet_parallax_layout_list&quot;:[]}\">\n\t\t<div class=\"elementor-element elementor-element-3e4330d e-con-full e-flex e-con e-child\" data-id=\"3e4330d\" data-element_type=\"container\" data-e-type=\"container\" data-settings=\"{&quot;jet_parallax_layout_list&quot;:[{&quot;jet_parallax_layout_image&quot;:{&quot;url&quot;:&quot;&quot;,&quot;id&quot;:&quot;&quot;,&quot;size&quot;:&quot;&quot;},&quot;_id&quot;:&quot;8bc1bd6&quot;,&quot;jet_parallax_layout_image_tablet&quot;:{&quot;url&quot;:&quot;&quot;,&quot;id&quot;:&quot;&quot;,&quot;size&quot;:&quot;&quot;},&quot;jet_parallax_layout_image_mobile&quot;:{&quot;url&quot;:&quot;&quot;,&quot;id&quot;:&quot;&quot;,&quot;size&quot;:&quot;&quot;},&quot;jet_parallax_layout_speed&quot;:{&quot;unit&quot;:&quot;%&quot;,&quot;size&quot;:50,&quot;sizes&quot;:[]},&quot;jet_parallax_layout_type&quot;:&quot;scroll&quot;,&quot;jet_parallax_layout_direction&quot;:&quot;1&quot;,&quot;jet_parallax_layout_fx_direction&quot;:null,&quot;jet_parallax_layout_z_index&quot;:&quot;&quot;,&quot;jet_parallax_layout_bg_x&quot;:50,&quot;jet_parallax_layout_bg_x_tablet&quot;:&quot;&quot;,&quot;jet_parallax_layout_bg_x_mobile&quot;:&quot;&quot;,&quot;jet_parallax_layout_bg_y&quot;:50,&quot;jet_parallax_layout_bg_y_tablet&quot;:&quot;&quot;,&quot;jet_parallax_layout_bg_y_mobile&quot;:&quot;&quot;,&quot;jet_parallax_layout_bg_size&quot;:&quot;auto&quot;,&quot;jet_parallax_layout_bg_size_tablet&quot;:&quot;&quot;,&quot;jet_parallax_layout_bg_size_mobile&quot;:&quot;&quot;,&quot;jet_parallax_layout_animation_prop&quot;:&quot;transform&quot;,&quot;jet_parallax_layout_on&quot;:[&quot;desktop&quot;,&quot;tablet&quot;]}]}\">\n\t\t<div class=\"elementor-element elementor-element-eca1543 e-con-full e-flex e-con e-child\" data-id=\"eca1543\" data-element_type=\"container\" data-e-type=\"container\" data-settings=\"{&quot;jet_parallax_layout_list&quot;:[]}\">\n\t\t\t\t<div class=\"elementor-element elementor-element-8a4ea3d elementor-widget elementor-widget-image\" data-id=\"8a4ea3d\" data-element_type=\"widget\" data-e-type=\"widget\" data-widget_type=\"image.default\">\n\t\t\t\t\t\t\t\t\t\t\t\t\t\t\t<img loading=\"lazy\" decoding=\"async\" width=\"150\" height=\"150\" src=\"https:\/\/oxceed.com\/se\/wp-content\/uploads\/sites\/21\/2026\/03\/Don_callias-150x150.webp\" class=\"attachment-thumbnail size-thumbnail wp-image-40742\" alt=\"\" srcset=\"https:\/\/oxceed.com\/se\/wp-content\/uploads\/sites\/21\/2026\/03\/Don_callias-150x150.webp 150w, https:\/\/oxceed.com\/se\/wp-content\/uploads\/sites\/21\/2026\/03\/Don_callias.webp 1920w, https:\/\/oxceed.com\/se\/wp-content\/uploads\/sites\/21\/2026\/03\/Don_callias-768x768.webp 768w, https:\/\/oxceed.com\/se\/wp-content\/uploads\/sites\/21\/2026\/03\/Don_callias-1536x1536.webp 1536w, https:\/\/oxceed.com\/se\/wp-content\/uploads\/sites\/21\/2026\/03\/Don_callias-360x360.webp 360w\" sizes=\"auto, (max-width: 150px) 100vw, 150px\" \/>\t\t\t\t\t\t\t\t\t\t\t\t\t\t\t<\/div>\n\t\t\t\t<\/div>\n\t\t<div class=\"elementor-element elementor-element-51f848f e-con-full e-flex e-con e-child\" data-id=\"51f848f\" data-element_type=\"container\" data-e-type=\"container\" data-settings=\"{&quot;jet_parallax_layout_list&quot;:[]}\">\n\t\t\t\t<div class=\"elementor-element elementor-element-ee9d07f elementor-widget elementor-widget-heading\" data-id=\"ee9d07f\" data-element_type=\"widget\" data-e-type=\"widget\" data-widget_type=\"heading.default\">\n\t\t\t\t\t<span class=\"elementor-heading-title elementor-size-default\">Don Callias<\/span>\t\t\t\t<\/div>\n\t\t\t\t<div class=\"elementor-element elementor-element-cc14f46 elementor-widget elementor-widget-text-editor\" data-id=\"cc14f46\" data-element_type=\"widget\" data-e-type=\"widget\" data-widget_type=\"text-editor.default\">\n\t\t\t\t\t\t\t\t\t<p><span class=\"TextRun SCXW255352412 BCX0\" lang=\"SV-SE\" xml:lang=\"SV-SE\" data-contrast=\"auto\"><span class=\"NormalTextRun SCXW255352412 BCX0\">H\u00e5llbarhetsexpert\u00a0<\/span><\/span><\/p><p><b>GoClimate<\/b><\/p>\t\t\t\t\t\t\t\t<\/div>\n\t\t\t\t<\/div>\n\t\t\t\t<\/div>\n\t\t<div class=\"elementor-element elementor-element-05bf994 e-con-full e-flex e-con e-child\" data-id=\"05bf994\" data-element_type=\"container\" data-e-type=\"container\" data-settings=\"{&quot;jet_parallax_layout_list&quot;:[{&quot;jet_parallax_layout_image&quot;:{&quot;url&quot;:&quot;&quot;,&quot;id&quot;:&quot;&quot;,&quot;size&quot;:&quot;&quot;},&quot;_id&quot;:&quot;8bc1bd6&quot;,&quot;jet_parallax_layout_image_tablet&quot;:{&quot;url&quot;:&quot;&quot;,&quot;id&quot;:&quot;&quot;,&quot;size&quot;:&quot;&quot;},&quot;jet_parallax_layout_image_mobile&quot;:{&quot;url&quot;:&quot;&quot;,&quot;id&quot;:&quot;&quot;,&quot;size&quot;:&quot;&quot;},&quot;jet_parallax_layout_speed&quot;:{&quot;unit&quot;:&quot;%&quot;,&quot;size&quot;:50,&quot;sizes&quot;:[]},&quot;jet_parallax_layout_type&quot;:&quot;scroll&quot;,&quot;jet_parallax_layout_direction&quot;:&quot;1&quot;,&quot;jet_parallax_layout_fx_direction&quot;:null,&quot;jet_parallax_layout_z_index&quot;:&quot;&quot;,&quot;jet_parallax_layout_bg_x&quot;:50,&quot;jet_parallax_layout_bg_x_tablet&quot;:&quot;&quot;,&quot;jet_parallax_layout_bg_x_mobile&quot;:&quot;&quot;,&quot;jet_parallax_layout_bg_y&quot;:50,&quot;jet_parallax_layout_bg_y_tablet&quot;:&quot;&quot;,&quot;jet_parallax_layout_bg_y_mobile&quot;:&quot;&quot;,&quot;jet_parallax_layout_bg_size&quot;:&quot;auto&quot;,&quot;jet_parallax_layout_bg_size_tablet&quot;:&quot;&quot;,&quot;jet_parallax_layout_bg_size_mobile&quot;:&quot;&quot;,&quot;jet_parallax_layout_animation_prop&quot;:&quot;transform&quot;,&quot;jet_parallax_layout_on&quot;:[&quot;desktop&quot;,&quot;tablet&quot;]}]}\">\n\t\t<div class=\"elementor-element elementor-element-671d566 e-con-full e-flex e-con e-child\" data-id=\"671d566\" data-element_type=\"container\" data-e-type=\"container\" data-settings=\"{&quot;jet_parallax_layout_list&quot;:[]}\">\n\t\t\t\t<div class=\"elementor-element elementor-element-acb9b51 elementor-widget elementor-widget-image\" data-id=\"acb9b51\" data-element_type=\"widget\" data-e-type=\"widget\" data-widget_type=\"image.default\">\n\t\t\t\t\t\t\t\t\t\t\t\t\t\t\t<img loading=\"lazy\" decoding=\"async\" width=\"150\" height=\"150\" src=\"https:\/\/oxceed.com\/se\/wp-content\/uploads\/sites\/21\/2023\/11\/DSC8326-150x150.jpg\" class=\"attachment-thumbnail size-thumbnail wp-image-22887\" alt=\"\" srcset=\"https:\/\/oxceed.com\/se\/wp-content\/uploads\/sites\/21\/2023\/11\/DSC8326-150x150.jpg 150w, https:\/\/oxceed.com\/se\/wp-content\/uploads\/sites\/21\/2023\/11\/DSC8326-300x300.jpg 300w, https:\/\/oxceed.com\/se\/wp-content\/uploads\/sites\/21\/2023\/11\/DSC8326-1024x1024.jpg 1024w, https:\/\/oxceed.com\/se\/wp-content\/uploads\/sites\/21\/2023\/11\/DSC8326-768x768.jpg 768w, https:\/\/oxceed.com\/se\/wp-content\/uploads\/sites\/21\/2023\/11\/DSC8326-1536x1536.jpg 1536w, https:\/\/oxceed.com\/se\/wp-content\/uploads\/sites\/21\/2023\/11\/DSC8326-2048x2048.jpg 2048w\" sizes=\"auto, (max-width: 150px) 100vw, 150px\" \/>\t\t\t\t\t\t\t\t\t\t\t\t\t\t\t<\/div>\n\t\t\t\t<\/div>\n\t\t<div class=\"elementor-element elementor-element-6ce1806 e-con-full e-flex e-con e-child\" data-id=\"6ce1806\" data-element_type=\"container\" data-e-type=\"container\" data-settings=\"{&quot;jet_parallax_layout_list&quot;:[]}\">\n\t\t\t\t<div class=\"elementor-element elementor-element-5943b8d elementor-widget elementor-widget-heading\" data-id=\"5943b8d\" data-element_type=\"widget\" data-e-type=\"widget\" data-widget_type=\"heading.default\">\n\t\t\t\t\t<span class=\"elementor-heading-title elementor-size-default\">Linnea Strandlund S\u00f6derling<\/span>\t\t\t\t<\/div>\n\t\t\t\t<div class=\"elementor-element elementor-element-44ae2cf elementor-widget elementor-widget-text-editor\" data-id=\"44ae2cf\" data-element_type=\"widget\" data-e-type=\"widget\" data-widget_type=\"text-editor.default\">\n\t\t\t\t\t\t\t\t\t<p><span class=\"NormalTextRun SCXW231229570 BCX0\" data-ccp-parastyle=\"Normal (Web)\">Marketing<\/span><\/p><p><strong>Oxceed\u00a0<\/strong><\/p>\t\t\t\t\t\t\t\t<\/div>\n\t\t\t\t<\/div>\n\t\t\t\t<\/div>\n\t\t\t\t<\/div>\n\t\t\t\t<\/div>\n\t\t<div class=\"elementor-element elementor-element-7b1018d e-con-full e-flex e-con e-child\" data-id=\"7b1018d\" data-element_type=\"container\" data-e-type=\"container\" data-settings=\"{&quot;jet_parallax_layout_list&quot;:[]}\">\n\t\t<div class=\"elementor-element elementor-element-601933c e-con-full e-flex e-con e-child\" data-id=\"601933c\" data-element_type=\"container\" data-e-type=\"container\" data-settings=\"{&quot;jet_parallax_layout_list&quot;:[]}\">\n\t\t\t\t<div class=\"elementor-element elementor-element-9c2ceb9 elementor-widget elementor-widget-html\" data-id=\"9c2ceb9\" data-element_type=\"widget\" data-e-type=\"widget\" data-widget_type=\"html.default\">\n\t\t\t\t\t <iframe loading=\"lazy\" src=\"https:\/\/pages.upsales.com\/12029u7e5f7aae362f48ccad47632d9e353924-frame\" width=\"360\" height=\"663\" style=\"border:0\"><\/iframe>\t\t\t\t<\/div>\n\t\t\t\t<\/div>\n\t\t\t\t<\/div>\n\t\t\t\t<\/div>\n\t\t\t\t\t<\/div>\n\t\t\t\t<\/div>\n\t\t\t\t<\/div>\n\t\t","protected":false},"excerpt":{"rendered":"<p>On-demand: H\u00e5llbarhet som aff\u00e4rsf\u00f6rdel Vad g\u00e4ller nu och hur du kommer ig\u00e5ng H\u00e5llbarhetskraven p\u00e5verkar redan idag hur f\u00f6retag bed\u00f6ms i aff\u00e4rsrelationer och upphandlingar. Samtidigt \u00e4r det inte alltid tydligt vad som faktiskt g\u00e4ller just nu, eller hur du kommer ig\u00e5ng p\u00e5 ett enkelt och aff\u00e4rsn\u00e4ra s\u00e4tt. I det h\u00e4r webinaret pratar vi om hur du [&hellip;]<\/p>\n","protected":false},"author":7,"featured_media":0,"parent":15745,"menu_order":0,"comment_status":"closed","ping_status":"closed","template":"","meta":{"_acf_changed":false,"_trash_the_other_posts":false,"editor_notices":[],"footnotes":""},"class_list":["post-40740","page","type-page","status-publish","hentry"],"acf":[],"yoast_head":"<!-- This site is optimized with the Yoast SEO Premium plugin v26.5 (Yoast SEO v27.4) - https:\/\/yoast.com\/product\/yoast-seo-premium-wordpress\/ -->\n<title>H\u00e5llbarhet som aff\u00e4rsf\u00f6rdel - Oxceed Sweden<\/title>\n<meta name=\"robots\" content=\"index, follow, max-snippet:-1, max-image-preview:large, max-video-preview:-1\" \/>\n<link rel=\"canonical\" href=\"https:\/\/oxceed.com\/se\/webinar\/hallbarhet-som-affarsfordel\/\" \/>\n<meta property=\"og:locale\" content=\"en_GB\" \/>\n<meta property=\"og:type\" content=\"article\" \/>\n<meta property=\"og:title\" content=\"H\u00e5llbarhet som aff\u00e4rsf\u00f6rdel\" \/>\n<meta property=\"og:description\" content=\"On-demand: H\u00e5llbarhet som aff\u00e4rsf\u00f6rdel Vad g\u00e4ller nu och hur du kommer ig\u00e5ng H\u00e5llbarhetskraven p\u00e5verkar redan idag hur f\u00f6retag bed\u00f6ms i aff\u00e4rsrelationer och upphandlingar. Samtidigt \u00e4r det inte alltid tydligt vad som faktiskt g\u00e4ller just nu, eller hur du kommer ig\u00e5ng p\u00e5 ett enkelt och aff\u00e4rsn\u00e4ra s\u00e4tt. I det h\u00e4r webinaret pratar vi om hur du [&hellip;]\" \/>\n<meta property=\"og:url\" content=\"https:\/\/oxceed.com\/se\/webinar\/hallbarhet-som-affarsfordel\/\" \/>\n<meta property=\"og:site_name\" content=\"Oxceed Sweden\" \/>\n<meta property=\"article:modified_time\" content=\"2026-04-17T10:24:20+00:00\" \/>\n<meta property=\"og:image\" content=\"https:\/\/oxceed.com\/se\/wp-content\/uploads\/sites\/21\/2026\/03\/Don_callias.webp\" \/>\n\t<meta property=\"og:image:width\" content=\"1920\" \/>\n\t<meta property=\"og:image:height\" content=\"1920\" \/>\n\t<meta property=\"og:image:type\" content=\"image\/webp\" \/>\n<meta name=\"twitter:card\" content=\"summary_large_image\" \/>\n<meta name=\"twitter:label1\" content=\"Estimated reading time\" \/>\n\t<meta name=\"twitter:data1\" content=\"1 minute\" \/>\n<script type=\"application\/ld+json\" class=\"yoast-schema-graph\">{\"@context\":\"https:\\\/\\\/schema.org\",\"@graph\":[{\"@type\":\"WebPage\",\"@id\":\"https:\\\/\\\/oxceed.com\\\/se\\\/webinar\\\/hallbarhet-som-affarsfordel\\\/\",\"url\":\"https:\\\/\\\/oxceed.com\\\/se\\\/webinar\\\/hallbarhet-som-affarsfordel\\\/\",\"name\":\"H\u00e5llbarhet som aff\u00e4rsf\u00f6rdel - Oxceed Sweden\",\"isPartOf\":{\"@id\":\"https:\\\/\\\/oxceed.com\\\/se\\\/#website\"},\"primaryImageOfPage\":{\"@id\":\"https:\\\/\\\/oxceed.com\\\/se\\\/webinar\\\/hallbarhet-som-affarsfordel\\\/#primaryimage\"},\"image\":{\"@id\":\"https:\\\/\\\/oxceed.com\\\/se\\\/webinar\\\/hallbarhet-som-affarsfordel\\\/#primaryimage\"},\"thumbnailUrl\":\"https:\\\/\\\/oxceed.com\\\/se\\\/wp-content\\\/uploads\\\/sites\\\/21\\\/2026\\\/03\\\/Don_callias-150x150.webp\",\"datePublished\":\"2026-03-27T14:11:51+00:00\",\"dateModified\":\"2026-04-17T10:24:20+00:00\",\"breadcrumb\":{\"@id\":\"https:\\\/\\\/oxceed.com\\\/se\\\/webinar\\\/hallbarhet-som-affarsfordel\\\/#breadcrumb\"},\"inLanguage\":\"en-GB\",\"potentialAction\":[{\"@type\":\"ReadAction\",\"target\":[\"https:\\\/\\\/oxceed.com\\\/se\\\/webinar\\\/hallbarhet-som-affarsfordel\\\/\"]}]},{\"@type\":\"ImageObject\",\"inLanguage\":\"en-GB\",\"@id\":\"https:\\\/\\\/oxceed.com\\\/se\\\/webinar\\\/hallbarhet-som-affarsfordel\\\/#primaryimage\",\"url\":\"https:\\\/\\\/oxceed.com\\\/se\\\/wp-content\\\/uploads\\\/sites\\\/21\\\/2026\\\/03\\\/Don_callias.webp\",\"contentUrl\":\"https:\\\/\\\/oxceed.com\\\/se\\\/wp-content\\\/uploads\\\/sites\\\/21\\\/2026\\\/03\\\/Don_callias.webp\",\"width\":1920,\"height\":1920},{\"@type\":\"BreadcrumbList\",\"@id\":\"https:\\\/\\\/oxceed.com\\\/se\\\/webinar\\\/hallbarhet-som-affarsfordel\\\/#breadcrumb\",\"itemListElement\":[{\"@type\":\"ListItem\",\"position\":1,\"name\":\"Home\",\"item\":\"https:\\\/\\\/oxceed.com\\\/se\\\/\"},{\"@type\":\"ListItem\",\"position\":2,\"name\":\"Webinar\",\"item\":\"https:\\\/\\\/oxceed.com\\\/se\\\/webinar\\\/\"},{\"@type\":\"ListItem\",\"position\":3,\"name\":\"H\u00e5llbarhet som aff\u00e4rsf\u00f6rdel\"}]},{\"@type\":\"WebSite\",\"@id\":\"https:\\\/\\\/oxceed.com\\\/se\\\/#website\",\"url\":\"https:\\\/\\\/oxceed.com\\\/se\\\/\",\"name\":\"Oxceed Sweden\",\"description\":\"Fatta b\u00e4ttre beslut med Oxceed\",\"potentialAction\":[{\"@type\":\"SearchAction\",\"target\":{\"@type\":\"EntryPoint\",\"urlTemplate\":\"https:\\\/\\\/oxceed.com\\\/se\\\/?s={search_term_string}\"},\"query-input\":{\"@type\":\"PropertyValueSpecification\",\"valueRequired\":true,\"valueName\":\"search_term_string\"}}],\"inLanguage\":\"en-GB\"}]}<\/script>\n<!-- \/ Yoast SEO Premium plugin. -->","yoast_head_json":{"title":"H\u00e5llbarhet som aff\u00e4rsf\u00f6rdel - Oxceed Sweden","robots":{"index":"index","follow":"follow","max-snippet":"max-snippet:-1","max-image-preview":"max-image-preview:large","max-video-preview":"max-video-preview:-1"},"canonical":"https:\/\/oxceed.com\/se\/webinar\/hallbarhet-som-affarsfordel\/","og_locale":"en_GB","og_type":"article","og_title":"H\u00e5llbarhet som aff\u00e4rsf\u00f6rdel","og_description":"On-demand: H\u00e5llbarhet som aff\u00e4rsf\u00f6rdel Vad g\u00e4ller nu och hur du kommer ig\u00e5ng H\u00e5llbarhetskraven p\u00e5verkar redan idag hur f\u00f6retag bed\u00f6ms i aff\u00e4rsrelationer och upphandlingar. Samtidigt \u00e4r det inte alltid tydligt vad som faktiskt g\u00e4ller just nu, eller hur du kommer ig\u00e5ng p\u00e5 ett enkelt och aff\u00e4rsn\u00e4ra s\u00e4tt. I det h\u00e4r webinaret pratar vi om hur du [&hellip;]","og_url":"https:\/\/oxceed.com\/se\/webinar\/hallbarhet-som-affarsfordel\/","og_site_name":"Oxceed Sweden","article_modified_time":"2026-04-17T10:24:20+00:00","og_image":[{"width":1920,"height":1920,"url":"https:\/\/oxceed.com\/se\/wp-content\/uploads\/sites\/21\/2026\/03\/Don_callias.webp","type":"image\/webp"}],"twitter_card":"summary_large_image","twitter_misc":{"Estimated reading time":"1 minute"},"schema":{"@context":"https:\/\/schema.org","@graph":[{"@type":"WebPage","@id":"https:\/\/oxceed.com\/se\/webinar\/hallbarhet-som-affarsfordel\/","url":"https:\/\/oxceed.com\/se\/webinar\/hallbarhet-som-affarsfordel\/","name":"H\u00e5llbarhet som aff\u00e4rsf\u00f6rdel - Oxceed Sweden","isPartOf":{"@id":"https:\/\/oxceed.com\/se\/#website"},"primaryImageOfPage":{"@id":"https:\/\/oxceed.com\/se\/webinar\/hallbarhet-som-affarsfordel\/#primaryimage"},"image":{"@id":"https:\/\/oxceed.com\/se\/webinar\/hallbarhet-som-affarsfordel\/#primaryimage"},"thumbnailUrl":"https:\/\/oxceed.com\/se\/wp-content\/uploads\/sites\/21\/2026\/03\/Don_callias-150x150.webp","datePublished":"2026-03-27T14:11:51+00:00","dateModified":"2026-04-17T10:24:20+00:00","breadcrumb":{"@id":"https:\/\/oxceed.com\/se\/webinar\/hallbarhet-som-affarsfordel\/#breadcrumb"},"inLanguage":"en-GB","potentialAction":[{"@type":"ReadAction","target":["https:\/\/oxceed.com\/se\/webinar\/hallbarhet-som-affarsfordel\/"]}]},{"@type":"ImageObject","inLanguage":"en-GB","@id":"https:\/\/oxceed.com\/se\/webinar\/hallbarhet-som-affarsfordel\/#primaryimage","url":"https:\/\/oxceed.com\/se\/wp-content\/uploads\/sites\/21\/2026\/03\/Don_callias.webp","contentUrl":"https:\/\/oxceed.com\/se\/wp-content\/uploads\/sites\/21\/2026\/03\/Don_callias.webp","width":1920,"height":1920},{"@type":"BreadcrumbList","@id":"https:\/\/oxceed.com\/se\/webinar\/hallbarhet-som-affarsfordel\/#breadcrumb","itemListElement":[{"@type":"ListItem","position":1,"name":"Home","item":"https:\/\/oxceed.com\/se\/"},{"@type":"ListItem","position":2,"name":"Webinar","item":"https:\/\/oxceed.com\/se\/webinar\/"},{"@type":"ListItem","position":3,"name":"H\u00e5llbarhet som aff\u00e4rsf\u00f6rdel"}]},{"@type":"WebSite","@id":"https:\/\/oxceed.com\/se\/#website","url":"https:\/\/oxceed.com\/se\/","name":"Oxceed Sweden","description":"Fatta b\u00e4ttre beslut med Oxceed","potentialAction":[{"@type":"SearchAction","target":{"@type":"EntryPoint","urlTemplate":"https:\/\/oxceed.com\/se\/?s={search_term_string}"},"query-input":{"@type":"PropertyValueSpecification","valueRequired":true,"valueName":"search_term_string"}}],"inLanguage":"en-GB"}]}},"_links":{"self":[{"href":"https:\/\/oxceed.com\/se\/wp-json\/wp\/v2\/pages\/40740","targetHints":{"allow":["GET"]}}],"collection":[{"href":"https:\/\/oxceed.com\/se\/wp-json\/wp\/v2\/pages"}],"about":[{"href":"https:\/\/oxceed.com\/se\/wp-json\/wp\/v2\/types\/page"}],"author":[{"embeddable":true,"href":"https:\/\/oxceed.com\/se\/wp-json\/wp\/v2\/users\/7"}],"replies":[{"embeddable":true,"href":"https:\/\/oxceed.com\/se\/wp-json\/wp\/v2\/comments?post=40740"}],"version-history":[{"count":34,"href":"https:\/\/oxceed.com\/se\/wp-json\/wp\/v2\/pages\/40740\/revisions"}],"predecessor-version":[{"id":41208,"href":"https:\/\/oxceed.com\/se\/wp-json\/wp\/v2\/pages\/40740\/revisions\/41208"}],"up":[{"embeddable":true,"href":"https:\/\/oxceed.com\/se\/wp-json\/wp\/v2\/pages\/15745"}],"wp:attachment":[{"href":"https:\/\/oxceed.com\/se\/wp-json\/wp\/v2\/media?parent=40740"}],"curies":[{"name":"wp","href":"https:\/\/api.w.org\/{rel}","templated":true}]}}