{"id":9367,"date":"2021-04-01T10:24:13","date_gmt":"2021-04-01T08:24:13","guid":{"rendered":"https:\/\/oxceed.com\/se\/?page_id=9367"},"modified":"2025-06-26T09:56:13","modified_gmt":"2025-06-26T07:56:13","slug":"jobb","status":"publish","type":"page","link":"https:\/\/oxceed.com\/se\/jobb\/","title":{"rendered":"Jobba p\u00e5 Oxceed"},"content":{"rendered":"\t\t<div data-elementor-type=\"wp-page\" data-elementor-id=\"9367\" class=\"elementor elementor-9367\" data-elementor-post-type=\"page\">\n\t\t\t\t\t\t<section class=\"elementor-section elementor-top-section elementor-element elementor-element-10124b3 elementor-section-boxed elementor-section-height-default elementor-section-height-default\" data-id=\"10124b3\" data-element_type=\"section\" data-e-type=\"section\" data-settings=\"{&quot;jet_parallax_layout_list&quot;:[{&quot;jet_parallax_layout_image&quot;:{&quot;url&quot;:&quot;&quot;,&quot;id&quot;:&quot;&quot;,&quot;size&quot;:&quot;&quot;},&quot;_id&quot;:&quot;092541c&quot;,&quot;jet_parallax_layout_image_tablet&quot;:{&quot;url&quot;:&quot;&quot;,&quot;id&quot;:&quot;&quot;,&quot;size&quot;:&quot;&quot;},&quot;jet_parallax_layout_image_mobile&quot;:{&quot;url&quot;:&quot;&quot;,&quot;id&quot;:&quot;&quot;,&quot;size&quot;:&quot;&quot;},&quot;jet_parallax_layout_speed&quot;:{&quot;unit&quot;:&quot;%&quot;,&quot;size&quot;:50,&quot;sizes&quot;:[]},&quot;jet_parallax_layout_type&quot;:&quot;scroll&quot;,&quot;jet_parallax_layout_direction&quot;:&quot;1&quot;,&quot;jet_parallax_layout_fx_direction&quot;:null,&quot;jet_parallax_layout_z_index&quot;:&quot;&quot;,&quot;jet_parallax_layout_bg_x&quot;:50,&quot;jet_parallax_layout_bg_x_tablet&quot;:&quot;&quot;,&quot;jet_parallax_layout_bg_x_mobile&quot;:&quot;&quot;,&quot;jet_parallax_layout_bg_y&quot;:50,&quot;jet_parallax_layout_bg_y_tablet&quot;:&quot;&quot;,&quot;jet_parallax_layout_bg_y_mobile&quot;:&quot;&quot;,&quot;jet_parallax_layout_bg_size&quot;:&quot;auto&quot;,&quot;jet_parallax_layout_bg_size_tablet&quot;:&quot;&quot;,&quot;jet_parallax_layout_bg_size_mobile&quot;:&quot;&quot;,&quot;jet_parallax_layout_animation_prop&quot;:&quot;transform&quot;,&quot;jet_parallax_layout_on&quot;:[&quot;desktop&quot;,&quot;tablet&quot;]}]}\">\n\t\t\t\t\t\t<div class=\"elementor-container elementor-column-gap-no\">\n\t\t\t\t\t<div class=\"elementor-column elementor-col-100 elementor-top-column elementor-element elementor-element-02a30b3\" data-id=\"02a30b3\" data-element_type=\"column\" data-e-type=\"column\">\n\t\t\t<div class=\"elementor-widget-wrap elementor-element-populated\">\n\t\t\t\t\t\t<div class=\"elementor-element elementor-element-51dce46 elementor-widget elementor-widget-heading\" data-id=\"51dce46\" data-element_type=\"widget\" data-e-type=\"widget\" data-widget_type=\"heading.default\">\n\t\t\t\t\t<h1 class=\"elementor-heading-title elementor-size-default\">Jobba p\u00e5 Oxceed<\/h1>\t\t\t\t<\/div>\n\t\t\t\t<div class=\"elementor-element elementor-element-ba9b544 elementor-widget elementor-widget-text-editor\" data-id=\"ba9b544\" data-element_type=\"widget\" data-e-type=\"widget\" data-widget_type=\"text-editor.default\">\n\t\t\t\t\t\t\t\t\t<p>Oxceed s\u00f6ker kontinuerligt efter kompetenta nya medarbetare f\u00f6r att f\u00f6rst\u00e4rka v\u00e5r organisation. Nedan finner du de tj\u00e4nster som vi rekryterar till just nu och \u00e4r alltid v\u00e4lkommen att skicka en spontanans\u00f6kan till <a href=\"mailto:career@oxceed.se\">career@oxceed.se<\/a>.\u00a0<\/p>\t\t\t\t\t\t\t\t<\/div>\n\t\t\t\t\t<\/div>\n\t\t<\/div>\n\t\t\t\t\t<\/div>\n\t\t<\/section>\n\t\t\t\t<section class=\"elementor-section elementor-top-section elementor-element elementor-element-4b7e5a8 elementor-section-boxed elementor-section-height-default elementor-section-height-default elementor-invisible\" data-id=\"4b7e5a8\" data-element_type=\"section\" data-e-type=\"section\" data-settings=\"{&quot;jet_parallax_layout_list&quot;:[{&quot;jet_parallax_layout_image&quot;:{&quot;url&quot;:&quot;&quot;,&quot;id&quot;:&quot;&quot;,&quot;size&quot;:&quot;&quot;},&quot;_id&quot;:&quot;38dc778&quot;,&quot;jet_parallax_layout_image_tablet&quot;:{&quot;url&quot;:&quot;&quot;,&quot;id&quot;:&quot;&quot;,&quot;size&quot;:&quot;&quot;},&quot;jet_parallax_layout_image_mobile&quot;:{&quot;url&quot;:&quot;&quot;,&quot;id&quot;:&quot;&quot;,&quot;size&quot;:&quot;&quot;},&quot;jet_parallax_layout_speed&quot;:{&quot;unit&quot;:&quot;%&quot;,&quot;size&quot;:50,&quot;sizes&quot;:[]},&quot;jet_parallax_layout_type&quot;:&quot;scroll&quot;,&quot;jet_parallax_layout_direction&quot;:&quot;1&quot;,&quot;jet_parallax_layout_fx_direction&quot;:null,&quot;jet_parallax_layout_z_index&quot;:&quot;&quot;,&quot;jet_parallax_layout_bg_x&quot;:50,&quot;jet_parallax_layout_bg_x_tablet&quot;:&quot;&quot;,&quot;jet_parallax_layout_bg_x_mobile&quot;:&quot;&quot;,&quot;jet_parallax_layout_bg_y&quot;:50,&quot;jet_parallax_layout_bg_y_tablet&quot;:&quot;&quot;,&quot;jet_parallax_layout_bg_y_mobile&quot;:&quot;&quot;,&quot;jet_parallax_layout_bg_size&quot;:&quot;auto&quot;,&quot;jet_parallax_layout_bg_size_tablet&quot;:&quot;&quot;,&quot;jet_parallax_layout_bg_size_mobile&quot;:&quot;&quot;,&quot;jet_parallax_layout_animation_prop&quot;:&quot;transform&quot;,&quot;jet_parallax_layout_on&quot;:[&quot;desktop&quot;,&quot;tablet&quot;]}],&quot;animation&quot;:&quot;fadeIn&quot;}\">\n\t\t\t\t\t\t<div class=\"elementor-container elementor-column-gap-no\">\n\t\t\t\t\t<div class=\"elementor-column elementor-col-100 elementor-top-column elementor-element elementor-element-43f9839\" data-id=\"43f9839\" data-element_type=\"column\" data-e-type=\"column\">\n\t\t\t<div class=\"elementor-widget-wrap elementor-element-populated\">\n\t\t\t\t\t\t<div class=\"elementor-element elementor-element-1d31d82 elementor-widget elementor-widget-heading\" data-id=\"1d31d82\" data-element_type=\"widget\" data-e-type=\"widget\" data-widget_type=\"heading.default\">\n\t\t\t\t\t<h2 class=\"elementor-heading-title elementor-size-default\">Senaste nytt fr\u00e5n oss<\/h2>\t\t\t\t<\/div>\n\t\t\t\t<div class=\"elementor-element elementor-element-d561311 elementor-widget__width-initial elementor-widget elementor-widget-text-editor\" data-id=\"d561311\" data-element_type=\"widget\" data-e-type=\"widget\" data-widget_type=\"text-editor.default\">\n\t\t\t\t\t\t\t\t\t<p>Ta del av v\u00e5ra senaste artiklar och nyheter.<\/p>\t\t\t\t\t\t\t\t<\/div>\n\t\t\t\t<div class=\"elementor-element elementor-element-196712d elementor-widget elementor-widget-raven-posts\" data-id=\"196712d\" data-element_type=\"widget\" data-e-type=\"widget\" data-settings=\"{&quot;query_posts_per_page&quot;:3,&quot;classic_show_pagination&quot;:&quot;yes&quot;,&quot;classic_pagination_type&quot;:&quot;infinite_load&quot;,&quot;_skin&quot;:&quot;classic&quot;,&quot;classic_layout&quot;:&quot;grid&quot;,&quot;classic_columns&quot;:&quot;3&quot;,&quot;classic_columns_tablet&quot;:&quot;2&quot;,&quot;classic_columns_mobile&quot;:&quot;1&quot;,&quot;query_offset&quot;:0}\" data-widget_type=\"raven-posts.classic\">\n\t\t\t\t<div class=\"elementor-widget-container\">\n\t\t\t\t\t\t\t<div class=\"raven-posts raven-grid raven-grid-3 raven-grid-mobile-1 raven-grid-tablet-2\" data-post-id=\"9367\" data-archive-query=\"\" data-lang=\"\">\n\t\t\t\t<div class=\"raven-grid-item raven-post-item post-41272 post type-post status-publish format-standard has-post-thumbnail hentry category-analys category-artiklar\">\n\t\t\t<div class=\"raven-post\">\n\t\t\t\t\t\t<div class=\"raven-post-image-wrap\">\n\t\t\t<a class=\"raven-post-image raven-image-fit\" href=\"https:\/\/oxceed.com\/se\/artiklar\/fem-anledningar-att-skraddarsy-din-dashboard\/\"><img loading=\"lazy\" decoding=\"async\" width=\"768\" height=\"576\" src=\"https:\/\/oxceed.com\/se\/wp-content\/uploads\/sites\/21\/2026\/04\/Fem-anledningar-att-skraddarsy-din-dashboard-i-Oxceed-768x576.jpeg\" class=\"attachment-medium_large size-medium_large wp-image-41278\" alt=\"\" srcset=\"https:\/\/oxceed.com\/se\/wp-content\/uploads\/sites\/21\/2026\/04\/Fem-anledningar-att-skraddarsy-din-dashboard-i-Oxceed-768x576.jpeg 768w, https:\/\/oxceed.com\/se\/wp-content\/uploads\/sites\/21\/2026\/04\/Fem-anledningar-att-skraddarsy-din-dashboard-i-Oxceed-1920x1440.jpeg 1920w, https:\/\/oxceed.com\/se\/wp-content\/uploads\/sites\/21\/2026\/04\/Fem-anledningar-att-skraddarsy-din-dashboard-i-Oxceed-1536x1152.jpeg 1536w, https:\/\/oxceed.com\/se\/wp-content\/uploads\/sites\/21\/2026\/04\/Fem-anledningar-att-skraddarsy-din-dashboard-i-Oxceed-2048x1536.jpeg 2048w, https:\/\/oxceed.com\/se\/wp-content\/uploads\/sites\/21\/2026\/04\/Fem-anledningar-att-skraddarsy-din-dashboard-i-Oxceed-360x270.jpeg 360w\" sizes=\"auto, (max-width: 768px) 100vw, 768px\" \/> <span class=\"raven-post-image-overlay\"><\/span><\/a>\t\t<\/div>\n\t\t\t\t\t\t<div class=\"raven-post-content\">\n\t\t\t\t\t<h3 class=\"raven-post-title\"><a class=\"raven-post-title-link\" href=\"https:\/\/oxceed.com\/se\/artiklar\/fem-anledningar-att-skraddarsy-din-dashboard\/\">Fem anledningar att skr\u00e4ddarsy din dashboard<\/a><\/h3>\t\t<div class=\"raven-post-meta\"><a class=\"raven-post-meta-item raven-post-date\" href=\"https:\/\/oxceed.com\/se\/2026\/04\/\" rel=\"bookmark\">27 April, 2026<\/a>\n<span class=\"raven-post-meta-divider\">|<\/span>\n<span class=\"raven-post-meta-item raven-post-categories\"><a href=\"https:\/\/oxceed.com\/se\/category\/artiklar\/analys\/\" rel=\"tag\">Analys<\/a>, <a href=\"https:\/\/oxceed.com\/se\/category\/artiklar\/\" rel=\"tag\">Artiklar<\/a><\/span><\/div>\n\t\t\t\t<div class=\"raven-post-read-more\">\n\t\t\t<a class=\"raven-post-button\" href=\"https:\/\/oxceed.com\/se\/artiklar\/fem-anledningar-att-skraddarsy-din-dashboard\/\"><span class=\"raven-post-button-text\">L\u00e4s mer<\/span><\/a>\n\t\t<\/div>\n\t\t\t\t\t\t<\/div>\n\t\t\t<\/div>\n\t\t<\/div>\n\t\t\t\t<div class=\"raven-grid-item raven-post-item post-41209 post type-post status-publish format-standard has-post-thumbnail hentry category-artiklar category-ekonomistyrning tag-cfo tag-ekonomichef tag-nyckeltal\">\n\t\t\t<div class=\"raven-post\">\n\t\t\t\t\t\t<div class=\"raven-post-image-wrap\">\n\t\t\t<a class=\"raven-post-image raven-image-fit\" href=\"https:\/\/oxceed.com\/se\/artiklar\/rorelsemarginal-forklarad\/\"><img loading=\"lazy\" decoding=\"async\" width=\"768\" height=\"512\" src=\"https:\/\/oxceed.com\/se\/wp-content\/uploads\/sites\/21\/2026\/04\/Rorelsemarginal_forklarad-768x512.jpeg\" class=\"attachment-medium_large size-medium_large wp-image-41214\" alt=\"\" srcset=\"https:\/\/oxceed.com\/se\/wp-content\/uploads\/sites\/21\/2026\/04\/Rorelsemarginal_forklarad-768x512.jpeg 768w, https:\/\/oxceed.com\/se\/wp-content\/uploads\/sites\/21\/2026\/04\/Rorelsemarginal_forklarad-1920x1280.jpeg 1920w, https:\/\/oxceed.com\/se\/wp-content\/uploads\/sites\/21\/2026\/04\/Rorelsemarginal_forklarad-1536x1024.jpeg 1536w, https:\/\/oxceed.com\/se\/wp-content\/uploads\/sites\/21\/2026\/04\/Rorelsemarginal_forklarad-2048x1365.jpeg 2048w, https:\/\/oxceed.com\/se\/wp-content\/uploads\/sites\/21\/2026\/04\/Rorelsemarginal_forklarad-360x240.jpeg 360w\" sizes=\"auto, (max-width: 768px) 100vw, 768px\" \/> <span class=\"raven-post-image-overlay\"><\/span><\/a>\t\t<\/div>\n\t\t\t\t\t\t<div class=\"raven-post-content\">\n\t\t\t\t\t<h3 class=\"raven-post-title\"><a class=\"raven-post-title-link\" href=\"https:\/\/oxceed.com\/se\/artiklar\/rorelsemarginal-forklarad\/\">R\u00f6relsemarginal f\u00f6rklarad<\/a><\/h3>\t\t<div class=\"raven-post-meta\"><a class=\"raven-post-meta-item raven-post-date\" href=\"https:\/\/oxceed.com\/se\/2026\/04\/\" rel=\"bookmark\">20 April, 2026<\/a>\n<span class=\"raven-post-meta-divider\">|<\/span>\n<span class=\"raven-post-meta-item raven-post-categories\"><a href=\"https:\/\/oxceed.com\/se\/category\/artiklar\/\" rel=\"tag\">Artiklar<\/a>, <a href=\"https:\/\/oxceed.com\/se\/category\/artiklar\/ekonomistyrning\/\" rel=\"tag\">Ekonomistyrning<\/a><\/span><\/div>\n\t\t\t\t<div class=\"raven-post-read-more\">\n\t\t\t<a class=\"raven-post-button\" href=\"https:\/\/oxceed.com\/se\/artiklar\/rorelsemarginal-forklarad\/\"><span class=\"raven-post-button-text\">L\u00e4s mer<\/span><\/a>\n\t\t<\/div>\n\t\t\t\t\t\t<\/div>\n\t\t\t<\/div>\n\t\t<\/div>\n\t\t\t\t<div class=\"raven-grid-item raven-post-item post-41163 post type-post status-publish format-standard has-post-thumbnail hentry category-artiklar category-ekonomistyrning tag-nyckeltal tag-saas\">\n\t\t\t<div class=\"raven-post\">\n\t\t\t\t\t\t<div class=\"raven-post-image-wrap\">\n\t\t\t<a class=\"raven-post-image raven-image-fit\" href=\"https:\/\/oxceed.com\/se\/artiklar\/mrr-vs-arr-en-jamforelse\/\"><img loading=\"lazy\" decoding=\"async\" width=\"768\" height=\"512\" src=\"https:\/\/oxceed.com\/se\/wp-content\/uploads\/sites\/21\/2026\/04\/MRR-vs-ARR-En-jamforelse-768x512.jpeg\" class=\"attachment-medium_large size-medium_large wp-image-41165\" alt=\"ARR VS MRR\" srcset=\"https:\/\/oxceed.com\/se\/wp-content\/uploads\/sites\/21\/2026\/04\/MRR-vs-ARR-En-jamforelse-768x512.jpeg 768w, https:\/\/oxceed.com\/se\/wp-content\/uploads\/sites\/21\/2026\/04\/MRR-vs-ARR-En-jamforelse-1920x1280.jpeg 1920w, https:\/\/oxceed.com\/se\/wp-content\/uploads\/sites\/21\/2026\/04\/MRR-vs-ARR-En-jamforelse-1536x1024.jpeg 1536w, https:\/\/oxceed.com\/se\/wp-content\/uploads\/sites\/21\/2026\/04\/MRR-vs-ARR-En-jamforelse-2048x1365.jpeg 2048w, https:\/\/oxceed.com\/se\/wp-content\/uploads\/sites\/21\/2026\/04\/MRR-vs-ARR-En-jamforelse-360x240.jpeg 360w\" sizes=\"auto, (max-width: 768px) 100vw, 768px\" \/> <span class=\"raven-post-image-overlay\"><\/span><\/a>\t\t<\/div>\n\t\t\t\t\t\t<div class=\"raven-post-content\">\n\t\t\t\t\t<h3 class=\"raven-post-title\"><a class=\"raven-post-title-link\" href=\"https:\/\/oxceed.com\/se\/artiklar\/mrr-vs-arr-en-jamforelse\/\">MRR vs ARR: En j\u00e4mf\u00f6relse<\/a><\/h3>\t\t<div class=\"raven-post-meta\"><a class=\"raven-post-meta-item raven-post-date\" href=\"https:\/\/oxceed.com\/se\/2026\/04\/\" rel=\"bookmark\">16 April, 2026<\/a>\n<span class=\"raven-post-meta-divider\">|<\/span>\n<span class=\"raven-post-meta-item raven-post-categories\"><a href=\"https:\/\/oxceed.com\/se\/category\/artiklar\/\" rel=\"tag\">Artiklar<\/a>, <a href=\"https:\/\/oxceed.com\/se\/category\/artiklar\/ekonomistyrning\/\" rel=\"tag\">Ekonomistyrning<\/a><\/span><\/div>\n\t\t\t\t<div class=\"raven-post-read-more\">\n\t\t\t<a class=\"raven-post-button\" href=\"https:\/\/oxceed.com\/se\/artiklar\/mrr-vs-arr-en-jamforelse\/\"><span class=\"raven-post-button-text\">L\u00e4s mer<\/span><\/a>\n\t\t<\/div>\n\t\t\t\t\t\t<\/div>\n\t\t\t<\/div>\n\t\t<\/div>\n\t\t\t\t<\/div>\n\t\t<span class=\"raven-infinite-load\"><\/span>\t\t\t\t<\/div>\n\t\t\t\t<\/div>\n\t\t\t\t<div class=\"elementor-element elementor-element-4f3c3f4 elementor-align-center elementor-mobile-align-center elementor-widget elementor-widget-button\" data-id=\"4f3c3f4\" data-element_type=\"widget\" data-e-type=\"widget\" data-widget_type=\"button.default\">\n\t\t\t\t\t\t\t\t\t\t<a class=\"elementor-button elementor-button-link elementor-size-lg\" href=\"\/nyheter\/\">\n\t\t\t\t\t\t<span class=\"elementor-button-content-wrapper\">\n\t\t\t\t\t\t<span class=\"elementor-button-icon\">\n\t\t\t\t<svg aria-hidden=\"true\" class=\"e-font-icon-svg e-fas-arrow-right\" viewBox=\"0 0 448 512\" xmlns=\"http:\/\/www.w3.org\/2000\/svg\"><path d=\"M190.5 66.9l22.2-22.2c9.4-9.4 24.6-9.4 33.9 0L441 239c9.4 9.4 9.4 24.6 0 33.9L246.6 467.3c-9.4 9.4-24.6 9.4-33.9 0l-22.2-22.2c-9.5-9.5-9.3-25 .4-34.3L311.4 296H24c-13.3 0-24-10.7-24-24v-32c0-13.3 10.7-24 24-24h287.4L190.9 101.2c-9.8-9.3-10-24.8-.4-34.3z\"><\/path><\/svg>\t\t\t<\/span>\n\t\t\t\t\t\t\t\t\t<span class=\"elementor-button-text\">Se fler nyheter<\/span>\n\t\t\t\t\t<\/span>\n\t\t\t\t\t<\/a>\n\t\t\t\t\t\t\t\t<\/div>\n\t\t\t\t\t<\/div>\n\t\t<\/div>\n\t\t\t\t\t<\/div>\n\t\t<\/section>\n\t\t\t\t<\/div>\n\t\t","protected":false},"excerpt":{"rendered":"<p>Jobba p\u00e5 Oxceed Oxceed s\u00f6ker kontinuerligt efter kompetenta nya medarbetare f\u00f6r att f\u00f6rst\u00e4rka v\u00e5r organisation. Nedan finner du de tj\u00e4nster som vi rekryterar till just nu och \u00e4r alltid v\u00e4lkommen att skicka en spontanans\u00f6kan till career@oxceed.se.\u00a0 Customer Success Specialist 14 april, 2025 | Jobb L\u00e4s mer Customer Success Advisor Trainer 14 april, 2025 | Jobb [&hellip;]<\/p>\n","protected":false},"author":2,"featured_media":23696,"parent":0,"menu_order":0,"comment_status":"closed","ping_status":"closed","template":"full-width.php","meta":{"_acf_changed":false,"_trash_the_other_posts":false,"editor_notices":[],"footnotes":""},"class_list":["post-9367","page","type-page","status-publish","has-post-thumbnail","hentry"],"acf":[],"yoast_head":"<!-- This site is optimized with the Yoast SEO Premium plugin v26.5 (Yoast SEO v27.4) - https:\/\/yoast.com\/product\/yoast-seo-premium-wordpress\/ -->\n<title>Jobba p\u00e5 Oxceed - Oxceed Sweden<\/title>\n<meta name=\"robots\" content=\"index, follow, max-snippet:-1, max-image-preview:large, max-video-preview:-1\" \/>\n<link rel=\"canonical\" href=\"https:\/\/oxceed.com\/se\/se\/jobb\/\" \/>\n<meta property=\"og:locale\" content=\"en_GB\" \/>\n<meta property=\"og:type\" content=\"article\" \/>\n<meta property=\"og:title\" content=\"Jobba p\u00e5 Oxceed\" \/>\n<meta property=\"og:description\" content=\"Jobba p\u00e5 Oxceed Oxceed s\u00f6ker kontinuerligt efter kompetenta nya medarbetare f\u00f6r att f\u00f6rst\u00e4rka v\u00e5r organisation. Nedan finner du de tj\u00e4nster som vi rekryterar till just nu och \u00e4r alltid v\u00e4lkommen att skicka en spontanans\u00f6kan till career@oxceed.se.\u00a0 Customer Success Specialist 14 april, 2025 | Jobb L\u00e4s mer Customer Success Advisor Trainer 14 april, 2025 | Jobb [&hellip;]\" \/>\n<meta property=\"og:url\" content=\"https:\/\/oxceed.com\/se\/se\/jobb\/\" \/>\n<meta property=\"og:site_name\" content=\"Oxceed Sweden\" \/>\n<meta property=\"article:modified_time\" content=\"2025-06-26T07:56:13+00:00\" \/>\n<meta property=\"og:image\" content=\"https:\/\/oxceed.com\/se\/se\/wp-content\/uploads\/sites\/21\/2024\/01\/customer-success-manager-csm-till-oxceed.jpg\" \/>\n\t<meta property=\"og:image:width\" content=\"1200\" \/>\n\t<meta property=\"og:image:height\" content=\"673\" \/>\n\t<meta property=\"og:image:type\" content=\"image\/jpeg\" \/>\n<meta name=\"twitter:card\" content=\"summary_large_image\" \/>\n<meta name=\"twitter:label1\" content=\"Estimated reading time\" \/>\n\t<meta name=\"twitter:data1\" content=\"23 minutes\" \/>\n<script type=\"application\/ld+json\" class=\"yoast-schema-graph\">{\"@context\":\"https:\\\/\\\/schema.org\",\"@graph\":[{\"@type\":\"WebPage\",\"@id\":\"https:\\\/\\\/oxceed.com\\\/se\\\/se\\\/jobb\\\/\",\"url\":\"https:\\\/\\\/oxceed.com\\\/se\\\/se\\\/jobb\\\/\",\"name\":\"Jobba p\u00e5 Oxceed - Oxceed Sweden\",\"isPartOf\":{\"@id\":\"https:\\\/\\\/oxceed.com\\\/se\\\/#website\"},\"primaryImageOfPage\":{\"@id\":\"https:\\\/\\\/oxceed.com\\\/se\\\/se\\\/jobb\\\/#primaryimage\"},\"image\":{\"@id\":\"https:\\\/\\\/oxceed.com\\\/se\\\/se\\\/jobb\\\/#primaryimage\"},\"thumbnailUrl\":\"https:\\\/\\\/oxceed.com\\\/se\\\/wp-content\\\/uploads\\\/sites\\\/21\\\/2024\\\/01\\\/customer-success-manager-csm-till-oxceed.jpg\",\"datePublished\":\"2021-04-01T08:24:13+00:00\",\"dateModified\":\"2025-06-26T07:56:13+00:00\",\"breadcrumb\":{\"@id\":\"https:\\\/\\\/oxceed.com\\\/se\\\/se\\\/jobb\\\/#breadcrumb\"},\"inLanguage\":\"en-GB\",\"potentialAction\":[{\"@type\":\"ReadAction\",\"target\":[\"https:\\\/\\\/oxceed.com\\\/se\\\/se\\\/jobb\\\/\"]}]},{\"@type\":\"ImageObject\",\"inLanguage\":\"en-GB\",\"@id\":\"https:\\\/\\\/oxceed.com\\\/se\\\/se\\\/jobb\\\/#primaryimage\",\"url\":\"https:\\\/\\\/oxceed.com\\\/se\\\/wp-content\\\/uploads\\\/sites\\\/21\\\/2024\\\/01\\\/customer-success-manager-csm-till-oxceed.jpg\",\"contentUrl\":\"https:\\\/\\\/oxceed.com\\\/se\\\/wp-content\\\/uploads\\\/sites\\\/21\\\/2024\\\/01\\\/customer-success-manager-csm-till-oxceed.jpg\",\"width\":1200,\"height\":673,\"caption\":\"A businesswoman or financial advisor meeting with clients in an office, discussing finances, mortgages, and investing strategies. Personal financial management and advisory services. Generative Ai\"},{\"@type\":\"BreadcrumbList\",\"@id\":\"https:\\\/\\\/oxceed.com\\\/se\\\/se\\\/jobb\\\/#breadcrumb\",\"itemListElement\":[{\"@type\":\"ListItem\",\"position\":1,\"name\":\"Home\",\"item\":\"https:\\\/\\\/oxceed.com\\\/se\\\/\"},{\"@type\":\"ListItem\",\"position\":2,\"name\":\"Jobba p\u00e5 Oxceed\"}]},{\"@type\":\"WebSite\",\"@id\":\"https:\\\/\\\/oxceed.com\\\/se\\\/#website\",\"url\":\"https:\\\/\\\/oxceed.com\\\/se\\\/\",\"name\":\"Oxceed Sweden\",\"description\":\"Fatta b\u00e4ttre beslut med Oxceed\",\"potentialAction\":[{\"@type\":\"SearchAction\",\"target\":{\"@type\":\"EntryPoint\",\"urlTemplate\":\"https:\\\/\\\/oxceed.com\\\/se\\\/?s={search_term_string}\"},\"query-input\":{\"@type\":\"PropertyValueSpecification\",\"valueRequired\":true,\"valueName\":\"search_term_string\"}}],\"inLanguage\":\"en-GB\"}]}<\/script>\n<!-- \/ Yoast SEO Premium plugin. -->","yoast_head_json":{"title":"Jobba p\u00e5 Oxceed - Oxceed Sweden","robots":{"index":"index","follow":"follow","max-snippet":"max-snippet:-1","max-image-preview":"max-image-preview:large","max-video-preview":"max-video-preview:-1"},"canonical":"https:\/\/oxceed.com\/se\/se\/jobb\/","og_locale":"en_GB","og_type":"article","og_title":"Jobba p\u00e5 Oxceed","og_description":"Jobba p\u00e5 Oxceed Oxceed s\u00f6ker kontinuerligt efter kompetenta nya medarbetare f\u00f6r att f\u00f6rst\u00e4rka v\u00e5r organisation. Nedan finner du de tj\u00e4nster som vi rekryterar till just nu och \u00e4r alltid v\u00e4lkommen att skicka en spontanans\u00f6kan till career@oxceed.se.\u00a0 Customer Success Specialist 14 april, 2025 | Jobb L\u00e4s mer Customer Success Advisor Trainer 14 april, 2025 | Jobb [&hellip;]","og_url":"https:\/\/oxceed.com\/se\/se\/jobb\/","og_site_name":"Oxceed Sweden","article_modified_time":"2025-06-26T07:56:13+00:00","og_image":[{"width":1200,"height":673,"url":"https:\/\/oxceed.com\/se\/se\/wp-content\/uploads\/sites\/21\/2024\/01\/customer-success-manager-csm-till-oxceed.jpg","type":"image\/jpeg"}],"twitter_card":"summary_large_image","twitter_misc":{"Estimated reading time":"23 minutes"},"schema":{"@context":"https:\/\/schema.org","@graph":[{"@type":"WebPage","@id":"https:\/\/oxceed.com\/se\/se\/jobb\/","url":"https:\/\/oxceed.com\/se\/se\/jobb\/","name":"Jobba p\u00e5 Oxceed - Oxceed Sweden","isPartOf":{"@id":"https:\/\/oxceed.com\/se\/#website"},"primaryImageOfPage":{"@id":"https:\/\/oxceed.com\/se\/se\/jobb\/#primaryimage"},"image":{"@id":"https:\/\/oxceed.com\/se\/se\/jobb\/#primaryimage"},"thumbnailUrl":"https:\/\/oxceed.com\/se\/wp-content\/uploads\/sites\/21\/2024\/01\/customer-success-manager-csm-till-oxceed.jpg","datePublished":"2021-04-01T08:24:13+00:00","dateModified":"2025-06-26T07:56:13+00:00","breadcrumb":{"@id":"https:\/\/oxceed.com\/se\/se\/jobb\/#breadcrumb"},"inLanguage":"en-GB","potentialAction":[{"@type":"ReadAction","target":["https:\/\/oxceed.com\/se\/se\/jobb\/"]}]},{"@type":"ImageObject","inLanguage":"en-GB","@id":"https:\/\/oxceed.com\/se\/se\/jobb\/#primaryimage","url":"https:\/\/oxceed.com\/se\/wp-content\/uploads\/sites\/21\/2024\/01\/customer-success-manager-csm-till-oxceed.jpg","contentUrl":"https:\/\/oxceed.com\/se\/wp-content\/uploads\/sites\/21\/2024\/01\/customer-success-manager-csm-till-oxceed.jpg","width":1200,"height":673,"caption":"A businesswoman or financial advisor meeting with clients in an office, discussing finances, mortgages, and investing strategies. Personal financial management and advisory services. Generative Ai"},{"@type":"BreadcrumbList","@id":"https:\/\/oxceed.com\/se\/se\/jobb\/#breadcrumb","itemListElement":[{"@type":"ListItem","position":1,"name":"Home","item":"https:\/\/oxceed.com\/se\/"},{"@type":"ListItem","position":2,"name":"Jobba p\u00e5 Oxceed"}]},{"@type":"WebSite","@id":"https:\/\/oxceed.com\/se\/#website","url":"https:\/\/oxceed.com\/se\/","name":"Oxceed Sweden","description":"Fatta b\u00e4ttre beslut med Oxceed","potentialAction":[{"@type":"SearchAction","target":{"@type":"EntryPoint","urlTemplate":"https:\/\/oxceed.com\/se\/?s={search_term_string}"},"query-input":{"@type":"PropertyValueSpecification","valueRequired":true,"valueName":"search_term_string"}}],"inLanguage":"en-GB"}]}},"_links":{"self":[{"href":"https:\/\/oxceed.com\/se\/wp-json\/wp\/v2\/pages\/9367","targetHints":{"allow":["GET"]}}],"collection":[{"href":"https:\/\/oxceed.com\/se\/wp-json\/wp\/v2\/pages"}],"about":[{"href":"https:\/\/oxceed.com\/se\/wp-json\/wp\/v2\/types\/page"}],"author":[{"embeddable":true,"href":"https:\/\/oxceed.com\/se\/wp-json\/wp\/v2\/users\/2"}],"replies":[{"embeddable":true,"href":"https:\/\/oxceed.com\/se\/wp-json\/wp\/v2\/comments?post=9367"}],"version-history":[{"count":92,"href":"https:\/\/oxceed.com\/se\/wp-json\/wp\/v2\/pages\/9367\/revisions"}],"predecessor-version":[{"id":34536,"href":"https:\/\/oxceed.com\/se\/wp-json\/wp\/v2\/pages\/9367\/revisions\/34536"}],"wp:featuredmedia":[{"embeddable":true,"href":"https:\/\/oxceed.com\/se\/wp-json\/wp\/v2\/media\/23696"}],"wp:attachment":[{"href":"https:\/\/oxceed.com\/se\/wp-json\/wp\/v2\/media?parent=9367"}],"curies":[{"name":"wp","href":"https:\/\/api.w.org\/{rel}","templated":true}]}}